{"id":46913,"date":"2022-09-27T09:27:25","date_gmt":"2022-09-27T14:27:25","guid":{"rendered":"https:\/\/everybrainmatters.org\/marihuana-y-seguridad-en-el-trabajo\/"},"modified":"2025-10-21T09:06:28","modified_gmt":"2025-10-21T14:06:28","slug":"marihuana-y-seguridad-en-el-trabajo","status":"publish","type":"page","link":"https:\/\/everybrainmatters.org\/es\/marihuana-y-seguridad-en-el-trabajo\/","title":{"rendered":"Marihuana y seguridad en el trabajo"},"content":{"rendered":"\n<ul class=\"wp-block-list\">\n<li><a href=\"https:\/\/newsroom.questdiagnostics.com\/2022-03-30-Workforce-Drug-Test-Positivity-Climbs-to-Highest-Level-in-Two-Decades,-Finds-Quest-Diagnostics-Drug-Testing-Index-Analysis\" class=\"ek-link\">La positividad de las pruebas de drogas en el lugar de trabajo alcanza su nivel m\u00e1s alto en dos d\u00e9cadas, seg\u00fan el An\u00e1lisis del \u00cdndice de Pruebas de Drogas 2022 de Quest Diagnostics <\/a>, 30 de marzo.<\/li>\n\n\n\n<li><a href=\"https:\/\/www.safetyandhealthmagazine.com\/articles\/19620-respiratory-hazards-in-the-cannabis-industry-ag-safety-standards-may-apply-researchers-say\" class=\"ek-link\">Riesgos respiratorios en la industria del cannabis: Los investigadores afirman que pueden aplicarse normas agr\u00edcolas<\/a> 2020, 26 de marzo<\/li>\n<\/ul>\n\n<hr class=\"wp-block-separator has-alpha-channel-opacity\"\/>\n\n<div class=\"wp-block-columns is-layout-flex wp-container-core-columns-is-layout-9d6595d7 wp-block-columns-is-layout-flex\">\n<div class=\"wp-block-column is-layout-flow wp-block-column-is-layout-flow\">\n<p style=\"font-size:16px\"><a href=\"https:\/\/newsroom.questdiagnostics.com\/2022-03-30-Workforce-Drug-Test-Positivity-Climbs-to-Highest-Level-in-Two-Decades,-Finds-Quest-Diagnostics-Drug-Testing-Index-Analysis\" class=\"ek-link\">La Positividad de las Pruebas de Drogas en el Personal Asciende al Nivel M\u00e1s Alto en Dos D\u00e9cadas, Seg\u00fan el An\u00e1lisis del \u00cdndice de Pruebas de Drogas <\/a><em>de Quest Diagnostics Quest Diagnostics<\/em> 2022, 30 de marzo<br\/><br\/>LOS DATOS MUESTRAN QUE LOS \u00cdNDICES DE PRUEBAS DE DROGAS DE MARIHUANA HAN ALCANZADO SU M\u00c1XIMO HIST\u00d3RICO. Cada a\u00f1o, Quest Diagnostics publica el \u00cdndice de Pruebas de Drogas de Quest Diagnostics. Las tasas de positividad para la marihuana en la mano de obra general de EE.UU., basadas en m\u00e1s de 6 millones de an\u00e1lisis de orina, continuaron una escalada ascendente, aumentando un 8,3% (3,6% en 2020 frente a 3,9% en 2021), la tasa de positividad m\u00e1s alta jam\u00e1s registrada en el IDT. En cinco a\u00f1os, la positividad de la marihuana en la poblaci\u00f3n activa general de EE.UU. aument\u00f3 un 50% (2,6% en 2017 frente a 3,9% en 2021)&#8230;   <\/p>\n<\/div>\n\n\n\n<div class=\"wp-block-column is-layout-flow wp-block-column-is-layout-flow\">\n<p style=\"font-size:16px\"><a href=\"https:\/\/www.safetyandhealthmagazine.com\/articles\/19620-respiratory-hazards-in-the-cannabis-industry-ag-safety-standards-may-apply-researchers-say\" class=\"ek-link\">Riesgos respiratorios en la industria del cannabis: Los investigadores afirman que pueden aplicarse las normas ag<\/a> <br\/><em>Seguridad+Salud<\/em> 2020, 26 de marzo<br\/><br\/>Los trabajadores de la industria del cannabis pueden correr un mayor riesgo de sufrir problemas respiratorios como consecuencia de la exposici\u00f3n en el trabajo a diversos peligros, seg\u00fan indican los resultados de un estudio reciente dirigido por un profesor de la Universidad de Washington&#8230;<\/p>\n<\/div>\n<\/div>\n\n<hr class=\"wp-block-separator has-alpha-channel-opacity is-style-wide\"\/>\n","protected":false},"excerpt":{"rendered":"<p>La Positividad de las Pruebas de Drogas en el Personal Asciende al Nivel M\u00e1s Alto en Dos D\u00e9cadas, Seg\u00fan el&#8230;<\/p>\n","protected":false},"author":11,"featured_media":0,"parent":0,"menu_order":0,"comment_status":"closed","ping_status":"closed","template":"","meta":{"_acf_changed":false,"_editorskit_title_hidden":false,"_editorskit_reading_time":0,"_editorskit_is_block_options_detached":false,"_editorskit_block_options_position":"{}","footnotes":""},"class_list":["post-46913","page","type-page","status-publish","hentry"],"acf":[],"yoast_head":"<!-- This site is optimized with the Yoast SEO plugin v26.1.1 - https:\/\/yoast.com\/wordpress\/plugins\/seo\/ -->\n<title>Marihuana y seguridad en el trabajo - Every Brain Matters<\/title>\n<meta name=\"robots\" content=\"index, follow, max-snippet:-1, max-image-preview:large, max-video-preview:-1\" \/>\n<link rel=\"canonical\" href=\"https:\/\/everybrainmatters.org\/es\/marihuana-y-seguridad-en-el-trabajo\/\" \/>\n<meta property=\"og:locale\" content=\"es_ES\" \/>\n<meta property=\"og:type\" content=\"article\" \/>\n<meta property=\"og:title\" content=\"Marihuana y seguridad en el trabajo - Every Brain Matters\" \/>\n<meta property=\"og:description\" content=\"La Positividad de las Pruebas de Drogas en el Personal Asciende al Nivel M\u00e1s Alto en Dos D\u00e9cadas, Seg\u00fan el...\" \/>\n<meta property=\"og:url\" content=\"https:\/\/everybrainmatters.org\/es\/marihuana-y-seguridad-en-el-trabajo\/\" \/>\n<meta property=\"og:site_name\" content=\"Every Brain Matters\" \/>\n<meta property=\"article:modified_time\" content=\"2025-10-21T14:06:28+00:00\" \/>\n<meta property=\"og:image\" content=\"https:\/\/everybrainmatters.org\/wp-content\/uploads\/AllBrains_3.jpg\" \/>\n\t<meta property=\"og:image:width\" content=\"1000\" \/>\n\t<meta property=\"og:image:height\" content=\"1087\" \/>\n\t<meta property=\"og:image:type\" content=\"image\/jpeg\" \/>\n<meta name=\"twitter:card\" content=\"summary_large_image\" \/>\n<meta name=\"twitter:label1\" content=\"Est. reading time\" \/>\n\t<meta name=\"twitter:data1\" content=\"1 minuto\" \/>\n<script type=\"application\/ld+json\" class=\"yoast-schema-graph\">{\"@context\":\"https:\/\/schema.org\",\"@graph\":[{\"@type\":\"WebPage\",\"@id\":\"https:\/\/everybrainmatters.org\/es\/marihuana-y-seguridad-en-el-trabajo\/\",\"url\":\"https:\/\/everybrainmatters.org\/es\/marihuana-y-seguridad-en-el-trabajo\/\",\"name\":\"Marihuana y seguridad en el trabajo - Every Brain Matters\",\"isPartOf\":{\"@id\":\"https:\/\/everybrainmatters.org\/es\/#website\"},\"datePublished\":\"2022-09-27T14:27:25+00:00\",\"dateModified\":\"2025-10-21T14:06:28+00:00\",\"breadcrumb\":{\"@id\":\"https:\/\/everybrainmatters.org\/es\/marihuana-y-seguridad-en-el-trabajo\/#breadcrumb\"},\"inLanguage\":\"es-ES\",\"potentialAction\":[{\"@type\":\"ReadAction\",\"target\":[\"https:\/\/everybrainmatters.org\/es\/marihuana-y-seguridad-en-el-trabajo\/\"]}]},{\"@type\":\"BreadcrumbList\",\"@id\":\"https:\/\/everybrainmatters.org\/es\/marihuana-y-seguridad-en-el-trabajo\/#breadcrumb\",\"itemListElement\":[{\"@type\":\"ListItem\",\"position\":1,\"name\":\"Home\",\"item\":\"https:\/\/everybrainmatters.org\/es\/\"},{\"@type\":\"ListItem\",\"position\":2,\"name\":\"Marihuana y seguridad en el trabajo\"}]},{\"@type\":\"WebSite\",\"@id\":\"https:\/\/everybrainmatters.org\/es\/#website\",\"url\":\"https:\/\/everybrainmatters.org\/es\/\",\"name\":\"Every Brain Matters\",\"description\":\"\",\"publisher\":{\"@id\":\"https:\/\/everybrainmatters.org\/es\/#organization\"},\"potentialAction\":[{\"@type\":\"SearchAction\",\"target\":{\"@type\":\"EntryPoint\",\"urlTemplate\":\"https:\/\/everybrainmatters.org\/es\/?s={search_term_string}\"},\"query-input\":{\"@type\":\"PropertyValueSpecification\",\"valueRequired\":true,\"valueName\":\"search_term_string\"}}],\"inLanguage\":\"es-ES\"},{\"@type\":\"Organization\",\"@id\":\"https:\/\/everybrainmatters.org\/es\/#organization\",\"name\":\"Every Brain Matters\",\"url\":\"https:\/\/everybrainmatters.org\/es\/\",\"logo\":{\"@type\":\"ImageObject\",\"inLanguage\":\"es-ES\",\"@id\":\"https:\/\/everybrainmatters.org\/es\/#\/schema\/logo\/image\/\",\"url\":\"https:\/\/everybrainmatters.org\/wp-content\/uploads\/AllBrains_3.jpg\",\"contentUrl\":\"https:\/\/everybrainmatters.org\/wp-content\/uploads\/AllBrains_3.jpg\",\"width\":1000,\"height\":1087,\"caption\":\"Every Brain Matters\"},\"image\":{\"@id\":\"https:\/\/everybrainmatters.org\/es\/#\/schema\/logo\/image\/\"}}]}<\/script>\n<!-- \/ Yoast SEO plugin. -->","yoast_head_json":{"title":"Marihuana y seguridad en el trabajo - Every Brain Matters","robots":{"index":"index","follow":"follow","max-snippet":"max-snippet:-1","max-image-preview":"max-image-preview:large","max-video-preview":"max-video-preview:-1"},"canonical":"https:\/\/everybrainmatters.org\/es\/marihuana-y-seguridad-en-el-trabajo\/","og_locale":"es_ES","og_type":"article","og_title":"Marihuana y seguridad en el trabajo - Every Brain Matters","og_description":"La Positividad de las Pruebas de Drogas en el Personal Asciende al Nivel M\u00e1s Alto en Dos D\u00e9cadas, Seg\u00fan el...","og_url":"https:\/\/everybrainmatters.org\/es\/marihuana-y-seguridad-en-el-trabajo\/","og_site_name":"Every Brain Matters","article_modified_time":"2025-10-21T14:06:28+00:00","og_image":[{"width":1000,"height":1087,"url":"https:\/\/everybrainmatters.org\/wp-content\/uploads\/AllBrains_3.jpg","type":"image\/jpeg"}],"twitter_card":"summary_large_image","twitter_misc":{"Est. reading time":"1 minuto"},"schema":{"@context":"https:\/\/schema.org","@graph":[{"@type":"WebPage","@id":"https:\/\/everybrainmatters.org\/es\/marihuana-y-seguridad-en-el-trabajo\/","url":"https:\/\/everybrainmatters.org\/es\/marihuana-y-seguridad-en-el-trabajo\/","name":"Marihuana y seguridad en el trabajo - Every Brain Matters","isPartOf":{"@id":"https:\/\/everybrainmatters.org\/es\/#website"},"datePublished":"2022-09-27T14:27:25+00:00","dateModified":"2025-10-21T14:06:28+00:00","breadcrumb":{"@id":"https:\/\/everybrainmatters.org\/es\/marihuana-y-seguridad-en-el-trabajo\/#breadcrumb"},"inLanguage":"es-ES","potentialAction":[{"@type":"ReadAction","target":["https:\/\/everybrainmatters.org\/es\/marihuana-y-seguridad-en-el-trabajo\/"]}]},{"@type":"BreadcrumbList","@id":"https:\/\/everybrainmatters.org\/es\/marihuana-y-seguridad-en-el-trabajo\/#breadcrumb","itemListElement":[{"@type":"ListItem","position":1,"name":"Home","item":"https:\/\/everybrainmatters.org\/es\/"},{"@type":"ListItem","position":2,"name":"Marihuana y seguridad en el trabajo"}]},{"@type":"WebSite","@id":"https:\/\/everybrainmatters.org\/es\/#website","url":"https:\/\/everybrainmatters.org\/es\/","name":"Every Brain Matters","description":"","publisher":{"@id":"https:\/\/everybrainmatters.org\/es\/#organization"},"potentialAction":[{"@type":"SearchAction","target":{"@type":"EntryPoint","urlTemplate":"https:\/\/everybrainmatters.org\/es\/?s={search_term_string}"},"query-input":{"@type":"PropertyValueSpecification","valueRequired":true,"valueName":"search_term_string"}}],"inLanguage":"es-ES"},{"@type":"Organization","@id":"https:\/\/everybrainmatters.org\/es\/#organization","name":"Every Brain Matters","url":"https:\/\/everybrainmatters.org\/es\/","logo":{"@type":"ImageObject","inLanguage":"es-ES","@id":"https:\/\/everybrainmatters.org\/es\/#\/schema\/logo\/image\/","url":"https:\/\/everybrainmatters.org\/wp-content\/uploads\/AllBrains_3.jpg","contentUrl":"https:\/\/everybrainmatters.org\/wp-content\/uploads\/AllBrains_3.jpg","width":1000,"height":1087,"caption":"Every Brain Matters"},"image":{"@id":"https:\/\/everybrainmatters.org\/es\/#\/schema\/logo\/image\/"}}]}},"_links":{"self":[{"href":"https:\/\/everybrainmatters.org\/es\/wp-json\/wp\/v2\/pages\/46913","targetHints":{"allow":["GET"]}}],"collection":[{"href":"https:\/\/everybrainmatters.org\/es\/wp-json\/wp\/v2\/pages"}],"about":[{"href":"https:\/\/everybrainmatters.org\/es\/wp-json\/wp\/v2\/types\/page"}],"author":[{"embeddable":true,"href":"https:\/\/everybrainmatters.org\/es\/wp-json\/wp\/v2\/users\/11"}],"replies":[{"embeddable":true,"href":"https:\/\/everybrainmatters.org\/es\/wp-json\/wp\/v2\/comments?post=46913"}],"version-history":[{"count":0,"href":"https:\/\/everybrainmatters.org\/es\/wp-json\/wp\/v2\/pages\/46913\/revisions"}],"wp:attachment":[{"href":"https:\/\/everybrainmatters.org\/es\/wp-json\/wp\/v2\/media?parent=46913"}],"curies":[{"name":"wp","href":"https:\/\/api.w.org\/{rel}","templated":true}]}}