{"id":46916,"date":"2022-10-20T10:18:01","date_gmt":"2022-10-20T15:18:01","guid":{"rendered":"https:\/\/everybrainmatters.org\/marihuana-y-psicodelicos\/"},"modified":"2025-10-21T09:06:29","modified_gmt":"2025-10-21T14:06:29","slug":"marihuana-y-psicodelicos","status":"publish","type":"page","link":"https:\/\/everybrainmatters.org\/es\/marihuana-y-psicodelicos\/","title":{"rendered":"Marihuana y psicod\u00e9licos"},"content":{"rendered":"\n<ul class=\"wp-block-list\">\n<li><a href=\"https:\/\/jamanetwork.com\/journals\/jamapsychiatry\/fullarticle\/2799268?guestAccessKey=f0f68dba-4fd3-41af-b285-fc600364d322&amp;utm_source=silverchair&amp;utm_medium=email&amp;utm_campaign=article_alert-jamainternalmedicine&amp;utm_content=olf&amp;utm_term=121222\" class=\"ek-link\">Reforma legislativa y legalizaci\u00f3n de las drogas psicod\u00e9licas en EE.UU.<\/a> 2022, 7 de diciembre<\/li>\n\n\n\n<li><a href=\"https:\/\/journals.sagepub.com\/doi\/10.1177\/02698811221133461\" class=\"ek-link\">\u00bfDeber\u00edamos recelar de ser Leary? Preocupaciones sobre el uso de psicod\u00e9licos por parte de los investigadores de psicod\u00e9licos <\/a>2022, 15 de noviembre<\/li>\n\n\n\n<li><a href=\"https:\/\/www.nejm.org\/doi\/full\/10.1056\/NEJMoa2206443#.Y2MHAmekYAQ.twitter\" class=\"ek-link\">Psilocibina en dosis \u00fanica para un episodio de depresi\u00f3n mayor resistente al tratamiento<\/a> 2022, 3 de noviembre<\/li>\n\n\n\n<li><a href=\"https:\/\/everybrainmatters.org\/2022\/09\/12\/should-psychedelics-be-legalized-and-are-they-medicine\/\" class=\"ek-link\">\u00bfDeber\u00edan legalizarse los psicod\u00e9licos y son medicamentos?<\/a>  2022, 12 de septiembre<\/li>\n\n\n\n<li><a href=\"https:\/\/pubmed.ncbi.nlm.nih.gov\/28686543\/\" class=\"ek-link\">El intento de un m\u00e9dico de automedicarse la depresi\u00f3n bipolar con N,N-Dimetiltriptamina (DMT)<\/a> 2017, 7 de julio<\/li>\n<\/ul>\n\n<hr class=\"wp-block-separator has-alpha-channel-opacity\"\/>\n\n<div class=\"wp-block-columns is-layout-flex wp-container-core-columns-is-layout-9d6595d7 wp-block-columns-is-layout-flex\">\n<div class=\"wp-block-column is-layout-flow wp-block-column-is-layout-flow\">\n<p style=\"font-size:16px\"><a href=\"https:\/\/jamanetwork.com\/journals\/jamapsychiatry\/fullarticle\/2799268?guestAccessKey=f0f68dba-4fd3-41af-b285-fc600364d322&amp;utm_source=silverchair&amp;utm_medium=email&amp;utm_campaign=article_alert-jamainternalmedicine&amp;utm_content=olf&amp;utm_term=121222\" class=\"ek-link\">Reforma legislativa y legalizaci\u00f3n de las drogas psicod\u00e9licas en EE.UU.<\/a> <br\/><em>Jama Network<\/em>, 2022, 7 de diciembre<\/p>\n\n\n\n<p style=\"font-size:16px\">  Las drogas psicod\u00e9licas se est\u00e1n haciendo accesibles en EE.UU. a trav\u00e9s de un mosaico de reformas legislativas estatales. Este cambio requiere un consenso sobre los modelos de tratamiento, educaci\u00f3n y orientaci\u00f3n para los profesionales sanitarios, y planificaci\u00f3n de la aplicaci\u00f3n y la regulaci\u00f3n.   <br\/><br\/>La reforma legislativa de las drogas psicod\u00e9licas se ha llevado a cabo de forma r\u00e1pida y desigual en EEUU. Deber\u00edan estudiarse m\u00e1s a fondo cuestiones sanitarias clave, como el establecimiento de (1) normas para las drogas adquiridas fuera del sistema m\u00e9dico, (2) criterios de autorizaci\u00f3n para prescriptores y terapeutas, (3) infraestructura cl\u00ednica y de facturaci\u00f3n, (4) contraindicaciones potenciales y (5) uso en poblaciones especiales como j\u00f3venes, ancianos y embarazadas&#8230;. <\/p>\n<\/div>\n\n\n\n<div class=\"wp-block-column is-layout-flow wp-block-column-is-layout-flow\">\n<p style=\"font-size:16px\"><a href=\"https:\/\/journals.sagepub.com\/doi\/10.1177\/02698811221133461\" class=\"ek-link\">\u00bfDeber\u00edamos recelar de ser Leary? Preocupaci\u00f3n por el uso de psicod\u00e9licos por parte de los investigadores<\/a><br\/> <em>Centro Nacional de Informaci\u00f3n Biotecnol\u00f3gica<\/em> 2022, 15 de noviembre<\/p>\n\n\n\n<p style=\"font-size:16px\">La investigaci\u00f3n psicod\u00e9lica avanza r\u00e1pidamente, a pesar de los obst\u00e1culos legales y normativos existentes y de las cuestiones persistentes sobre el dise\u00f1o de los estudios, como la dificultad de garantizar un cegamiento adecuado, la relativa sobrerrepresentaci\u00f3n en los estudios de participantes que han consumido psicod\u00e9licos anteriormente y la importancia de la experiencia personal con los psicod\u00e9licos para quienes proporcionan terapia asistida con psicod\u00e9licos. Aqu\u00ed deseamos explorar una preocupaci\u00f3n distinta: si el consumo personal de psicod\u00e9licos por parte de los investigadores podr\u00eda amenazar la objetividad y la conducta \u00e9tica de la propia investigaci\u00f3n psicod\u00e9lica. En 2020, Anderson et al. sugirieron que el consumo de psicod\u00e9licos podr\u00eda llevar incluso a \u00abindividuos conservadores a entusiasmarse salvajemente con los potenciales de los psicod\u00e9licos para curar y transformar\u00bb. Las recientes cr\u00edticas de la prensa popular a la ciencia psicod\u00e9lica, en particular las cr\u00edticas a los ensayos MAPS Fase II y Fase III de la Terapia Asistida con MDMA para el TEPT, tambi\u00e9n han suscitado dudas sobre si el consumo personal de drogas psicod\u00e9licas por parte de los terapeutas psicod\u00e9licos podr\u00eda comprometer la objetividad cient\u00edfica, conducir a la explotaci\u00f3n de los sujetos de la investigaci\u00f3n o promover una informaci\u00f3n sesgada de los resultados. Aqu\u00ed, elaboramos e intentamos delimitar estas preocupaciones, con el objetivo de informar la pol\u00edtica relacionada con la investigaci\u00f3n psicod\u00e9lica y el eventual uso cl\u00ednico de los psicod\u00e9licos. En concreto, exploramos si la posibilidad de que el consumo de psicod\u00e9licos pueda afectar directa y positivamente al entusiasmo de los investigadores por los psicod\u00e9licos en s\u00ed suscita preocupaciones sobre la parcialidad y la integridad cient\u00edfica. A continuaci\u00f3n, analizamos varias estrategias pr\u00e1cticas para reducir los conflictos de intereses percibidos&#8230;      <\/p>\n<\/div>\n<\/div>\n\n<hr class=\"wp-block-separator has-alpha-channel-opacity\"\/>\n\n<div class=\"wp-block-columns is-layout-flex wp-container-core-columns-is-layout-9d6595d7 wp-block-columns-is-layout-flex\">\n<div class=\"wp-block-column is-layout-flow wp-block-column-is-layout-flow\">\n<p style=\"font-size:16px\"><a href=\"https:\/\/www.nejm.org\/doi\/full\/10.1056\/NEJMoa2206443#.Y2MHAmekYAQ.twitter\" class=\"ek-link\">Psilocibina en dosis \u00fanica para un episodio de depresi\u00f3n mayor resistente al tratamiento<\/a> <br\/><em>The New England Journal of Medicine<\/em> 2022, 3 de noviembre<\/p>\n\n\n\n<p style=\"font-size:16px\">En este ensayo de fase 2 con participantes con depresi\u00f3n resistente al tratamiento, la psilocibina en una dosis \u00fanica de 25 mg, pero no de 10 mg, redujo las puntuaciones de depresi\u00f3n significativamente m\u00e1s que una dosis de 1 mg durante un per\u00edodo de 3 semanas, pero se asoci\u00f3 a efectos adversos. Para determinar la eficacia y seguridad de la psilocibina para este trastorno se necesitan ensayos m\u00e1s amplios y prolongados, que incluyan la comparaci\u00f3n con los tratamientos existentes&#8230;. <\/p>\n<\/div>\n\n\n\n<div class=\"wp-block-column is-layout-flow wp-block-column-is-layout-flow\">\n<p><a href=\"https:\/\/everybrainmatters.org\/2022\/09\/12\/should-psychedelics-be-legalized-and-are-they-medicine\/\" class=\"ek-link\">\u00bfDeber\u00edan legalizarse los psicod\u00e9licos y son medicamentos? <\/a><br\/><em>Cada Cerebro Importa <\/em>2022, 12 de septiembre<\/p>\n\n\n\n<figure class=\"wp-block-image size-large\"><a href=\"https:\/\/everybrainmatters.org\/2022\/09\/12\/should-psychedelics-be-legalized-and-are-they-medicine\/\"><img loading=\"lazy\" decoding=\"async\" width=\"1024\" height=\"576\" src=\"https:\/\/everybrainmatters.org\/wp-content\/uploads\/EBM-Psychedelics-1024x576.png\" alt=\"\" class=\"wp-image-31465\" srcset=\"https:\/\/everybrainmatters.org\/wp-content\/uploads\/EBM-Psychedelics-1024x576.png 1024w, https:\/\/everybrainmatters.org\/wp-content\/uploads\/EBM-Psychedelics-300x169.png 300w, https:\/\/everybrainmatters.org\/wp-content\/uploads\/EBM-Psychedelics-768x432.png 768w, https:\/\/everybrainmatters.org\/wp-content\/uploads\/EBM-Psychedelics-403x226.png 403w, https:\/\/everybrainmatters.org\/wp-content\/uploads\/EBM-Psychedelics-600x337.png 600w, https:\/\/everybrainmatters.org\/wp-content\/uploads\/EBM-Psychedelics.png 1275w\" sizes=\"auto, (max-width: 1024px) 100vw, 1024px\" \/><\/a><\/figure>\n\n\n\n<p style=\"font-size:16px\">El proceso de legalizaci\u00f3n no se detiene con la marihuana. La agenda pro-droga est\u00e1 dando el siguiente paso hacia la legalizaci\u00f3n de todas las drogas pidiendo a los votantes de Colorado que creen otra industria de la droga con \u00e1nimo de lucro aumentando el acceso a las drogas psicod\u00e9licas mediante la creaci\u00f3n de \u00abCentros de Curaci\u00f3n\u00bb estatales o lugares donde el p\u00fablico pueda adquirirlas f\u00e1cilmente. Esto a\u00f1adir\u00e1 m\u00e1s confusi\u00f3n y complejidad a la creciente adicci\u00f3n, a las enfermedades mentales y f\u00edsicas, y a la pesadilla normativa que ha resultado de los estados que legalizan el cannabis con \u00e1nimo de lucro&#8230;  <\/p>\n<\/div>\n<\/div>\n\n<hr class=\"wp-block-separator has-alpha-channel-opacity\"\/>\n\n<div class=\"wp-block-columns is-layout-flex wp-container-core-columns-is-layout-9d6595d7 wp-block-columns-is-layout-flex\">\n<div class=\"wp-block-column is-layout-flow wp-block-column-is-layout-flow\">\n<p style=\"font-size:16px\"><a href=\"https:\/\/pubmed.ncbi.nlm.nih.gov\/28686543\/\" class=\"ek-link\">El intento de un m\u00e9dico de automedicarse la depresi\u00f3n bipolar con N,N-Dimetiltriptamina (DMT)<\/a> <br\/>2017, 7 de julio<\/p>\n\n\n\n<p style=\"font-size:16px\">La N,N-dimetiltriptamina (DMT) es una sustancia psicoactiva que ha ido ganando popularidad en su uso terap\u00e9utico y recreativo. \u00c9ste es el caso de un m\u00e9dico que tomaba cr\u00f3nicamente DMT aumentada con fenelzina en un intento de automedicarse la depresi\u00f3n bipolar refractaria. Se examina su presentaci\u00f3n de alteraci\u00f3n del estado mental, man\u00eda y psicosis en relaci\u00f3n con su consumo de DMT. En este caso se analiza la DMT, sus posibles usos y el mecanismo te\u00f3rico de la DMT en la psicosis y el tratamiento de la depresi\u00f3n, en particular su actividad agonista en 5-HT1A, 5-HT2A y 5-HT2C. Tambi\u00e9n es importante reconocer los peligros de la automedicaci\u00f3n, sobre todo entre los m\u00e9dicos&#8230;    <\/p>\n<\/div>\n\n\n\n<div class=\"wp-block-column is-layout-flow wp-block-column-is-layout-flow\"><\/div>\n<\/div>\n","protected":false},"excerpt":{"rendered":"<p>Reforma legislativa y legalizaci\u00f3n de las drogas psicod\u00e9licas en EE.UU. Jama Network, 2022, 7 de diciembre Las drogas psicod\u00e9licas se&#8230;<\/p>\n","protected":false},"author":11,"featured_media":46918,"parent":0,"menu_order":0,"comment_status":"closed","ping_status":"closed","template":"","meta":{"_acf_changed":false,"_editorskit_title_hidden":false,"_editorskit_reading_time":0,"_editorskit_is_block_options_detached":false,"_editorskit_block_options_position":"{}","footnotes":""},"class_list":["post-46916","page","type-page","status-publish","has-post-thumbnail","hentry"],"acf":[],"yoast_head":"<!-- This site is optimized with the Yoast SEO plugin v26.1.1 - https:\/\/yoast.com\/wordpress\/plugins\/seo\/ -->\n<title>Marihuana y psicod\u00e9licos - Every Brain Matters<\/title>\n<meta name=\"robots\" content=\"index, follow, max-snippet:-1, max-image-preview:large, max-video-preview:-1\" \/>\n<link rel=\"canonical\" href=\"https:\/\/everybrainmatters.org\/es\/marihuana-y-psicodelicos\/\" \/>\n<meta property=\"og:locale\" content=\"es_ES\" \/>\n<meta property=\"og:type\" content=\"article\" \/>\n<meta property=\"og:title\" content=\"Marihuana y psicod\u00e9licos - Every Brain Matters\" \/>\n<meta property=\"og:description\" content=\"Reforma legislativa y legalizaci\u00f3n de las drogas psicod\u00e9licas en EE.UU. Jama Network, 2022, 7 de diciembre Las drogas psicod\u00e9licas se...\" \/>\n<meta property=\"og:url\" content=\"https:\/\/everybrainmatters.org\/es\/marihuana-y-psicodelicos\/\" \/>\n<meta property=\"og:site_name\" content=\"Every Brain Matters\" \/>\n<meta property=\"article:modified_time\" content=\"2025-10-21T14:06:29+00:00\" \/>\n<meta property=\"og:image\" content=\"https:\/\/everybrainmatters.org\/wp-content\/uploads\/templets-for-articles-8.png\" \/>\n\t<meta property=\"og:image:width\" content=\"1280\" \/>\n\t<meta property=\"og:image:height\" content=\"720\" \/>\n\t<meta property=\"og:image:type\" content=\"image\/png\" \/>\n<meta name=\"twitter:card\" content=\"summary_large_image\" \/>\n<meta name=\"twitter:label1\" content=\"Est. reading time\" \/>\n\t<meta name=\"twitter:data1\" content=\"5 minutos\" \/>\n<script type=\"application\/ld+json\" class=\"yoast-schema-graph\">{\"@context\":\"https:\/\/schema.org\",\"@graph\":[{\"@type\":\"WebPage\",\"@id\":\"https:\/\/everybrainmatters.org\/es\/marihuana-y-psicodelicos\/\",\"url\":\"https:\/\/everybrainmatters.org\/es\/marihuana-y-psicodelicos\/\",\"name\":\"Marihuana y psicod\u00e9licos - Every Brain Matters\",\"isPartOf\":{\"@id\":\"https:\/\/everybrainmatters.org\/es\/#website\"},\"primaryImageOfPage\":{\"@id\":\"https:\/\/everybrainmatters.org\/es\/marihuana-y-psicodelicos\/#primaryimage\"},\"image\":{\"@id\":\"https:\/\/everybrainmatters.org\/es\/marihuana-y-psicodelicos\/#primaryimage\"},\"thumbnailUrl\":\"https:\/\/everybrainmatters.org\/wp-content\/uploads\/templets-for-articles-8.png\",\"datePublished\":\"2022-10-20T15:18:01+00:00\",\"dateModified\":\"2025-10-21T14:06:29+00:00\",\"breadcrumb\":{\"@id\":\"https:\/\/everybrainmatters.org\/es\/marihuana-y-psicodelicos\/#breadcrumb\"},\"inLanguage\":\"es-ES\",\"potentialAction\":[{\"@type\":\"ReadAction\",\"target\":[\"https:\/\/everybrainmatters.org\/es\/marihuana-y-psicodelicos\/\"]}]},{\"@type\":\"ImageObject\",\"inLanguage\":\"es-ES\",\"@id\":\"https:\/\/everybrainmatters.org\/es\/marihuana-y-psicodelicos\/#primaryimage\",\"url\":\"https:\/\/everybrainmatters.org\/wp-content\/uploads\/templets-for-articles-8.png\",\"contentUrl\":\"https:\/\/everybrainmatters.org\/wp-content\/uploads\/templets-for-articles-8.png\",\"width\":1280,\"height\":720},{\"@type\":\"BreadcrumbList\",\"@id\":\"https:\/\/everybrainmatters.org\/es\/marihuana-y-psicodelicos\/#breadcrumb\",\"itemListElement\":[{\"@type\":\"ListItem\",\"position\":1,\"name\":\"Home\",\"item\":\"https:\/\/everybrainmatters.org\/es\/\"},{\"@type\":\"ListItem\",\"position\":2,\"name\":\"Marihuana y psicod\u00e9licos\"}]},{\"@type\":\"WebSite\",\"@id\":\"https:\/\/everybrainmatters.org\/es\/#website\",\"url\":\"https:\/\/everybrainmatters.org\/es\/\",\"name\":\"Every Brain Matters\",\"description\":\"\",\"publisher\":{\"@id\":\"https:\/\/everybrainmatters.org\/es\/#organization\"},\"potentialAction\":[{\"@type\":\"SearchAction\",\"target\":{\"@type\":\"EntryPoint\",\"urlTemplate\":\"https:\/\/everybrainmatters.org\/es\/?s={search_term_string}\"},\"query-input\":{\"@type\":\"PropertyValueSpecification\",\"valueRequired\":true,\"valueName\":\"search_term_string\"}}],\"inLanguage\":\"es-ES\"},{\"@type\":\"Organization\",\"@id\":\"https:\/\/everybrainmatters.org\/es\/#organization\",\"name\":\"Every Brain Matters\",\"url\":\"https:\/\/everybrainmatters.org\/es\/\",\"logo\":{\"@type\":\"ImageObject\",\"inLanguage\":\"es-ES\",\"@id\":\"https:\/\/everybrainmatters.org\/es\/#\/schema\/logo\/image\/\",\"url\":\"https:\/\/everybrainmatters.org\/wp-content\/uploads\/AllBrains_3.jpg\",\"contentUrl\":\"https:\/\/everybrainmatters.org\/wp-content\/uploads\/AllBrains_3.jpg\",\"width\":1000,\"height\":1087,\"caption\":\"Every Brain Matters\"},\"image\":{\"@id\":\"https:\/\/everybrainmatters.org\/es\/#\/schema\/logo\/image\/\"}}]}<\/script>\n<!-- \/ Yoast SEO plugin. -->","yoast_head_json":{"title":"Marihuana y psicod\u00e9licos - Every Brain Matters","robots":{"index":"index","follow":"follow","max-snippet":"max-snippet:-1","max-image-preview":"max-image-preview:large","max-video-preview":"max-video-preview:-1"},"canonical":"https:\/\/everybrainmatters.org\/es\/marihuana-y-psicodelicos\/","og_locale":"es_ES","og_type":"article","og_title":"Marihuana y psicod\u00e9licos - Every Brain Matters","og_description":"Reforma legislativa y legalizaci\u00f3n de las drogas psicod\u00e9licas en EE.UU. Jama Network, 2022, 7 de diciembre Las drogas psicod\u00e9licas se...","og_url":"https:\/\/everybrainmatters.org\/es\/marihuana-y-psicodelicos\/","og_site_name":"Every Brain Matters","article_modified_time":"2025-10-21T14:06:29+00:00","og_image":[{"width":1280,"height":720,"url":"https:\/\/everybrainmatters.org\/wp-content\/uploads\/templets-for-articles-8.png","type":"image\/png"}],"twitter_card":"summary_large_image","twitter_misc":{"Est. reading time":"5 minutos"},"schema":{"@context":"https:\/\/schema.org","@graph":[{"@type":"WebPage","@id":"https:\/\/everybrainmatters.org\/es\/marihuana-y-psicodelicos\/","url":"https:\/\/everybrainmatters.org\/es\/marihuana-y-psicodelicos\/","name":"Marihuana y psicod\u00e9licos - Every Brain Matters","isPartOf":{"@id":"https:\/\/everybrainmatters.org\/es\/#website"},"primaryImageOfPage":{"@id":"https:\/\/everybrainmatters.org\/es\/marihuana-y-psicodelicos\/#primaryimage"},"image":{"@id":"https:\/\/everybrainmatters.org\/es\/marihuana-y-psicodelicos\/#primaryimage"},"thumbnailUrl":"https:\/\/everybrainmatters.org\/wp-content\/uploads\/templets-for-articles-8.png","datePublished":"2022-10-20T15:18:01+00:00","dateModified":"2025-10-21T14:06:29+00:00","breadcrumb":{"@id":"https:\/\/everybrainmatters.org\/es\/marihuana-y-psicodelicos\/#breadcrumb"},"inLanguage":"es-ES","potentialAction":[{"@type":"ReadAction","target":["https:\/\/everybrainmatters.org\/es\/marihuana-y-psicodelicos\/"]}]},{"@type":"ImageObject","inLanguage":"es-ES","@id":"https:\/\/everybrainmatters.org\/es\/marihuana-y-psicodelicos\/#primaryimage","url":"https:\/\/everybrainmatters.org\/wp-content\/uploads\/templets-for-articles-8.png","contentUrl":"https:\/\/everybrainmatters.org\/wp-content\/uploads\/templets-for-articles-8.png","width":1280,"height":720},{"@type":"BreadcrumbList","@id":"https:\/\/everybrainmatters.org\/es\/marihuana-y-psicodelicos\/#breadcrumb","itemListElement":[{"@type":"ListItem","position":1,"name":"Home","item":"https:\/\/everybrainmatters.org\/es\/"},{"@type":"ListItem","position":2,"name":"Marihuana y psicod\u00e9licos"}]},{"@type":"WebSite","@id":"https:\/\/everybrainmatters.org\/es\/#website","url":"https:\/\/everybrainmatters.org\/es\/","name":"Every Brain Matters","description":"","publisher":{"@id":"https:\/\/everybrainmatters.org\/es\/#organization"},"potentialAction":[{"@type":"SearchAction","target":{"@type":"EntryPoint","urlTemplate":"https:\/\/everybrainmatters.org\/es\/?s={search_term_string}"},"query-input":{"@type":"PropertyValueSpecification","valueRequired":true,"valueName":"search_term_string"}}],"inLanguage":"es-ES"},{"@type":"Organization","@id":"https:\/\/everybrainmatters.org\/es\/#organization","name":"Every Brain Matters","url":"https:\/\/everybrainmatters.org\/es\/","logo":{"@type":"ImageObject","inLanguage":"es-ES","@id":"https:\/\/everybrainmatters.org\/es\/#\/schema\/logo\/image\/","url":"https:\/\/everybrainmatters.org\/wp-content\/uploads\/AllBrains_3.jpg","contentUrl":"https:\/\/everybrainmatters.org\/wp-content\/uploads\/AllBrains_3.jpg","width":1000,"height":1087,"caption":"Every Brain Matters"},"image":{"@id":"https:\/\/everybrainmatters.org\/es\/#\/schema\/logo\/image\/"}}]}},"_links":{"self":[{"href":"https:\/\/everybrainmatters.org\/es\/wp-json\/wp\/v2\/pages\/46916","targetHints":{"allow":["GET"]}}],"collection":[{"href":"https:\/\/everybrainmatters.org\/es\/wp-json\/wp\/v2\/pages"}],"about":[{"href":"https:\/\/everybrainmatters.org\/es\/wp-json\/wp\/v2\/types\/page"}],"author":[{"embeddable":true,"href":"https:\/\/everybrainmatters.org\/es\/wp-json\/wp\/v2\/users\/11"}],"replies":[{"embeddable":true,"href":"https:\/\/everybrainmatters.org\/es\/wp-json\/wp\/v2\/comments?post=46916"}],"version-history":[{"count":0,"href":"https:\/\/everybrainmatters.org\/es\/wp-json\/wp\/v2\/pages\/46916\/revisions"}],"wp:featuredmedia":[{"embeddable":true,"href":"https:\/\/everybrainmatters.org\/es\/wp-json\/wp\/v2\/media\/46918"}],"wp:attachment":[{"href":"https:\/\/everybrainmatters.org\/es\/wp-json\/wp\/v2\/media?parent=46916"}],"curies":[{"name":"wp","href":"https:\/\/api.w.org\/{rel}","templated":true}]}}