{"id":46919,"date":"2022-09-15T18:42:39","date_gmt":"2022-09-15T23:42:39","guid":{"rendered":"https:\/\/everybrainmatters.org\/potencia-concentrados-de-marihuana\/"},"modified":"2025-10-21T09:06:31","modified_gmt":"2025-10-21T14:06:31","slug":"potencia-concentrados-de-marihuana","status":"publish","type":"page","link":"https:\/\/everybrainmatters.org\/es\/potencia-concentrados-de-marihuana\/","title":{"rendered":"Potencia &#8211; Concentrados de marihuana"},"content":{"rendered":"\n<p>Asociaci\u00f3n de la potencia del cannabis con la mala salud mental y la adicci\u00f3n: una revisi\u00f3n sistem\u00e1tica<\/p>\n\n<p>2022 Jul 25.<\/p>\n\n<h6 class=\"wp-block-heading\">Resumen<\/h6>\n\n<p>La potencia del cannabis, definida como la concentraci\u00f3n de <sup>\u03949-tetrahidrocannabinol<\/sup>(THC), ha aumentado internacionalmente, lo que podr\u00eda incrementar el riesgo de resultados adversos para la salud de los consumidores de cannabis. Presentamos, hasta donde sabemos, la primera revisi\u00f3n sistem\u00e1tica de la asociaci\u00f3n de la potencia del cannabis con la salud mental y la adicci\u00f3n (PROSPERO, CRD42021226447). Se realizaron b\u00fasquedas en Embase, PsycINFO y MEDLINE (desde el inicio de la base de datos hasta el 14 de enero de 2021). Los estudios incluidos eran estudios observacionales de participantes humanos que comparaban la asociaci\u00f3n del cannabis de alta potencia (productos con una mayor concentraci\u00f3n de THC) y el cannabis de baja potencia (productos con una menor concentraci\u00f3n de THC), seg\u00fan la definici\u00f3n de los estudios incluidos, con la depresi\u00f3n, la ansiedad, la psicosis o el trastorno por consumo de cannabis (TCA). De 4171 art\u00edculos examinados, 20 cumpl\u00edan los criterios de elegibilidad: ocho estudios se centraban en la psicosis, ocho en la ansiedad, siete en la depresi\u00f3n y seis en el TCA. En general, el consumo de cannabis de mayor potencia, en comparaci\u00f3n con el de menor potencia, se asoci\u00f3 con un mayor riesgo de psicosis y TCA. Las pruebas variaron para la depresi\u00f3n y la ansiedad. La asociaci\u00f3n de la potencia del cannabis con el CUD y la psicosis pone de relieve su relevancia en los entornos sanitarios, y para las directrices y pol\u00edticas de salud p\u00fablica sobre la venta de cannabis. Es necesario estandarizar las medidas de exposici\u00f3n y los dise\u00f1os longitudinales para reforzar las pruebas de esta asociaci\u00f3n.        <\/p>\n\n<p><a href=\"https:\/\/pubmed.ncbi.nlm.nih.gov\/35901795\/\">https:\/\/pubmed.ncbi.nlm.nih.gov\/35901795\/<\/a><\/p>\n\n<hr class=\"wp-block-separator has-alpha-channel-opacity is-style-wide\"\/>\n\n<p><a href=\"https:\/\/nida.nih.gov\/drug-topics\/publications\/drug-facts\">DrugFacts<\/a><\/p>\n\n<h5 class=\"wp-block-heading\">Concentrados de cannabis (marihuana) DrugFacts<\/h5>\n\n<p>Las plantas de cannabis est\u00e1n cubiertas de unos compuestos microsc\u00f3picos, con forma de seta y pelos, llamados tricomas. Estas excrecencias rodean la flor de marihuana en ciernes y producen los cannabinoides de la planta. Se pueden recolectar distintas variedades de tricomas. Los productos resultantes -llamados colectivamente concentrados de cannabis- pueden contener niveles muy elevados de tetrahidrocannabinol, conocido com\u00fanmente como THC, el ingrediente psicotr\u00f3pico de la marihuana. Estos productos de marihuana ricos en THC pueden vaporizarse e inhalarse con un vaporizador o mediante un proceso llamado dabbing.    <a href=\"https:\/\/nida.nih.gov\/publications\/drugfacts\/cannabis-marijuana-concentrates?eType=EmailBlastContent&amp;eId=bb54a5c4-9614-4b2e-9167-16af28c0d38c#ref\"><sup>1<\/sup><\/a><\/p>\n\n<p><a href=\"https:\/\/nida.nih.gov\/publications\/drugfacts\/cannabis-marijuana-concentrates?eType=EmailBlastContent&amp;eId=bb54a5c4-9614-4b2e-9167-16af28c0d38c\">https:\/\/nida.nih.gov\/publications\/drugfacts\/cannabis-marijuana-concentrates?eType=EmailBlastContent&amp;eId=bb54a5c4-9614-4b2e-9167-16af28c0d38c<\/a><\/p>\n","protected":false},"excerpt":{"rendered":"<p>Asociaci\u00f3n de la potencia del cannabis con la mala salud mental y la adicci\u00f3n: una revisi\u00f3n sistem\u00e1tica 2022 Jul 25&#8230;.<\/p>\n","protected":false},"author":11,"featured_media":0,"parent":0,"menu_order":0,"comment_status":"closed","ping_status":"closed","template":"","meta":{"_acf_changed":false,"_editorskit_title_hidden":false,"_editorskit_reading_time":0,"_editorskit_is_block_options_detached":false,"_editorskit_block_options_position":"{}","footnotes":""},"class_list":["post-46919","page","type-page","status-publish","hentry"],"acf":[],"yoast_head":"<!-- This site is optimized with the Yoast SEO plugin v26.1.1 - https:\/\/yoast.com\/wordpress\/plugins\/seo\/ -->\n<title>Potencia - Concentrados de marihuana - Every Brain Matters<\/title>\n<meta name=\"robots\" content=\"index, follow, max-snippet:-1, max-image-preview:large, max-video-preview:-1\" \/>\n<link rel=\"canonical\" href=\"https:\/\/everybrainmatters.org\/es\/potencia-concentrados-de-marihuana\/\" \/>\n<meta property=\"og:locale\" content=\"es_ES\" \/>\n<meta property=\"og:type\" content=\"article\" \/>\n<meta property=\"og:title\" content=\"Potencia - Concentrados de marihuana - Every Brain Matters\" \/>\n<meta property=\"og:description\" content=\"Asociaci\u00f3n de la potencia del cannabis con la mala salud mental y la adicci\u00f3n: una revisi\u00f3n sistem\u00e1tica 2022 Jul 25....\" \/>\n<meta property=\"og:url\" content=\"https:\/\/everybrainmatters.org\/es\/potencia-concentrados-de-marihuana\/\" \/>\n<meta property=\"og:site_name\" content=\"Every Brain Matters\" \/>\n<meta property=\"article:modified_time\" content=\"2025-10-21T14:06:31+00:00\" \/>\n<meta property=\"og:image\" content=\"https:\/\/everybrainmatters.org\/wp-content\/uploads\/AllBrains_3.jpg\" \/>\n\t<meta property=\"og:image:width\" content=\"1000\" \/>\n\t<meta property=\"og:image:height\" content=\"1087\" \/>\n\t<meta property=\"og:image:type\" content=\"image\/jpeg\" \/>\n<meta name=\"twitter:card\" content=\"summary_large_image\" \/>\n<meta name=\"twitter:label1\" content=\"Est. reading time\" \/>\n\t<meta name=\"twitter:data1\" content=\"2 minutos\" \/>\n<script type=\"application\/ld+json\" class=\"yoast-schema-graph\">{\"@context\":\"https:\/\/schema.org\",\"@graph\":[{\"@type\":\"WebPage\",\"@id\":\"https:\/\/everybrainmatters.org\/es\/potencia-concentrados-de-marihuana\/\",\"url\":\"https:\/\/everybrainmatters.org\/es\/potencia-concentrados-de-marihuana\/\",\"name\":\"Potencia - Concentrados de marihuana - Every Brain Matters\",\"isPartOf\":{\"@id\":\"https:\/\/everybrainmatters.org\/es\/#website\"},\"datePublished\":\"2022-09-15T23:42:39+00:00\",\"dateModified\":\"2025-10-21T14:06:31+00:00\",\"breadcrumb\":{\"@id\":\"https:\/\/everybrainmatters.org\/es\/potencia-concentrados-de-marihuana\/#breadcrumb\"},\"inLanguage\":\"es-ES\",\"potentialAction\":[{\"@type\":\"ReadAction\",\"target\":[\"https:\/\/everybrainmatters.org\/es\/potencia-concentrados-de-marihuana\/\"]}]},{\"@type\":\"BreadcrumbList\",\"@id\":\"https:\/\/everybrainmatters.org\/es\/potencia-concentrados-de-marihuana\/#breadcrumb\",\"itemListElement\":[{\"@type\":\"ListItem\",\"position\":1,\"name\":\"Home\",\"item\":\"https:\/\/everybrainmatters.org\/es\/\"},{\"@type\":\"ListItem\",\"position\":2,\"name\":\"Potencia &#8211; Concentrados de marihuana\"}]},{\"@type\":\"WebSite\",\"@id\":\"https:\/\/everybrainmatters.org\/es\/#website\",\"url\":\"https:\/\/everybrainmatters.org\/es\/\",\"name\":\"Every Brain Matters\",\"description\":\"\",\"publisher\":{\"@id\":\"https:\/\/everybrainmatters.org\/es\/#organization\"},\"potentialAction\":[{\"@type\":\"SearchAction\",\"target\":{\"@type\":\"EntryPoint\",\"urlTemplate\":\"https:\/\/everybrainmatters.org\/es\/?s={search_term_string}\"},\"query-input\":{\"@type\":\"PropertyValueSpecification\",\"valueRequired\":true,\"valueName\":\"search_term_string\"}}],\"inLanguage\":\"es-ES\"},{\"@type\":\"Organization\",\"@id\":\"https:\/\/everybrainmatters.org\/es\/#organization\",\"name\":\"Every Brain Matters\",\"url\":\"https:\/\/everybrainmatters.org\/es\/\",\"logo\":{\"@type\":\"ImageObject\",\"inLanguage\":\"es-ES\",\"@id\":\"https:\/\/everybrainmatters.org\/es\/#\/schema\/logo\/image\/\",\"url\":\"https:\/\/everybrainmatters.org\/wp-content\/uploads\/AllBrains_3.jpg\",\"contentUrl\":\"https:\/\/everybrainmatters.org\/wp-content\/uploads\/AllBrains_3.jpg\",\"width\":1000,\"height\":1087,\"caption\":\"Every Brain Matters\"},\"image\":{\"@id\":\"https:\/\/everybrainmatters.org\/es\/#\/schema\/logo\/image\/\"}}]}<\/script>\n<!-- \/ Yoast SEO plugin. -->","yoast_head_json":{"title":"Potencia - Concentrados de marihuana - Every Brain Matters","robots":{"index":"index","follow":"follow","max-snippet":"max-snippet:-1","max-image-preview":"max-image-preview:large","max-video-preview":"max-video-preview:-1"},"canonical":"https:\/\/everybrainmatters.org\/es\/potencia-concentrados-de-marihuana\/","og_locale":"es_ES","og_type":"article","og_title":"Potencia - Concentrados de marihuana - Every Brain Matters","og_description":"Asociaci\u00f3n de la potencia del cannabis con la mala salud mental y la adicci\u00f3n: una revisi\u00f3n sistem\u00e1tica 2022 Jul 25....","og_url":"https:\/\/everybrainmatters.org\/es\/potencia-concentrados-de-marihuana\/","og_site_name":"Every Brain Matters","article_modified_time":"2025-10-21T14:06:31+00:00","og_image":[{"width":1000,"height":1087,"url":"https:\/\/everybrainmatters.org\/wp-content\/uploads\/AllBrains_3.jpg","type":"image\/jpeg"}],"twitter_card":"summary_large_image","twitter_misc":{"Est. reading time":"2 minutos"},"schema":{"@context":"https:\/\/schema.org","@graph":[{"@type":"WebPage","@id":"https:\/\/everybrainmatters.org\/es\/potencia-concentrados-de-marihuana\/","url":"https:\/\/everybrainmatters.org\/es\/potencia-concentrados-de-marihuana\/","name":"Potencia - Concentrados de marihuana - Every Brain Matters","isPartOf":{"@id":"https:\/\/everybrainmatters.org\/es\/#website"},"datePublished":"2022-09-15T23:42:39+00:00","dateModified":"2025-10-21T14:06:31+00:00","breadcrumb":{"@id":"https:\/\/everybrainmatters.org\/es\/potencia-concentrados-de-marihuana\/#breadcrumb"},"inLanguage":"es-ES","potentialAction":[{"@type":"ReadAction","target":["https:\/\/everybrainmatters.org\/es\/potencia-concentrados-de-marihuana\/"]}]},{"@type":"BreadcrumbList","@id":"https:\/\/everybrainmatters.org\/es\/potencia-concentrados-de-marihuana\/#breadcrumb","itemListElement":[{"@type":"ListItem","position":1,"name":"Home","item":"https:\/\/everybrainmatters.org\/es\/"},{"@type":"ListItem","position":2,"name":"Potencia &#8211; Concentrados de marihuana"}]},{"@type":"WebSite","@id":"https:\/\/everybrainmatters.org\/es\/#website","url":"https:\/\/everybrainmatters.org\/es\/","name":"Every Brain Matters","description":"","publisher":{"@id":"https:\/\/everybrainmatters.org\/es\/#organization"},"potentialAction":[{"@type":"SearchAction","target":{"@type":"EntryPoint","urlTemplate":"https:\/\/everybrainmatters.org\/es\/?s={search_term_string}"},"query-input":{"@type":"PropertyValueSpecification","valueRequired":true,"valueName":"search_term_string"}}],"inLanguage":"es-ES"},{"@type":"Organization","@id":"https:\/\/everybrainmatters.org\/es\/#organization","name":"Every Brain Matters","url":"https:\/\/everybrainmatters.org\/es\/","logo":{"@type":"ImageObject","inLanguage":"es-ES","@id":"https:\/\/everybrainmatters.org\/es\/#\/schema\/logo\/image\/","url":"https:\/\/everybrainmatters.org\/wp-content\/uploads\/AllBrains_3.jpg","contentUrl":"https:\/\/everybrainmatters.org\/wp-content\/uploads\/AllBrains_3.jpg","width":1000,"height":1087,"caption":"Every Brain Matters"},"image":{"@id":"https:\/\/everybrainmatters.org\/es\/#\/schema\/logo\/image\/"}}]}},"_links":{"self":[{"href":"https:\/\/everybrainmatters.org\/es\/wp-json\/wp\/v2\/pages\/46919","targetHints":{"allow":["GET"]}}],"collection":[{"href":"https:\/\/everybrainmatters.org\/es\/wp-json\/wp\/v2\/pages"}],"about":[{"href":"https:\/\/everybrainmatters.org\/es\/wp-json\/wp\/v2\/types\/page"}],"author":[{"embeddable":true,"href":"https:\/\/everybrainmatters.org\/es\/wp-json\/wp\/v2\/users\/11"}],"replies":[{"embeddable":true,"href":"https:\/\/everybrainmatters.org\/es\/wp-json\/wp\/v2\/comments?post=46919"}],"version-history":[{"count":0,"href":"https:\/\/everybrainmatters.org\/es\/wp-json\/wp\/v2\/pages\/46919\/revisions"}],"wp:attachment":[{"href":"https:\/\/everybrainmatters.org\/es\/wp-json\/wp\/v2\/media?parent=46919"}],"curies":[{"name":"wp","href":"https:\/\/api.w.org\/{rel}","templated":true}]}}