{"id":46921,"date":"2022-09-27T12:02:06","date_gmt":"2022-09-27T17:02:06","guid":{"rendered":"https:\/\/everybrainmatters.org\/inversores-corporativos-y-particulares-en-cannabis\/"},"modified":"2025-10-21T09:06:32","modified_gmt":"2025-10-21T14:06:32","slug":"inversores-corporativos-y-particulares-en-cannabis","status":"publish","type":"page","link":"https:\/\/everybrainmatters.org\/es\/inversores-corporativos-y-particulares-en-cannabis\/","title":{"rendered":"Inversores corporativos y particulares en cannabis"},"content":{"rendered":"\n<p><a href=\"https:\/\/jamanetwork.com\/journals\/jamanetworkopen\/fullarticle\/2795557\" target=\"_blank\" aria-label=\"Content Analysis of the Corporate Social Responsibility Practices of 9 Major Cannabis Companies in Canada and the US (opens in a new tab)\" rel=\"noreferrer noopener\" class=\"ek-link\">An\u00e1lisis de Contenido de las Pr\u00e1cticas de Responsabilidad Social Corporativa de 9 Grandes Empresas de Cannabis en Canad\u00e1 y EE.UU.<\/a><\/p>\n\n<p>23 de agosto de 2022<\/p>\n\n<p><strong>Resultados<\/strong> Nueve grandes empresas de cannabis de EE.UU. y Canad\u00e1 participaron en actividades de RSC que fomentaban el aumento del consumo y se dirig\u00edan a comunidades marginadas. Las empresas afirmaban que estas actividades mitigar\u00edan los da\u00f1os de la prohibici\u00f3n del cannabis, promover\u00edan la diversidad, ampliar\u00edan el acceso al cannabis medicinal y apoyar\u00edan causas ben\u00e9ficas. Desarrollaron programas educativos, iniciativas de sostenibilidad y c\u00f3digos de marketing voluntarios, y utilizaron estrategias similares a las empleadas por las tabacaleras para reclutar como aliados a organizaciones de inter\u00e9s p\u00fablico.  <\/p>\n\n<p><strong>Conclusiones y relevancia<\/strong> Estos resultados sugieren que las empresas de cannabis desarrollaron estrategias de RSC comparables a las utilizadas por la industria tabacalera para influir en la regulaci\u00f3n, lo que sugiere que las empresas de cannabis deber\u00edan incluirse a la hora de abordar los determinantes comerciales de la salud.<\/p>\n\n<hr class=\"wp-block-separator has-alpha-channel-opacity is-style-wide\"\/>\n","protected":false},"excerpt":{"rendered":"<p>An\u00e1lisis de Contenido de las Pr\u00e1cticas de Responsabilidad Social Corporativa de 9 Grandes Empresas de Cannabis en Canad\u00e1 y EE.UU&#8230;.<\/p>\n","protected":false},"author":11,"featured_media":0,"parent":0,"menu_order":0,"comment_status":"closed","ping_status":"closed","template":"","meta":{"_acf_changed":false,"_editorskit_title_hidden":false,"_editorskit_reading_time":0,"_editorskit_is_block_options_detached":false,"_editorskit_block_options_position":"{}","footnotes":""},"class_list":["post-46921","page","type-page","status-publish","hentry"],"acf":[],"yoast_head":"<!-- This site is optimized with the Yoast SEO plugin v26.1.1 - https:\/\/yoast.com\/wordpress\/plugins\/seo\/ -->\n<title>Inversores corporativos y particulares en cannabis - Every Brain Matters<\/title>\n<meta name=\"robots\" content=\"index, follow, max-snippet:-1, max-image-preview:large, max-video-preview:-1\" \/>\n<link rel=\"canonical\" href=\"https:\/\/everybrainmatters.org\/es\/inversores-corporativos-y-particulares-en-cannabis\/\" \/>\n<meta property=\"og:locale\" content=\"es_ES\" \/>\n<meta property=\"og:type\" content=\"article\" \/>\n<meta property=\"og:title\" content=\"Inversores corporativos y particulares en cannabis - Every Brain Matters\" \/>\n<meta property=\"og:description\" content=\"An\u00e1lisis de Contenido de las Pr\u00e1cticas de Responsabilidad Social Corporativa de 9 Grandes Empresas de Cannabis en Canad\u00e1 y EE.UU....\" \/>\n<meta property=\"og:url\" content=\"https:\/\/everybrainmatters.org\/es\/inversores-corporativos-y-particulares-en-cannabis\/\" \/>\n<meta property=\"og:site_name\" content=\"Every Brain Matters\" \/>\n<meta property=\"article:modified_time\" content=\"2025-10-21T14:06:32+00:00\" \/>\n<meta property=\"og:image\" content=\"https:\/\/everybrainmatters.org\/wp-content\/uploads\/AllBrains_3.jpg\" \/>\n\t<meta property=\"og:image:width\" content=\"1000\" \/>\n\t<meta property=\"og:image:height\" content=\"1087\" \/>\n\t<meta property=\"og:image:type\" content=\"image\/jpeg\" \/>\n<meta name=\"twitter:card\" content=\"summary_large_image\" \/>\n<meta name=\"twitter:label1\" content=\"Est. reading time\" \/>\n\t<meta name=\"twitter:data1\" content=\"1 minuto\" \/>\n<script type=\"application\/ld+json\" class=\"yoast-schema-graph\">{\"@context\":\"https:\/\/schema.org\",\"@graph\":[{\"@type\":\"WebPage\",\"@id\":\"https:\/\/everybrainmatters.org\/es\/inversores-corporativos-y-particulares-en-cannabis\/\",\"url\":\"https:\/\/everybrainmatters.org\/es\/inversores-corporativos-y-particulares-en-cannabis\/\",\"name\":\"Inversores corporativos y particulares en cannabis - Every Brain Matters\",\"isPartOf\":{\"@id\":\"https:\/\/everybrainmatters.org\/es\/#website\"},\"datePublished\":\"2022-09-27T17:02:06+00:00\",\"dateModified\":\"2025-10-21T14:06:32+00:00\",\"breadcrumb\":{\"@id\":\"https:\/\/everybrainmatters.org\/es\/inversores-corporativos-y-particulares-en-cannabis\/#breadcrumb\"},\"inLanguage\":\"es-ES\",\"potentialAction\":[{\"@type\":\"ReadAction\",\"target\":[\"https:\/\/everybrainmatters.org\/es\/inversores-corporativos-y-particulares-en-cannabis\/\"]}]},{\"@type\":\"BreadcrumbList\",\"@id\":\"https:\/\/everybrainmatters.org\/es\/inversores-corporativos-y-particulares-en-cannabis\/#breadcrumb\",\"itemListElement\":[{\"@type\":\"ListItem\",\"position\":1,\"name\":\"Home\",\"item\":\"https:\/\/everybrainmatters.org\/es\/\"},{\"@type\":\"ListItem\",\"position\":2,\"name\":\"Inversores corporativos y particulares en cannabis\"}]},{\"@type\":\"WebSite\",\"@id\":\"https:\/\/everybrainmatters.org\/es\/#website\",\"url\":\"https:\/\/everybrainmatters.org\/es\/\",\"name\":\"Every Brain Matters\",\"description\":\"\",\"publisher\":{\"@id\":\"https:\/\/everybrainmatters.org\/es\/#organization\"},\"potentialAction\":[{\"@type\":\"SearchAction\",\"target\":{\"@type\":\"EntryPoint\",\"urlTemplate\":\"https:\/\/everybrainmatters.org\/es\/?s={search_term_string}\"},\"query-input\":{\"@type\":\"PropertyValueSpecification\",\"valueRequired\":true,\"valueName\":\"search_term_string\"}}],\"inLanguage\":\"es-ES\"},{\"@type\":\"Organization\",\"@id\":\"https:\/\/everybrainmatters.org\/es\/#organization\",\"name\":\"Every Brain Matters\",\"url\":\"https:\/\/everybrainmatters.org\/es\/\",\"logo\":{\"@type\":\"ImageObject\",\"inLanguage\":\"es-ES\",\"@id\":\"https:\/\/everybrainmatters.org\/es\/#\/schema\/logo\/image\/\",\"url\":\"https:\/\/everybrainmatters.org\/wp-content\/uploads\/AllBrains_3.jpg\",\"contentUrl\":\"https:\/\/everybrainmatters.org\/wp-content\/uploads\/AllBrains_3.jpg\",\"width\":1000,\"height\":1087,\"caption\":\"Every Brain Matters\"},\"image\":{\"@id\":\"https:\/\/everybrainmatters.org\/es\/#\/schema\/logo\/image\/\"}}]}<\/script>\n<!-- \/ Yoast SEO plugin. -->","yoast_head_json":{"title":"Inversores corporativos y particulares en cannabis - Every Brain Matters","robots":{"index":"index","follow":"follow","max-snippet":"max-snippet:-1","max-image-preview":"max-image-preview:large","max-video-preview":"max-video-preview:-1"},"canonical":"https:\/\/everybrainmatters.org\/es\/inversores-corporativos-y-particulares-en-cannabis\/","og_locale":"es_ES","og_type":"article","og_title":"Inversores corporativos y particulares en cannabis - Every Brain Matters","og_description":"An\u00e1lisis de Contenido de las Pr\u00e1cticas de Responsabilidad Social Corporativa de 9 Grandes Empresas de Cannabis en Canad\u00e1 y EE.UU....","og_url":"https:\/\/everybrainmatters.org\/es\/inversores-corporativos-y-particulares-en-cannabis\/","og_site_name":"Every Brain Matters","article_modified_time":"2025-10-21T14:06:32+00:00","og_image":[{"width":1000,"height":1087,"url":"https:\/\/everybrainmatters.org\/wp-content\/uploads\/AllBrains_3.jpg","type":"image\/jpeg"}],"twitter_card":"summary_large_image","twitter_misc":{"Est. reading time":"1 minuto"},"schema":{"@context":"https:\/\/schema.org","@graph":[{"@type":"WebPage","@id":"https:\/\/everybrainmatters.org\/es\/inversores-corporativos-y-particulares-en-cannabis\/","url":"https:\/\/everybrainmatters.org\/es\/inversores-corporativos-y-particulares-en-cannabis\/","name":"Inversores corporativos y particulares en cannabis - Every Brain Matters","isPartOf":{"@id":"https:\/\/everybrainmatters.org\/es\/#website"},"datePublished":"2022-09-27T17:02:06+00:00","dateModified":"2025-10-21T14:06:32+00:00","breadcrumb":{"@id":"https:\/\/everybrainmatters.org\/es\/inversores-corporativos-y-particulares-en-cannabis\/#breadcrumb"},"inLanguage":"es-ES","potentialAction":[{"@type":"ReadAction","target":["https:\/\/everybrainmatters.org\/es\/inversores-corporativos-y-particulares-en-cannabis\/"]}]},{"@type":"BreadcrumbList","@id":"https:\/\/everybrainmatters.org\/es\/inversores-corporativos-y-particulares-en-cannabis\/#breadcrumb","itemListElement":[{"@type":"ListItem","position":1,"name":"Home","item":"https:\/\/everybrainmatters.org\/es\/"},{"@type":"ListItem","position":2,"name":"Inversores corporativos y particulares en cannabis"}]},{"@type":"WebSite","@id":"https:\/\/everybrainmatters.org\/es\/#website","url":"https:\/\/everybrainmatters.org\/es\/","name":"Every Brain Matters","description":"","publisher":{"@id":"https:\/\/everybrainmatters.org\/es\/#organization"},"potentialAction":[{"@type":"SearchAction","target":{"@type":"EntryPoint","urlTemplate":"https:\/\/everybrainmatters.org\/es\/?s={search_term_string}"},"query-input":{"@type":"PropertyValueSpecification","valueRequired":true,"valueName":"search_term_string"}}],"inLanguage":"es-ES"},{"@type":"Organization","@id":"https:\/\/everybrainmatters.org\/es\/#organization","name":"Every Brain Matters","url":"https:\/\/everybrainmatters.org\/es\/","logo":{"@type":"ImageObject","inLanguage":"es-ES","@id":"https:\/\/everybrainmatters.org\/es\/#\/schema\/logo\/image\/","url":"https:\/\/everybrainmatters.org\/wp-content\/uploads\/AllBrains_3.jpg","contentUrl":"https:\/\/everybrainmatters.org\/wp-content\/uploads\/AllBrains_3.jpg","width":1000,"height":1087,"caption":"Every Brain Matters"},"image":{"@id":"https:\/\/everybrainmatters.org\/es\/#\/schema\/logo\/image\/"}}]}},"_links":{"self":[{"href":"https:\/\/everybrainmatters.org\/es\/wp-json\/wp\/v2\/pages\/46921","targetHints":{"allow":["GET"]}}],"collection":[{"href":"https:\/\/everybrainmatters.org\/es\/wp-json\/wp\/v2\/pages"}],"about":[{"href":"https:\/\/everybrainmatters.org\/es\/wp-json\/wp\/v2\/types\/page"}],"author":[{"embeddable":true,"href":"https:\/\/everybrainmatters.org\/es\/wp-json\/wp\/v2\/users\/11"}],"replies":[{"embeddable":true,"href":"https:\/\/everybrainmatters.org\/es\/wp-json\/wp\/v2\/comments?post=46921"}],"version-history":[{"count":0,"href":"https:\/\/everybrainmatters.org\/es\/wp-json\/wp\/v2\/pages\/46921\/revisions"}],"wp:attachment":[{"href":"https:\/\/everybrainmatters.org\/es\/wp-json\/wp\/v2\/media?parent=46921"}],"curies":[{"name":"wp","href":"https:\/\/api.w.org\/{rel}","templated":true}]}}