{"id":46925,"date":"2022-09-11T19:33:21","date_gmt":"2022-09-12T00:33:21","guid":{"rendered":"https:\/\/everybrainmatters.org\/enfermedades-cardiacas-y-de-calor-con-marihuana\/"},"modified":"2025-10-21T09:06:59","modified_gmt":"2025-10-21T14:06:59","slug":"enfermedades-cardiacas-y-de-calor-con-marihuana","status":"publish","type":"page","link":"https:\/\/everybrainmatters.org\/es\/enfermedades-cardiacas-y-de-calor-con-marihuana\/","title":{"rendered":"Enfermedades Card\u00edacas y de Calor con Marihuana"},"content":{"rendered":"\n<ul class=\"wp-block-list\" style=\"font-size:17px\">\n<li>2024 24 feb &#8211; <a href=\"https:\/\/www.ahajournals.org\/doi\/10.1161\/JAHA.123.030178\" class=\"ek-link\">Asociaci\u00f3n del consumo de cannabis con los resultados cardiovasculares entre los adultos de EE.UU<\/a>. &#8211; El consumo de cannabis se asocia con resultados cardiovasculares adversos, y un consumo m\u00e1s intenso (m\u00e1s d\u00edas al mes) se asocia con mayores probabilidades de resultados adversos.<\/li>\n\n\n\n<li><a aria-label=\"Cannabis, cocaine, methamphetamine, and opiates increase the risk of incident atrial fibrillation (opens in a new tab)\" href=\"https:\/\/academic.oup.com\/eurheartj\/advance-article\/doi\/10.1093\/eurheartj\/ehac558\/6754793?login=false\" target=\"_blank\" rel=\"noreferrer noopener\" class=\"ek-link\">El cannabis, la coca\u00edna, la metanfetamina y los opi\u00e1ceos aumentan el riesgo de fibrilaci\u00f3n auricular incidente<\/a>, 2022 18 oct.<\/li>\n\n\n\n<li><a href=\"https:\/\/med.stanford.edu\/news\/all-news\/2022\/04\/marijuana-heart-disease.html\" class=\"ek-link\">La marihuana est\u00e1 relacionada con las enfermedades cardiacas; un suplemento podr\u00eda mitigar el riesgo<\/a>, seg\u00fan un estudio 2022, 29 de abril<\/li>\n\n\n\n<li><a href=\"http:\/\/pubs.sciepub.com\/ajmcr\/10\/5\/3\/\" class=\"ek-link\">El consumo recreativo de marihuana provoca una trombosis en un paciente con factores de riesgo cardiovascular m\u00ednimos<\/a> 2022, 24 de abril<\/li>\n\n\n\n<li><a href=\"https:\/\/www.cdc.gov\/marijuana\/health-effects\/heart-health.html#:~:text=Marijuana%20can%20make%20the%20heart,pressure%20higher%20immediately%20after%20use.&amp;text=It%20could%20also%20lead%20to,disease%2C%20and%20other%20vascular%20diseases.\" class=\"ek-link\">Salud cardiaca y marihuana<\/a> 2020, 19 de octubre de 2020<\/li>\n\n\n\n<li><a aria-label=\"Cannabis Use Disorder and Perioperative Outcomes in Major Elective Surgeries: A Retrospective Cohort Analysis (opens in a new tab)\" href=\"https:\/\/pubmed.ncbi.nlm.nih.gov\/31789638\/\" target=\"_blank\" rel=\"noreferrer noopener\" class=\"ek-link\">Trastorno por Consumo de Cannabis y Resultados Perioperatorios en Cirug\u00edas Electivas Mayores: Un An\u00e1lisis de Cohortes Retrospectivo<\/a> 2020, Abril &#8211; <strong>Conclusiones: <\/strong>Un trastorno activo por consumo de cannabis se asocia a un mayor riesgo perioperatorio de infarto de miocardio.<\/li>\n\n\n\n<li><a aria-label=\"Cannabis as a cause of death: A review, (opens in a new tab)\" href=\"https:\/\/www.naac.org.cy\/uploads\/e53d88d15c.pdf\" target=\"_blank\" rel=\"noreferrer noopener\" class=\"ek-link\">El cannabis como causa de muerte: Una revisi\u00f3n,<\/a> 2019, 14 de marzo<\/li>\n\n\n\n<li>Consideraciones quir\u00fargicas sobre el consumo de marihuana en intervenciones electivas <a aria-label=\"Marijuana increases cardiac workload, myocardial infarctions and strokes in young, chronic users. (opens in a new tab)\" href=\"https:\/\/www.mountsinai.on.ca\/care\/dentistry\/centre-for-advanced-dental-research-and-care\/research\/lit-review-surgical-considerations-of-marijuana.pdf\" target=\"_blank\" rel=\"noreferrer noopener\" class=\"ek-link\">La marihuana aumenta la carga de trabajo card\u00edaco, los infartos de miocardio y los accidentes cerebrovasculares en consumidores j\u00f3venes y cr\u00f3nicos.<\/a><\/li>\n<\/ul>\n\n<hr class=\"wp-block-separator has-alpha-channel-opacity\"\/>\n\n<div class=\"wp-block-columns is-layout-flex wp-container-core-columns-is-layout-9d6595d7 wp-block-columns-is-layout-flex\">\n<div class=\"wp-block-column is-layout-flow wp-block-column-is-layout-flow\">\n<p style=\"font-size:16px\"><a href=\"https:\/\/med.stanford.edu\/news\/all-news\/2022\/04\/marijuana-heart-disease.html\" class=\"ek-link\">La marihuana est\u00e1 relacionada con las enfermedades cardiacas; un suplemento podr\u00eda mitigar el riesgo, seg\u00fan un estudio <\/a><br\/><em>Stanford Medicine<\/em>, 2022, 29 de abril<\/p>\n\n\n\n<p style=\"font-size:16px\">Las personas que consumen marihuana tienen un mayor riesgo de sufrir enfermedades cardiacas e infartos, seg\u00fan un amplio estudio dirigido por investigadores de Stanford Medicine. El estudio tambi\u00e9n demostr\u00f3 que el componente psicoactivo de la droga, conocido como THC, provoca inflamaci\u00f3n en las c\u00e9lulas endoteliales que recubren el interior de los vasos sangu\u00edneos, as\u00ed como aterosclerosis en ratones de laboratorio. A medida que m\u00e1s estados legalizan el uso recreativo de la marihuana, los consumidores deben ser conscientes de que podr\u00eda tener efectos secundarios cardiovasculares&#8230;  <\/p>\n<\/div>\n\n\n\n<div class=\"wp-block-column is-layout-flow wp-block-column-is-layout-flow\">\n<p style=\"font-size:16px\"><a href=\"http:\/\/pubs.sciepub.com\/ajmcr\/10\/5\/3\/\">El consumo recreativo de marihuana provoca trombosis en un paciente con factores de riesgo cardiovascular m\u00ednimos<\/a> <br\/><em>American Journal of Medical <\/em>2022, 24 de abril<\/p>\n\n\n\n<p style=\"font-size:16px\">A la luz del panorama r\u00e1pidamente cambiante en relaci\u00f3n con la legalizaci\u00f3n de la marihuana con fines m\u00e9dicos y recreativos, la prevalencia de las enfermedades cardiovasculares est\u00e1 aumentando, especialmente en los adultos j\u00f3venes. Su presentaci\u00f3n cl\u00ednica parece ser menos grave en comparaci\u00f3n con el grupo de edad t\u00edpicamente afectado. Es necesario un alto grado de sospecha entre los cl\u00ednicos para tratarla con prontitud y evitar complicaciones mortales. La mayor\u00eda de la poblaci\u00f3n la consume con fines recreativos, pensando que es una droga segura, sobre todo los adolescentes. La concienciaci\u00f3n p\u00fablica sobre los efectos nocivos de la marihuana es la necesidad del momento y todos los m\u00e9dicos deber\u00edan reconocer siempre esos efectos y aconsejar adecuadamente a sus pacientes&#8230;    <\/p>\n<\/div>\n<\/div>\n\n<hr class=\"wp-block-separator has-alpha-channel-opacity\"\/>\n\n<div class=\"wp-block-columns is-layout-flex wp-container-core-columns-is-layout-9d6595d7 wp-block-columns-is-layout-flex\">\n<div class=\"wp-block-column is-layout-flow wp-block-column-is-layout-flow\">\n<p style=\"font-size:16px\"><a href=\"https:\/\/www.cdc.gov\/marijuana\/health-effects\/heart-health.html#:~:text=Marijuana%20can%20make%20the%20heart,pressure%20higher%20immediately%20after%20use.&amp;text=It%20could%20also%20lead%20to,disease%2C%20and%20other%20vascular%20diseases.\" class=\"ek-link\">Salud cardiaca y marihuana<\/a> <br\/><em>Centros para el Control y la Prevenci\u00f3n de Enfermedades<\/em> <br\/>2020, 19 de octubre de 2020<\/p>\n\n\n\n<p style=\"font-size:16px\">La marihuana puede acelerar los latidos del coraz\u00f3n y elevar la tensi\u00f3n arterial inmediatamente despu\u00e9s de consumirla. Tambi\u00e9n podr\u00eda aumentar el riesgo de infarto, cardiopat\u00eda y otras enfermedades vasculares. La mayor\u00eda de los estudios cient\u00edficos que relacionan la marihuana con los infartos de miocardio y los accidentes cerebrovasculares se basan en informes de personas que fumaron marihuana (en contraposici\u00f3n a otros m\u00e9todos de consumo). La marihuana fumada suministra tetrahidrocannabinol (THC) y otros cannabinoides al organismo. El humo de la marihuana tambi\u00e9n libera muchas de las mismas sustancias que los investigadores han descubierto en el humo del tabaco: estas sustancias son perjudiciales para los pulmones y el sistema cardiovascular&#8230;    <\/p>\n<\/div>\n\n\n\n<div class=\"wp-block-column is-layout-flow wp-block-column-is-layout-flow\"><\/div>\n<\/div>\n","protected":false},"excerpt":{"rendered":"<p>La marihuana est\u00e1 relacionada con las enfermedades cardiacas; un suplemento podr\u00eda mitigar el riesgo, seg\u00fan un estudio Stanford Medicine, 2022,&#8230;<\/p>\n","protected":false},"author":14,"featured_media":0,"parent":0,"menu_order":0,"comment_status":"closed","ping_status":"closed","template":"","meta":{"_acf_changed":false,"_editorskit_title_hidden":false,"_editorskit_reading_time":0,"_editorskit_is_block_options_detached":false,"_editorskit_block_options_position":"{}","footnotes":""},"class_list":["post-46925","page","type-page","status-publish","hentry"],"acf":[],"yoast_head":"<!-- This site is optimized with the Yoast SEO plugin v26.1.1 - https:\/\/yoast.com\/wordpress\/plugins\/seo\/ -->\n<title>Enfermedades Card\u00edacas y de Calor con Marihuana - Every Brain Matters<\/title>\n<meta name=\"robots\" content=\"index, follow, max-snippet:-1, max-image-preview:large, max-video-preview:-1\" \/>\n<link rel=\"canonical\" href=\"https:\/\/everybrainmatters.org\/es\/enfermedades-cardiacas-y-de-calor-con-marihuana\/\" \/>\n<meta property=\"og:locale\" content=\"es_ES\" \/>\n<meta property=\"og:type\" content=\"article\" \/>\n<meta property=\"og:title\" content=\"Enfermedades Card\u00edacas y de Calor con Marihuana - Every Brain Matters\" \/>\n<meta property=\"og:description\" content=\"La marihuana est\u00e1 relacionada con las enfermedades cardiacas; un suplemento podr\u00eda mitigar el riesgo, seg\u00fan un estudio Stanford Medicine, 2022,...\" \/>\n<meta property=\"og:url\" content=\"https:\/\/everybrainmatters.org\/es\/enfermedades-cardiacas-y-de-calor-con-marihuana\/\" \/>\n<meta property=\"og:site_name\" content=\"Every Brain Matters\" \/>\n<meta property=\"article:modified_time\" content=\"2025-10-21T14:06:59+00:00\" \/>\n<meta property=\"og:image\" content=\"https:\/\/everybrainmatters.org\/wp-content\/uploads\/AllBrains_3.jpg\" \/>\n\t<meta property=\"og:image:width\" content=\"1000\" \/>\n\t<meta property=\"og:image:height\" content=\"1087\" \/>\n\t<meta property=\"og:image:type\" content=\"image\/jpeg\" \/>\n<meta name=\"twitter:card\" content=\"summary_large_image\" \/>\n<meta name=\"twitter:label1\" content=\"Est. reading time\" \/>\n\t<meta name=\"twitter:data1\" content=\"3 minutos\" \/>\n<script type=\"application\/ld+json\" class=\"yoast-schema-graph\">{\"@context\":\"https:\/\/schema.org\",\"@graph\":[{\"@type\":\"WebPage\",\"@id\":\"https:\/\/everybrainmatters.org\/es\/enfermedades-cardiacas-y-de-calor-con-marihuana\/\",\"url\":\"https:\/\/everybrainmatters.org\/es\/enfermedades-cardiacas-y-de-calor-con-marihuana\/\",\"name\":\"Enfermedades Card\u00edacas y de Calor con Marihuana - Every Brain Matters\",\"isPartOf\":{\"@id\":\"https:\/\/everybrainmatters.org\/es\/#website\"},\"datePublished\":\"2022-09-12T00:33:21+00:00\",\"dateModified\":\"2025-10-21T14:06:59+00:00\",\"breadcrumb\":{\"@id\":\"https:\/\/everybrainmatters.org\/es\/enfermedades-cardiacas-y-de-calor-con-marihuana\/#breadcrumb\"},\"inLanguage\":\"es-ES\",\"potentialAction\":[{\"@type\":\"ReadAction\",\"target\":[\"https:\/\/everybrainmatters.org\/es\/enfermedades-cardiacas-y-de-calor-con-marihuana\/\"]}]},{\"@type\":\"BreadcrumbList\",\"@id\":\"https:\/\/everybrainmatters.org\/es\/enfermedades-cardiacas-y-de-calor-con-marihuana\/#breadcrumb\",\"itemListElement\":[{\"@type\":\"ListItem\",\"position\":1,\"name\":\"Home\",\"item\":\"https:\/\/everybrainmatters.org\/es\/\"},{\"@type\":\"ListItem\",\"position\":2,\"name\":\"Enfermedades Card\u00edacas y de Calor con Marihuana\"}]},{\"@type\":\"WebSite\",\"@id\":\"https:\/\/everybrainmatters.org\/es\/#website\",\"url\":\"https:\/\/everybrainmatters.org\/es\/\",\"name\":\"Every Brain Matters\",\"description\":\"\",\"publisher\":{\"@id\":\"https:\/\/everybrainmatters.org\/es\/#organization\"},\"potentialAction\":[{\"@type\":\"SearchAction\",\"target\":{\"@type\":\"EntryPoint\",\"urlTemplate\":\"https:\/\/everybrainmatters.org\/es\/?s={search_term_string}\"},\"query-input\":{\"@type\":\"PropertyValueSpecification\",\"valueRequired\":true,\"valueName\":\"search_term_string\"}}],\"inLanguage\":\"es-ES\"},{\"@type\":\"Organization\",\"@id\":\"https:\/\/everybrainmatters.org\/es\/#organization\",\"name\":\"Every Brain Matters\",\"url\":\"https:\/\/everybrainmatters.org\/es\/\",\"logo\":{\"@type\":\"ImageObject\",\"inLanguage\":\"es-ES\",\"@id\":\"https:\/\/everybrainmatters.org\/es\/#\/schema\/logo\/image\/\",\"url\":\"https:\/\/everybrainmatters.org\/wp-content\/uploads\/AllBrains_3.jpg\",\"contentUrl\":\"https:\/\/everybrainmatters.org\/wp-content\/uploads\/AllBrains_3.jpg\",\"width\":1000,\"height\":1087,\"caption\":\"Every Brain Matters\"},\"image\":{\"@id\":\"https:\/\/everybrainmatters.org\/es\/#\/schema\/logo\/image\/\"}}]}<\/script>\n<!-- \/ Yoast SEO plugin. -->","yoast_head_json":{"title":"Enfermedades Card\u00edacas y de Calor con Marihuana - Every Brain Matters","robots":{"index":"index","follow":"follow","max-snippet":"max-snippet:-1","max-image-preview":"max-image-preview:large","max-video-preview":"max-video-preview:-1"},"canonical":"https:\/\/everybrainmatters.org\/es\/enfermedades-cardiacas-y-de-calor-con-marihuana\/","og_locale":"es_ES","og_type":"article","og_title":"Enfermedades Card\u00edacas y de Calor con Marihuana - Every Brain Matters","og_description":"La marihuana est\u00e1 relacionada con las enfermedades cardiacas; un suplemento podr\u00eda mitigar el riesgo, seg\u00fan un estudio Stanford Medicine, 2022,...","og_url":"https:\/\/everybrainmatters.org\/es\/enfermedades-cardiacas-y-de-calor-con-marihuana\/","og_site_name":"Every Brain Matters","article_modified_time":"2025-10-21T14:06:59+00:00","og_image":[{"width":1000,"height":1087,"url":"https:\/\/everybrainmatters.org\/wp-content\/uploads\/AllBrains_3.jpg","type":"image\/jpeg"}],"twitter_card":"summary_large_image","twitter_misc":{"Est. reading time":"3 minutos"},"schema":{"@context":"https:\/\/schema.org","@graph":[{"@type":"WebPage","@id":"https:\/\/everybrainmatters.org\/es\/enfermedades-cardiacas-y-de-calor-con-marihuana\/","url":"https:\/\/everybrainmatters.org\/es\/enfermedades-cardiacas-y-de-calor-con-marihuana\/","name":"Enfermedades Card\u00edacas y de Calor con Marihuana - Every Brain Matters","isPartOf":{"@id":"https:\/\/everybrainmatters.org\/es\/#website"},"datePublished":"2022-09-12T00:33:21+00:00","dateModified":"2025-10-21T14:06:59+00:00","breadcrumb":{"@id":"https:\/\/everybrainmatters.org\/es\/enfermedades-cardiacas-y-de-calor-con-marihuana\/#breadcrumb"},"inLanguage":"es-ES","potentialAction":[{"@type":"ReadAction","target":["https:\/\/everybrainmatters.org\/es\/enfermedades-cardiacas-y-de-calor-con-marihuana\/"]}]},{"@type":"BreadcrumbList","@id":"https:\/\/everybrainmatters.org\/es\/enfermedades-cardiacas-y-de-calor-con-marihuana\/#breadcrumb","itemListElement":[{"@type":"ListItem","position":1,"name":"Home","item":"https:\/\/everybrainmatters.org\/es\/"},{"@type":"ListItem","position":2,"name":"Enfermedades Card\u00edacas y de Calor con Marihuana"}]},{"@type":"WebSite","@id":"https:\/\/everybrainmatters.org\/es\/#website","url":"https:\/\/everybrainmatters.org\/es\/","name":"Every Brain Matters","description":"","publisher":{"@id":"https:\/\/everybrainmatters.org\/es\/#organization"},"potentialAction":[{"@type":"SearchAction","target":{"@type":"EntryPoint","urlTemplate":"https:\/\/everybrainmatters.org\/es\/?s={search_term_string}"},"query-input":{"@type":"PropertyValueSpecification","valueRequired":true,"valueName":"search_term_string"}}],"inLanguage":"es-ES"},{"@type":"Organization","@id":"https:\/\/everybrainmatters.org\/es\/#organization","name":"Every Brain Matters","url":"https:\/\/everybrainmatters.org\/es\/","logo":{"@type":"ImageObject","inLanguage":"es-ES","@id":"https:\/\/everybrainmatters.org\/es\/#\/schema\/logo\/image\/","url":"https:\/\/everybrainmatters.org\/wp-content\/uploads\/AllBrains_3.jpg","contentUrl":"https:\/\/everybrainmatters.org\/wp-content\/uploads\/AllBrains_3.jpg","width":1000,"height":1087,"caption":"Every Brain Matters"},"image":{"@id":"https:\/\/everybrainmatters.org\/es\/#\/schema\/logo\/image\/"}}]}},"_links":{"self":[{"href":"https:\/\/everybrainmatters.org\/es\/wp-json\/wp\/v2\/pages\/46925","targetHints":{"allow":["GET"]}}],"collection":[{"href":"https:\/\/everybrainmatters.org\/es\/wp-json\/wp\/v2\/pages"}],"about":[{"href":"https:\/\/everybrainmatters.org\/es\/wp-json\/wp\/v2\/types\/page"}],"author":[{"embeddable":true,"href":"https:\/\/everybrainmatters.org\/es\/wp-json\/wp\/v2\/users\/14"}],"replies":[{"embeddable":true,"href":"https:\/\/everybrainmatters.org\/es\/wp-json\/wp\/v2\/comments?post=46925"}],"version-history":[{"count":0,"href":"https:\/\/everybrainmatters.org\/es\/wp-json\/wp\/v2\/pages\/46925\/revisions"}],"wp:attachment":[{"href":"https:\/\/everybrainmatters.org\/es\/wp-json\/wp\/v2\/media?parent=46925"}],"curies":[{"name":"wp","href":"https:\/\/api.w.org\/{rel}","templated":true}]}}