{"id":46933,"date":"2022-09-09T17:40:39","date_gmt":"2022-09-09T22:40:39","guid":{"rendered":"https:\/\/everybrainmatters.org\/marihuana-y-consumo-adolescente\/"},"modified":"2025-10-21T09:07:00","modified_gmt":"2025-10-21T14:07:00","slug":"marihuana-y-consumo-adolescente","status":"publish","type":"page","link":"https:\/\/everybrainmatters.org\/es\/marihuana-y-consumo-adolescente\/","title":{"rendered":"Marihuana y consumo adolescente"},"content":{"rendered":"\n<ul class=\"wp-block-list\">\n<li><a href=\"https:\/\/www.sciencedirect.com\/science\/article\/abs\/pii\/S0167629622001126\" class=\"ek-link\">Los ni\u00f1os no est\u00e1n bien: Los efectos del tama\u00f1o del mercado de la marihuana medicinal en los adolescentes<\/a> 2023, enero<\/li>\n\n\n\n<li><a href=\"https:\/\/news.ohsu.edu\/2022\/12\/07\/teen-cannabis-abuse-has-increased-245-over-20-years-study-finds\" class=\"ek-link\">El consumo de cannabis por adolescentes ha aumentado un 245% en 20 a\u00f1os, seg\u00fan un estudio<\/a> 2022, 7 de diciembre<\/li>\n\n\n\n<li><a href=\"https:\/\/www.news-medical.net\/news\/20220822\/What-is-the-impact-of-cannabis-use-in-adolescence.aspx\" class=\"ek-link\">\u00bfCu\u00e1l es el impacto del consumo de cannabis en la adolescencia?<\/a>  2022, 22 de agosto<\/li>\n\n\n\n<li><a href=\"https:\/\/americanaddictioncenters.org\/marijuana-rehab\/effects-of-marijuana-on-teenage-brain\" class=\"ek-link\">Los efectos de la marihuana en el cerebro adolescente<\/a>, 2022, 23 de mayo<\/li>\n\n\n\n<li><a href=\"https:\/\/www.frontiersin.org\/articles\/10.3389\/fpsyt.2020.00859\/full\" target=\"_blank\" aria-label=\"Is the Adolescent Brain at Greater Vulnerability to the Effects of Cannabis? A Narrative Review of the Evidence (opens in a new tab)\" rel=\"noreferrer noopener\" class=\"ek-link\">\u00bfEs el cerebro adolescente m\u00e1s vulnerable a los efectos del cannabis? Una revisi\u00f3n narrativa de las pruebas <\/a>2020, 26 de agosto<\/li>\n\n\n\n<li><a href=\"https:\/\/nida.nih.gov\/sites\/default\/files\/drugfacts-mtf.pdf\" class=\"ek-link\">Tendencias de consumo de drogas en j\u00f3venes y estudiantes de secundaria,<\/a> 2019, diciembre<\/li>\n\n\n\n<li><a href=\"https:\/\/www.youtube.com\/watch?v=Y8sO4tqfUEs\" class=\"ek-link\">El funcionamiento del cerebro adolescente<\/a>, 2016, 16 de septiembre<\/li>\n<\/ul>\n\n<hr class=\"wp-block-separator has-alpha-channel-opacity\"\/>\n\n<div class=\"wp-block-columns is-layout-flex wp-container-core-columns-is-layout-9d6595d7 wp-block-columns-is-layout-flex\">\n<div class=\"wp-block-column is-layout-flow wp-block-column-is-layout-flow\">\n<p style=\"font-size:16px\"><\/p>\n<\/div>\n\n\n\n<div class=\"wp-block-column is-layout-flow wp-block-column-is-layout-flow\">\n<p style=\"font-size:16px\"><a href=\"https:\/\/www.sciencedirect.com\/science\/article\/abs\/pii\/S0167629622001126\" class=\"ek-link\">Los ni\u00f1os no est\u00e1n bien: Los efectos del tama\u00f1o del mercado de la marihuana medicinal en los adolescentes<\/a> <br\/><em>Science Direct<\/em> 2023, enero<\/p>\n\n\n\n<p style=\"font-size:16px\">Utilizando datos reci\u00e9n recogidos y una novedosa estrategia de identificaci\u00f3n, estudiamos c\u00f3mo cambian el consumo de marihuana entre los adolescentes y las externalidades de salud p\u00fablica asociadas en respuesta al tama\u00f1o del mercado de marihuana medicinal. Contrariamente a investigaciones anteriores que se centraban en la aprobaci\u00f3n de las MML y no encontraban ning\u00fan efecto, descubrimos que el consumo de marihuana por parte de los j\u00f3venes responde al tama\u00f1o del mercado de la marihuana medicinal. Nuestras estimaciones sugieren que si un estado en el que la marihuana es ilegal alcanzara la tasa media de registro de marihuana medicinal per c\u00e1pita, el consumo&#8230;  <\/p>\n<\/div>\n<\/div>\n\n<hr class=\"wp-block-separator has-alpha-channel-opacity\"\/>\n\n<div class=\"wp-block-columns is-layout-flex wp-container-core-columns-is-layout-9d6595d7 wp-block-columns-is-layout-flex\">\n<div class=\"wp-block-column is-layout-flow wp-block-column-is-layout-flow\">\n<p style=\"font-size:16px\"><a href=\"https:\/\/news.ohsu.edu\/2022\/12\/07\/teen-cannabis-abuse-has-increased-245-over-20-years-study-finds\" class=\"ek-link\">El consumo de cannabis entre los adolescentes ha aumentado un 245% en 20 a\u00f1os, seg\u00fan un estudio<\/a><br\/> OHSU 2022, 7 de diciembre<\/p>\n\n\n\n<p style=\"font-size:16px\">Una investigaci\u00f3n dirigida por la Universidad de Salud y Ciencia de Oreg\u00f3n revela que el consumo de cannabis por parte de los adolescentes en Estados Unidos ha aumentado dr\u00e1sticamente -alrededor de un 245%- desde el a\u00f1o 2000, mientras que el consumo de alcohol entre los adolescentes ha disminuido constantemente.<\/p>\n\n\n\n<p style=\"font-size:16px\">Los resultados, publicados hoy en <a href=\"https:\/\/www.tandfonline.com\/doi\/full\/10.1080\/15563650.2022.2120818\" target=\"_blank\" rel=\"noreferrer noopener\"><em>Toxicolog\u00eda Cl\u00ednica<\/em><\/a>se descubrieron m\u00e1s de 338.000 casos de abuso o mal uso intencionado entre ni\u00f1os estadounidenses de 6 a 18 a\u00f1os&#8230;<\/p>\n<\/div>\n\n\n\n<div class=\"wp-block-column is-layout-flow wp-block-column-is-layout-flow\">\n<p style=\"font-size:16px\"><a href=\"https:\/\/www.news-medical.net\/news\/20220822\/What-is-the-impact-of-cannabis-use-in-adolescence.aspx\" class=\"ek-link\">\u00bfCu\u00e1l es el impacto del consumo de cannabis en la adolescencia?<\/a> <br\/><em>Bhowmik, Microbiolog\u00eda<\/em>, 2022, 22 de agosto<\/p>\n\n\n\n<p style=\"font-size:16px\">El consumo de cannabis puede afectar negativamente a los adolescentes y provocar la aparici\u00f3n precoz de los s\u00edntomas del trastorno por consumo de cannabis.  <\/p>\n\n\n\n<p style=\"font-size:16px\">e ha informado de que el consumo cr\u00f3nico de cannabis provoca ansiedad, depresi\u00f3n y s\u00edntomas psic\u00f3ticos. Un estudio multinacional indic\u00f3 que consumir cannabis de alta potencia antes de los 15 a\u00f1os conlleva el doble de riesgo de psicosis. Adem\u00e1s, los consumidores diarios de cannabis tienen m\u00e1s probabilidades de desarrollar trastornos psic\u00f3ticos, y los consumidores diarios de cannabis de alta potencia tienen el riesgo m\u00e1s elevado.  <\/p>\n\n\n\n<p style=\"font-size:16px\">Adem\u00e1s, se han observado efectos nocivos del cannabis en el desarrollo cerebral en curso, as\u00ed como en la fertilidad de los adolescentes. Tambi\u00e9n se ha descubierto que el cannabis deteriora la cognici\u00f3n a corto plazo, la conducci\u00f3n, as\u00ed como que provoca problemas de sue\u00f1o, paranoia aguda, delirios y alucinaciones&#8230; <\/p>\n<\/div>\n<\/div>\n\n<div class=\"wp-block-columns is-layout-flex wp-container-core-columns-is-layout-9d6595d7 wp-block-columns-is-layout-flex\">\n<div class=\"wp-block-column is-layout-flow wp-block-column-is-layout-flow\">\n<p style=\"font-size:16px\"><a href=\"https:\/\/americanaddictioncenters.org\/marijuana-rehab\/effects-of-marijuana-on-teenage-brain\" class=\"ek-link\">Los efectos de la marihuana en el cerebro adolescente<\/a>, <em>Revisado por:<a href=\"https:\/\/americanaddictioncenters.org\/contributors\/michael-kaliszewski-phd\" class=\"ek-link\">Michael Kaliszewski, PhD, <\/a><\/em>2022, 23 de mayo<\/p>\n\n\n\n<p style=\"font-size:16px\">El consumo de marihuana puede tener efectos mucho m\u00e1s a largo plazo para los adolescentes. Durante la adolescencia, el cerebro es especialmente sensible a la exposici\u00f3n a las drogas, y el consumo de marihuana influye en c\u00f3mo se forman las conexiones dentro del cerebro<sup>.3<\/sup> Otros efectos sobre el cerebro en desarrollo son la interferencia con los neurotransmisores y el volumen anormal de la forma y estructura del cerebro<sup>.6<\/sup> <\/p>\n\n\n\n<p style=\"font-size:16px\">Los estudios han demostrado que el consumo de marihuana est\u00e1 asociado a una reducci\u00f3n de la funci\u00f3n cognitiva en los adolescentes<sup>.7<\/sup> Un estudio reciente descubri\u00f3 que la marihuana tiene un impacto m\u00e1s negativo en el desarrollo cognitivo de un adolescente que el alcohol<sup>.9<\/sup> Otros riesgos a largo plazo asociados al consumo de marihuana incluyen problemas respiratorios, mayor probabilidad de c\u00e1ncer de pulm\u00f3n e infarto de miocardio, problemas con el desarrollo infantil durante y despu\u00e9s del embarazo, y el desarrollo del S\u00edndrome de Hiper\u00e9mesis Cannabinoide (caracterizado por ciclos de n\u00e1useas, v\u00f3mitos y deshidrataci\u00f3n graves que pueden requerir atenci\u00f3n m\u00e9dica de urgencia)&#8230;.<\/p>\n<\/div>\n\n\n\n<div class=\"wp-block-column is-layout-flow wp-block-column-is-layout-flow\">\n<p style=\"font-size:16px\"><a href=\"https:\/\/www.frontiersin.org\/articles\/10.3389\/fpsyt.2020.00859\/full\" class=\"ek-link\">\u00bfEs el Cerebro Adolescente M\u00e1s Vulnerable a los Efectos del Cannabis? Una revisi\u00f3n narrativa de las pruebas<\/a><br\/>Frontiers in Psychiatry, 2020, 26 de agosto<\/p>\n\n\n\n<p style=\"font-size:16px\">Aunque existe un inter\u00e9s creciente en el potencial terap\u00e9utico del cannabis<a href=\"https:\/\/www.frontiersin.org\/articles\/10.3389\/fpsyt.2020.00859\/full#B186\">(<\/a><a href=\"https:\/\/www.frontiersin.org\/articles\/10.3389\/fpsyt.2020.00859\/full#B188\">186-188<\/a>) y pruebas de beneficios s\u00f3lo para ciertos cannabinoides, como el cannabidiol para ciertas epilepsias infantiles<a href=\"https:\/\/www.frontiersin.org\/articles\/10.3389\/fpsyt.2020.00859\/full#B189\">(189<\/a>, <a href=\"https:\/\/www.frontiersin.org\/articles\/10.3389\/fpsyt.2020.00859\/full#B190\">190<\/a>), o un potencial beneficio para trastornos del neurodesarrollo como la esquizofrenia<a href=\"https:\/\/www.frontiersin.org\/articles\/10.3389\/fpsyt.2020.00859\/full#B191\">(<\/a><a href=\"https:\/\/www.frontiersin.org\/articles\/10.3389\/fpsyt.2020.00859\/full#B195\">191-195<\/a>), que suelen aparecer al final de la adolescencia y al principio de la edad adulta, las pruebas resumidas anteriormente indican la necesidad de actuar con cautela. Esto es especialmente preocupante, ya que los cannabinoides espec\u00edficos (como el cannabidiol) con potencial terap\u00e9utico a menudo se confunden con el cannabis\/cannabis medicinal en el discurso p\u00fablico, lo que puede trivializar los posibles da\u00f1os del consumo de cannabis en consumidores adolescentes y reforzar la idea de que el consumo de cannabis es una actividad recreativa inofensiva para los j\u00f3venes. En conjunto, a pesar de las limitaciones obvias se\u00f1aladas anteriormente, las pruebas actuales indican que la adolescencia es un periodo delicado durante el cual el consumo de cannabis puede provocar efectos neurocognitivos adversos que parecen mostrar un nivel de permanencia en la edad adulta&#8230;.  <\/p>\n<\/div>\n<\/div>\n\n<hr class=\"wp-block-separator has-alpha-channel-opacity\"\/>\n\n<div class=\"wp-block-columns is-layout-flex wp-container-core-columns-is-layout-9d6595d7 wp-block-columns-is-layout-flex\">\n<div class=\"wp-block-column is-layout-flow wp-block-column-is-layout-flow\">\n<p><a href=\"https:\/\/nida.nih.gov\/sites\/default\/files\/drugfacts-mtf.pdf\" class=\"ek-link\">Tendencias de consumo de drogas en la escuela secundaria y entre los j\u00f3venes,<\/a><br\/><em>NIDA<\/em> Diciembre 2019 <\/p>\n\n\n\n<p style=\"font-size:16px\">M\u00e1s de 42.500 estudiantes de casi 400 escuelas p\u00fablicas y privadas de todo el pa\u00eds<br\/>participaron este a\u00f1o en la Encuesta de Monitorizaci\u00f3n del Futuro (MTF) sobre el consumo de drogas y las actitudes de los estudiantes estadounidenses de 8\u00ba, 10\u00ba y 12\u00ba curso<br\/>&#8230;<\/p>\n\n\n\n<figure class=\"wp-block-image size-full\"><a href=\"More than 42,500 students from nearly 400 public and private schools across the country participated in this year&#x2019;s Monitoring the Future (MTF) Survey of drug use and attitudes among American 8th, 10th, and 12th graders.\"><img loading=\"lazy\" decoding=\"async\" width=\"637\" height=\"473\" src=\"https:\/\/everybrainmatters.org\/wp-content\/uploads\/MTF-daily-use-marijuana-and-alcohol-1-1024x535-1-e1662763168400.jpg\" alt=\"\" class=\"wp-image-26631\" srcset=\"https:\/\/everybrainmatters.org\/wp-content\/uploads\/MTF-daily-use-marijuana-and-alcohol-1-1024x535-1-e1662763168400.jpg 637w, https:\/\/everybrainmatters.org\/wp-content\/uploads\/MTF-daily-use-marijuana-and-alcohol-1-1024x535-1-e1662763168400-300x223.jpg 300w, https:\/\/everybrainmatters.org\/wp-content\/uploads\/MTF-daily-use-marijuana-and-alcohol-1-1024x535-1-e1662763168400-600x446.jpg 600w\" sizes=\"auto, (max-width: 637px) 100vw, 637px\" \/><\/a><\/figure>\n<\/div>\n\n\n\n<div class=\"wp-block-column is-layout-flow wp-block-column-is-layout-flow\">\n<p><a href=\"https:\/\/www.youtube.com\/watch?v=Y8sO4tqfUEs\" class=\"ek-link\">El funcionamiento del cerebro adolescente<\/a>, <br\/><em>Frances Jensen, MD<\/em> 2016, 16 de septiembre<\/p>\n\n\n\n<figure class=\"wp-block-embed is-type-video is-provider-youtube wp-block-embed-youtube wp-embed-aspect-16-9 wp-has-aspect-ratio\"><div class=\"wp-block-embed__wrapper\">\n<iframe loading=\"lazy\" title=\"The Workings of the Adolescent Brain\" width=\"500\" height=\"281\" src=\"https:\/\/www.youtube.com\/embed\/Y8sO4tqfUEs?feature=oembed\" frameborder=\"0\" allow=\"accelerometer; autoplay; clipboard-write; encrypted-media; gyroscope; picture-in-picture; web-share\" referrerpolicy=\"strict-origin-when-cross-origin\" allowfullscreen><\/iframe>\n<\/div><\/figure>\n<\/div>\n<\/div>\n","protected":false},"excerpt":{"rendered":"<p>Los ni\u00f1os no est\u00e1n bien: Los efectos del tama\u00f1o del mercado de la marihuana medicinal en los adolescentes Science Direct&#8230;<\/p>\n","protected":false},"author":14,"featured_media":0,"parent":0,"menu_order":0,"comment_status":"closed","ping_status":"closed","template":"","meta":{"_acf_changed":false,"_editorskit_title_hidden":false,"_editorskit_reading_time":0,"_editorskit_is_block_options_detached":false,"_editorskit_block_options_position":"{}","footnotes":""},"class_list":["post-46933","page","type-page","status-publish","hentry"],"acf":[],"yoast_head":"<!-- This site is optimized with the Yoast SEO plugin v26.1.1 - https:\/\/yoast.com\/wordpress\/plugins\/seo\/ -->\n<title>Marihuana y consumo adolescente - Every Brain Matters<\/title>\n<meta name=\"robots\" content=\"index, follow, max-snippet:-1, max-image-preview:large, max-video-preview:-1\" \/>\n<link rel=\"canonical\" href=\"https:\/\/everybrainmatters.org\/es\/marihuana-y-consumo-adolescente\/\" \/>\n<meta property=\"og:locale\" content=\"es_ES\" \/>\n<meta property=\"og:type\" content=\"article\" \/>\n<meta property=\"og:title\" content=\"Marihuana y consumo adolescente - Every Brain Matters\" \/>\n<meta property=\"og:description\" content=\"Los ni\u00f1os no est\u00e1n bien: Los efectos del tama\u00f1o del mercado de la marihuana medicinal en los adolescentes Science Direct...\" \/>\n<meta property=\"og:url\" content=\"https:\/\/everybrainmatters.org\/es\/marihuana-y-consumo-adolescente\/\" \/>\n<meta property=\"og:site_name\" content=\"Every Brain Matters\" \/>\n<meta property=\"article:modified_time\" content=\"2025-10-21T14:07:00+00:00\" \/>\n<meta property=\"og:image\" content=\"https:\/\/everybrainmatters.org\/wp-content\/uploads\/MTF-daily-use-marijuana-and-alcohol-1-1024x535-1-e1662763168400.jpg\" \/>\n\t<meta property=\"og:image:width\" content=\"637\" \/>\n\t<meta property=\"og:image:height\" content=\"473\" \/>\n\t<meta property=\"og:image:type\" content=\"image\/jpeg\" \/>\n<meta name=\"twitter:card\" content=\"summary_large_image\" \/>\n<meta name=\"twitter:label1\" content=\"Est. reading time\" \/>\n\t<meta name=\"twitter:data1\" content=\"5 minutos\" \/>\n<script type=\"application\/ld+json\" class=\"yoast-schema-graph\">{\"@context\":\"https:\/\/schema.org\",\"@graph\":[{\"@type\":\"WebPage\",\"@id\":\"https:\/\/everybrainmatters.org\/es\/marihuana-y-consumo-adolescente\/\",\"url\":\"https:\/\/everybrainmatters.org\/es\/marihuana-y-consumo-adolescente\/\",\"name\":\"Marihuana y consumo adolescente - Every Brain Matters\",\"isPartOf\":{\"@id\":\"https:\/\/everybrainmatters.org\/es\/#website\"},\"primaryImageOfPage\":{\"@id\":\"https:\/\/everybrainmatters.org\/es\/marihuana-y-consumo-adolescente\/#primaryimage\"},\"image\":{\"@id\":\"https:\/\/everybrainmatters.org\/es\/marihuana-y-consumo-adolescente\/#primaryimage\"},\"thumbnailUrl\":\"https:\/\/everybrainmatters.org\/wp-content\/uploads\/MTF-daily-use-marijuana-and-alcohol-1-1024x535-1-e1662763168400.jpg\",\"datePublished\":\"2022-09-09T22:40:39+00:00\",\"dateModified\":\"2025-10-21T14:07:00+00:00\",\"breadcrumb\":{\"@id\":\"https:\/\/everybrainmatters.org\/es\/marihuana-y-consumo-adolescente\/#breadcrumb\"},\"inLanguage\":\"es-ES\",\"potentialAction\":[{\"@type\":\"ReadAction\",\"target\":[\"https:\/\/everybrainmatters.org\/es\/marihuana-y-consumo-adolescente\/\"]}]},{\"@type\":\"ImageObject\",\"inLanguage\":\"es-ES\",\"@id\":\"https:\/\/everybrainmatters.org\/es\/marihuana-y-consumo-adolescente\/#primaryimage\",\"url\":\"https:\/\/everybrainmatters.org\/wp-content\/uploads\/MTF-daily-use-marijuana-and-alcohol-1-1024x535-1-e1662763168400.jpg\",\"contentUrl\":\"https:\/\/everybrainmatters.org\/wp-content\/uploads\/MTF-daily-use-marijuana-and-alcohol-1-1024x535-1-e1662763168400.jpg\"},{\"@type\":\"BreadcrumbList\",\"@id\":\"https:\/\/everybrainmatters.org\/es\/marihuana-y-consumo-adolescente\/#breadcrumb\",\"itemListElement\":[{\"@type\":\"ListItem\",\"position\":1,\"name\":\"Home\",\"item\":\"https:\/\/everybrainmatters.org\/es\/\"},{\"@type\":\"ListItem\",\"position\":2,\"name\":\"Marihuana y consumo adolescente\"}]},{\"@type\":\"WebSite\",\"@id\":\"https:\/\/everybrainmatters.org\/es\/#website\",\"url\":\"https:\/\/everybrainmatters.org\/es\/\",\"name\":\"Every Brain Matters\",\"description\":\"\",\"publisher\":{\"@id\":\"https:\/\/everybrainmatters.org\/es\/#organization\"},\"potentialAction\":[{\"@type\":\"SearchAction\",\"target\":{\"@type\":\"EntryPoint\",\"urlTemplate\":\"https:\/\/everybrainmatters.org\/es\/?s={search_term_string}\"},\"query-input\":{\"@type\":\"PropertyValueSpecification\",\"valueRequired\":true,\"valueName\":\"search_term_string\"}}],\"inLanguage\":\"es-ES\"},{\"@type\":\"Organization\",\"@id\":\"https:\/\/everybrainmatters.org\/es\/#organization\",\"name\":\"Every Brain Matters\",\"url\":\"https:\/\/everybrainmatters.org\/es\/\",\"logo\":{\"@type\":\"ImageObject\",\"inLanguage\":\"es-ES\",\"@id\":\"https:\/\/everybrainmatters.org\/es\/#\/schema\/logo\/image\/\",\"url\":\"https:\/\/everybrainmatters.org\/wp-content\/uploads\/AllBrains_3.jpg\",\"contentUrl\":\"https:\/\/everybrainmatters.org\/wp-content\/uploads\/AllBrains_3.jpg\",\"width\":1000,\"height\":1087,\"caption\":\"Every Brain Matters\"},\"image\":{\"@id\":\"https:\/\/everybrainmatters.org\/es\/#\/schema\/logo\/image\/\"}}]}<\/script>\n<!-- \/ Yoast SEO plugin. -->","yoast_head_json":{"title":"Marihuana y consumo adolescente - Every Brain Matters","robots":{"index":"index","follow":"follow","max-snippet":"max-snippet:-1","max-image-preview":"max-image-preview:large","max-video-preview":"max-video-preview:-1"},"canonical":"https:\/\/everybrainmatters.org\/es\/marihuana-y-consumo-adolescente\/","og_locale":"es_ES","og_type":"article","og_title":"Marihuana y consumo adolescente - Every Brain Matters","og_description":"Los ni\u00f1os no est\u00e1n bien: Los efectos del tama\u00f1o del mercado de la marihuana medicinal en los adolescentes Science Direct...","og_url":"https:\/\/everybrainmatters.org\/es\/marihuana-y-consumo-adolescente\/","og_site_name":"Every Brain Matters","article_modified_time":"2025-10-21T14:07:00+00:00","og_image":[{"width":637,"height":473,"url":"https:\/\/everybrainmatters.org\/wp-content\/uploads\/MTF-daily-use-marijuana-and-alcohol-1-1024x535-1-e1662763168400.jpg","type":"image\/jpeg"}],"twitter_card":"summary_large_image","twitter_misc":{"Est. reading time":"5 minutos"},"schema":{"@context":"https:\/\/schema.org","@graph":[{"@type":"WebPage","@id":"https:\/\/everybrainmatters.org\/es\/marihuana-y-consumo-adolescente\/","url":"https:\/\/everybrainmatters.org\/es\/marihuana-y-consumo-adolescente\/","name":"Marihuana y consumo adolescente - Every Brain Matters","isPartOf":{"@id":"https:\/\/everybrainmatters.org\/es\/#website"},"primaryImageOfPage":{"@id":"https:\/\/everybrainmatters.org\/es\/marihuana-y-consumo-adolescente\/#primaryimage"},"image":{"@id":"https:\/\/everybrainmatters.org\/es\/marihuana-y-consumo-adolescente\/#primaryimage"},"thumbnailUrl":"https:\/\/everybrainmatters.org\/wp-content\/uploads\/MTF-daily-use-marijuana-and-alcohol-1-1024x535-1-e1662763168400.jpg","datePublished":"2022-09-09T22:40:39+00:00","dateModified":"2025-10-21T14:07:00+00:00","breadcrumb":{"@id":"https:\/\/everybrainmatters.org\/es\/marihuana-y-consumo-adolescente\/#breadcrumb"},"inLanguage":"es-ES","potentialAction":[{"@type":"ReadAction","target":["https:\/\/everybrainmatters.org\/es\/marihuana-y-consumo-adolescente\/"]}]},{"@type":"ImageObject","inLanguage":"es-ES","@id":"https:\/\/everybrainmatters.org\/es\/marihuana-y-consumo-adolescente\/#primaryimage","url":"https:\/\/everybrainmatters.org\/wp-content\/uploads\/MTF-daily-use-marijuana-and-alcohol-1-1024x535-1-e1662763168400.jpg","contentUrl":"https:\/\/everybrainmatters.org\/wp-content\/uploads\/MTF-daily-use-marijuana-and-alcohol-1-1024x535-1-e1662763168400.jpg"},{"@type":"BreadcrumbList","@id":"https:\/\/everybrainmatters.org\/es\/marihuana-y-consumo-adolescente\/#breadcrumb","itemListElement":[{"@type":"ListItem","position":1,"name":"Home","item":"https:\/\/everybrainmatters.org\/es\/"},{"@type":"ListItem","position":2,"name":"Marihuana y consumo adolescente"}]},{"@type":"WebSite","@id":"https:\/\/everybrainmatters.org\/es\/#website","url":"https:\/\/everybrainmatters.org\/es\/","name":"Every Brain Matters","description":"","publisher":{"@id":"https:\/\/everybrainmatters.org\/es\/#organization"},"potentialAction":[{"@type":"SearchAction","target":{"@type":"EntryPoint","urlTemplate":"https:\/\/everybrainmatters.org\/es\/?s={search_term_string}"},"query-input":{"@type":"PropertyValueSpecification","valueRequired":true,"valueName":"search_term_string"}}],"inLanguage":"es-ES"},{"@type":"Organization","@id":"https:\/\/everybrainmatters.org\/es\/#organization","name":"Every Brain Matters","url":"https:\/\/everybrainmatters.org\/es\/","logo":{"@type":"ImageObject","inLanguage":"es-ES","@id":"https:\/\/everybrainmatters.org\/es\/#\/schema\/logo\/image\/","url":"https:\/\/everybrainmatters.org\/wp-content\/uploads\/AllBrains_3.jpg","contentUrl":"https:\/\/everybrainmatters.org\/wp-content\/uploads\/AllBrains_3.jpg","width":1000,"height":1087,"caption":"Every Brain Matters"},"image":{"@id":"https:\/\/everybrainmatters.org\/es\/#\/schema\/logo\/image\/"}}]}},"_links":{"self":[{"href":"https:\/\/everybrainmatters.org\/es\/wp-json\/wp\/v2\/pages\/46933","targetHints":{"allow":["GET"]}}],"collection":[{"href":"https:\/\/everybrainmatters.org\/es\/wp-json\/wp\/v2\/pages"}],"about":[{"href":"https:\/\/everybrainmatters.org\/es\/wp-json\/wp\/v2\/types\/page"}],"author":[{"embeddable":true,"href":"https:\/\/everybrainmatters.org\/es\/wp-json\/wp\/v2\/users\/14"}],"replies":[{"embeddable":true,"href":"https:\/\/everybrainmatters.org\/es\/wp-json\/wp\/v2\/comments?post=46933"}],"version-history":[{"count":0,"href":"https:\/\/everybrainmatters.org\/es\/wp-json\/wp\/v2\/pages\/46933\/revisions"}],"wp:attachment":[{"href":"https:\/\/everybrainmatters.org\/es\/wp-json\/wp\/v2\/media?parent=46933"}],"curies":[{"name":"wp","href":"https:\/\/api.w.org\/{rel}","templated":true}]}}