{"id":46950,"date":"2022-05-20T15:20:09","date_gmt":"2022-05-20T20:20:09","guid":{"rendered":"https:\/\/everybrainmatters.org\/actualizaciones-y-politica-de-salud-publica\/"},"modified":"2025-10-21T09:07:45","modified_gmt":"2025-10-21T14:07:45","slug":"actualizaciones-y-politica-de-salud-publica","status":"publish","type":"page","link":"https:\/\/everybrainmatters.org\/es\/actualizaciones-y-politica-de-salud-publica\/","title":{"rendered":"Actualizaciones y pol\u00edtica de salud p\u00fablica"},"content":{"rendered":"\n<p>El n\u00famero de dispensarios de marihuana influye en las hospitalizaciones<\/p>\n\n<ol class=\"wp-block-list\"><li>Por cada dispensario de marihuana por milla cuadrada a\u00f1adida hubo un aumento del 6,8% en el n\u00famero de hospitalizaciones con un c\u00f3digo de abuso\/dependencia de marihuana. Los responsables pol\u00edticos deber\u00edan regular la densidad de dispensarios. <\/li><li>Hubo un aumento grande y constante de las tasas de hospitalizaciones por abuso\/dependencia de marihuana de 2001 a 2012 en California (con dispensarios de marihuana medicinal en ese momento), incluso despu\u00e9s de controlar las covariables demogr\u00e1ficas y otras covariables ambientales.  <\/li><\/ol>\n\n<p><a href=\"https:\/\/pubmed.ncbi.nlm.nih.gov\/26154479\/\">https:\/\/pubmed.ncbi.nlm.nih.gov\/26154479\/<\/a><\/p>\n","protected":false},"excerpt":{"rendered":"<p>El n\u00famero de dispensarios de marihuana influye en las hospitalizaciones Por cada dispensario de marihuana por milla cuadrada a\u00f1adida hubo&#8230;<\/p>\n","protected":false},"author":11,"featured_media":0,"parent":0,"menu_order":0,"comment_status":"closed","ping_status":"closed","template":"","meta":{"_acf_changed":false,"_editorskit_title_hidden":false,"_editorskit_reading_time":0,"_editorskit_is_block_options_detached":false,"_editorskit_block_options_position":"{}","footnotes":""},"class_list":["post-46950","page","type-page","status-publish","hentry"],"acf":[],"yoast_head":"<!-- This site is optimized with the Yoast SEO plugin v26.1.1 - https:\/\/yoast.com\/wordpress\/plugins\/seo\/ -->\n<title>Actualizaciones y pol\u00edtica de salud p\u00fablica - Every Brain Matters<\/title>\n<meta name=\"robots\" content=\"index, follow, max-snippet:-1, max-image-preview:large, max-video-preview:-1\" \/>\n<link rel=\"canonical\" href=\"https:\/\/everybrainmatters.org\/es\/actualizaciones-y-politica-de-salud-publica\/\" \/>\n<meta property=\"og:locale\" content=\"es_ES\" \/>\n<meta property=\"og:type\" content=\"article\" \/>\n<meta property=\"og:title\" content=\"Actualizaciones y pol\u00edtica de salud p\u00fablica - Every Brain Matters\" \/>\n<meta property=\"og:description\" content=\"El n\u00famero de dispensarios de marihuana influye en las hospitalizaciones Por cada dispensario de marihuana por milla cuadrada a\u00f1adida hubo...\" \/>\n<meta property=\"og:url\" content=\"https:\/\/everybrainmatters.org\/es\/actualizaciones-y-politica-de-salud-publica\/\" \/>\n<meta property=\"og:site_name\" content=\"Every Brain Matters\" \/>\n<meta property=\"article:modified_time\" content=\"2025-10-21T14:07:45+00:00\" \/>\n<meta property=\"og:image\" content=\"https:\/\/everybrainmatters.org\/wp-content\/uploads\/AllBrains_3.jpg\" \/>\n\t<meta property=\"og:image:width\" content=\"1000\" \/>\n\t<meta property=\"og:image:height\" content=\"1087\" \/>\n\t<meta property=\"og:image:type\" content=\"image\/jpeg\" \/>\n<meta name=\"twitter:card\" content=\"summary_large_image\" \/>\n<script type=\"application\/ld+json\" class=\"yoast-schema-graph\">{\"@context\":\"https:\/\/schema.org\",\"@graph\":[{\"@type\":\"WebPage\",\"@id\":\"https:\/\/everybrainmatters.org\/es\/actualizaciones-y-politica-de-salud-publica\/\",\"url\":\"https:\/\/everybrainmatters.org\/es\/actualizaciones-y-politica-de-salud-publica\/\",\"name\":\"Actualizaciones y pol\u00edtica de salud p\u00fablica - Every Brain Matters\",\"isPartOf\":{\"@id\":\"https:\/\/everybrainmatters.org\/es\/#website\"},\"datePublished\":\"2022-05-20T20:20:09+00:00\",\"dateModified\":\"2025-10-21T14:07:45+00:00\",\"breadcrumb\":{\"@id\":\"https:\/\/everybrainmatters.org\/es\/actualizaciones-y-politica-de-salud-publica\/#breadcrumb\"},\"inLanguage\":\"es-ES\",\"potentialAction\":[{\"@type\":\"ReadAction\",\"target\":[\"https:\/\/everybrainmatters.org\/es\/actualizaciones-y-politica-de-salud-publica\/\"]}]},{\"@type\":\"BreadcrumbList\",\"@id\":\"https:\/\/everybrainmatters.org\/es\/actualizaciones-y-politica-de-salud-publica\/#breadcrumb\",\"itemListElement\":[{\"@type\":\"ListItem\",\"position\":1,\"name\":\"Home\",\"item\":\"https:\/\/everybrainmatters.org\/es\/\"},{\"@type\":\"ListItem\",\"position\":2,\"name\":\"Actualizaciones y pol\u00edtica de salud p\u00fablica\"}]},{\"@type\":\"WebSite\",\"@id\":\"https:\/\/everybrainmatters.org\/es\/#website\",\"url\":\"https:\/\/everybrainmatters.org\/es\/\",\"name\":\"Every Brain Matters\",\"description\":\"\",\"publisher\":{\"@id\":\"https:\/\/everybrainmatters.org\/es\/#organization\"},\"potentialAction\":[{\"@type\":\"SearchAction\",\"target\":{\"@type\":\"EntryPoint\",\"urlTemplate\":\"https:\/\/everybrainmatters.org\/es\/?s={search_term_string}\"},\"query-input\":{\"@type\":\"PropertyValueSpecification\",\"valueRequired\":true,\"valueName\":\"search_term_string\"}}],\"inLanguage\":\"es-ES\"},{\"@type\":\"Organization\",\"@id\":\"https:\/\/everybrainmatters.org\/es\/#organization\",\"name\":\"Every Brain Matters\",\"url\":\"https:\/\/everybrainmatters.org\/es\/\",\"logo\":{\"@type\":\"ImageObject\",\"inLanguage\":\"es-ES\",\"@id\":\"https:\/\/everybrainmatters.org\/es\/#\/schema\/logo\/image\/\",\"url\":\"https:\/\/everybrainmatters.org\/wp-content\/uploads\/AllBrains_3.jpg\",\"contentUrl\":\"https:\/\/everybrainmatters.org\/wp-content\/uploads\/AllBrains_3.jpg\",\"width\":1000,\"height\":1087,\"caption\":\"Every Brain Matters\"},\"image\":{\"@id\":\"https:\/\/everybrainmatters.org\/es\/#\/schema\/logo\/image\/\"}}]}<\/script>\n<!-- \/ Yoast SEO plugin. -->","yoast_head_json":{"title":"Actualizaciones y pol\u00edtica de salud p\u00fablica - Every Brain Matters","robots":{"index":"index","follow":"follow","max-snippet":"max-snippet:-1","max-image-preview":"max-image-preview:large","max-video-preview":"max-video-preview:-1"},"canonical":"https:\/\/everybrainmatters.org\/es\/actualizaciones-y-politica-de-salud-publica\/","og_locale":"es_ES","og_type":"article","og_title":"Actualizaciones y pol\u00edtica de salud p\u00fablica - Every Brain Matters","og_description":"El n\u00famero de dispensarios de marihuana influye en las hospitalizaciones Por cada dispensario de marihuana por milla cuadrada a\u00f1adida hubo...","og_url":"https:\/\/everybrainmatters.org\/es\/actualizaciones-y-politica-de-salud-publica\/","og_site_name":"Every Brain Matters","article_modified_time":"2025-10-21T14:07:45+00:00","og_image":[{"width":1000,"height":1087,"url":"https:\/\/everybrainmatters.org\/wp-content\/uploads\/AllBrains_3.jpg","type":"image\/jpeg"}],"twitter_card":"summary_large_image","schema":{"@context":"https:\/\/schema.org","@graph":[{"@type":"WebPage","@id":"https:\/\/everybrainmatters.org\/es\/actualizaciones-y-politica-de-salud-publica\/","url":"https:\/\/everybrainmatters.org\/es\/actualizaciones-y-politica-de-salud-publica\/","name":"Actualizaciones y pol\u00edtica de salud p\u00fablica - Every Brain Matters","isPartOf":{"@id":"https:\/\/everybrainmatters.org\/es\/#website"},"datePublished":"2022-05-20T20:20:09+00:00","dateModified":"2025-10-21T14:07:45+00:00","breadcrumb":{"@id":"https:\/\/everybrainmatters.org\/es\/actualizaciones-y-politica-de-salud-publica\/#breadcrumb"},"inLanguage":"es-ES","potentialAction":[{"@type":"ReadAction","target":["https:\/\/everybrainmatters.org\/es\/actualizaciones-y-politica-de-salud-publica\/"]}]},{"@type":"BreadcrumbList","@id":"https:\/\/everybrainmatters.org\/es\/actualizaciones-y-politica-de-salud-publica\/#breadcrumb","itemListElement":[{"@type":"ListItem","position":1,"name":"Home","item":"https:\/\/everybrainmatters.org\/es\/"},{"@type":"ListItem","position":2,"name":"Actualizaciones y pol\u00edtica de salud p\u00fablica"}]},{"@type":"WebSite","@id":"https:\/\/everybrainmatters.org\/es\/#website","url":"https:\/\/everybrainmatters.org\/es\/","name":"Every Brain Matters","description":"","publisher":{"@id":"https:\/\/everybrainmatters.org\/es\/#organization"},"potentialAction":[{"@type":"SearchAction","target":{"@type":"EntryPoint","urlTemplate":"https:\/\/everybrainmatters.org\/es\/?s={search_term_string}"},"query-input":{"@type":"PropertyValueSpecification","valueRequired":true,"valueName":"search_term_string"}}],"inLanguage":"es-ES"},{"@type":"Organization","@id":"https:\/\/everybrainmatters.org\/es\/#organization","name":"Every Brain Matters","url":"https:\/\/everybrainmatters.org\/es\/","logo":{"@type":"ImageObject","inLanguage":"es-ES","@id":"https:\/\/everybrainmatters.org\/es\/#\/schema\/logo\/image\/","url":"https:\/\/everybrainmatters.org\/wp-content\/uploads\/AllBrains_3.jpg","contentUrl":"https:\/\/everybrainmatters.org\/wp-content\/uploads\/AllBrains_3.jpg","width":1000,"height":1087,"caption":"Every Brain Matters"},"image":{"@id":"https:\/\/everybrainmatters.org\/es\/#\/schema\/logo\/image\/"}}]}},"_links":{"self":[{"href":"https:\/\/everybrainmatters.org\/es\/wp-json\/wp\/v2\/pages\/46950","targetHints":{"allow":["GET"]}}],"collection":[{"href":"https:\/\/everybrainmatters.org\/es\/wp-json\/wp\/v2\/pages"}],"about":[{"href":"https:\/\/everybrainmatters.org\/es\/wp-json\/wp\/v2\/types\/page"}],"author":[{"embeddable":true,"href":"https:\/\/everybrainmatters.org\/es\/wp-json\/wp\/v2\/users\/11"}],"replies":[{"embeddable":true,"href":"https:\/\/everybrainmatters.org\/es\/wp-json\/wp\/v2\/comments?post=46950"}],"version-history":[{"count":0,"href":"https:\/\/everybrainmatters.org\/es\/wp-json\/wp\/v2\/pages\/46950\/revisions"}],"wp:attachment":[{"href":"https:\/\/everybrainmatters.org\/es\/wp-json\/wp\/v2\/media?parent=46950"}],"curies":[{"name":"wp","href":"https:\/\/api.w.org\/{rel}","templated":true}]}}