{"id":46954,"date":"2022-04-08T21:20:33","date_gmt":"2022-04-09T02:20:33","guid":{"rendered":"https:\/\/everybrainmatters.org\/educacion-sobre-los-efectos-de-la-marihuana\/que-es-el-trastorno-por-consumo-de-cannabis\/"},"modified":"2026-03-20T19:30:53","modified_gmt":"2026-03-21T00:30:53","slug":"que-es-el-trastorno-por-consumo-de-cannabis","status":"publish","type":"page","link":"https:\/\/everybrainmatters.org\/es\/educacion-sobre-los-efectos-de-la-marihuana\/que-es-el-trastorno-por-consumo-de-cannabis\/","title":{"rendered":"\u00bfQu\u00e9 es el trastorno por consumo de cannabis?"},"content":{"rendered":"\n<p><\/p>\n\n<div class=\"wp-block-columns is-layout-flex wp-container-core-columns-is-layout-9d6595d7 wp-block-columns-is-layout-flex\">\n<div class=\"wp-block-column is-layout-flow wp-block-column-is-layout-flow\" style=\"flex-basis:66.66%\">\n<p><\/p>\n\n\n\n<div style=\"height:63px\" aria-hidden=\"true\" class=\"wp-block-spacer\"><\/div>\n\n\n\n<p><\/p>\n\n\n\n<div class=\"wp-block-buttons is-layout-flex wp-block-buttons-is-layout-flex\">\n<div class=\"wp-block-button\"><a class=\"wp-block-button__link has-black-color has-text-color has-background has-medium-font-size has-custom-font-size wp-element-button\" href=\"https:\/\/everybrainmatters.org\/wp-content\/uploads\/Cannabis-Use-Disorder-pamphlet-2.18.2026-1.pdf\" style=\"background-color:#607b6b\"><strong><em>Imprime y comparte este folleto:  <\/em><\/strong><\/a><\/div>\n<\/div>\n\n\n\n<div style=\"height:199px\" aria-hidden=\"true\" class=\"wp-block-spacer\"><\/div>\n\n\n\n<p><strong>\u00bfQu\u00e9 es el TCA, Trastorno por Consumo de Cannabis?<\/strong><\/p>\n\n\n\n<p>El consumo continuado de cannabis a pesar de las importantes consecuencias negativas para la vida y la salud de una persona. Tambi\u00e9n se conoce como adicci\u00f3n o dependencia del THC (Tetrahidrocannabinol), la droga principal de la planta de cannabis. <\/p>\n\n\n\n<div style=\"height:39px\" aria-hidden=\"true\" class=\"wp-block-spacer\"><\/div>\n<\/div>\n\n\n\n<div class=\"wp-block-column is-layout-flow wp-block-column-is-layout-flow\" style=\"flex-basis:33.33%\">\n<p><\/p>\n\n\n\n<figure class=\"wp-block-image size-large is-style-editorskit-shadow\"><a href=\"https:\/\/everybrainmatters.org\/wp-content\/uploads\/Cannabis-Use-Disorder-pamphlet-2.18.2026-1.pdf\" target=\"_blank\" rel=\"noreferrer noopener\"><img loading=\"lazy\" decoding=\"async\" width=\"456\" height=\"1024\" src=\"https:\/\/everybrainmatters.org\/wp-content\/uploads\/CUD-front-page2-.18.2026-1-456x1024.png\" alt=\"\" class=\"wp-image-54215\" srcset=\"https:\/\/everybrainmatters.org\/wp-content\/uploads\/CUD-front-page2-.18.2026-1-456x1024.png 456w, https:\/\/everybrainmatters.org\/wp-content\/uploads\/CUD-front-page2-.18.2026-1-134x300.png 134w, https:\/\/everybrainmatters.org\/wp-content\/uploads\/CUD-front-page2-.18.2026-1-684x1536.png 684w, https:\/\/everybrainmatters.org\/wp-content\/uploads\/CUD-front-page2-.18.2026-1-600x1347.png 600w, https:\/\/everybrainmatters.org\/wp-content\/uploads\/CUD-front-page2-.18.2026-1.png 688w\" sizes=\"auto, (max-width: 456px) 100vw, 456px\" \/><\/a><\/figure>\n<\/div>\n<\/div>\n\n<p><strong>S\u00edntomas del Trastorno por Consumo de Cannabis<\/strong>:<\/p>\n\n<ul class=\"wp-block-list\">\n<li>Util\u00edzalo durante al menos un a\u00f1o.  <\/li>\n\n\n\n<li>Utilizar cantidades m\u00e1s importantes durante un periodo prolongado  <\/li>\n\n\n\n<li>Esfuerzos fallidos para interrumpir o reducir el consumo  <\/li>\n\n\n\n<li>Pasar una cantidad considerable de tiempo buscando o consumiendo cannabis o recuper\u00e1ndose de los efectos adversos del cannabis  <\/li>\n\n\n\n<li>Antojos  <\/li>\n\n\n\n<li>Consumo continuado a pesar de las consecuencias negativas  <\/li>\n\n\n\n<li>Consumir cannabis o el deseo de consumirlo es m\u00e1s importante que el trabajo, la escuela, la higiene y las responsabilidades con la familia y los amigos.  <\/li>\n\n\n\n<li>Consumo de cannabis durante actividades como conducir y manejar maquinaria pesada  <\/li>\n\n\n\n<li>Consumo continuado a pesar de los problemas f\u00edsicos y psicol\u00f3gicos  <\/li>\n\n\n\n<li>Se necesitan cantidades m\u00e1s importantes de cannabis para obtener los efectos deseados  <\/li>\n\n\n\n<li>S\u00edntomas de abstinencia  <\/li>\n<\/ul>\n\n<p>CUD leve: de 2 a 3 s\u00edntomas<\/p>\n\n<p>CUD moderado: de 4 a 5 s\u00edntomas<\/p>\n\n<p>CUD grave: 6 o m\u00e1s s\u00edntomas<\/p>\n\n<p><\/p>\n\n<p><strong>\u00bfExperimenta la gente s\u00edntomas de abstinencia?<\/strong><\/p>\n\n<p>S\u00ed, algunas personas tienen s\u00edntomas de abstinencia, que pueden incluir los siguientes:  <\/p>\n\n<ul class=\"wp-block-list\">\n<li>Irritabilidad Ira\/agresividad  <\/li>\n\n\n\n<li>Ansiedad Alteraciones del sue\u00f1o\/pesadillas  <\/li>\n\n\n\n<li>Disminuci\u00f3n del apetito Inquietud  <\/li>\n\n\n\n<li>Depresi\u00f3n\/suicidalidad  <\/li>\n\n\n\n<li>Dolor abdominal Fiebre\/escalofr\u00edos\/sudoraci\u00f3n  <\/li>\n\n\n\n<li>Dolor de cabeza<\/li>\n\n\n\n<li>Temblores  <\/li>\n\n\n\n<li>Aumentan los s\u00edntomas psic\u00f3ticos  <\/li>\n<\/ul>\n\n<p>Los s\u00edntomas suelen empezar en las primeras 24 horas, alcanzan su punto \u00e1lgido el tercer d\u00eda y duran hasta 2 semanas. Un mayor consumo y un consumo m\u00e1s reciente pueden influir en la gravedad del s\u00edndrome de abstinencia. <\/p>\n\n<p><\/p>\n\n<p><strong>\u00bfPor qu\u00e9 cada vez hay m\u00e1s gente adicta a la marihuana?<\/strong><\/p>\n\n<p>Aumento de la potencia\/concentraciones de THC en los productos derivados de la marihuana Aumento de la accesibilidad Disminuci\u00f3n de la percepci\u00f3n de riesgos o da\u00f1os Normalizaci\u00f3n y comercializaci\u00f3n.<\/p>\n\n<p><\/p>\n\n<p><strong>\u00bfDurante cu\u00e1nto tiempo dar\u00e1n positivo los consumidores de marihuana despu\u00e9s de dejarla?<\/strong><\/p>\n\n<p>Los fumadores cr\u00f3nicos diarios pueden producir niveles detectables de THC y sus metabolitos meses despu\u00e9s de su \u00faltima ingesta.  <\/p>\n\n<p>Dado que el THC es liposoluble, se sugiere que puede liberarse del tejido adiposo en distintos momentos.  <\/p>\n\n<p>Esta elevada lipofilia (liposoluble) explica que la abstinencia sea de inicio lento.  <\/p>\n\n<p>Otros factores, como su forma f\u00edsica\/qu\u00edmica, la v\u00eda de administraci\u00f3n, la gen\u00e9tica y el consumo de alcohol, influyen en el tiempo que se detecta el nivel de THC en el organismo.<\/p>\n\n<p><a href=\"https:\/\/www.ncbi.nlm.nih.gov\/books\/NBK538131\/\" class=\"ek-link\">https:\/\/www.ncbi.nlm.nih.gov\/books\/NBK538131\/<\/a><\/p>\n\n<p><a aria-label=\"National Institute on Drug Abuse: Recent data suggest 30% of those who use marijuana may have some degree of CUD. (opens in a new tab)\" href=\"https:\/\/nida.nih.gov\/publications\/research-reports\/marijuana\/marijuana-addictive\" target=\"_blank\" rel=\"noreferrer noopener\" class=\"ek-link\"><strong><em>Instituto Nacional sobre el Abuso de Drogas: Datos recientes sugieren que el 30% de los que consumen marihuana pueden tener alg\u00fan grado de CUD.<\/em><\/strong><\/a><\/p>\n\n<p><\/p>\n\n<p><strong>Si necesitas ayuda, habla con tu m\u00e9dico y\/o <\/strong><a href=\"https:\/\/marijuana-anonymous.org\/\" class=\"ek-link\"><strong>Marihuana An\u00f3nima<\/strong><\/a><strong><a href=\"https:\/\/marijuana-anonymous.org\/\" class=\"ek-link\">s<\/a>.<\/strong><\/p>\n\n<div class=\"wp-block-buttons is-layout-flex wp-block-buttons-is-layout-flex\">\n<div class=\"wp-block-button aligncenter is-style-fill\"><a class=\"wp-block-button__link has-black-color has-text-color has-background has-medium-font-size has-text-align-left has-custom-font-size wp-element-button\" href=\"https:\/\/everybrainmatters.org\/es\/la-ciencia\/adiccion-trastorno-por-consumo-de-cannabis\/\" style=\"background-color:#607b6b\">M\u00e1s informaci\u00f3n sobre la ciencia del trastorno por consumo de cannabis.<\/a><\/div>\n<\/div>\n\n<p><\/p>\n","protected":false},"excerpt":{"rendered":"<p>\u00bfQu\u00e9 es el TCA, Trastorno por Consumo de Cannabis? El consumo continuado de cannabis a pesar de las importantes consecuencias&#8230;<\/p>\n","protected":false},"author":11,"featured_media":46966,"parent":46698,"menu_order":0,"comment_status":"closed","ping_status":"closed","template":"","meta":{"_acf_changed":false,"_editorskit_title_hidden":false,"_editorskit_reading_time":0,"_editorskit_is_block_options_detached":false,"_editorskit_block_options_position":"{}","footnotes":""},"class_list":["post-46954","page","type-page","status-publish","has-post-thumbnail","hentry"],"acf":[],"yoast_head":"<!-- This site is optimized with the Yoast SEO plugin v26.1.1 - https:\/\/yoast.com\/wordpress\/plugins\/seo\/ -->\n<title>\u00bfQu\u00e9 es el trastorno por consumo de cannabis? - Every Brain Matters<\/title>\n<meta name=\"robots\" content=\"index, follow, max-snippet:-1, max-image-preview:large, max-video-preview:-1\" \/>\n<link rel=\"canonical\" href=\"https:\/\/everybrainmatters.org\/es\/educacion-sobre-los-efectos-de-la-marihuana\/que-es-el-trastorno-por-consumo-de-cannabis\/\" \/>\n<meta property=\"og:locale\" content=\"es_ES\" \/>\n<meta property=\"og:type\" content=\"article\" \/>\n<meta property=\"og:title\" content=\"\u00bfQu\u00e9 es el trastorno por consumo de cannabis? - Every Brain Matters\" \/>\n<meta property=\"og:description\" content=\"\u00bfQu\u00e9 es el TCA, Trastorno por Consumo de Cannabis? El consumo continuado de cannabis a pesar de las importantes consecuencias...\" \/>\n<meta property=\"og:url\" content=\"https:\/\/everybrainmatters.org\/es\/educacion-sobre-los-efectos-de-la-marihuana\/que-es-el-trastorno-por-consumo-de-cannabis\/\" \/>\n<meta property=\"og:site_name\" content=\"Every Brain Matters\" \/>\n<meta property=\"article:modified_time\" content=\"2026-03-21T00:30:53+00:00\" \/>\n<meta property=\"og:image\" content=\"https:\/\/everybrainmatters.org\/wp-content\/uploads\/CUD-no-boarder-.png\" \/>\n\t<meta property=\"og:image:width\" content=\"1280\" \/>\n\t<meta property=\"og:image:height\" content=\"720\" \/>\n\t<meta property=\"og:image:type\" content=\"image\/png\" \/>\n<meta name=\"twitter:card\" content=\"summary_large_image\" \/>\n<meta name=\"twitter:label1\" content=\"Est. reading time\" \/>\n\t<meta name=\"twitter:data1\" content=\"3 minutos\" \/>\n<script type=\"application\/ld+json\" class=\"yoast-schema-graph\">{\"@context\":\"https:\/\/schema.org\",\"@graph\":[{\"@type\":\"WebPage\",\"@id\":\"https:\/\/everybrainmatters.org\/es\/educacion-sobre-los-efectos-de-la-marihuana\/que-es-el-trastorno-por-consumo-de-cannabis\/\",\"url\":\"https:\/\/everybrainmatters.org\/es\/educacion-sobre-los-efectos-de-la-marihuana\/que-es-el-trastorno-por-consumo-de-cannabis\/\",\"name\":\"\u00bfQu\u00e9 es el trastorno por consumo de cannabis? - Every Brain Matters\",\"isPartOf\":{\"@id\":\"https:\/\/everybrainmatters.org\/es\/#website\"},\"primaryImageOfPage\":{\"@id\":\"https:\/\/everybrainmatters.org\/es\/educacion-sobre-los-efectos-de-la-marihuana\/que-es-el-trastorno-por-consumo-de-cannabis\/#primaryimage\"},\"image\":{\"@id\":\"https:\/\/everybrainmatters.org\/es\/educacion-sobre-los-efectos-de-la-marihuana\/que-es-el-trastorno-por-consumo-de-cannabis\/#primaryimage\"},\"thumbnailUrl\":\"https:\/\/everybrainmatters.org\/wp-content\/uploads\/CUD-no-boarder-.png\",\"datePublished\":\"2022-04-09T02:20:33+00:00\",\"dateModified\":\"2026-03-21T00:30:53+00:00\",\"breadcrumb\":{\"@id\":\"https:\/\/everybrainmatters.org\/es\/educacion-sobre-los-efectos-de-la-marihuana\/que-es-el-trastorno-por-consumo-de-cannabis\/#breadcrumb\"},\"inLanguage\":\"es-ES\",\"potentialAction\":[{\"@type\":\"ReadAction\",\"target\":[\"https:\/\/everybrainmatters.org\/es\/educacion-sobre-los-efectos-de-la-marihuana\/que-es-el-trastorno-por-consumo-de-cannabis\/\"]}]},{\"@type\":\"ImageObject\",\"inLanguage\":\"es-ES\",\"@id\":\"https:\/\/everybrainmatters.org\/es\/educacion-sobre-los-efectos-de-la-marihuana\/que-es-el-trastorno-por-consumo-de-cannabis\/#primaryimage\",\"url\":\"https:\/\/everybrainmatters.org\/wp-content\/uploads\/CUD-no-boarder-.png\",\"contentUrl\":\"https:\/\/everybrainmatters.org\/wp-content\/uploads\/CUD-no-boarder-.png\",\"width\":1280,\"height\":720},{\"@type\":\"BreadcrumbList\",\"@id\":\"https:\/\/everybrainmatters.org\/es\/educacion-sobre-los-efectos-de-la-marihuana\/que-es-el-trastorno-por-consumo-de-cannabis\/#breadcrumb\",\"itemListElement\":[{\"@type\":\"ListItem\",\"position\":1,\"name\":\"Home\",\"item\":\"https:\/\/everybrainmatters.org\/es\/\"},{\"@type\":\"ListItem\",\"position\":2,\"name\":\"Educaci\u00f3n sobre los efectos de la marihuana\",\"item\":\"https:\/\/everybrainmatters.org\/es\/educacion-sobre-los-efectos-de-la-marihuana\/\"},{\"@type\":\"ListItem\",\"position\":3,\"name\":\"\u00bfQu\u00e9 es el trastorno por consumo de cannabis?\"}]},{\"@type\":\"WebSite\",\"@id\":\"https:\/\/everybrainmatters.org\/es\/#website\",\"url\":\"https:\/\/everybrainmatters.org\/es\/\",\"name\":\"Every Brain Matters\",\"description\":\"\",\"publisher\":{\"@id\":\"https:\/\/everybrainmatters.org\/es\/#organization\"},\"potentialAction\":[{\"@type\":\"SearchAction\",\"target\":{\"@type\":\"EntryPoint\",\"urlTemplate\":\"https:\/\/everybrainmatters.org\/es\/?s={search_term_string}\"},\"query-input\":{\"@type\":\"PropertyValueSpecification\",\"valueRequired\":true,\"valueName\":\"search_term_string\"}}],\"inLanguage\":\"es-ES\"},{\"@type\":\"Organization\",\"@id\":\"https:\/\/everybrainmatters.org\/es\/#organization\",\"name\":\"Every Brain Matters\",\"url\":\"https:\/\/everybrainmatters.org\/es\/\",\"logo\":{\"@type\":\"ImageObject\",\"inLanguage\":\"es-ES\",\"@id\":\"https:\/\/everybrainmatters.org\/es\/#\/schema\/logo\/image\/\",\"url\":\"https:\/\/everybrainmatters.org\/wp-content\/uploads\/AllBrains_3.jpg\",\"contentUrl\":\"https:\/\/everybrainmatters.org\/wp-content\/uploads\/AllBrains_3.jpg\",\"width\":1000,\"height\":1087,\"caption\":\"Every Brain Matters\"},\"image\":{\"@id\":\"https:\/\/everybrainmatters.org\/es\/#\/schema\/logo\/image\/\"}}]}<\/script>\n<!-- \/ Yoast SEO plugin. -->","yoast_head_json":{"title":"\u00bfQu\u00e9 es el trastorno por consumo de cannabis? - Every Brain Matters","robots":{"index":"index","follow":"follow","max-snippet":"max-snippet:-1","max-image-preview":"max-image-preview:large","max-video-preview":"max-video-preview:-1"},"canonical":"https:\/\/everybrainmatters.org\/es\/educacion-sobre-los-efectos-de-la-marihuana\/que-es-el-trastorno-por-consumo-de-cannabis\/","og_locale":"es_ES","og_type":"article","og_title":"\u00bfQu\u00e9 es el trastorno por consumo de cannabis? - Every Brain Matters","og_description":"\u00bfQu\u00e9 es el TCA, Trastorno por Consumo de Cannabis? El consumo continuado de cannabis a pesar de las importantes consecuencias...","og_url":"https:\/\/everybrainmatters.org\/es\/educacion-sobre-los-efectos-de-la-marihuana\/que-es-el-trastorno-por-consumo-de-cannabis\/","og_site_name":"Every Brain Matters","article_modified_time":"2026-03-21T00:30:53+00:00","og_image":[{"width":1280,"height":720,"url":"https:\/\/everybrainmatters.org\/wp-content\/uploads\/CUD-no-boarder-.png","type":"image\/png"}],"twitter_card":"summary_large_image","twitter_misc":{"Est. reading time":"3 minutos"},"schema":{"@context":"https:\/\/schema.org","@graph":[{"@type":"WebPage","@id":"https:\/\/everybrainmatters.org\/es\/educacion-sobre-los-efectos-de-la-marihuana\/que-es-el-trastorno-por-consumo-de-cannabis\/","url":"https:\/\/everybrainmatters.org\/es\/educacion-sobre-los-efectos-de-la-marihuana\/que-es-el-trastorno-por-consumo-de-cannabis\/","name":"\u00bfQu\u00e9 es el trastorno por consumo de cannabis? - Every Brain Matters","isPartOf":{"@id":"https:\/\/everybrainmatters.org\/es\/#website"},"primaryImageOfPage":{"@id":"https:\/\/everybrainmatters.org\/es\/educacion-sobre-los-efectos-de-la-marihuana\/que-es-el-trastorno-por-consumo-de-cannabis\/#primaryimage"},"image":{"@id":"https:\/\/everybrainmatters.org\/es\/educacion-sobre-los-efectos-de-la-marihuana\/que-es-el-trastorno-por-consumo-de-cannabis\/#primaryimage"},"thumbnailUrl":"https:\/\/everybrainmatters.org\/wp-content\/uploads\/CUD-no-boarder-.png","datePublished":"2022-04-09T02:20:33+00:00","dateModified":"2026-03-21T00:30:53+00:00","breadcrumb":{"@id":"https:\/\/everybrainmatters.org\/es\/educacion-sobre-los-efectos-de-la-marihuana\/que-es-el-trastorno-por-consumo-de-cannabis\/#breadcrumb"},"inLanguage":"es-ES","potentialAction":[{"@type":"ReadAction","target":["https:\/\/everybrainmatters.org\/es\/educacion-sobre-los-efectos-de-la-marihuana\/que-es-el-trastorno-por-consumo-de-cannabis\/"]}]},{"@type":"ImageObject","inLanguage":"es-ES","@id":"https:\/\/everybrainmatters.org\/es\/educacion-sobre-los-efectos-de-la-marihuana\/que-es-el-trastorno-por-consumo-de-cannabis\/#primaryimage","url":"https:\/\/everybrainmatters.org\/wp-content\/uploads\/CUD-no-boarder-.png","contentUrl":"https:\/\/everybrainmatters.org\/wp-content\/uploads\/CUD-no-boarder-.png","width":1280,"height":720},{"@type":"BreadcrumbList","@id":"https:\/\/everybrainmatters.org\/es\/educacion-sobre-los-efectos-de-la-marihuana\/que-es-el-trastorno-por-consumo-de-cannabis\/#breadcrumb","itemListElement":[{"@type":"ListItem","position":1,"name":"Home","item":"https:\/\/everybrainmatters.org\/es\/"},{"@type":"ListItem","position":2,"name":"Educaci\u00f3n sobre los efectos de la marihuana","item":"https:\/\/everybrainmatters.org\/es\/educacion-sobre-los-efectos-de-la-marihuana\/"},{"@type":"ListItem","position":3,"name":"\u00bfQu\u00e9 es el trastorno por consumo de cannabis?"}]},{"@type":"WebSite","@id":"https:\/\/everybrainmatters.org\/es\/#website","url":"https:\/\/everybrainmatters.org\/es\/","name":"Every Brain Matters","description":"","publisher":{"@id":"https:\/\/everybrainmatters.org\/es\/#organization"},"potentialAction":[{"@type":"SearchAction","target":{"@type":"EntryPoint","urlTemplate":"https:\/\/everybrainmatters.org\/es\/?s={search_term_string}"},"query-input":{"@type":"PropertyValueSpecification","valueRequired":true,"valueName":"search_term_string"}}],"inLanguage":"es-ES"},{"@type":"Organization","@id":"https:\/\/everybrainmatters.org\/es\/#organization","name":"Every Brain Matters","url":"https:\/\/everybrainmatters.org\/es\/","logo":{"@type":"ImageObject","inLanguage":"es-ES","@id":"https:\/\/everybrainmatters.org\/es\/#\/schema\/logo\/image\/","url":"https:\/\/everybrainmatters.org\/wp-content\/uploads\/AllBrains_3.jpg","contentUrl":"https:\/\/everybrainmatters.org\/wp-content\/uploads\/AllBrains_3.jpg","width":1000,"height":1087,"caption":"Every Brain Matters"},"image":{"@id":"https:\/\/everybrainmatters.org\/es\/#\/schema\/logo\/image\/"}}]}},"_links":{"self":[{"href":"https:\/\/everybrainmatters.org\/es\/wp-json\/wp\/v2\/pages\/46954","targetHints":{"allow":["GET"]}}],"collection":[{"href":"https:\/\/everybrainmatters.org\/es\/wp-json\/wp\/v2\/pages"}],"about":[{"href":"https:\/\/everybrainmatters.org\/es\/wp-json\/wp\/v2\/types\/page"}],"author":[{"embeddable":true,"href":"https:\/\/everybrainmatters.org\/es\/wp-json\/wp\/v2\/users\/11"}],"replies":[{"embeddable":true,"href":"https:\/\/everybrainmatters.org\/es\/wp-json\/wp\/v2\/comments?post=46954"}],"version-history":[{"count":5,"href":"https:\/\/everybrainmatters.org\/es\/wp-json\/wp\/v2\/pages\/46954\/revisions"}],"predecessor-version":[{"id":54846,"href":"https:\/\/everybrainmatters.org\/es\/wp-json\/wp\/v2\/pages\/46954\/revisions\/54846"}],"up":[{"embeddable":true,"href":"https:\/\/everybrainmatters.org\/es\/wp-json\/wp\/v2\/pages\/46698"}],"wp:featuredmedia":[{"embeddable":true,"href":"https:\/\/everybrainmatters.org\/es\/wp-json\/wp\/v2\/media\/46966"}],"wp:attachment":[{"href":"https:\/\/everybrainmatters.org\/es\/wp-json\/wp\/v2\/media?parent=46954"}],"curies":[{"name":"wp","href":"https:\/\/api.w.org\/{rel}","templated":true}]}}