{"id":46975,"date":"2022-04-08T20:39:27","date_gmt":"2022-04-09T01:39:27","guid":{"rendered":"https:\/\/everybrainmatters.org\/que-es-la-psicosis-inducida-por-el-cannabis\/"},"modified":"2026-03-29T18:57:18","modified_gmt":"2026-03-29T23:57:18","slug":"que-es-la-psicosis-inducida-por-el-cannabis","status":"publish","type":"page","link":"https:\/\/everybrainmatters.org\/es\/que-es-la-psicosis-inducida-por-el-cannabis\/","title":{"rendered":"\u00bfQu\u00e9 es la psicosis inducida por el cannabis?"},"content":{"rendered":"\n<p><\/p>\n\n<div class=\"wp-block-columns is-layout-flex wp-container-core-columns-is-layout-9d6595d7 wp-block-columns-is-layout-flex\">\n<div class=\"wp-block-column is-layout-flow wp-block-column-is-layout-flow\" style=\"flex-basis:66.66%\">\n<div style=\"height:57px\" aria-hidden=\"true\" class=\"wp-block-spacer\"><\/div>\n\n\n\n<div class=\"wp-block-buttons is-layout-flex wp-block-buttons-is-layout-flex\">\n<div class=\"wp-block-button\"><a class=\"wp-block-button__link has-black-color has-text-color has-background has-medium-font-size has-custom-font-size wp-element-button\" href=\"https:\/\/everybrainmatters.org\/wp-content\/uploads\/Cannabis-indcued-psychosis-pamphelt-2.18.2026.pdf\" style=\"background-color:#cfdae6\"><strong><em>Imprime y comparte este folleto.<\/em><\/strong><\/a><\/div>\n<\/div>\n\n\n\n<p><\/p>\n\n\n\n<p><strong>\u00bfQu\u00e9 es la PIC, Psicosis Inducida por el Cannabis?<\/strong><\/p>\n\n\n\n<p>La PIC, psicosis inducida por el cannabis, es un episodio en el que una persona experimenta una p\u00e9rdida de conexi\u00f3n con la realidad inducida por el THC (Tetrahidrocannabinol), la principal sustancia qu\u00edmica psicoactiva de la planta de cannabis.<\/p>\n\n\n\n<p><\/p>\n\n\n\n<p><\/p>\n\n\n\n<p><strong>\u00bfCu\u00e1les son los s\u00edntomas de la PIC?<\/strong><\/p>\n\n\n\n<p>Los s\u00edntomas pueden ser leves o graves y durar unos minutos o a\u00f1os.<\/p>\n\n\n\n<ul class=\"wp-block-list\">\n<li>Paranoia<\/li>\n\n\n\n<li>Alucinaciones (predominantemente auditivas)<\/li>\n\n\n\n<li>Delirios<\/li>\n\n\n\n<li>Grandiosidad<\/li>\n\n\n\n<li>Irritabilidad<\/li>\n\n\n\n<li>Ansiedad y agitaci\u00f3n<\/li>\n\n\n\n<li>Despersonalizaci\u00f3n (desapego de uno mismo o sensaci\u00f3n de que las cosas no son reales)<\/li>\n\n\n\n<li>Pensamiento desorganizado, comportamiento del habla<\/li>\n\n\n\n<li>Pensamientos de carreras<\/li>\n\n\n\n<li>Ideaci\u00f3n obsesiva<\/li>\n<\/ul>\n<\/div>\n\n\n\n<div class=\"wp-block-column is-layout-flow wp-block-column-is-layout-flow\" style=\"flex-basis:33.33%\">\n<figure class=\"wp-block-image size-large is-style-editorskit-shadow\"><a href=\"https:\/\/everybrainmatters.org\/wp-content\/uploads\/Cannabis-indcued-psychosis-pamphelt-2.18.2026.pdf\"><img loading=\"lazy\" decoding=\"async\" width=\"449\" height=\"1024\" src=\"https:\/\/everybrainmatters.org\/wp-content\/uploads\/CIP-front-page-1-1-449x1024.png\" alt=\"\" class=\"wp-image-54223\" srcset=\"https:\/\/everybrainmatters.org\/wp-content\/uploads\/CIP-front-page-1-1-449x1024.png 449w, https:\/\/everybrainmatters.org\/wp-content\/uploads\/CIP-front-page-1-1-131x300.png 131w, https:\/\/everybrainmatters.org\/wp-content\/uploads\/CIP-front-page-1-1-673x1536.png 673w, https:\/\/everybrainmatters.org\/wp-content\/uploads\/CIP-front-page-1-1-600x1369.png 600w, https:\/\/everybrainmatters.org\/wp-content\/uploads\/CIP-front-page-1-1.png 677w\" sizes=\"auto, (max-width: 449px) 100vw, 449px\" \/><\/a><\/figure>\n<\/div>\n<\/div>\n\n<p><\/p>\n\n<p><b><strong>\u00bfQu\u00e9 aumenta el riesgo de que alguien desarrolle PIC?<\/strong><\/b><\/p>\n\n<ul class=\"wp-block-list\">\n<li>Consumo por menores de 25 a\u00f1os: cuanto m\u00e1s temprana es la edad de consumo, mayor es el riesgo.<\/li>\n\n\n\n<li>frecuencia de uso: m\u00e1s de una vez al mes<\/li>\n\n\n\n<li>Uso de productos que contengan 10 mg de THC<\/li>\n<\/ul>\n\n<p><\/p>\n\n<p><strong>\u00bfEs seguro utilizar productos con THC de menor potencia?<\/strong><\/p>\n\n<p>No existen directrices establecidas sobre la cantidad de THC que es seguro consumir, porque el THC es una droga liposoluble que puede acumularse en el organismo, incluido el cerebro, y provocar enfermedades mentales y f\u00edsicas.<\/p>\n\n<p><\/p>\n\n<p><strong>\u00bfPuede la PIC conducir a un diagn\u00f3stico de esquizofrenia?<\/strong><\/p>\n\n<p>De todas las drogas que pueden inducir psicosis, <a href=\"https:\/\/pubmed.ncbi.nlm.nih.gov\/29179576\/#:~:text=The%20highest%20conversion%20rate%20was,risk%20of%20converting%20to%20schizophrenia.\" class=\"ek-link\">el cannabis provoca el mayor \u00edndice de conversi\u00f3n de s\u00edntomas psic\u00f3ticos temporales a un trastorno psic\u00f3tico cr\u00f3nico como la esquizofrenia o el trastorno bipolar.<\/a><\/p>\n\n<p>Tasa de conversi\u00f3n de psicosis aguda a psicosis cr\u00f3nica:<\/p>\n\n<p><em><strong>Cannabis 47<\/strong><\/em><\/p>\n\n<p>Anfetamina 32<\/p>\n\n<p>Alucin\u00f3genos 28<\/p>\n\n<p>Opi\u00e1ceos 21<\/p>\n\n<p><a href=\"https:\/\/www.nih.gov\/news-events\/news-releases\/young-men-highest-risk-schizophrenia-linked-cannabis-use-disorder\">El 30% de los casos de esquizofrenia entre hombres de 21-30 a\u00f1os podr\u00edan haberse evitado evitando el trastorno por consumo de cannabis.<\/a><\/p>\n\n<p><\/p>\n\n<p><\/p>\n\n<p><strong>\u00bfEs<\/strong> <strong>\u00bfes posible que los adultos consuman productos derivados del cannabis y no desarrollen PIC?<\/strong><\/p>\n\n<p>El THC es destructivo para las v\u00edas neuronales cr\u00edticas del cerebro en desarrollo. Los menores de 25 a\u00f1os tienen m\u00e1s riesgo de PIC, pero los adultos no son inmunes. <\/p>\n\n<p><\/p>\n\n<p><strong>\u00bfLas personas que tienen una predisposici\u00f3n gen\u00e9tica s\u00f3lo desarrollan PIC?<\/strong><\/p>\n\n<p>El consumo excesivo de cannabis y el riesgo gen\u00e9tico de esquizofrenia contribuyen de forma independiente a la probabilidad de desarrollar psicosis.  <\/p>\n\n<p>El consumo diario de cannabis de alta potencia mostr\u00f3 la mayor relaci\u00f3n con el riesgo de psicosis, independientemente de la predisposici\u00f3n gen\u00e9tica.<\/p>\n\n<p><a href=\"https:\/\/www.cambridge.org\/core\/journals\/psychological-medicine\/article\/impact-of-schizophrenia-genetic-load-and-heavy-cannabis-use-on-the-risk-of-psychotic-disorder-in-the-eugei-casecontrol-and-uk-biobank-studies\/274AF7839E20F0EED1F805FD2CD2FC57\">https:\/\/www.cambridge.org\/core\/journals\/psychological-medicine\/article\/impact-of-schizophrenia-genetic-load-and-heavy-cannabis-use-on-the-risk-of-psychotic-disorder-in-the-eugei-casecontrol-and-uk-biobank-studies\/274AF7839E20F0EED1F805FD2CD2FC57<\/a><\/p>\n\n<p><strong>\u00bfPor qu\u00e9 la comunidad m\u00e9dica no comprende mejor la PIC?<\/strong><\/p>\n\n<p>La falta de educaci\u00f3n y las campa\u00f1as publicitarias a favor del cannabis han difundido informaci\u00f3n err\u00f3nea sobre los riesgos del consumo de cannabis.<\/p>\n\n<p><\/p>\n\n<p><strong>\u00bfDesarrollar\u00e9 PIC si consumo marihuana unas pocas veces a la semana o al mes?<\/strong><\/p>\n\n<p>La susceptibilidad a desarrollar PIC es impredecible. Algunos experimentan s\u00edntomas tras consumir THC s\u00f3lo una vez. <\/p>\n\n<p><\/p>\n\n<p><strong>\u00bfExiste una cura para la PIC?<\/strong><\/p>\n\n<p>No, no hay cura para la PIC, pero el cerebro puede curarse si se deja de consumir THC. La estabilizaci\u00f3n y la recuperaci\u00f3n son posibles. Recomendamos que la persona que padece PIC y sus familiares busquen ayuda profesional y asistan a reuniones de apoyo lo antes posible.  <\/p>\n\n<p><\/p>\n\n<p><strong>\u00bfEs com\u00fan la PIC?<\/strong><\/p>\n\n<p>La PIC es cada vez m\u00e1s frecuente debido a la mayor accesibilidad a los productos de cannabis potente autorizados por el estado, incluidos los productos de c\u00e1\u00f1amo (dabs), que ahora son m\u00e1s accesibles.<\/p>\n\n<p>El consumo aerisolizado (vapes) proporciona golpes r\u00e1pidos de THC altamente concentrado al cerebro, lo que ha creado una crisis de salud p\u00fablica y puede tener graves consecuencias, incluida la p\u00e9rdida de la vida.<\/p>\n\n<p>Es necesario hacer un seguimiento correcto de los datos sobre el PIC en EEUU.<\/p>\n\n<p><strong>\u00bfPuede la PIC aumentar el riesgo de suicidio?<\/strong><\/p>\n\n<p><a href=\"https:\/\/www.nih.gov\/news-events\/news-releases\/cannabis-use-may-be-associated-suicidality-young-adults#:~:text=An%20analysis%20of%20survey%20data,guidance%20and%20care%20to%20patients.%E2%80%9D\">El consumo de cannabis se asocia a una mayor prevalencia de ideaci\u00f3n, planes e intentos suicidas entre los consumidores de 18 a 25 a\u00f1os.<\/a><\/p>\n\n<p><\/p>\n\n<p><\/p>\n\n<div class=\"wp-block-buttons is-layout-flex wp-block-buttons-is-layout-flex\">\n<div class=\"wp-block-button\"><a class=\"wp-block-button__link has-black-color has-text-color has-background has-link-color has-medium-font-size has-custom-font-size wp-element-button\" href=\"https:\/\/everybrainmatters.org\/es\/la-ciencia\/psicosis-esquizofrenia\/\" style=\"background-color:#cfdae6\">M\u00e1s informaci\u00f3n sobre la ciencia de la psicosis inducida por el cannabis.<\/a><\/div>\n<\/div>\n","protected":false},"excerpt":{"rendered":"<p>\u00bfQu\u00e9 es la PIC, Psicosis Inducida por el Cannabis? La PIC, psicosis inducida por el cannabis, es un episodio en&#8230;<\/p>\n","protected":false},"author":11,"featured_media":46995,"parent":0,"menu_order":0,"comment_status":"closed","ping_status":"closed","template":"","meta":{"_acf_changed":false,"_editorskit_title_hidden":false,"_editorskit_reading_time":0,"_editorskit_is_block_options_detached":false,"_editorskit_block_options_position":"{}","footnotes":""},"class_list":["post-46975","page","type-page","status-publish","has-post-thumbnail","hentry"],"acf":[],"yoast_head":"<!-- This site is optimized with the Yoast SEO plugin v26.1.1 - https:\/\/yoast.com\/wordpress\/plugins\/seo\/ -->\n<title>\u00bfQu\u00e9 es la psicosis inducida por el cannabis? - Every Brain Matters<\/title>\n<meta name=\"robots\" content=\"index, follow, max-snippet:-1, max-image-preview:large, max-video-preview:-1\" \/>\n<link rel=\"canonical\" href=\"https:\/\/everybrainmatters.org\/es\/que-es-la-psicosis-inducida-por-el-cannabis\/\" \/>\n<meta property=\"og:locale\" content=\"es_ES\" \/>\n<meta property=\"og:type\" content=\"article\" \/>\n<meta property=\"og:title\" content=\"\u00bfQu\u00e9 es la psicosis inducida por el cannabis? - Every Brain Matters\" \/>\n<meta property=\"og:description\" content=\"\u00bfQu\u00e9 es la PIC, Psicosis Inducida por el Cannabis? La PIC, psicosis inducida por el cannabis, es un episodio en...\" \/>\n<meta property=\"og:url\" content=\"https:\/\/everybrainmatters.org\/es\/que-es-la-psicosis-inducida-por-el-cannabis\/\" \/>\n<meta property=\"og:site_name\" content=\"Every Brain Matters\" \/>\n<meta property=\"article:modified_time\" content=\"2026-03-29T23:57:18+00:00\" \/>\n<meta property=\"og:image\" content=\"https:\/\/everybrainmatters.org\/wp-content\/uploads\/CIP-5.png\" \/>\n\t<meta property=\"og:image:width\" content=\"1280\" \/>\n\t<meta property=\"og:image:height\" content=\"720\" \/>\n\t<meta property=\"og:image:type\" content=\"image\/png\" \/>\n<meta name=\"twitter:card\" content=\"summary_large_image\" \/>\n<meta name=\"twitter:label1\" content=\"Est. reading time\" \/>\n\t<meta name=\"twitter:data1\" content=\"3 minutos\" \/>\n<script type=\"application\/ld+json\" class=\"yoast-schema-graph\">{\"@context\":\"https:\/\/schema.org\",\"@graph\":[{\"@type\":\"WebPage\",\"@id\":\"https:\/\/everybrainmatters.org\/es\/que-es-la-psicosis-inducida-por-el-cannabis\/\",\"url\":\"https:\/\/everybrainmatters.org\/es\/que-es-la-psicosis-inducida-por-el-cannabis\/\",\"name\":\"\u00bfQu\u00e9 es la psicosis inducida por el cannabis? - Every Brain Matters\",\"isPartOf\":{\"@id\":\"https:\/\/everybrainmatters.org\/es\/#website\"},\"primaryImageOfPage\":{\"@id\":\"https:\/\/everybrainmatters.org\/es\/que-es-la-psicosis-inducida-por-el-cannabis\/#primaryimage\"},\"image\":{\"@id\":\"https:\/\/everybrainmatters.org\/es\/que-es-la-psicosis-inducida-por-el-cannabis\/#primaryimage\"},\"thumbnailUrl\":\"https:\/\/everybrainmatters.org\/wp-content\/uploads\/CIP-5.png\",\"datePublished\":\"2022-04-09T01:39:27+00:00\",\"dateModified\":\"2026-03-29T23:57:18+00:00\",\"breadcrumb\":{\"@id\":\"https:\/\/everybrainmatters.org\/es\/que-es-la-psicosis-inducida-por-el-cannabis\/#breadcrumb\"},\"inLanguage\":\"es-ES\",\"potentialAction\":[{\"@type\":\"ReadAction\",\"target\":[\"https:\/\/everybrainmatters.org\/es\/que-es-la-psicosis-inducida-por-el-cannabis\/\"]}]},{\"@type\":\"ImageObject\",\"inLanguage\":\"es-ES\",\"@id\":\"https:\/\/everybrainmatters.org\/es\/que-es-la-psicosis-inducida-por-el-cannabis\/#primaryimage\",\"url\":\"https:\/\/everybrainmatters.org\/wp-content\/uploads\/CIP-5.png\",\"contentUrl\":\"https:\/\/everybrainmatters.org\/wp-content\/uploads\/CIP-5.png\",\"width\":1280,\"height\":720},{\"@type\":\"BreadcrumbList\",\"@id\":\"https:\/\/everybrainmatters.org\/es\/que-es-la-psicosis-inducida-por-el-cannabis\/#breadcrumb\",\"itemListElement\":[{\"@type\":\"ListItem\",\"position\":1,\"name\":\"Home\",\"item\":\"https:\/\/everybrainmatters.org\/es\/\"},{\"@type\":\"ListItem\",\"position\":2,\"name\":\"\u00bfQu\u00e9 es la psicosis inducida por el cannabis?\"}]},{\"@type\":\"WebSite\",\"@id\":\"https:\/\/everybrainmatters.org\/es\/#website\",\"url\":\"https:\/\/everybrainmatters.org\/es\/\",\"name\":\"Every Brain Matters\",\"description\":\"\",\"publisher\":{\"@id\":\"https:\/\/everybrainmatters.org\/es\/#organization\"},\"potentialAction\":[{\"@type\":\"SearchAction\",\"target\":{\"@type\":\"EntryPoint\",\"urlTemplate\":\"https:\/\/everybrainmatters.org\/es\/?s={search_term_string}\"},\"query-input\":{\"@type\":\"PropertyValueSpecification\",\"valueRequired\":true,\"valueName\":\"search_term_string\"}}],\"inLanguage\":\"es-ES\"},{\"@type\":\"Organization\",\"@id\":\"https:\/\/everybrainmatters.org\/es\/#organization\",\"name\":\"Every Brain Matters\",\"url\":\"https:\/\/everybrainmatters.org\/es\/\",\"logo\":{\"@type\":\"ImageObject\",\"inLanguage\":\"es-ES\",\"@id\":\"https:\/\/everybrainmatters.org\/es\/#\/schema\/logo\/image\/\",\"url\":\"https:\/\/everybrainmatters.org\/wp-content\/uploads\/AllBrains_3.jpg\",\"contentUrl\":\"https:\/\/everybrainmatters.org\/wp-content\/uploads\/AllBrains_3.jpg\",\"width\":1000,\"height\":1087,\"caption\":\"Every Brain Matters\"},\"image\":{\"@id\":\"https:\/\/everybrainmatters.org\/es\/#\/schema\/logo\/image\/\"}}]}<\/script>\n<!-- \/ Yoast SEO plugin. -->","yoast_head_json":{"title":"\u00bfQu\u00e9 es la psicosis inducida por el cannabis? - Every Brain Matters","robots":{"index":"index","follow":"follow","max-snippet":"max-snippet:-1","max-image-preview":"max-image-preview:large","max-video-preview":"max-video-preview:-1"},"canonical":"https:\/\/everybrainmatters.org\/es\/que-es-la-psicosis-inducida-por-el-cannabis\/","og_locale":"es_ES","og_type":"article","og_title":"\u00bfQu\u00e9 es la psicosis inducida por el cannabis? - Every Brain Matters","og_description":"\u00bfQu\u00e9 es la PIC, Psicosis Inducida por el Cannabis? La PIC, psicosis inducida por el cannabis, es un episodio en...","og_url":"https:\/\/everybrainmatters.org\/es\/que-es-la-psicosis-inducida-por-el-cannabis\/","og_site_name":"Every Brain Matters","article_modified_time":"2026-03-29T23:57:18+00:00","og_image":[{"width":1280,"height":720,"url":"https:\/\/everybrainmatters.org\/wp-content\/uploads\/CIP-5.png","type":"image\/png"}],"twitter_card":"summary_large_image","twitter_misc":{"Est. reading time":"3 minutos"},"schema":{"@context":"https:\/\/schema.org","@graph":[{"@type":"WebPage","@id":"https:\/\/everybrainmatters.org\/es\/que-es-la-psicosis-inducida-por-el-cannabis\/","url":"https:\/\/everybrainmatters.org\/es\/que-es-la-psicosis-inducida-por-el-cannabis\/","name":"\u00bfQu\u00e9 es la psicosis inducida por el cannabis? - Every Brain Matters","isPartOf":{"@id":"https:\/\/everybrainmatters.org\/es\/#website"},"primaryImageOfPage":{"@id":"https:\/\/everybrainmatters.org\/es\/que-es-la-psicosis-inducida-por-el-cannabis\/#primaryimage"},"image":{"@id":"https:\/\/everybrainmatters.org\/es\/que-es-la-psicosis-inducida-por-el-cannabis\/#primaryimage"},"thumbnailUrl":"https:\/\/everybrainmatters.org\/wp-content\/uploads\/CIP-5.png","datePublished":"2022-04-09T01:39:27+00:00","dateModified":"2026-03-29T23:57:18+00:00","breadcrumb":{"@id":"https:\/\/everybrainmatters.org\/es\/que-es-la-psicosis-inducida-por-el-cannabis\/#breadcrumb"},"inLanguage":"es-ES","potentialAction":[{"@type":"ReadAction","target":["https:\/\/everybrainmatters.org\/es\/que-es-la-psicosis-inducida-por-el-cannabis\/"]}]},{"@type":"ImageObject","inLanguage":"es-ES","@id":"https:\/\/everybrainmatters.org\/es\/que-es-la-psicosis-inducida-por-el-cannabis\/#primaryimage","url":"https:\/\/everybrainmatters.org\/wp-content\/uploads\/CIP-5.png","contentUrl":"https:\/\/everybrainmatters.org\/wp-content\/uploads\/CIP-5.png","width":1280,"height":720},{"@type":"BreadcrumbList","@id":"https:\/\/everybrainmatters.org\/es\/que-es-la-psicosis-inducida-por-el-cannabis\/#breadcrumb","itemListElement":[{"@type":"ListItem","position":1,"name":"Home","item":"https:\/\/everybrainmatters.org\/es\/"},{"@type":"ListItem","position":2,"name":"\u00bfQu\u00e9 es la psicosis inducida por el cannabis?"}]},{"@type":"WebSite","@id":"https:\/\/everybrainmatters.org\/es\/#website","url":"https:\/\/everybrainmatters.org\/es\/","name":"Every Brain Matters","description":"","publisher":{"@id":"https:\/\/everybrainmatters.org\/es\/#organization"},"potentialAction":[{"@type":"SearchAction","target":{"@type":"EntryPoint","urlTemplate":"https:\/\/everybrainmatters.org\/es\/?s={search_term_string}"},"query-input":{"@type":"PropertyValueSpecification","valueRequired":true,"valueName":"search_term_string"}}],"inLanguage":"es-ES"},{"@type":"Organization","@id":"https:\/\/everybrainmatters.org\/es\/#organization","name":"Every Brain Matters","url":"https:\/\/everybrainmatters.org\/es\/","logo":{"@type":"ImageObject","inLanguage":"es-ES","@id":"https:\/\/everybrainmatters.org\/es\/#\/schema\/logo\/image\/","url":"https:\/\/everybrainmatters.org\/wp-content\/uploads\/AllBrains_3.jpg","contentUrl":"https:\/\/everybrainmatters.org\/wp-content\/uploads\/AllBrains_3.jpg","width":1000,"height":1087,"caption":"Every Brain Matters"},"image":{"@id":"https:\/\/everybrainmatters.org\/es\/#\/schema\/logo\/image\/"}}]}},"_links":{"self":[{"href":"https:\/\/everybrainmatters.org\/es\/wp-json\/wp\/v2\/pages\/46975","targetHints":{"allow":["GET"]}}],"collection":[{"href":"https:\/\/everybrainmatters.org\/es\/wp-json\/wp\/v2\/pages"}],"about":[{"href":"https:\/\/everybrainmatters.org\/es\/wp-json\/wp\/v2\/types\/page"}],"author":[{"embeddable":true,"href":"https:\/\/everybrainmatters.org\/es\/wp-json\/wp\/v2\/users\/11"}],"replies":[{"embeddable":true,"href":"https:\/\/everybrainmatters.org\/es\/wp-json\/wp\/v2\/comments?post=46975"}],"version-history":[{"count":5,"href":"https:\/\/everybrainmatters.org\/es\/wp-json\/wp\/v2\/pages\/46975\/revisions"}],"predecessor-version":[{"id":54896,"href":"https:\/\/everybrainmatters.org\/es\/wp-json\/wp\/v2\/pages\/46975\/revisions\/54896"}],"wp:featuredmedia":[{"embeddable":true,"href":"https:\/\/everybrainmatters.org\/es\/wp-json\/wp\/v2\/media\/46995"}],"wp:attachment":[{"href":"https:\/\/everybrainmatters.org\/es\/wp-json\/wp\/v2\/media?parent=46975"}],"curies":[{"name":"wp","href":"https:\/\/api.w.org\/{rel}","templated":true}]}}