{"id":47002,"date":"2022-04-08T21:48:45","date_gmt":"2022-04-09T02:48:45","guid":{"rendered":"https:\/\/everybrainmatters.org\/informate-sobre-el-sindrome-de-hiperemesis-cannabinoide\/"},"modified":"2026-02-18T19:28:49","modified_gmt":"2026-02-19T01:28:49","slug":"informate-sobre-el-sindrome-de-hiperemesis-cannabinoide","status":"publish","type":"page","link":"https:\/\/everybrainmatters.org\/es\/informate-sobre-el-sindrome-de-hiperemesis-cannabinoide\/","title":{"rendered":"INF\u00d3RMATE SOBRE EL S\u00cdNDROME DE HIPER\u00c9MESIS CANNABINOIDE"},"content":{"rendered":"\n<div class=\"wp-block-columns is-layout-flex wp-container-core-columns-is-layout-9d6595d7 wp-block-columns-is-layout-flex\">\n<div class=\"wp-block-column is-layout-flow wp-block-column-is-layout-flow\" style=\"flex-basis:66.66%\">\n<div style=\"height:90px\" aria-hidden=\"true\" class=\"wp-block-spacer\"><\/div>\n\n\n\n<div class=\"wp-block-buttons is-layout-flex wp-block-buttons-is-layout-flex\">\n<div class=\"wp-block-button\"><a class=\"wp-block-button__link has-black-color has-text-color has-background has-medium-font-size has-custom-font-size wp-element-button\" href=\"https:\/\/everybrainmatters.org\/wp-content\/uploads\/Cannabinoid-Hyperemesis-Syndrome-pamphlet-2.18.2026-1.pdf\" style=\"background-color:#dce1da\"><em>IMPRIME Y COMPARTE ESTE FOLLETO.<\/em><\/a><\/div>\n<\/div>\n\n\n\n<div style=\"height:100px\" aria-hidden=\"true\" class=\"wp-block-spacer\"><\/div>\n\n\n\n<p><\/p>\n\n\n\n<p><strong>\u00bfQu\u00e9 es el CHS, s\u00edndrome de hiper\u00e9mesis cannabinoide?<\/strong><\/p>\n\n\n\n<p>El s\u00edndrome de hiper\u00e9mesis cannabinoide (SHC) es una afecci\u00f3n en la que el paciente experimenta n\u00e1useas extremas, v\u00f3mitos c\u00edclicos, dolor abdominal intenso y dificultad para comer o beber despu\u00e9s de consumir cannabis.<\/p>\n\n\n\n<p>Algunos expertos afirman que el CHS se produce cuando una persona est\u00e1 en <strong><em>niveles t\u00f3xicos<\/em><\/strong> de cannabis, incluidos los productos con CBD.<\/p>\n\n\n\n<p>Otros expertos describen esta afecci\u00f3n como una sobrecarga del sistema endocannabinoide del cuerpo humano.<\/p>\n<\/div>\n\n\n\n<div class=\"wp-block-column is-layout-flow wp-block-column-is-layout-flow\" style=\"flex-basis:33.33%\">\n<figure class=\"wp-block-image size-large is-style-editorskit-shadow\"><a href=\"https:\/\/everybrainmatters.org\/wp-content\/uploads\/Cannabinoid-Hyperemesis-Syndrome-pamphlet-2.18.2026-1.pdf\" target=\"_blank\" rel=\"noreferrer noopener\"><img loading=\"lazy\" decoding=\"async\" width=\"471\" height=\"1024\" src=\"https:\/\/everybrainmatters.org\/wp-content\/uploads\/CHS-front-page-4-471x1024.png\" alt=\"\" class=\"wp-image-54205\" srcset=\"https:\/\/everybrainmatters.org\/wp-content\/uploads\/CHS-front-page-4-471x1024.png 471w, https:\/\/everybrainmatters.org\/wp-content\/uploads\/CHS-front-page-4-138x300.png 138w, https:\/\/everybrainmatters.org\/wp-content\/uploads\/CHS-front-page-4-707x1536.png 707w, https:\/\/everybrainmatters.org\/wp-content\/uploads\/CHS-front-page-4-600x1304.png 600w, https:\/\/everybrainmatters.org\/wp-content\/uploads\/CHS-front-page-4.png 711w\" sizes=\"auto, (max-width: 471px) 100vw, 471px\" \/><\/a><\/figure>\n<\/div>\n<\/div>\n\n<p>Los s\u00edntomas pueden ser leves o graves y durar unas horas, d\u00edas o semanas, o presentarse con episodios repetidos que pueden durar hasta a\u00f1os. Los s\u00edntomas pueden ser: <\/p>\n\n<ul class=\"wp-block-list\">\n<li>Consumo regular de cannabis, anterior al inicio de la enfermedad<\/li>\n<\/ul>\n\n<ul class=\"wp-block-list\">\n<li>Un patr\u00f3n c\u00edclico de hiper\u00e9mesis (v\u00f3mitos) mientras una persona consume cannabis<\/li>\n<\/ul>\n\n<ul class=\"wp-block-list\">\n<li>Los s\u00edntomas disminuyen o desaparecen tras el cese del consumo de cannabis y el periodo de desintoxicaci\u00f3n\/retirada.<\/li>\n<\/ul>\n\n<ul class=\"wp-block-list\">\n<li>Lavado abdominal: los s\u00edntomas pueden aliviarse aplicando calor en la zona abdominal o durante ba\u00f1os o duchas calientes<\/li>\n<\/ul>\n\n<p><\/p>\n\n<p><strong>Pensaba que el cannabis curaba las n\u00e1useas, no que las provocaba.<\/strong><\/p>\n\n<p>Existe un medicamento aprobado por la FDA que contiene THC, llamado Mariol, que se receta en peque\u00f1as dosis para disminuir las n\u00e1useas y los v\u00f3mitos de los pacientes que toman medicamentos contra el c\u00e1ncer o como estimulante del apetito para las personas con s\u00edndrome de inmunodeficiencia como el SIDA. Sin embargo, los productos de cannabis aprobados por los estados contienen grandes cantidades de THC, que provoca n\u00e1useas y v\u00f3mitos, lo que puede dejar a los consumidores pidiendo alivio. <\/p>\n\n<p><\/p>\n\n<p><strong>\u00bfPuede alguien morir de CHS?<\/strong><\/p>\n\n<p>S\u00ed, si el consumo de cannabis contin\u00faa, el CHS puede ser mortal. Los v\u00f3mitos prolongados pueden provocar:   <\/p>\n\n<ul class=\"wp-block-list\">\n<li>Deshidrataci\u00f3n  <\/li>\n\n\n\n<li>Problemas electrol\u00edticos  <\/li>\n\n\n\n<li>Espasmos o debilidad muscular  <\/li>\n\n\n\n<li>Convulsiones Alteraciones del ritmo cardiaco  <\/li>\n\n\n\n<li>Insuficiencia renal<\/li>\n\n\n\n<li>Shock En casos raros, inflamaci\u00f3n cerebral (edema cerebral)  <\/li>\n<\/ul>\n\n<p>Recurso<a href=\"https:\/\/www.cedars-sinai.org\/health-library\/diseases-and-conditions\/c\/cannabinoid-hyperemesis-syndrome.html\" class=\"ek-link\"> Cedros Sina\u00ed<\/a><\/p>\n\n<p><\/p>\n\n<p><strong>\u00bfPor qu\u00e9 la comunidad m\u00e9dica no comprende mejor el CHS?<\/strong><\/p>\n\n<p>Las campa\u00f1as publicitarias a favor del cannabis, combinadas con la falta de educaci\u00f3n, han difundido informaci\u00f3n err\u00f3nea sobre los riesgos del consumo de cannabis.<\/p>\n\n<p><\/p>\n\n<p><strong>\u00bfDesarrollar\u00e9 CHS si consumo cannabis unas pocas veces a la semana o al mes?<\/strong><\/p>\n\n<p>Aunque la mayor\u00eda de los profesionales afirman que el CHS est\u00e1 causado por el consumo cr\u00f3nico de cannabis, no podemos predecir qui\u00e9n es susceptible. Algunos consumidores experimentan s\u00edntomas de CHS tras consumir cannabis s\u00f3lo unas pocas veces. <\/p>\n\n<p><\/p>\n\n<p><strong>\u00bfEs frecuente el CHS?<\/strong><\/p>\n\n<p>En d\u00e9cadas pasadas, el CHS era poco frecuente. Sin embargo, la legalizaci\u00f3n del cannabis, especialmente de los productos de alta potencia, es ahora la principal raz\u00f3n por la que la gente busca atenci\u00f3n m\u00e9dica por da\u00f1os relacionados con el cannabis en las salas de urgencias de Colorado. <\/p>\n\n<p><\/p>\n\n<p><strong>\u00bfExiste una cura para el CHS?<\/strong><\/p>\n\n<p>La \u00fanica cura conocida hasta el momento es dejar de consumir todos los productos derivados del cannabis, incluidos los productos con CBD. Sin embargo, la mayor\u00eda de los que padecen CHS tambi\u00e9n son adictos al cannabis, una afecci\u00f3n conocida como trastorno por consumo de cannabis, lo que hace que la sensaci\u00f3n sea dif\u00edcil de conseguir. Estos consumidores necesitar\u00e1n la intervenci\u00f3n de un profesional para apoyar un programa de recuperaci\u00f3n.  <\/p>\n\n<div class=\"wp-block-columns is-layout-flex wp-container-core-columns-is-layout-9d6595d7 wp-block-columns-is-layout-flex\">\n<div class=\"wp-block-column is-layout-flow wp-block-column-is-layout-flow\"><\/div>\n\n\n\n<div class=\"wp-block-column is-layout-flow wp-block-column-is-layout-flow\"><\/div>\n\n\n\n<div class=\"wp-block-column is-layout-flow wp-block-column-is-layout-flow\"><\/div>\n<\/div>\n\n<div class=\"wp-block-buttons is-layout-flex wp-block-buttons-is-layout-flex\">\n<div class=\"wp-block-button is-style-fill\"><a class=\"wp-block-button__link has-black-color has-text-color has-background has-medium-font-size has-custom-font-size wp-element-button\" href=\"https:\/\/everybrainmatters.org\/es\/sindrome-de-hiperemesis-cannabinoide\/\" style=\"background-color:#dce1da\">CONOCE m\u00e1s sobre la ciencia del s\u00edndrome de hiper\u00e9mesis cannabinoide.<\/a><\/div>\n<\/div>\n","protected":false},"excerpt":{"rendered":"<p>\u00bfQu\u00e9 es el CHS, s\u00edndrome de hiper\u00e9mesis cannabinoide? El s\u00edndrome de hiper\u00e9mesis cannabinoide (SHC) es una afecci\u00f3n en la que&#8230;<\/p>\n","protected":false},"author":11,"featured_media":47022,"parent":0,"menu_order":0,"comment_status":"closed","ping_status":"closed","template":"","meta":{"_acf_changed":false,"_editorskit_title_hidden":false,"_editorskit_reading_time":0,"_editorskit_is_block_options_detached":false,"_editorskit_block_options_position":"{}","footnotes":""},"class_list":["post-47002","page","type-page","status-publish","has-post-thumbnail","hentry"],"acf":[],"yoast_head":"<!-- This site is optimized with the Yoast SEO plugin v26.1.1 - https:\/\/yoast.com\/wordpress\/plugins\/seo\/ -->\n<title>INF\u00d3RMATE SOBRE EL S\u00cdNDROME DE HIPER\u00c9MESIS CANNABINOIDE - Every Brain Matters<\/title>\n<meta name=\"robots\" content=\"index, follow, max-snippet:-1, max-image-preview:large, max-video-preview:-1\" \/>\n<link rel=\"canonical\" href=\"https:\/\/everybrainmatters.org\/es\/informate-sobre-el-sindrome-de-hiperemesis-cannabinoide\/\" \/>\n<meta property=\"og:locale\" content=\"es_ES\" \/>\n<meta property=\"og:type\" content=\"article\" \/>\n<meta property=\"og:title\" content=\"INF\u00d3RMATE SOBRE EL S\u00cdNDROME DE HIPER\u00c9MESIS CANNABINOIDE - Every Brain Matters\" \/>\n<meta property=\"og:description\" content=\"\u00bfQu\u00e9 es el CHS, s\u00edndrome de hiper\u00e9mesis cannabinoide? El s\u00edndrome de hiper\u00e9mesis cannabinoide (SHC) es una afecci\u00f3n en la que...\" \/>\n<meta property=\"og:url\" content=\"https:\/\/everybrainmatters.org\/es\/informate-sobre-el-sindrome-de-hiperemesis-cannabinoide\/\" \/>\n<meta property=\"og:site_name\" content=\"Every Brain Matters\" \/>\n<meta property=\"article:modified_time\" content=\"2026-02-19T01:28:49+00:00\" \/>\n<meta property=\"og:image\" content=\"https:\/\/everybrainmatters.org\/wp-content\/uploads\/CHS-no-boarder.png\" \/>\n\t<meta property=\"og:image:width\" content=\"1280\" \/>\n\t<meta property=\"og:image:height\" content=\"720\" \/>\n\t<meta property=\"og:image:type\" content=\"image\/png\" \/>\n<meta name=\"twitter:card\" content=\"summary_large_image\" \/>\n<meta name=\"twitter:label1\" content=\"Est. reading time\" \/>\n\t<meta name=\"twitter:data1\" content=\"3 minutos\" \/>\n<script type=\"application\/ld+json\" class=\"yoast-schema-graph\">{\"@context\":\"https:\/\/schema.org\",\"@graph\":[{\"@type\":\"WebPage\",\"@id\":\"https:\/\/everybrainmatters.org\/es\/informate-sobre-el-sindrome-de-hiperemesis-cannabinoide\/\",\"url\":\"https:\/\/everybrainmatters.org\/es\/informate-sobre-el-sindrome-de-hiperemesis-cannabinoide\/\",\"name\":\"INF\u00d3RMATE SOBRE EL S\u00cdNDROME DE HIPER\u00c9MESIS CANNABINOIDE - Every Brain Matters\",\"isPartOf\":{\"@id\":\"https:\/\/everybrainmatters.org\/es\/#website\"},\"primaryImageOfPage\":{\"@id\":\"https:\/\/everybrainmatters.org\/es\/informate-sobre-el-sindrome-de-hiperemesis-cannabinoide\/#primaryimage\"},\"image\":{\"@id\":\"https:\/\/everybrainmatters.org\/es\/informate-sobre-el-sindrome-de-hiperemesis-cannabinoide\/#primaryimage\"},\"thumbnailUrl\":\"https:\/\/everybrainmatters.org\/wp-content\/uploads\/CHS-no-boarder.png\",\"datePublished\":\"2022-04-09T02:48:45+00:00\",\"dateModified\":\"2026-02-19T01:28:49+00:00\",\"breadcrumb\":{\"@id\":\"https:\/\/everybrainmatters.org\/es\/informate-sobre-el-sindrome-de-hiperemesis-cannabinoide\/#breadcrumb\"},\"inLanguage\":\"es-ES\",\"potentialAction\":[{\"@type\":\"ReadAction\",\"target\":[\"https:\/\/everybrainmatters.org\/es\/informate-sobre-el-sindrome-de-hiperemesis-cannabinoide\/\"]}]},{\"@type\":\"ImageObject\",\"inLanguage\":\"es-ES\",\"@id\":\"https:\/\/everybrainmatters.org\/es\/informate-sobre-el-sindrome-de-hiperemesis-cannabinoide\/#primaryimage\",\"url\":\"https:\/\/everybrainmatters.org\/wp-content\/uploads\/CHS-no-boarder.png\",\"contentUrl\":\"https:\/\/everybrainmatters.org\/wp-content\/uploads\/CHS-no-boarder.png\",\"width\":1280,\"height\":720},{\"@type\":\"BreadcrumbList\",\"@id\":\"https:\/\/everybrainmatters.org\/es\/informate-sobre-el-sindrome-de-hiperemesis-cannabinoide\/#breadcrumb\",\"itemListElement\":[{\"@type\":\"ListItem\",\"position\":1,\"name\":\"Home\",\"item\":\"https:\/\/everybrainmatters.org\/es\/\"},{\"@type\":\"ListItem\",\"position\":2,\"name\":\"INF\u00d3RMATE SOBRE EL S\u00cdNDROME DE HIPER\u00c9MESIS CANNABINOIDE\"}]},{\"@type\":\"WebSite\",\"@id\":\"https:\/\/everybrainmatters.org\/es\/#website\",\"url\":\"https:\/\/everybrainmatters.org\/es\/\",\"name\":\"Every Brain Matters\",\"description\":\"\",\"publisher\":{\"@id\":\"https:\/\/everybrainmatters.org\/es\/#organization\"},\"potentialAction\":[{\"@type\":\"SearchAction\",\"target\":{\"@type\":\"EntryPoint\",\"urlTemplate\":\"https:\/\/everybrainmatters.org\/es\/?s={search_term_string}\"},\"query-input\":{\"@type\":\"PropertyValueSpecification\",\"valueRequired\":true,\"valueName\":\"search_term_string\"}}],\"inLanguage\":\"es-ES\"},{\"@type\":\"Organization\",\"@id\":\"https:\/\/everybrainmatters.org\/es\/#organization\",\"name\":\"Every Brain Matters\",\"url\":\"https:\/\/everybrainmatters.org\/es\/\",\"logo\":{\"@type\":\"ImageObject\",\"inLanguage\":\"es-ES\",\"@id\":\"https:\/\/everybrainmatters.org\/es\/#\/schema\/logo\/image\/\",\"url\":\"https:\/\/everybrainmatters.org\/wp-content\/uploads\/AllBrains_3.jpg\",\"contentUrl\":\"https:\/\/everybrainmatters.org\/wp-content\/uploads\/AllBrains_3.jpg\",\"width\":1000,\"height\":1087,\"caption\":\"Every Brain Matters\"},\"image\":{\"@id\":\"https:\/\/everybrainmatters.org\/es\/#\/schema\/logo\/image\/\"}}]}<\/script>\n<!-- \/ Yoast SEO plugin. -->","yoast_head_json":{"title":"INF\u00d3RMATE SOBRE EL S\u00cdNDROME DE HIPER\u00c9MESIS CANNABINOIDE - Every Brain Matters","robots":{"index":"index","follow":"follow","max-snippet":"max-snippet:-1","max-image-preview":"max-image-preview:large","max-video-preview":"max-video-preview:-1"},"canonical":"https:\/\/everybrainmatters.org\/es\/informate-sobre-el-sindrome-de-hiperemesis-cannabinoide\/","og_locale":"es_ES","og_type":"article","og_title":"INF\u00d3RMATE SOBRE EL S\u00cdNDROME DE HIPER\u00c9MESIS CANNABINOIDE - Every Brain Matters","og_description":"\u00bfQu\u00e9 es el CHS, s\u00edndrome de hiper\u00e9mesis cannabinoide? El s\u00edndrome de hiper\u00e9mesis cannabinoide (SHC) es una afecci\u00f3n en la que...","og_url":"https:\/\/everybrainmatters.org\/es\/informate-sobre-el-sindrome-de-hiperemesis-cannabinoide\/","og_site_name":"Every Brain Matters","article_modified_time":"2026-02-19T01:28:49+00:00","og_image":[{"width":1280,"height":720,"url":"https:\/\/everybrainmatters.org\/wp-content\/uploads\/CHS-no-boarder.png","type":"image\/png"}],"twitter_card":"summary_large_image","twitter_misc":{"Est. reading time":"3 minutos"},"schema":{"@context":"https:\/\/schema.org","@graph":[{"@type":"WebPage","@id":"https:\/\/everybrainmatters.org\/es\/informate-sobre-el-sindrome-de-hiperemesis-cannabinoide\/","url":"https:\/\/everybrainmatters.org\/es\/informate-sobre-el-sindrome-de-hiperemesis-cannabinoide\/","name":"INF\u00d3RMATE SOBRE EL S\u00cdNDROME DE HIPER\u00c9MESIS CANNABINOIDE - Every Brain Matters","isPartOf":{"@id":"https:\/\/everybrainmatters.org\/es\/#website"},"primaryImageOfPage":{"@id":"https:\/\/everybrainmatters.org\/es\/informate-sobre-el-sindrome-de-hiperemesis-cannabinoide\/#primaryimage"},"image":{"@id":"https:\/\/everybrainmatters.org\/es\/informate-sobre-el-sindrome-de-hiperemesis-cannabinoide\/#primaryimage"},"thumbnailUrl":"https:\/\/everybrainmatters.org\/wp-content\/uploads\/CHS-no-boarder.png","datePublished":"2022-04-09T02:48:45+00:00","dateModified":"2026-02-19T01:28:49+00:00","breadcrumb":{"@id":"https:\/\/everybrainmatters.org\/es\/informate-sobre-el-sindrome-de-hiperemesis-cannabinoide\/#breadcrumb"},"inLanguage":"es-ES","potentialAction":[{"@type":"ReadAction","target":["https:\/\/everybrainmatters.org\/es\/informate-sobre-el-sindrome-de-hiperemesis-cannabinoide\/"]}]},{"@type":"ImageObject","inLanguage":"es-ES","@id":"https:\/\/everybrainmatters.org\/es\/informate-sobre-el-sindrome-de-hiperemesis-cannabinoide\/#primaryimage","url":"https:\/\/everybrainmatters.org\/wp-content\/uploads\/CHS-no-boarder.png","contentUrl":"https:\/\/everybrainmatters.org\/wp-content\/uploads\/CHS-no-boarder.png","width":1280,"height":720},{"@type":"BreadcrumbList","@id":"https:\/\/everybrainmatters.org\/es\/informate-sobre-el-sindrome-de-hiperemesis-cannabinoide\/#breadcrumb","itemListElement":[{"@type":"ListItem","position":1,"name":"Home","item":"https:\/\/everybrainmatters.org\/es\/"},{"@type":"ListItem","position":2,"name":"INF\u00d3RMATE SOBRE EL S\u00cdNDROME DE HIPER\u00c9MESIS CANNABINOIDE"}]},{"@type":"WebSite","@id":"https:\/\/everybrainmatters.org\/es\/#website","url":"https:\/\/everybrainmatters.org\/es\/","name":"Every Brain Matters","description":"","publisher":{"@id":"https:\/\/everybrainmatters.org\/es\/#organization"},"potentialAction":[{"@type":"SearchAction","target":{"@type":"EntryPoint","urlTemplate":"https:\/\/everybrainmatters.org\/es\/?s={search_term_string}"},"query-input":{"@type":"PropertyValueSpecification","valueRequired":true,"valueName":"search_term_string"}}],"inLanguage":"es-ES"},{"@type":"Organization","@id":"https:\/\/everybrainmatters.org\/es\/#organization","name":"Every Brain Matters","url":"https:\/\/everybrainmatters.org\/es\/","logo":{"@type":"ImageObject","inLanguage":"es-ES","@id":"https:\/\/everybrainmatters.org\/es\/#\/schema\/logo\/image\/","url":"https:\/\/everybrainmatters.org\/wp-content\/uploads\/AllBrains_3.jpg","contentUrl":"https:\/\/everybrainmatters.org\/wp-content\/uploads\/AllBrains_3.jpg","width":1000,"height":1087,"caption":"Every Brain Matters"},"image":{"@id":"https:\/\/everybrainmatters.org\/es\/#\/schema\/logo\/image\/"}}]}},"_links":{"self":[{"href":"https:\/\/everybrainmatters.org\/es\/wp-json\/wp\/v2\/pages\/47002","targetHints":{"allow":["GET"]}}],"collection":[{"href":"https:\/\/everybrainmatters.org\/es\/wp-json\/wp\/v2\/pages"}],"about":[{"href":"https:\/\/everybrainmatters.org\/es\/wp-json\/wp\/v2\/types\/page"}],"author":[{"embeddable":true,"href":"https:\/\/everybrainmatters.org\/es\/wp-json\/wp\/v2\/users\/11"}],"replies":[{"embeddable":true,"href":"https:\/\/everybrainmatters.org\/es\/wp-json\/wp\/v2\/comments?post=47002"}],"version-history":[{"count":4,"href":"https:\/\/everybrainmatters.org\/es\/wp-json\/wp\/v2\/pages\/47002\/revisions"}],"predecessor-version":[{"id":54294,"href":"https:\/\/everybrainmatters.org\/es\/wp-json\/wp\/v2\/pages\/47002\/revisions\/54294"}],"wp:featuredmedia":[{"embeddable":true,"href":"https:\/\/everybrainmatters.org\/es\/wp-json\/wp\/v2\/media\/47022"}],"wp:attachment":[{"href":"https:\/\/everybrainmatters.org\/es\/wp-json\/wp\/v2\/media?parent=47002"}],"curies":[{"name":"wp","href":"https:\/\/api.w.org\/{rel}","templated":true}]}}