{"id":47026,"date":"2022-04-04T15:02:04","date_gmt":"2022-04-04T20:02:04","guid":{"rendered":"https:\/\/everybrainmatters.org\/efectos-del-cannabis-en-las-zancadas-sistema-respiratorio\/"},"modified":"2025-10-21T09:08:48","modified_gmt":"2025-10-21T14:08:48","slug":"efectos-del-cannabis-en-las-zancadas-sistema-respiratorio","status":"publish","type":"page","link":"https:\/\/everybrainmatters.org\/es\/efectos-del-cannabis-en-las-zancadas-sistema-respiratorio\/","title":{"rendered":"Efectos del Cannabis en las Zancadas\/Sistema Respiratorio"},"content":{"rendered":"\n<hr class=\"wp-block-separator is-style-wide\"\/>\n\n<p><strong>Tos cr\u00f3nica y p\u00e9rdida de peso en un adolescente fumador de marihuana<\/strong><\/p>\n\n<p>Conclusi\u00f3n<br\/>En resumen, la PLCH aislada es una enfermedad pulmonar grave y poco frecuente que carece de tratamiento definitivo y puede causar insuficiencia respiratoria. La PLCH suele observarse en fumadores de tabaco adultos, pero este informe de caso es una prueba de que la PLCH aislada tambi\u00e9n puede observarse en la poblaci\u00f3n adolescente y adulta joven. Sostenemos que la PLCH<br\/>puede estar asociada no s\u00f3lo al consumo de tabaco, sino tambi\u00e9n al consumo excesivo de marihuana, dado que el tabaco y la marihuana contienen componentes qu\u00edmicos similares, y la marihuana tiene un potencial conocido de causar enfermedades pulmonares con caracter\u00edsticas similares a las observadas en la PLCH. En la actualidad, los adolescentes consumen ampliamente marihuana<br\/>y, a medida que se legalice la marihuana en m\u00e1s estados, es probable que siga aumentando su accesibilidad entre los adolescentes. Por ello, la asociaci\u00f3n entre el consumo de marihuana y las enfermedades pulmonares de los adolescentes debe ser una prioridad para futuras investigaciones. Adem\u00e1s, los pediatras generales deben ser conscientes de los posibles riesgos para la salud del consumo habitual de marihuana en sus pacientes adolescentes. Los pediatras deben preguntar sobre el consumo de marihuana y considerar su papel contribuyente al evaluar a los pacientes adolescentes con s\u00edntomas respiratorios o enfermedad pulmonar.      <\/p>\n\n<p><a href=\"https:\/\/www.ncbi.nlm.nih.gov\/pmc\/articles\/PMC8943543\/pdf\/10.1177_2050313X221085779.pdf\">https:\/\/www.ncbi.nlm.nih.gov\/pmc\/articles\/PMC8943543\/pdf\/10.1177_2050313X221085779.pdf<\/a><\/p>\n","protected":false},"excerpt":{"rendered":"<p>Tos cr\u00f3nica y p\u00e9rdida de peso en un adolescente fumador de marihuana Conclusi\u00f3nEn resumen, la PLCH aislada es una enfermedad&#8230;<\/p>\n","protected":false},"author":11,"featured_media":0,"parent":0,"menu_order":0,"comment_status":"closed","ping_status":"closed","template":"","meta":{"_acf_changed":false,"_editorskit_title_hidden":false,"_editorskit_reading_time":0,"_editorskit_is_block_options_detached":false,"_editorskit_block_options_position":"{}","footnotes":""},"class_list":["post-47026","page","type-page","status-publish","hentry"],"acf":[],"yoast_head":"<!-- This site is optimized with the Yoast SEO plugin v26.1.1 - https:\/\/yoast.com\/wordpress\/plugins\/seo\/ -->\n<title>Efectos del Cannabis en las Zancadas\/Sistema Respiratorio - Every Brain Matters<\/title>\n<meta name=\"robots\" content=\"index, follow, max-snippet:-1, max-image-preview:large, max-video-preview:-1\" \/>\n<link rel=\"canonical\" href=\"https:\/\/everybrainmatters.org\/es\/efectos-del-cannabis-en-las-zancadas-sistema-respiratorio\/\" \/>\n<meta property=\"og:locale\" content=\"es_ES\" \/>\n<meta property=\"og:type\" content=\"article\" \/>\n<meta property=\"og:title\" content=\"Efectos del Cannabis en las Zancadas\/Sistema Respiratorio - Every Brain Matters\" \/>\n<meta property=\"og:description\" content=\"Tos cr\u00f3nica y p\u00e9rdida de peso en un adolescente fumador de marihuana Conclusi\u00f3nEn resumen, la PLCH aislada es una enfermedad...\" \/>\n<meta property=\"og:url\" content=\"https:\/\/everybrainmatters.org\/es\/efectos-del-cannabis-en-las-zancadas-sistema-respiratorio\/\" \/>\n<meta property=\"og:site_name\" content=\"Every Brain Matters\" \/>\n<meta property=\"article:modified_time\" content=\"2025-10-21T14:08:48+00:00\" \/>\n<meta property=\"og:image\" content=\"https:\/\/everybrainmatters.org\/wp-content\/uploads\/AllBrains_3.jpg\" \/>\n\t<meta property=\"og:image:width\" content=\"1000\" \/>\n\t<meta property=\"og:image:height\" content=\"1087\" \/>\n\t<meta property=\"og:image:type\" content=\"image\/jpeg\" \/>\n<meta name=\"twitter:card\" content=\"summary_large_image\" \/>\n<meta name=\"twitter:label1\" content=\"Est. reading time\" \/>\n\t<meta name=\"twitter:data1\" content=\"1 minuto\" \/>\n<script type=\"application\/ld+json\" class=\"yoast-schema-graph\">{\"@context\":\"https:\/\/schema.org\",\"@graph\":[{\"@type\":\"WebPage\",\"@id\":\"https:\/\/everybrainmatters.org\/es\/efectos-del-cannabis-en-las-zancadas-sistema-respiratorio\/\",\"url\":\"https:\/\/everybrainmatters.org\/es\/efectos-del-cannabis-en-las-zancadas-sistema-respiratorio\/\",\"name\":\"Efectos del Cannabis en las Zancadas\/Sistema Respiratorio - Every Brain Matters\",\"isPartOf\":{\"@id\":\"https:\/\/everybrainmatters.org\/es\/#website\"},\"datePublished\":\"2022-04-04T20:02:04+00:00\",\"dateModified\":\"2025-10-21T14:08:48+00:00\",\"breadcrumb\":{\"@id\":\"https:\/\/everybrainmatters.org\/es\/efectos-del-cannabis-en-las-zancadas-sistema-respiratorio\/#breadcrumb\"},\"inLanguage\":\"es-ES\",\"potentialAction\":[{\"@type\":\"ReadAction\",\"target\":[\"https:\/\/everybrainmatters.org\/es\/efectos-del-cannabis-en-las-zancadas-sistema-respiratorio\/\"]}]},{\"@type\":\"BreadcrumbList\",\"@id\":\"https:\/\/everybrainmatters.org\/es\/efectos-del-cannabis-en-las-zancadas-sistema-respiratorio\/#breadcrumb\",\"itemListElement\":[{\"@type\":\"ListItem\",\"position\":1,\"name\":\"Home\",\"item\":\"https:\/\/everybrainmatters.org\/es\/\"},{\"@type\":\"ListItem\",\"position\":2,\"name\":\"Efectos del Cannabis en las Zancadas\/Sistema Respiratorio\"}]},{\"@type\":\"WebSite\",\"@id\":\"https:\/\/everybrainmatters.org\/es\/#website\",\"url\":\"https:\/\/everybrainmatters.org\/es\/\",\"name\":\"Every Brain Matters\",\"description\":\"\",\"publisher\":{\"@id\":\"https:\/\/everybrainmatters.org\/es\/#organization\"},\"potentialAction\":[{\"@type\":\"SearchAction\",\"target\":{\"@type\":\"EntryPoint\",\"urlTemplate\":\"https:\/\/everybrainmatters.org\/es\/?s={search_term_string}\"},\"query-input\":{\"@type\":\"PropertyValueSpecification\",\"valueRequired\":true,\"valueName\":\"search_term_string\"}}],\"inLanguage\":\"es-ES\"},{\"@type\":\"Organization\",\"@id\":\"https:\/\/everybrainmatters.org\/es\/#organization\",\"name\":\"Every Brain Matters\",\"url\":\"https:\/\/everybrainmatters.org\/es\/\",\"logo\":{\"@type\":\"ImageObject\",\"inLanguage\":\"es-ES\",\"@id\":\"https:\/\/everybrainmatters.org\/es\/#\/schema\/logo\/image\/\",\"url\":\"https:\/\/everybrainmatters.org\/wp-content\/uploads\/AllBrains_3.jpg\",\"contentUrl\":\"https:\/\/everybrainmatters.org\/wp-content\/uploads\/AllBrains_3.jpg\",\"width\":1000,\"height\":1087,\"caption\":\"Every Brain Matters\"},\"image\":{\"@id\":\"https:\/\/everybrainmatters.org\/es\/#\/schema\/logo\/image\/\"}}]}<\/script>\n<!-- \/ Yoast SEO plugin. -->","yoast_head_json":{"title":"Efectos del Cannabis en las Zancadas\/Sistema Respiratorio - Every Brain Matters","robots":{"index":"index","follow":"follow","max-snippet":"max-snippet:-1","max-image-preview":"max-image-preview:large","max-video-preview":"max-video-preview:-1"},"canonical":"https:\/\/everybrainmatters.org\/es\/efectos-del-cannabis-en-las-zancadas-sistema-respiratorio\/","og_locale":"es_ES","og_type":"article","og_title":"Efectos del Cannabis en las Zancadas\/Sistema Respiratorio - Every Brain Matters","og_description":"Tos cr\u00f3nica y p\u00e9rdida de peso en un adolescente fumador de marihuana Conclusi\u00f3nEn resumen, la PLCH aislada es una enfermedad...","og_url":"https:\/\/everybrainmatters.org\/es\/efectos-del-cannabis-en-las-zancadas-sistema-respiratorio\/","og_site_name":"Every Brain Matters","article_modified_time":"2025-10-21T14:08:48+00:00","og_image":[{"width":1000,"height":1087,"url":"https:\/\/everybrainmatters.org\/wp-content\/uploads\/AllBrains_3.jpg","type":"image\/jpeg"}],"twitter_card":"summary_large_image","twitter_misc":{"Est. reading time":"1 minuto"},"schema":{"@context":"https:\/\/schema.org","@graph":[{"@type":"WebPage","@id":"https:\/\/everybrainmatters.org\/es\/efectos-del-cannabis-en-las-zancadas-sistema-respiratorio\/","url":"https:\/\/everybrainmatters.org\/es\/efectos-del-cannabis-en-las-zancadas-sistema-respiratorio\/","name":"Efectos del Cannabis en las Zancadas\/Sistema Respiratorio - Every Brain Matters","isPartOf":{"@id":"https:\/\/everybrainmatters.org\/es\/#website"},"datePublished":"2022-04-04T20:02:04+00:00","dateModified":"2025-10-21T14:08:48+00:00","breadcrumb":{"@id":"https:\/\/everybrainmatters.org\/es\/efectos-del-cannabis-en-las-zancadas-sistema-respiratorio\/#breadcrumb"},"inLanguage":"es-ES","potentialAction":[{"@type":"ReadAction","target":["https:\/\/everybrainmatters.org\/es\/efectos-del-cannabis-en-las-zancadas-sistema-respiratorio\/"]}]},{"@type":"BreadcrumbList","@id":"https:\/\/everybrainmatters.org\/es\/efectos-del-cannabis-en-las-zancadas-sistema-respiratorio\/#breadcrumb","itemListElement":[{"@type":"ListItem","position":1,"name":"Home","item":"https:\/\/everybrainmatters.org\/es\/"},{"@type":"ListItem","position":2,"name":"Efectos del Cannabis en las Zancadas\/Sistema Respiratorio"}]},{"@type":"WebSite","@id":"https:\/\/everybrainmatters.org\/es\/#website","url":"https:\/\/everybrainmatters.org\/es\/","name":"Every Brain Matters","description":"","publisher":{"@id":"https:\/\/everybrainmatters.org\/es\/#organization"},"potentialAction":[{"@type":"SearchAction","target":{"@type":"EntryPoint","urlTemplate":"https:\/\/everybrainmatters.org\/es\/?s={search_term_string}"},"query-input":{"@type":"PropertyValueSpecification","valueRequired":true,"valueName":"search_term_string"}}],"inLanguage":"es-ES"},{"@type":"Organization","@id":"https:\/\/everybrainmatters.org\/es\/#organization","name":"Every Brain Matters","url":"https:\/\/everybrainmatters.org\/es\/","logo":{"@type":"ImageObject","inLanguage":"es-ES","@id":"https:\/\/everybrainmatters.org\/es\/#\/schema\/logo\/image\/","url":"https:\/\/everybrainmatters.org\/wp-content\/uploads\/AllBrains_3.jpg","contentUrl":"https:\/\/everybrainmatters.org\/wp-content\/uploads\/AllBrains_3.jpg","width":1000,"height":1087,"caption":"Every Brain Matters"},"image":{"@id":"https:\/\/everybrainmatters.org\/es\/#\/schema\/logo\/image\/"}}]}},"_links":{"self":[{"href":"https:\/\/everybrainmatters.org\/es\/wp-json\/wp\/v2\/pages\/47026","targetHints":{"allow":["GET"]}}],"collection":[{"href":"https:\/\/everybrainmatters.org\/es\/wp-json\/wp\/v2\/pages"}],"about":[{"href":"https:\/\/everybrainmatters.org\/es\/wp-json\/wp\/v2\/types\/page"}],"author":[{"embeddable":true,"href":"https:\/\/everybrainmatters.org\/es\/wp-json\/wp\/v2\/users\/11"}],"replies":[{"embeddable":true,"href":"https:\/\/everybrainmatters.org\/es\/wp-json\/wp\/v2\/comments?post=47026"}],"version-history":[{"count":0,"href":"https:\/\/everybrainmatters.org\/es\/wp-json\/wp\/v2\/pages\/47026\/revisions"}],"wp:attachment":[{"href":"https:\/\/everybrainmatters.org\/es\/wp-json\/wp\/v2\/media?parent=47026"}],"curies":[{"name":"wp","href":"https:\/\/api.w.org\/{rel}","templated":true}]}}