{"id":47027,"date":"2022-03-11T08:28:51","date_gmt":"2022-03-11T14:28:51","guid":{"rendered":"https:\/\/everybrainmatters.org\/danos-geneticos-de-la-marihuana\/"},"modified":"2025-10-21T09:08:58","modified_gmt":"2025-10-21T14:08:58","slug":"danos-geneticos-de-la-marihuana","status":"publish","type":"page","link":"https:\/\/everybrainmatters.org\/es\/danos-geneticos-de-la-marihuana\/","title":{"rendered":"Da\u00f1os gen\u00e9ticos de la marihuana"},"content":{"rendered":"\n<ul class=\"wp-block-list\" style=\"font-size:17px\"><li><a href=\"https:\/\/www.sciencedirect.com\/science\/article\/abs\/pii\/S0376871622001004\" class=\"ek-link\">Consumo de marihuana a lo largo de la vida y aceleraci\u00f3n epigen\u00e9tica de la edad: Un examen prospectivo de 17<\/a> a\u00f1os 2022, 1 de abril<\/li><li><a href=\"https:\/\/bmcpediatr.biomedcentral.com\/articles\/10.1186\/s12887-021-02996-3\" class=\"ek-link\">An\u00e1lisis epidemiol\u00f3gico geotemporal y de inferencia causal de la encuesta estadounidense y visi\u00f3n general de la genotoxicidad del cannabis, el cannabidiol y los cannabinoides en relaci\u00f3n con las anomal\u00edas cong\u00e9nitas 2001-2015<\/a> 2022, 19 de enero<\/li><li><a href=\"https:\/\/wraltechwire.com\/2019\/11\/05\/unc-study-even-one-time-marijuana-use-can-cause-birth-defects-especially-if-used-with-alcohol\/\" class=\"ek-link\">Incluso el consumo \u00fanico de marihuana puede causar malformaciones cong\u00e9nitas, especialmente si se consume con alcohol<\/a> 2019, 5 de noviembre<\/li><li><a href=\"https:\/\/www.ncbi.nlm.nih.gov\/pmc\/articles\/PMC6515386\/\" class=\"ek-link\">Efectos da\u00f1inos en el ADN, respuestas al estr\u00e9s oxidativo y actividad de la colinesterasa en la sangre y el cerebro de ratas Wistar expuestas al <sup>\u03949-Tetrahidrocannabinol<\/sup><\/a> 2019 18 de abril<\/li><li><a href=\"https:\/\/www.tandfonline.com\/doi\/abs\/10.3109\/10826089009067003\" class=\"ek-link\">Efectos gen\u00e9ticos de la marihuana<\/a> 2009, 3 de julio<\/li><\/ul>\n\n<hr class=\"wp-block-separator has-alpha-channel-opacity\"\/>\n\n<div class=\"wp-block-columns is-layout-flex wp-container-core-columns-is-layout-9d6595d7 wp-block-columns-is-layout-flex\">\n<div class=\"wp-block-column is-layout-flow wp-block-column-is-layout-flow\">\n<p style=\"font-size:16px\"><a href=\"https:\/\/www.sciencedirect.com\/science\/article\/abs\/pii\/S0376871622001004\" class=\"ek-link\">Consumo de marihuana a lo largo de la vida y aceleraci\u00f3n epigen\u00e9tica de la edad: Un examen prospectivo de 17 a\u00f1os<\/a> <em>Science Direct <\/em>2022, 1 de abril<\/p>\n\n\n\n<p id=\"sp0065\" style=\"font-size:16px\">El consumo de marihuana durante toda la vida predijo un envejecimiento epigen\u00e9tico acelerado, y los efectos se mantuvieron incluso despu\u00e9s de covariar los recuentos celulares, los factores demogr\u00e1ficos y la edad cronol\u00f3gica. Se observ\u00f3 un efecto dosis-respuesta y tambi\u00e9n hubo pruebas de que los efectos depend\u00edan de la recencia del consumo. Los efectos del consumo de marihuana parec\u00edan estar totalmente mediados por la hipometilaci\u00f3n de un sitio relacionado con los efectos de la inhalaci\u00f3n de hidrocarburos (cg05575921).    <br\/>El consumo de marihuana predijo cambios epigen\u00e9ticos relacionados con el envejecimiento acelerado, con pruebas que sugieren que los efectos pueden deberse principalmente a la inhalaci\u00f3n de hidrocarburos entre los fumadores de marihuana&#8230;.<\/p>\n<\/div>\n\n\n\n<div class=\"wp-block-column is-layout-flow wp-block-column-is-layout-flow\">\n<p style=\"font-size:16px\"><a href=\"https:\/\/bmcpediatr.biomedcentral.com\/articles\/10.1186\/s12887-021-02996-3\" class=\"ek-link\">An\u00e1lisis epidemiol\u00f3gico geotemporoespacial y de inferencia causal de la encuesta estadounidense y visi\u00f3n general de la genotoxicidad del cannabis, el cannabidiol y los cannabinoides en relaci\u00f3n con las anomal\u00edas cong\u00e9nitas 2001-2015<\/a> <br\/><em>BMC Pediatrics<\/em> 2022, 19 de enero<\/p>\n\n\n\n<p style=\"font-size:16px\">ata implican a los cannabinoides, incluido el cannabidiol, en un espectro diverso de AC hereditarias. Las relaciones dosis-respuesta no lineales sigmoidales son muy preocupantes. <\/p>\n\n\n\n<p style=\"font-size:16px\">Estos efectos teratog\u00e9nicos transgeneracionales genot\u00f3xicos, epigenot\u00f3xicos, cromos\u00f3mico-t\u00f3xicos putativamente causales indican fuertemente las fuertes restricciones a la penetraci\u00f3n de cannabinoides comunitarios&#8230;<\/p>\n<\/div>\n<\/div>\n\n<hr class=\"wp-block-separator has-alpha-channel-opacity\"\/>\n\n<div class=\"wp-block-columns is-layout-flex wp-container-core-columns-is-layout-9d6595d7 wp-block-columns-is-layout-flex\">\n<div class=\"wp-block-column is-layout-flow wp-block-column-is-layout-flow\">\n<p style=\"font-size:17px\"><a href=\"https:\/\/wraltechwire.com\/2019\/11\/05\/unc-study-even-one-time-marijuana-use-can-cause-birth-defects-especially-if-used-with-alcohol\/\" class=\"ek-link\">Incluso el consumo \u00fanico de marihuana puede causar defectos de nacimiento, especialmente si se consume con alcohol<\/a> <br\/><em>TechWire<\/em> 2019, 5 de noviembre<\/p>\n\n\n\n<p style=\"font-size:16px\">Un nuevo estudio publicado en Scientific Reports, una revista de Nature Research, muestra c\u00f3mo una exposici\u00f3n \u00fanica durante las primeras etapas del embarazo a los incredientes de la marihuana conocidos como cannabinoides (CB) -tanto sint\u00e9ticos como naturales- puede causar problemas de crecimiento en un embri\u00f3n en desarrollo. Se trata de la primera investigaci\u00f3n que demuestra tal conexi\u00f3n en mam\u00edferos. <\/p>\n\n\n\n<p style=\"font-size:16px\">\u00abEs preocupante lo poco que sabemos sobre el consumo de marihuana, sus CB y productos como el aceite de CBD durante el embarazo\u00bb, declar\u00f3 Parnell. \u00abSabemos que no existe un periodo seguro para beber alcohol durante el embarazo, y creo que esta investigaci\u00f3n demuestra que probablemente ocurra lo mismo con el consumo de marihuana\u00bb&#8230;. <\/p>\n<\/div>\n\n\n\n<div class=\"wp-block-column is-layout-flow wp-block-column-is-layout-flow\">\n<p style=\"font-size:16px\"><a href=\"https:\/\/www.ncbi.nlm.nih.gov\/pmc\/articles\/PMC6515386\/\" class=\"ek-link\">Efectos da\u00f1inos en el ADN, respuestas al estr\u00e9s oxidativo y actividad de la colinesterasa en la sangre y el cerebro de ratas Wistar expuestas al <sup>\u03949-Tetrahidrocannabinol<\/sup><\/a> <br\/>The <em>National<\/em> Center for <em>Biotechnology Information<\/em> 2019 18 de abril<\/p>\n\n\n\n<p style=\"font-size:16px\">El presente estudio es el primero que eval\u00faa y documenta que el THC administrado a ratas a una dosis comparable a las que se encuentran en preparados il\u00edcitos fue capaz de provocar da\u00f1os de baja magnitud en el ADN de los gl\u00f3bulos blancos y las c\u00e9lulas cerebrales de las ratas, detectables mediante el ensayo del cometa alcalino. Se trata de una informaci\u00f3n novedosa que no se conoc\u00eda hasta ahora. Mientras que en nuestro trabajo anterior<a href=\"https:\/\/www.ncbi.nlm.nih.gov\/pmc\/articles\/PMC6515386\/#B20-molecules-24-01560\">[20<\/a>] demostramos que el THC produc\u00eda efectos genot\u00f3xicos en los hepatocitos de rata tras siete d\u00edas de exposici\u00f3n repetida, este estudio aporta pruebas de que las c\u00e9lulas cerebrales y los gl\u00f3bulos blancos respondieron con aumentos significativos de da\u00f1os en el ADN mucho antes que los hepatocitos. Estos resultados indican una susceptibilidad gen\u00f3mica diferente de los tipos celulares mencionados, as\u00ed como diferencias dependientes del tiempo en el da\u00f1o del ADN causado por el THC en los gl\u00f3bulos blancos, los hepatocitos y las c\u00e9lulas cerebrales de las ratas expuestas. En conjunto, los resultados del ensayo cometa descritos en el estudio precedente y en el presente sugieren que las c\u00e9lulas cerebrales son las m\u00e1s vulnerables a la exposici\u00f3n al THC a una dosis comparable a las encontradas en preparados il\u00edcitos&#8230;    <\/p>\n<\/div>\n<\/div>\n\n<hr class=\"wp-block-separator has-alpha-channel-opacity\"\/>\n\n<div class=\"wp-block-columns is-layout-flex wp-container-core-columns-is-layout-9d6595d7 wp-block-columns-is-layout-flex\">\n<div class=\"wp-block-column is-layout-flow wp-block-column-is-layout-flow\">\n<p style=\"font-size:16px\"><a href=\"https:\/\/www.tandfonline.com\/doi\/abs\/10.3109\/10826089009067003\" class=\"ek-link\">Efectos gen\u00e9ticos de la marihuana<\/a> <br\/>Centro <em>Nacional<\/em> de <em>Informaci\u00f3n Biotecnol\u00f3gica<\/em> 2009, 3 de julio<br\/><br\/>La marihuana y sus cannabinoides constitutivos -tetrahidrocannabinol (THC), cannabinol (CBN) y cannabidiol (CBD)- afectan notablemente a las c\u00e9lulas de mam\u00edferos. Los estudios citogen\u00e9ticos han revelado que los cannabinoides inducen aberraciones cromos\u00f3micas tanto en estudios in vivo como in vitro. Estas aberraciones incluyen roturas cromos\u00f3micas, deleciones, translocaciones, errores en la segregaci\u00f3n cromos\u00f3mica e hipoploid\u00eda, y se deben a la acci\u00f3n clastog\u00e9nica de los cannabinoides o a la interrupci\u00f3n de los acontecimientos mit\u00f3ticos inducida por los cannabinoides, o a ambas. Los informes contradictorios sobre los efectos citogen\u00e9ticos de los cannabinoides se explican en parte por los diferentes protocolos experimentales, tipos de c\u00e9lulas y animales utilizados por los investigadores. Los cannabinoides tambi\u00e9n suprimen la s\u00edntesis macromolecular (ADN, ARN y prote\u00ednas), as\u00ed como reducen el nivel de expresi\u00f3n g\u00e9nica de las histonas. En general, estos estudios demuestran que los cannabinoides son perjudiciales para la salud de un individuo&#8230;     <\/p>\n<\/div>\n\n\n\n<div class=\"wp-block-column is-layout-flow wp-block-column-is-layout-flow\"><\/div>\n<\/div>\n\n<div class=\"wp-block-buttons is-layout-flex wp-block-buttons-is-layout-flex\"><\/div>\n","protected":false},"excerpt":{"rendered":"<p>Consumo de marihuana a lo largo de la vida y aceleraci\u00f3n epigen\u00e9tica de la edad: Un examen prospectivo de 17&#8230;<\/p>\n","protected":false},"author":11,"featured_media":0,"parent":0,"menu_order":0,"comment_status":"closed","ping_status":"closed","template":"","meta":{"_acf_changed":false,"_editorskit_title_hidden":false,"_editorskit_reading_time":0,"_editorskit_is_block_options_detached":false,"_editorskit_block_options_position":"{}","footnotes":""},"class_list":["post-47027","page","type-page","status-publish","hentry"],"acf":[],"yoast_head":"<!-- This site is optimized with the Yoast SEO plugin v26.1.1 - https:\/\/yoast.com\/wordpress\/plugins\/seo\/ -->\n<title>Da\u00f1os gen\u00e9ticos de la marihuana - Every Brain Matters<\/title>\n<meta name=\"robots\" content=\"index, follow, max-snippet:-1, max-image-preview:large, max-video-preview:-1\" \/>\n<link rel=\"canonical\" href=\"https:\/\/everybrainmatters.org\/es\/danos-geneticos-de-la-marihuana\/\" \/>\n<meta property=\"og:locale\" content=\"es_ES\" \/>\n<meta property=\"og:type\" content=\"article\" \/>\n<meta property=\"og:title\" content=\"Da\u00f1os gen\u00e9ticos de la marihuana - Every Brain Matters\" \/>\n<meta property=\"og:description\" content=\"Consumo de marihuana a lo largo de la vida y aceleraci\u00f3n epigen\u00e9tica de la edad: Un examen prospectivo de 17...\" \/>\n<meta property=\"og:url\" content=\"https:\/\/everybrainmatters.org\/es\/danos-geneticos-de-la-marihuana\/\" \/>\n<meta property=\"og:site_name\" content=\"Every Brain Matters\" \/>\n<meta property=\"article:modified_time\" content=\"2025-10-21T14:08:58+00:00\" \/>\n<meta property=\"og:image\" content=\"https:\/\/everybrainmatters.org\/wp-content\/uploads\/AllBrains_3.jpg\" \/>\n\t<meta property=\"og:image:width\" content=\"1000\" \/>\n\t<meta property=\"og:image:height\" content=\"1087\" \/>\n\t<meta property=\"og:image:type\" content=\"image\/jpeg\" \/>\n<meta name=\"twitter:card\" content=\"summary_large_image\" \/>\n<meta name=\"twitter:label1\" content=\"Est. reading time\" \/>\n\t<meta name=\"twitter:data1\" content=\"5 minutos\" \/>\n<script type=\"application\/ld+json\" class=\"yoast-schema-graph\">{\"@context\":\"https:\/\/schema.org\",\"@graph\":[{\"@type\":\"WebPage\",\"@id\":\"https:\/\/everybrainmatters.org\/es\/danos-geneticos-de-la-marihuana\/\",\"url\":\"https:\/\/everybrainmatters.org\/es\/danos-geneticos-de-la-marihuana\/\",\"name\":\"Da\u00f1os gen\u00e9ticos de la marihuana - Every Brain Matters\",\"isPartOf\":{\"@id\":\"https:\/\/everybrainmatters.org\/es\/#website\"},\"datePublished\":\"2022-03-11T14:28:51+00:00\",\"dateModified\":\"2025-10-21T14:08:58+00:00\",\"breadcrumb\":{\"@id\":\"https:\/\/everybrainmatters.org\/es\/danos-geneticos-de-la-marihuana\/#breadcrumb\"},\"inLanguage\":\"es-ES\",\"potentialAction\":[{\"@type\":\"ReadAction\",\"target\":[\"https:\/\/everybrainmatters.org\/es\/danos-geneticos-de-la-marihuana\/\"]}]},{\"@type\":\"BreadcrumbList\",\"@id\":\"https:\/\/everybrainmatters.org\/es\/danos-geneticos-de-la-marihuana\/#breadcrumb\",\"itemListElement\":[{\"@type\":\"ListItem\",\"position\":1,\"name\":\"Home\",\"item\":\"https:\/\/everybrainmatters.org\/es\/\"},{\"@type\":\"ListItem\",\"position\":2,\"name\":\"Da\u00f1os gen\u00e9ticos de la marihuana\"}]},{\"@type\":\"WebSite\",\"@id\":\"https:\/\/everybrainmatters.org\/es\/#website\",\"url\":\"https:\/\/everybrainmatters.org\/es\/\",\"name\":\"Every Brain Matters\",\"description\":\"\",\"publisher\":{\"@id\":\"https:\/\/everybrainmatters.org\/es\/#organization\"},\"potentialAction\":[{\"@type\":\"SearchAction\",\"target\":{\"@type\":\"EntryPoint\",\"urlTemplate\":\"https:\/\/everybrainmatters.org\/es\/?s={search_term_string}\"},\"query-input\":{\"@type\":\"PropertyValueSpecification\",\"valueRequired\":true,\"valueName\":\"search_term_string\"}}],\"inLanguage\":\"es-ES\"},{\"@type\":\"Organization\",\"@id\":\"https:\/\/everybrainmatters.org\/es\/#organization\",\"name\":\"Every Brain Matters\",\"url\":\"https:\/\/everybrainmatters.org\/es\/\",\"logo\":{\"@type\":\"ImageObject\",\"inLanguage\":\"es-ES\",\"@id\":\"https:\/\/everybrainmatters.org\/es\/#\/schema\/logo\/image\/\",\"url\":\"https:\/\/everybrainmatters.org\/wp-content\/uploads\/AllBrains_3.jpg\",\"contentUrl\":\"https:\/\/everybrainmatters.org\/wp-content\/uploads\/AllBrains_3.jpg\",\"width\":1000,\"height\":1087,\"caption\":\"Every Brain Matters\"},\"image\":{\"@id\":\"https:\/\/everybrainmatters.org\/es\/#\/schema\/logo\/image\/\"}}]}<\/script>\n<!-- \/ Yoast SEO plugin. -->","yoast_head_json":{"title":"Da\u00f1os gen\u00e9ticos de la marihuana - Every Brain Matters","robots":{"index":"index","follow":"follow","max-snippet":"max-snippet:-1","max-image-preview":"max-image-preview:large","max-video-preview":"max-video-preview:-1"},"canonical":"https:\/\/everybrainmatters.org\/es\/danos-geneticos-de-la-marihuana\/","og_locale":"es_ES","og_type":"article","og_title":"Da\u00f1os gen\u00e9ticos de la marihuana - Every Brain Matters","og_description":"Consumo de marihuana a lo largo de la vida y aceleraci\u00f3n epigen\u00e9tica de la edad: Un examen prospectivo de 17...","og_url":"https:\/\/everybrainmatters.org\/es\/danos-geneticos-de-la-marihuana\/","og_site_name":"Every Brain Matters","article_modified_time":"2025-10-21T14:08:58+00:00","og_image":[{"width":1000,"height":1087,"url":"https:\/\/everybrainmatters.org\/wp-content\/uploads\/AllBrains_3.jpg","type":"image\/jpeg"}],"twitter_card":"summary_large_image","twitter_misc":{"Est. reading time":"5 minutos"},"schema":{"@context":"https:\/\/schema.org","@graph":[{"@type":"WebPage","@id":"https:\/\/everybrainmatters.org\/es\/danos-geneticos-de-la-marihuana\/","url":"https:\/\/everybrainmatters.org\/es\/danos-geneticos-de-la-marihuana\/","name":"Da\u00f1os gen\u00e9ticos de la marihuana - Every Brain Matters","isPartOf":{"@id":"https:\/\/everybrainmatters.org\/es\/#website"},"datePublished":"2022-03-11T14:28:51+00:00","dateModified":"2025-10-21T14:08:58+00:00","breadcrumb":{"@id":"https:\/\/everybrainmatters.org\/es\/danos-geneticos-de-la-marihuana\/#breadcrumb"},"inLanguage":"es-ES","potentialAction":[{"@type":"ReadAction","target":["https:\/\/everybrainmatters.org\/es\/danos-geneticos-de-la-marihuana\/"]}]},{"@type":"BreadcrumbList","@id":"https:\/\/everybrainmatters.org\/es\/danos-geneticos-de-la-marihuana\/#breadcrumb","itemListElement":[{"@type":"ListItem","position":1,"name":"Home","item":"https:\/\/everybrainmatters.org\/es\/"},{"@type":"ListItem","position":2,"name":"Da\u00f1os gen\u00e9ticos de la marihuana"}]},{"@type":"WebSite","@id":"https:\/\/everybrainmatters.org\/es\/#website","url":"https:\/\/everybrainmatters.org\/es\/","name":"Every Brain Matters","description":"","publisher":{"@id":"https:\/\/everybrainmatters.org\/es\/#organization"},"potentialAction":[{"@type":"SearchAction","target":{"@type":"EntryPoint","urlTemplate":"https:\/\/everybrainmatters.org\/es\/?s={search_term_string}"},"query-input":{"@type":"PropertyValueSpecification","valueRequired":true,"valueName":"search_term_string"}}],"inLanguage":"es-ES"},{"@type":"Organization","@id":"https:\/\/everybrainmatters.org\/es\/#organization","name":"Every Brain Matters","url":"https:\/\/everybrainmatters.org\/es\/","logo":{"@type":"ImageObject","inLanguage":"es-ES","@id":"https:\/\/everybrainmatters.org\/es\/#\/schema\/logo\/image\/","url":"https:\/\/everybrainmatters.org\/wp-content\/uploads\/AllBrains_3.jpg","contentUrl":"https:\/\/everybrainmatters.org\/wp-content\/uploads\/AllBrains_3.jpg","width":1000,"height":1087,"caption":"Every Brain Matters"},"image":{"@id":"https:\/\/everybrainmatters.org\/es\/#\/schema\/logo\/image\/"}}]}},"_links":{"self":[{"href":"https:\/\/everybrainmatters.org\/es\/wp-json\/wp\/v2\/pages\/47027","targetHints":{"allow":["GET"]}}],"collection":[{"href":"https:\/\/everybrainmatters.org\/es\/wp-json\/wp\/v2\/pages"}],"about":[{"href":"https:\/\/everybrainmatters.org\/es\/wp-json\/wp\/v2\/types\/page"}],"author":[{"embeddable":true,"href":"https:\/\/everybrainmatters.org\/es\/wp-json\/wp\/v2\/users\/11"}],"replies":[{"embeddable":true,"href":"https:\/\/everybrainmatters.org\/es\/wp-json\/wp\/v2\/comments?post=47027"}],"version-history":[{"count":0,"href":"https:\/\/everybrainmatters.org\/es\/wp-json\/wp\/v2\/pages\/47027\/revisions"}],"wp:attachment":[{"href":"https:\/\/everybrainmatters.org\/es\/wp-json\/wp\/v2\/media?parent=47027"}],"curies":[{"name":"wp","href":"https:\/\/api.w.org\/{rel}","templated":true}]}}