{"id":47032,"date":"2022-03-02T15:49:49","date_gmt":"2022-03-02T21:49:49","guid":{"rendered":"https:\/\/everybrainmatters.org\/no-permitas-la-expansion-de-la-marihuana-en-kansas\/"},"modified":"2025-10-21T09:09:00","modified_gmt":"2025-10-21T14:09:00","slug":"no-permitas-la-expansion-de-la-marihuana-en-kansas","status":"publish","type":"page","link":"https:\/\/everybrainmatters.org\/es\/no-permitas-la-expansion-de-la-marihuana-en-kansas\/","title":{"rendered":"No permitas la expansi\u00f3n de la marihuana en Kansas."},"content":{"rendered":"\n<h4 class=\"wp-block-heading\">La marihuana legal es m\u00e1s peligrosa y amenaza la vida que nunca<\/h4>\n\n<p>Consulta estos recursos proporcionados por La Comunidad de Cada Cerebro Importa.  <\/p>\n\n<p><\/p>\n\n<h5 class=\"wp-block-heading\">Di no a la expansi\u00f3n de la marihuana<\/h5>\n\n<div data-wp-interactive=\"core\/file\" class=\"wp-block-file\"><object data-wp-bind--hidden=\"!state.hasPdfPreview\" hidden class=\"wp-block-file__embed\" data=\"https:\/\/everybrainmatters.org\/wp-content\/uploads\/Say-No-To-Marijuana-Expansion-with-resources-1.pdf\" type=\"application\/pdf\" style=\"width:100%;height:600px\" aria-label=\"Embed of Embed of Say No To Marijuana Expansion with resources..\"><\/object><a id=\"wp-block-file--media-86c11142-fa3b-43b5-94f3-d6040450aaf0\" href=\"https:\/\/everybrainmatters.org\/wp-content\/uploads\/Say-No-To-Marijuana-Expansion-with-resources-1.pdf\">Di no a la expansi\u00f3n de la marihuana con recursos<\/a><a href=\"https:\/\/everybrainmatters.org\/wp-content\/uploads\/Say-No-To-Marijuana-Expansion-with-resources-1.pdf\" class=\"wp-block-file__button\" download=\"\" aria-describedby=\"wp-block-file--media-86c11142-fa3b-43b5-94f3-d6040450aaf0\">Descarga<\/a><\/div>\n\n<hr class=\"wp-block-separator is-style-wide\"\/>\n\n<p><\/p>\n\n<p><strong>Colorado inicia la legislaci\u00f3n para abordar un \u00abdesaf\u00edo cr\u00edtico para la salud p\u00fablica\u00bb debido a la legalizaci\u00f3n de la marihuana:<\/strong><\/p>\n\n<p><strong>No permitas que esto les ocurra a los ni\u00f1os y ciudadanos de Kansas.<\/strong><\/p>\n\n<div data-wp-interactive=\"core\/file\" class=\"wp-block-file\"><object data-wp-bind--hidden=\"!state.hasPdfPreview\" hidden class=\"wp-block-file__embed\" data=\"https:\/\/everybrainmatters.org\/wp-content\/uploads\/Colorado-HB1317-Critial-Public-Health-Challenge.pdf\" type=\"application\/pdf\" style=\"width:100%;height:600px\" aria-label=\"Embed of Embed of Colorado HB1317- Critical Public Health Challenge..\"><\/object><a id=\"wp-block-file--media-f4e3ad35-9236-489d-971c-381002437b96\" href=\"https:\/\/everybrainmatters.org\/wp-content\/uploads\/Colorado-HB1317-Critial-Public-Health-Challenge.pdf\">Colorado HB1317- Desaf\u00edo cr\u00edtico para la salud p\u00fablica<\/a><a href=\"https:\/\/everybrainmatters.org\/wp-content\/uploads\/Colorado-HB1317-Critial-Public-Health-Challenge.pdf\" class=\"wp-block-file__button\" download=\"\" aria-describedby=\"wp-block-file--media-f4e3ad35-9236-489d-971c-381002437b96\">Descarga<\/a><\/div>\n\n<p><\/p>\n\n<hr class=\"wp-block-separator is-style-wide\"\/>\n\n<h5 class=\"wp-block-heading\"><strong>Una ex madre de Colorado habla en USA TODAY<\/strong><\/h5>\n\n<div data-wp-interactive=\"core\/file\" class=\"wp-block-file\"><object data-wp-bind--hidden=\"!state.hasPdfPreview\" hidden class=\"wp-block-file__embed\" data=\"https:\/\/everybrainmatters.org\/wp-content\/uploads\/Former-Colorado-Mom-Speaks-Out-In-USA-Today-1.pdf\" type=\"application\/pdf\" style=\"width:100%;height:600px\" aria-label=\"Embed of Embed of Former Colorado Mom Speaks Out In USA Today..\"><\/object><a id=\"wp-block-file--media-37d13678-f055-4689-b6d8-8dc8cbd7a80b\" href=\"https:\/\/everybrainmatters.org\/wp-content\/uploads\/Former-Colorado-Mom-Speaks-Out-In-USA-Today-1.pdf\">Una ex madre de Colorado habla en USA Today<\/a><a href=\"https:\/\/everybrainmatters.org\/wp-content\/uploads\/Former-Colorado-Mom-Speaks-Out-In-USA-Today-1.pdf\" class=\"wp-block-file__button\" download=\"\" aria-describedby=\"wp-block-file--media-37d13678-f055-4689-b6d8-8dc8cbd7a80b\">Descarga<\/a><\/div>\n\n<hr class=\"wp-block-separator is-style-wide\"\/>\n\n<h5 class=\"wp-block-heading\">Las pol\u00edticas importan a los ni\u00f1os de Kansas frente a los de Colorado<\/h5>\n\n<div data-wp-interactive=\"core\/file\" class=\"wp-block-file\"><object data-wp-bind--hidden=\"!state.hasPdfPreview\" hidden class=\"wp-block-file__embed\" data=\"https:\/\/everybrainmatters.org\/wp-content\/uploads\/Kansas-vs-Colorado-youth-marijuana-use-rates-1.pdf\" type=\"application\/pdf\" style=\"width:100%;height:600px\" aria-label=\"Embed of Embed of Kansas vs Colorado youth marijuana use rates..\"><\/object><a id=\"wp-block-file--media-740dbdc9-fe50-422f-921f-7d55d6193364\" href=\"https:\/\/everybrainmatters.org\/wp-content\/uploads\/Kansas-vs-Colorado-youth-marijuana-use-rates-1.pdf\">Tasas de consumo de marihuana entre los j\u00f3venes de Kansas frente a los de Colorado<\/a><a href=\"https:\/\/everybrainmatters.org\/wp-content\/uploads\/Kansas-vs-Colorado-youth-marijuana-use-rates-1.pdf\" class=\"wp-block-file__button\" download=\"\" aria-describedby=\"wp-block-file--media-740dbdc9-fe50-422f-921f-7d55d6193364\">Descarga<\/a><\/div>\n\n<hr class=\"wp-block-separator is-style-wide\"\/>\n\n<h5 class=\"wp-block-heading\">Poniendo a los legalizadores a prueba de Pinocho &#8211; 10 verdades sobre la marihuana<\/h5>\n\n<div data-wp-interactive=\"core\/file\" class=\"wp-block-file\"><object data-wp-bind--hidden=\"!state.hasPdfPreview\" hidden class=\"wp-block-file__embed\" data=\"https:\/\/everybrainmatters.org\/wp-content\/uploads\/Putting-The-Legalizers-To-The-Pinocchio-Test-1.pdf\" type=\"application\/pdf\" style=\"width:100%;height:600px\" aria-label=\"Embed of Embed of Putting-The-Legalizers-To-The-Pinocchio-Test-1..\"><\/object><a id=\"wp-block-file--media-5d38cb27-94f9-4a5a-a0be-9ff671bf14e6\" href=\"https:\/\/everybrainmatters.org\/wp-content\/uploads\/Putting-The-Legalizers-To-The-Pinocchio-Test-1.pdf\">Poniendo A Los Legalizadores A Prueba De Pinocho-1<\/a><a href=\"https:\/\/everybrainmatters.org\/wp-content\/uploads\/Putting-The-Legalizers-To-The-Pinocchio-Test-1.pdf\" class=\"wp-block-file__button\" download=\"\" aria-describedby=\"wp-block-file--media-5d38cb27-94f9-4a5a-a0be-9ff671bf14e6\">Descarga<\/a><\/div>\n\n<hr class=\"wp-block-separator is-style-wide\"\/>\n\n<h5 class=\"wp-block-heading\">Tendencias nacionales del consumo de drogas entre los adolescentes y adultos j\u00f3venes de EE.UU.<\/h5>\n\n<div data-wp-interactive=\"core\/file\" class=\"wp-block-file\"><object data-wp-bind--hidden=\"!state.hasPdfPreview\" hidden class=\"wp-block-file__embed\" data=\"https:\/\/everybrainmatters.org\/wp-content\/uploads\/Nationwide-marijuana-Use-Trends-among-u.s-young-adults-and-teens-2019.pdf\" type=\"application\/pdf\" style=\"width:100%;height:600px\" aria-label=\"Embed of Embed of Nationwide-marijuana-Use-Trends-among-u.s-young-adults-and-teens-2019..\"><\/object><a id=\"wp-block-file--media-f95f6aa3-5cd7-4d06-9c89-5d3945606e81\" href=\"https:\/\/everybrainmatters.org\/wp-content\/uploads\/Nationwide-marijuana-Use-Trends-among-u.s-young-adults-and-teens-2019.pdf\">a nivel nacional-tendencias-de-uso-de-la-marihuana-en-los-j\u00f3venes-adultos-y-adolescentes-2019<\/a><a href=\"https:\/\/everybrainmatters.org\/wp-content\/uploads\/Nationwide-marijuana-Use-Trends-among-u.s-young-adults-and-teens-2019.pdf\" class=\"wp-block-file__button\" download=\"\" aria-describedby=\"wp-block-file--media-f95f6aa3-5cd7-4d06-9c89-5d3945606e81\">Descarga<\/a><\/div>\n\n<hr class=\"wp-block-separator is-style-wide\"\/>\n\n<h5 class=\"wp-block-heading\">Efectos de la marihuana (THC)<\/h5>\n\n<div data-wp-interactive=\"core\/file\" class=\"wp-block-file\"><object data-wp-bind--hidden=\"!state.hasPdfPreview\" hidden class=\"wp-block-file__embed\" data=\"https:\/\/everybrainmatters.org\/wp-content\/uploads\/Marijuana-Effects-on-the-body-poster-size-3.15.2022.pdf\" type=\"application\/pdf\" style=\"width:100%;height:600px\" aria-label=\"Embed of Embed of Marijuana Effects on the body - poster size- 3.15.2022..\"><\/object><a id=\"wp-block-file--media-f202b83d-c098-423b-9acc-4dac523016e4\" href=\"https:\/\/everybrainmatters.org\/wp-content\/uploads\/Marijuana-Effects-on-the-body-poster-size-3.15.2022.pdf\">Efectos de la marihuana en el cuerpo &#8211; tama\u00f1o p\u00f3ster- 3.15.2022<\/a><a href=\"https:\/\/everybrainmatters.org\/wp-content\/uploads\/Marijuana-Effects-on-the-body-poster-size-3.15.2022.pdf\" class=\"wp-block-file__button\" download=\"\" aria-describedby=\"wp-block-file--media-f202b83d-c098-423b-9acc-4dac523016e4\">Descarga<\/a><\/div>\n\n<hr class=\"wp-block-separator is-style-wide\"\/>\n\n<h5 class=\"wp-block-heading\">La Marihuana de Hoy: Econom\u00eda de la adicci\u00f3n<\/h5>\n\n<div data-wp-interactive=\"core\/file\" class=\"wp-block-file\"><object data-wp-bind--hidden=\"!state.hasPdfPreview\" hidden class=\"wp-block-file__embed\" data=\"https:\/\/everybrainmatters.org\/wp-content\/uploads\/Todays-marijuana-and-hemp-products.pdf\" type=\"application\/pdf\" style=\"width:100%;height:600px\" aria-label=\"Embed of Embed of Todays marijuana and hemp products..\"><\/object><a id=\"wp-block-file--media-51eafc7c-4a63-45c6-96bd-6ebc047f4d92\" href=\"https:\/\/everybrainmatters.org\/wp-content\/uploads\/Todays-marijuana-and-hemp-products.pdf\">Productos actuales de marihuana y c\u00e1\u00f1amo<\/a><a href=\"https:\/\/everybrainmatters.org\/wp-content\/uploads\/Todays-marijuana-and-hemp-products.pdf\" class=\"wp-block-file__button\" download=\"\" aria-describedby=\"wp-block-file--media-51eafc7c-4a63-45c6-96bd-6ebc047f4d92\">Descarga<\/a><\/div>\n\n<h2 class=\"wp-block-heading\">Mantente implicado y actualizado. \u00danete a nuestra lista de correo   <\/h2>\n\n<!-- Begin Mailchimp Signup Form -->\n<link href=\"\/\/cdn-images.mailchimp.com\/embedcode\/classic-10_7.css\" rel=\"stylesheet\" type=\"text\/css\"\/>\n<style type=\"text\/css\">\n\t#mc_embed_signup{background:#fff; clear:left; font:14px Helvetica,Arial,sans-serif; }\n\t\/* Add your own Mailchimp form style overrides in your site stylesheet or in this style block.\n\t   We recommend moving this block and the preceding CSS link to the HEAD of your HTML file. *\/\n<\/style>\n<div id=\"mc_embed_signup\">\n<form action=\"https:\/\/everybrainmatters.us2.list-manage.com\/subscribe\/post?u=48b9823948bbc89ff72aadb89&#038;id=f6da389e2f\" method=\"post\" id=\"mc-embedded-subscribe-form\" name=\"mc-embedded-subscribe-form\" class=\"validate\" target=\"_blank\" novalidate=\"\">\n    <div id=\"mc_embed_signup_scroll\">\n\t\n<div class=\"indicates-required\"><span class=\"asterisk\">*<\/span> indica que es necesario<\/div>\n<div class=\"mc-field-group\">\n\t<label for=\"mce-EMAIL\">Direcci\u00f3n de correo electr\u00f3nico <span class=\"asterisk\">*<\/span>\n<\/label>\n\t<input type=\"email\" value=\"\" name=\"EMAIL\" class=\"required email\" id=\"mce-EMAIL\"\/>\n<\/div>\n<div class=\"mc-field-group\">\n\t<label for=\"mce-FNAME\">Nombre  <\/label>\n\t<input type=\"text\" value=\"\" name=\"FNAME\" class=\"\" id=\"mce-FNAME\"\/>\n<\/div>\n<div class=\"mc-field-group\">\n\t<label for=\"mce-LNAME\">Apellidos  <\/label>\n\t<input type=\"text\" value=\"\" name=\"LNAME\" class=\"\" id=\"mce-LNAME\"\/>\n<\/div>\n<div class=\"mc-field-group input-group\">\n    <strong>Comunidad  <\/strong>\n    <ul><li><input type=\"checkbox\" value=\"1\" name=\"group[51462][1]\" id=\"mce-group[51462]-51462-0\"\/><label for=\"mce-group[51462]-51462-0\">Bolet\u00edn<\/label><\/li>\n<li><input type=\"checkbox\" value=\"2\" name=\"group[51462][2]\" id=\"mce-group[51462]-51462-1\"\/><label for=\"mce-group[51462]-51462-1\">Alianza<\/label><\/li>\n<li><input type=\"checkbox\" value=\"4\" name=\"group[51462][4]\" id=\"mce-group[51462]-51462-2\"\/><label for=\"mce-group[51462]-51462-2\">Grupo de Apoyo \/ Recuperaci\u00f3n<\/label><\/li>\n<li><input type=\"checkbox\" value=\"8\" name=\"group[51462][8]\" id=\"mce-group[51462]-51462-3\"\/><label for=\"mce-group[51462]-51462-3\">Grupo de defensa<\/label><\/li>\n<\/ul>\n<\/div>\n\t<div id=\"mce-responses\" class=\"clear\">\n\t\t<div class=\"response\" id=\"mce-error-response\" style=\"display:none\"><\/div>\n\t\t<div class=\"response\" id=\"mce-success-response\" style=\"display:none\"><\/div>\n\t<\/div>    <!-- real people should not fill this in and expect good things - do not remove this or risk form bot signups-->\n    <div style=\"position: absolute; left: -5000px;\" aria-hidden=\"true\"><input type=\"text\" name=\"b_48b9823948bbc89ff72aadb89_f6da389e2f\" tabindex=\"-1\" value=\"\"\/><\/div>\n    <div class=\"clear\"><input type=\"submit\" value=\"Suscr\u00edbete\" name=\"subscribe\" id=\"mc-embedded-subscribe\" class=\"button\"\/><\/div>\n    <\/div>\n<\/form>\n<\/div>\n<script type=\"text\/javascript\" src=\"\/\/s3.amazonaws.com\/downloads.mailchimp.com\/js\/mc-validate.js\"><\/script><script type=\"text\/javascript\">(function($) {window.fnames = new Array(); window.ftypes = new Array();fnames[0]='EMAIL';ftypes[0]='email';fnames[1]='FNAME';ftypes[1]='text';fnames[2]='LNAME';ftypes[2]='text';fnames[3]='ADDRESS';ftypes[3]='address';fnames[4]='PHONE';ftypes[4]='phone';fnames[6]='MMERGE6';ftypes[6]='birthday';}(jQuery));var $mcj = jQuery.noConflict(true);<\/script>\n<!--End mc_embed_signup-->\n","protected":false},"excerpt":{"rendered":"<p>La marihuana legal es m\u00e1s peligrosa y amenaza la vida que nunca Consulta estos recursos proporcionados por La Comunidad de&#8230;<\/p>\n","protected":false},"author":11,"featured_media":0,"parent":0,"menu_order":0,"comment_status":"closed","ping_status":"closed","template":"","meta":{"_acf_changed":false,"_editorskit_title_hidden":false,"_editorskit_reading_time":0,"_editorskit_is_block_options_detached":false,"_editorskit_block_options_position":"{}","footnotes":""},"class_list":["post-47032","page","type-page","status-publish","hentry"],"acf":[],"yoast_head":"<!-- This site is optimized with the Yoast SEO plugin v26.1.1 - https:\/\/yoast.com\/wordpress\/plugins\/seo\/ -->\n<title>No permitas la expansi\u00f3n de la marihuana en Kansas. - Every Brain Matters<\/title>\n<meta name=\"robots\" content=\"index, follow, max-snippet:-1, max-image-preview:large, max-video-preview:-1\" \/>\n<link rel=\"canonical\" href=\"https:\/\/everybrainmatters.org\/es\/no-permitas-la-expansion-de-la-marihuana-en-kansas\/\" \/>\n<meta property=\"og:locale\" content=\"es_ES\" \/>\n<meta property=\"og:type\" content=\"article\" \/>\n<meta property=\"og:title\" content=\"No permitas la expansi\u00f3n de la marihuana en Kansas. - Every Brain Matters\" \/>\n<meta property=\"og:description\" content=\"La marihuana legal es m\u00e1s peligrosa y amenaza la vida que nunca Consulta estos recursos proporcionados por La Comunidad de...\" \/>\n<meta property=\"og:url\" content=\"https:\/\/everybrainmatters.org\/es\/no-permitas-la-expansion-de-la-marihuana-en-kansas\/\" \/>\n<meta property=\"og:site_name\" content=\"Every Brain Matters\" \/>\n<meta property=\"article:modified_time\" content=\"2025-10-21T14:09:00+00:00\" \/>\n<meta property=\"og:image\" content=\"https:\/\/everybrainmatters.org\/wp-content\/uploads\/AllBrains_3.jpg\" \/>\n\t<meta property=\"og:image:width\" content=\"1000\" \/>\n\t<meta property=\"og:image:height\" content=\"1087\" \/>\n\t<meta property=\"og:image:type\" content=\"image\/jpeg\" \/>\n<meta name=\"twitter:card\" content=\"summary_large_image\" \/>\n<meta name=\"twitter:label1\" content=\"Est. reading time\" \/>\n\t<meta name=\"twitter:data1\" content=\"1 minuto\" \/>\n<script type=\"application\/ld+json\" class=\"yoast-schema-graph\">{\"@context\":\"https:\/\/schema.org\",\"@graph\":[{\"@type\":\"WebPage\",\"@id\":\"https:\/\/everybrainmatters.org\/es\/no-permitas-la-expansion-de-la-marihuana-en-kansas\/\",\"url\":\"https:\/\/everybrainmatters.org\/es\/no-permitas-la-expansion-de-la-marihuana-en-kansas\/\",\"name\":\"No permitas la expansi\u00f3n de la marihuana en Kansas. - Every Brain Matters\",\"isPartOf\":{\"@id\":\"https:\/\/everybrainmatters.org\/es\/#website\"},\"datePublished\":\"2022-03-02T21:49:49+00:00\",\"dateModified\":\"2025-10-21T14:09:00+00:00\",\"breadcrumb\":{\"@id\":\"https:\/\/everybrainmatters.org\/es\/no-permitas-la-expansion-de-la-marihuana-en-kansas\/#breadcrumb\"},\"inLanguage\":\"es-ES\",\"potentialAction\":[{\"@type\":\"ReadAction\",\"target\":[\"https:\/\/everybrainmatters.org\/es\/no-permitas-la-expansion-de-la-marihuana-en-kansas\/\"]}]},{\"@type\":\"BreadcrumbList\",\"@id\":\"https:\/\/everybrainmatters.org\/es\/no-permitas-la-expansion-de-la-marihuana-en-kansas\/#breadcrumb\",\"itemListElement\":[{\"@type\":\"ListItem\",\"position\":1,\"name\":\"Home\",\"item\":\"https:\/\/everybrainmatters.org\/es\/\"},{\"@type\":\"ListItem\",\"position\":2,\"name\":\"No permitas la expansi\u00f3n de la marihuana en Kansas.\"}]},{\"@type\":\"WebSite\",\"@id\":\"https:\/\/everybrainmatters.org\/es\/#website\",\"url\":\"https:\/\/everybrainmatters.org\/es\/\",\"name\":\"Every Brain Matters\",\"description\":\"\",\"publisher\":{\"@id\":\"https:\/\/everybrainmatters.org\/es\/#organization\"},\"potentialAction\":[{\"@type\":\"SearchAction\",\"target\":{\"@type\":\"EntryPoint\",\"urlTemplate\":\"https:\/\/everybrainmatters.org\/es\/?s={search_term_string}\"},\"query-input\":{\"@type\":\"PropertyValueSpecification\",\"valueRequired\":true,\"valueName\":\"search_term_string\"}}],\"inLanguage\":\"es-ES\"},{\"@type\":\"Organization\",\"@id\":\"https:\/\/everybrainmatters.org\/es\/#organization\",\"name\":\"Every Brain Matters\",\"url\":\"https:\/\/everybrainmatters.org\/es\/\",\"logo\":{\"@type\":\"ImageObject\",\"inLanguage\":\"es-ES\",\"@id\":\"https:\/\/everybrainmatters.org\/es\/#\/schema\/logo\/image\/\",\"url\":\"https:\/\/everybrainmatters.org\/wp-content\/uploads\/AllBrains_3.jpg\",\"contentUrl\":\"https:\/\/everybrainmatters.org\/wp-content\/uploads\/AllBrains_3.jpg\",\"width\":1000,\"height\":1087,\"caption\":\"Every Brain Matters\"},\"image\":{\"@id\":\"https:\/\/everybrainmatters.org\/es\/#\/schema\/logo\/image\/\"}}]}<\/script>\n<!-- \/ Yoast SEO plugin. -->","yoast_head_json":{"title":"No permitas la expansi\u00f3n de la marihuana en Kansas. - Every Brain Matters","robots":{"index":"index","follow":"follow","max-snippet":"max-snippet:-1","max-image-preview":"max-image-preview:large","max-video-preview":"max-video-preview:-1"},"canonical":"https:\/\/everybrainmatters.org\/es\/no-permitas-la-expansion-de-la-marihuana-en-kansas\/","og_locale":"es_ES","og_type":"article","og_title":"No permitas la expansi\u00f3n de la marihuana en Kansas. - Every Brain Matters","og_description":"La marihuana legal es m\u00e1s peligrosa y amenaza la vida que nunca Consulta estos recursos proporcionados por La Comunidad de...","og_url":"https:\/\/everybrainmatters.org\/es\/no-permitas-la-expansion-de-la-marihuana-en-kansas\/","og_site_name":"Every Brain Matters","article_modified_time":"2025-10-21T14:09:00+00:00","og_image":[{"width":1000,"height":1087,"url":"https:\/\/everybrainmatters.org\/wp-content\/uploads\/AllBrains_3.jpg","type":"image\/jpeg"}],"twitter_card":"summary_large_image","twitter_misc":{"Est. reading time":"1 minuto"},"schema":{"@context":"https:\/\/schema.org","@graph":[{"@type":"WebPage","@id":"https:\/\/everybrainmatters.org\/es\/no-permitas-la-expansion-de-la-marihuana-en-kansas\/","url":"https:\/\/everybrainmatters.org\/es\/no-permitas-la-expansion-de-la-marihuana-en-kansas\/","name":"No permitas la expansi\u00f3n de la marihuana en Kansas. - Every Brain Matters","isPartOf":{"@id":"https:\/\/everybrainmatters.org\/es\/#website"},"datePublished":"2022-03-02T21:49:49+00:00","dateModified":"2025-10-21T14:09:00+00:00","breadcrumb":{"@id":"https:\/\/everybrainmatters.org\/es\/no-permitas-la-expansion-de-la-marihuana-en-kansas\/#breadcrumb"},"inLanguage":"es-ES","potentialAction":[{"@type":"ReadAction","target":["https:\/\/everybrainmatters.org\/es\/no-permitas-la-expansion-de-la-marihuana-en-kansas\/"]}]},{"@type":"BreadcrumbList","@id":"https:\/\/everybrainmatters.org\/es\/no-permitas-la-expansion-de-la-marihuana-en-kansas\/#breadcrumb","itemListElement":[{"@type":"ListItem","position":1,"name":"Home","item":"https:\/\/everybrainmatters.org\/es\/"},{"@type":"ListItem","position":2,"name":"No permitas la expansi\u00f3n de la marihuana en Kansas."}]},{"@type":"WebSite","@id":"https:\/\/everybrainmatters.org\/es\/#website","url":"https:\/\/everybrainmatters.org\/es\/","name":"Every Brain Matters","description":"","publisher":{"@id":"https:\/\/everybrainmatters.org\/es\/#organization"},"potentialAction":[{"@type":"SearchAction","target":{"@type":"EntryPoint","urlTemplate":"https:\/\/everybrainmatters.org\/es\/?s={search_term_string}"},"query-input":{"@type":"PropertyValueSpecification","valueRequired":true,"valueName":"search_term_string"}}],"inLanguage":"es-ES"},{"@type":"Organization","@id":"https:\/\/everybrainmatters.org\/es\/#organization","name":"Every Brain Matters","url":"https:\/\/everybrainmatters.org\/es\/","logo":{"@type":"ImageObject","inLanguage":"es-ES","@id":"https:\/\/everybrainmatters.org\/es\/#\/schema\/logo\/image\/","url":"https:\/\/everybrainmatters.org\/wp-content\/uploads\/AllBrains_3.jpg","contentUrl":"https:\/\/everybrainmatters.org\/wp-content\/uploads\/AllBrains_3.jpg","width":1000,"height":1087,"caption":"Every Brain Matters"},"image":{"@id":"https:\/\/everybrainmatters.org\/es\/#\/schema\/logo\/image\/"}}]}},"_links":{"self":[{"href":"https:\/\/everybrainmatters.org\/es\/wp-json\/wp\/v2\/pages\/47032","targetHints":{"allow":["GET"]}}],"collection":[{"href":"https:\/\/everybrainmatters.org\/es\/wp-json\/wp\/v2\/pages"}],"about":[{"href":"https:\/\/everybrainmatters.org\/es\/wp-json\/wp\/v2\/types\/page"}],"author":[{"embeddable":true,"href":"https:\/\/everybrainmatters.org\/es\/wp-json\/wp\/v2\/users\/11"}],"replies":[{"embeddable":true,"href":"https:\/\/everybrainmatters.org\/es\/wp-json\/wp\/v2\/comments?post=47032"}],"version-history":[{"count":0,"href":"https:\/\/everybrainmatters.org\/es\/wp-json\/wp\/v2\/pages\/47032\/revisions"}],"wp:attachment":[{"href":"https:\/\/everybrainmatters.org\/es\/wp-json\/wp\/v2\/media?parent=47032"}],"curies":[{"name":"wp","href":"https:\/\/api.w.org\/{rel}","templated":true}]}}