{"id":47033,"date":"2022-03-22T13:22:51","date_gmt":"2022-03-22T18:22:51","guid":{"rendered":"https:\/\/everybrainmatters.org\/efectos-cerebrales-de-la-marihuana\/"},"modified":"2025-10-21T09:08:53","modified_gmt":"2025-10-21T14:08:53","slug":"efectos-cerebrales-de-la-marihuana","status":"publish","type":"page","link":"https:\/\/everybrainmatters.org\/es\/efectos-cerebrales-de-la-marihuana\/","title":{"rendered":"Efectos cerebrales de la marihuana"},"content":{"rendered":"\n<ul class=\"wp-block-list\"><li><a aria-label=\"European Epidemiological Patterns of Cannabis- and Substance-Related Body Wall Congenital Anomalies: Geospatiotemporal and Causal Inferential StudyL (opens in a new tab)\" href=\"https:\/\/www.mdpi.com\/1660-4601\/19\/15\/9027\" target=\"_blank\" rel=\"noreferrer noopener\" class=\"ek-link\">Patrones Epidemiol\u00f3gicos Europeos de las Anomal\u00edas Cong\u00e9nitas de la Pared Corporal Relacionadas con el Cannabis y las Sustancias: Estudio Inferencial Geoespacial y Causal<\/a> 2022, 25 de julio<\/li><li><a href=\"https:\/\/ajp.psychiatryonline.org\/doi\/full\/10.1176\/appi.ajp.2021.21060664\" class=\"ek-link\">El consumo de cannabis a largo plazo y las reservas cognitivas y el volumen del hipocampo en la mediana edad<\/a>, 2022, Marzo<\/li><li><a href=\"https:\/\/www.ahajournals.org\/doi\/10.1161\/STR.0000000000000396\" class=\"ek-link\">Consumo de Marihuana: Efectos sobre la Salud Cerebral: Una declaraci\u00f3n cient\u00edfica de la Asociaci\u00f3n Americana del Coraz\u00f3n<\/a>, 2022, 10 de febrero<\/li><\/ul>\n\n<hr class=\"wp-block-separator has-alpha-channel-opacity\"\/>\n\n<div class=\"wp-block-columns is-layout-flex wp-container-core-columns-is-layout-9d6595d7 wp-block-columns-is-layout-flex\">\n<div class=\"wp-block-column is-layout-flow wp-block-column-is-layout-flow\">\n<p style=\"font-size:16px\"><a href=\"https:\/\/ajp.psychiatryonline.org\/doi\/full\/10.1176\/appi.ajp.2021.21060664\" class=\"ek-link\">El consumo de cannabis a largo plazo y las reservas cognitivas y el volumen del hipocampo en la mediana edad<\/a><br\/>American Psychiatric Association, 8 Mar 2022<\/p>\n\n\n\n<p style=\"font-size:16px\">El consumo de cannabis est\u00e1 aumentando entre los adultos de mediana edad y mayores. Este estudio puso a prueba la hip\u00f3tesis de que el consumo prolongado de cannabis se asocia a d\u00e9ficits cognitivos y a un menor volumen del hipocampo en la mediana edad, lo cual es importante porque los d\u00e9ficits cognitivos en la mediana edad y un menor volumen del hipocampo son factores de riesgo de demencia&#8230;. <\/p>\n<\/div>\n\n\n\n<div class=\"wp-block-column is-layout-flow wp-block-column-is-layout-flow\">\n<p style=\"font-size:16px\"><a href=\"https:\/\/www.ahajournals.org\/doi\/10.1161\/STR.0000000000000396\" class=\"ek-link\">Consumo de Marihuana: Efectos sobre la Salud Cerebral: Una declaraci\u00f3n cient\u00edfica de la Asociaci\u00f3n Americana del Coraz\u00f3n<\/a><br\/>AHA 2022, 10 de febrero<\/p>\n\n\n\n<p style=\"font-size:16px\">Los datos procedentes de modelos precl\u00ednicos demuestran que los receptores cannabinoides se expresan en alta densidad en \u00e1reas implicadas en la cognici\u00f3n y el comportamiento, sobre todo durante periodos de neurodesarrollo y maduraci\u00f3n activos. Adem\u00e1s, cada vez hay m\u00e1s pruebas que destacan el papel de las v\u00edas cannabinoides end\u00f3genas en la regulaci\u00f3n de la liberaci\u00f3n de neurotransmisores, la plasticidad sin\u00e1ptica y el neurodesarrollo. Junto con el mayor riesgo de ictus notificado en consumidores de marihuana, surge la preocupaci\u00f3n por sus posibles efectos a largo plazo sobre la funci\u00f3n cognitiva. Esta declaraci\u00f3n cient\u00edfica revisa la seguridad del consumo de cannabis desde la perspectiva de la salud cerebral, describe mec\u00e1nicamente c\u00f3mo el cannabis puede causar disfunci\u00f3n cognitiva y aboga por un personal sanitario y un consumidor m\u00e1s informados sobre el potencial del cannabis para afectar negativamente al cerebro&#8230;.   <\/p>\n<\/div>\n<\/div>\n\n<p><\/p>\n","protected":false},"excerpt":{"rendered":"<p>Patrones Epidemiol\u00f3gicos Europeos de las Anomal\u00edas Cong\u00e9nitas de la Pared Corporal Relacionadas con el Cannabis y las Sustancias: Estudio Inferencial&#8230;<\/p>\n","protected":false},"author":11,"featured_media":0,"parent":0,"menu_order":0,"comment_status":"closed","ping_status":"closed","template":"","meta":{"_acf_changed":false,"_editorskit_title_hidden":false,"_editorskit_reading_time":0,"_editorskit_is_block_options_detached":false,"_editorskit_block_options_position":"{}","footnotes":""},"class_list":["post-47033","page","type-page","status-publish","hentry"],"acf":[],"yoast_head":"<!-- This site is optimized with the Yoast SEO plugin v26.1.1 - https:\/\/yoast.com\/wordpress\/plugins\/seo\/ -->\n<title>Efectos cerebrales de la marihuana - Every Brain Matters<\/title>\n<meta name=\"robots\" content=\"index, follow, max-snippet:-1, max-image-preview:large, max-video-preview:-1\" \/>\n<link rel=\"canonical\" href=\"https:\/\/everybrainmatters.org\/es\/efectos-cerebrales-de-la-marihuana\/\" \/>\n<meta property=\"og:locale\" content=\"es_ES\" \/>\n<meta property=\"og:type\" content=\"article\" \/>\n<meta property=\"og:title\" content=\"Efectos cerebrales de la marihuana - Every Brain Matters\" \/>\n<meta property=\"og:description\" content=\"Patrones Epidemiol\u00f3gicos Europeos de las Anomal\u00edas Cong\u00e9nitas de la Pared Corporal Relacionadas con el Cannabis y las Sustancias: Estudio Inferencial...\" \/>\n<meta property=\"og:url\" content=\"https:\/\/everybrainmatters.org\/es\/efectos-cerebrales-de-la-marihuana\/\" \/>\n<meta property=\"og:site_name\" content=\"Every Brain Matters\" \/>\n<meta property=\"article:modified_time\" content=\"2025-10-21T14:08:53+00:00\" \/>\n<meta property=\"og:image\" content=\"https:\/\/everybrainmatters.org\/wp-content\/uploads\/AllBrains_3.jpg\" \/>\n\t<meta property=\"og:image:width\" content=\"1000\" \/>\n\t<meta property=\"og:image:height\" content=\"1087\" \/>\n\t<meta property=\"og:image:type\" content=\"image\/jpeg\" \/>\n<meta name=\"twitter:card\" content=\"summary_large_image\" \/>\n<meta name=\"twitter:label1\" content=\"Est. reading time\" \/>\n\t<meta name=\"twitter:data1\" content=\"2 minutos\" \/>\n<script type=\"application\/ld+json\" class=\"yoast-schema-graph\">{\"@context\":\"https:\/\/schema.org\",\"@graph\":[{\"@type\":\"WebPage\",\"@id\":\"https:\/\/everybrainmatters.org\/es\/efectos-cerebrales-de-la-marihuana\/\",\"url\":\"https:\/\/everybrainmatters.org\/es\/efectos-cerebrales-de-la-marihuana\/\",\"name\":\"Efectos cerebrales de la marihuana - Every Brain Matters\",\"isPartOf\":{\"@id\":\"https:\/\/everybrainmatters.org\/es\/#website\"},\"datePublished\":\"2022-03-22T18:22:51+00:00\",\"dateModified\":\"2025-10-21T14:08:53+00:00\",\"breadcrumb\":{\"@id\":\"https:\/\/everybrainmatters.org\/es\/efectos-cerebrales-de-la-marihuana\/#breadcrumb\"},\"inLanguage\":\"es-ES\",\"potentialAction\":[{\"@type\":\"ReadAction\",\"target\":[\"https:\/\/everybrainmatters.org\/es\/efectos-cerebrales-de-la-marihuana\/\"]}]},{\"@type\":\"BreadcrumbList\",\"@id\":\"https:\/\/everybrainmatters.org\/es\/efectos-cerebrales-de-la-marihuana\/#breadcrumb\",\"itemListElement\":[{\"@type\":\"ListItem\",\"position\":1,\"name\":\"Home\",\"item\":\"https:\/\/everybrainmatters.org\/es\/\"},{\"@type\":\"ListItem\",\"position\":2,\"name\":\"Efectos cerebrales de la marihuana\"}]},{\"@type\":\"WebSite\",\"@id\":\"https:\/\/everybrainmatters.org\/es\/#website\",\"url\":\"https:\/\/everybrainmatters.org\/es\/\",\"name\":\"Every Brain Matters\",\"description\":\"\",\"publisher\":{\"@id\":\"https:\/\/everybrainmatters.org\/es\/#organization\"},\"potentialAction\":[{\"@type\":\"SearchAction\",\"target\":{\"@type\":\"EntryPoint\",\"urlTemplate\":\"https:\/\/everybrainmatters.org\/es\/?s={search_term_string}\"},\"query-input\":{\"@type\":\"PropertyValueSpecification\",\"valueRequired\":true,\"valueName\":\"search_term_string\"}}],\"inLanguage\":\"es-ES\"},{\"@type\":\"Organization\",\"@id\":\"https:\/\/everybrainmatters.org\/es\/#organization\",\"name\":\"Every Brain Matters\",\"url\":\"https:\/\/everybrainmatters.org\/es\/\",\"logo\":{\"@type\":\"ImageObject\",\"inLanguage\":\"es-ES\",\"@id\":\"https:\/\/everybrainmatters.org\/es\/#\/schema\/logo\/image\/\",\"url\":\"https:\/\/everybrainmatters.org\/wp-content\/uploads\/AllBrains_3.jpg\",\"contentUrl\":\"https:\/\/everybrainmatters.org\/wp-content\/uploads\/AllBrains_3.jpg\",\"width\":1000,\"height\":1087,\"caption\":\"Every Brain Matters\"},\"image\":{\"@id\":\"https:\/\/everybrainmatters.org\/es\/#\/schema\/logo\/image\/\"}}]}<\/script>\n<!-- \/ Yoast SEO plugin. -->","yoast_head_json":{"title":"Efectos cerebrales de la marihuana - Every Brain Matters","robots":{"index":"index","follow":"follow","max-snippet":"max-snippet:-1","max-image-preview":"max-image-preview:large","max-video-preview":"max-video-preview:-1"},"canonical":"https:\/\/everybrainmatters.org\/es\/efectos-cerebrales-de-la-marihuana\/","og_locale":"es_ES","og_type":"article","og_title":"Efectos cerebrales de la marihuana - Every Brain Matters","og_description":"Patrones Epidemiol\u00f3gicos Europeos de las Anomal\u00edas Cong\u00e9nitas de la Pared Corporal Relacionadas con el Cannabis y las Sustancias: Estudio Inferencial...","og_url":"https:\/\/everybrainmatters.org\/es\/efectos-cerebrales-de-la-marihuana\/","og_site_name":"Every Brain Matters","article_modified_time":"2025-10-21T14:08:53+00:00","og_image":[{"width":1000,"height":1087,"url":"https:\/\/everybrainmatters.org\/wp-content\/uploads\/AllBrains_3.jpg","type":"image\/jpeg"}],"twitter_card":"summary_large_image","twitter_misc":{"Est. reading time":"2 minutos"},"schema":{"@context":"https:\/\/schema.org","@graph":[{"@type":"WebPage","@id":"https:\/\/everybrainmatters.org\/es\/efectos-cerebrales-de-la-marihuana\/","url":"https:\/\/everybrainmatters.org\/es\/efectos-cerebrales-de-la-marihuana\/","name":"Efectos cerebrales de la marihuana - Every Brain Matters","isPartOf":{"@id":"https:\/\/everybrainmatters.org\/es\/#website"},"datePublished":"2022-03-22T18:22:51+00:00","dateModified":"2025-10-21T14:08:53+00:00","breadcrumb":{"@id":"https:\/\/everybrainmatters.org\/es\/efectos-cerebrales-de-la-marihuana\/#breadcrumb"},"inLanguage":"es-ES","potentialAction":[{"@type":"ReadAction","target":["https:\/\/everybrainmatters.org\/es\/efectos-cerebrales-de-la-marihuana\/"]}]},{"@type":"BreadcrumbList","@id":"https:\/\/everybrainmatters.org\/es\/efectos-cerebrales-de-la-marihuana\/#breadcrumb","itemListElement":[{"@type":"ListItem","position":1,"name":"Home","item":"https:\/\/everybrainmatters.org\/es\/"},{"@type":"ListItem","position":2,"name":"Efectos cerebrales de la marihuana"}]},{"@type":"WebSite","@id":"https:\/\/everybrainmatters.org\/es\/#website","url":"https:\/\/everybrainmatters.org\/es\/","name":"Every Brain Matters","description":"","publisher":{"@id":"https:\/\/everybrainmatters.org\/es\/#organization"},"potentialAction":[{"@type":"SearchAction","target":{"@type":"EntryPoint","urlTemplate":"https:\/\/everybrainmatters.org\/es\/?s={search_term_string}"},"query-input":{"@type":"PropertyValueSpecification","valueRequired":true,"valueName":"search_term_string"}}],"inLanguage":"es-ES"},{"@type":"Organization","@id":"https:\/\/everybrainmatters.org\/es\/#organization","name":"Every Brain Matters","url":"https:\/\/everybrainmatters.org\/es\/","logo":{"@type":"ImageObject","inLanguage":"es-ES","@id":"https:\/\/everybrainmatters.org\/es\/#\/schema\/logo\/image\/","url":"https:\/\/everybrainmatters.org\/wp-content\/uploads\/AllBrains_3.jpg","contentUrl":"https:\/\/everybrainmatters.org\/wp-content\/uploads\/AllBrains_3.jpg","width":1000,"height":1087,"caption":"Every Brain Matters"},"image":{"@id":"https:\/\/everybrainmatters.org\/es\/#\/schema\/logo\/image\/"}}]}},"_links":{"self":[{"href":"https:\/\/everybrainmatters.org\/es\/wp-json\/wp\/v2\/pages\/47033","targetHints":{"allow":["GET"]}}],"collection":[{"href":"https:\/\/everybrainmatters.org\/es\/wp-json\/wp\/v2\/pages"}],"about":[{"href":"https:\/\/everybrainmatters.org\/es\/wp-json\/wp\/v2\/types\/page"}],"author":[{"embeddable":true,"href":"https:\/\/everybrainmatters.org\/es\/wp-json\/wp\/v2\/users\/11"}],"replies":[{"embeddable":true,"href":"https:\/\/everybrainmatters.org\/es\/wp-json\/wp\/v2\/comments?post=47033"}],"version-history":[{"count":0,"href":"https:\/\/everybrainmatters.org\/es\/wp-json\/wp\/v2\/pages\/47033\/revisions"}],"wp:attachment":[{"href":"https:\/\/everybrainmatters.org\/es\/wp-json\/wp\/v2\/media?parent=47033"}],"curies":[{"name":"wp","href":"https:\/\/api.w.org\/{rel}","templated":true}]}}