{"id":47058,"date":"2022-01-21T12:38:51","date_gmt":"2022-01-21T18:38:51","guid":{"rendered":"https:\/\/everybrainmatters.org\/articulos-educativos-sobre-la-marihuana\/"},"modified":"2025-10-21T09:09:37","modified_gmt":"2025-10-21T14:09:37","slug":"articulos-educativos-sobre-la-marihuana","status":"publish","type":"page","link":"https:\/\/everybrainmatters.org\/es\/articulos-educativos-sobre-la-marihuana\/","title":{"rendered":"Art\u00edculos educativos sobre la marihuana"},"content":{"rendered":"\n<hr class=\"wp-block-separator is-style-wide\"\/>\n\n<div class=\"wp-block-columns is-layout-flex wp-container-core-columns-is-layout-9d6595d7 wp-block-columns-is-layout-flex\">\n<div class=\"wp-block-column is-layout-flow wp-block-column-is-layout-flow\" style=\"flex-basis:33.33%\">\n<figure class=\"wp-block-image size-full is-resized is-style-default\"><a href=\"https:\/\/everybrainmatters.org\/2021\/10\/25\/what-to-do-if-my-child-is-using-marijuana-by-crystal-collier-phd-lpc-s-author-of-the-neurowhereabouts-guide\/\" target=\"_blank\" rel=\"noopener\"><img loading=\"lazy\" decoding=\"async\" src=\"https:\/\/everybrainmatters.org\/wp-content\/uploads\/Amen-Clinic-brain-scans.png\" alt=\"\" class=\"wp-image-24027\" width=\"291\" height=\"195\" srcset=\"https:\/\/everybrainmatters.org\/wp-content\/uploads\/Amen-Clinic-brain-scans.png 940w, https:\/\/everybrainmatters.org\/wp-content\/uploads\/Amen-Clinic-brain-scans-300x201.png 300w, https:\/\/everybrainmatters.org\/wp-content\/uploads\/Amen-Clinic-brain-scans-768x515.png 768w, https:\/\/everybrainmatters.org\/wp-content\/uploads\/Amen-Clinic-brain-scans-600x402.png 600w\" sizes=\"auto, (max-width: 291px) 100vw, 291px\" \/><\/a><\/figure>\n<\/div>\n\n\n\n<div class=\"wp-block-column is-layout-flow wp-block-column-is-layout-flow\" style=\"flex-basis:66.66%\">\n<h6 class=\"wp-block-heading\"><a href=\"https:\/\/everybrainmatters.org\/2021\/10\/25\/what-to-do-if-my-child-is-using-marijuana-by-crystal-collier-phd-lpc-s-author-of-the-neurowhereabouts-guide\/\" target=\"_blank\" aria-label=\"How Does Marijuana Affect Our Brains? (opens in a new tab)\" rel=\"noreferrer noopener\" class=\"ek-link\">\u00bfC\u00f3mo afecta la marihuana a nuestro cerebro?<\/a><\/h6>\n\n\n\n<p class=\"has-small-font-size\">por <a href=\"https:\/\/drcrystalcollier.com\/\" target=\"_blank\" rel=\"noreferrer noopener\">Crystal Collier<\/a>, PhD, LPC-S autora de <em><a href=\"http:\/\/neurowhereaboutsguide.com\/\" target=\"_blank\" rel=\"noreferrer noopener\">Gu\u00eda de NeuroWhereAbouts<\/a><\/em> y creadora de <a href=\"https:\/\/johnfontainejrcharity.org\/brainabouts\/\" target=\"_blank\" rel=\"noreferrer noopener\" class=\"ek-link\">BrainAbouts<\/a><\/p>\n\n\n\n<p class=\"has-small-font-size\">Actualmente prevalece en nuestra comunidad la opini\u00f3n de que la marihuana es una opci\u00f3n buena y segura para tratar multitud de problemas emocionales y f\u00edsicos en j\u00f3venes y adultos. Pero, \u00bfcu\u00e1les son los hechos? \u00bfC\u00f3mo afecta la marihuana al cerebro?  <\/p>\n<\/div>\n<\/div>\n\n<hr class=\"wp-block-separator is-style-wide\"\/>\n\n<div class=\"wp-block-columns is-layout-flex wp-container-core-columns-is-layout-9d6595d7 wp-block-columns-is-layout-flex\">\n<div class=\"wp-block-column is-layout-flow wp-block-column-is-layout-flow\" style=\"flex-basis:33.33%\">\n<figure class=\"wp-block-image size-full is-style-default\"><a href=\"https:\/\/everybrainmatters.org\/2022\/01\/09\/how-does-marijuana-effect-our-brains\/\" target=\"_blank\" rel=\"noopener\"><img loading=\"lazy\" decoding=\"async\" width=\"463\" height=\"462\" src=\"https:\/\/everybrainmatters.org\/wp-content\/uploads\/Crystal-Collier.-Head-Shot-2.-March-2018.jpg\" alt=\"\" class=\"wp-image-22204\" srcset=\"https:\/\/everybrainmatters.org\/wp-content\/uploads\/Crystal-Collier.-Head-Shot-2.-March-2018.jpg 463w, https:\/\/everybrainmatters.org\/wp-content\/uploads\/Crystal-Collier.-Head-Shot-2.-March-2018-300x300.jpg 300w, https:\/\/everybrainmatters.org\/wp-content\/uploads\/Crystal-Collier.-Head-Shot-2.-March-2018-150x150.jpg 150w, https:\/\/everybrainmatters.org\/wp-content\/uploads\/Crystal-Collier.-Head-Shot-2.-March-2018-100x100.jpg 100w\" sizes=\"auto, (max-width: 463px) 100vw, 463px\" \/><\/a><\/figure>\n<\/div>\n\n\n\n<div class=\"wp-block-column is-layout-flow wp-block-column-is-layout-flow\" style=\"flex-basis:66.66%\">\n<h6 class=\"wp-block-heading\"><a href=\"https:\/\/everybrainmatters.org\/2022\/01\/09\/how-does-marijuana-effect-our-brains\/\" target=\"_blank\" aria-label=\"What To Do If My Child is Using Marijuana? (opens in a new tab)\" rel=\"noreferrer noopener\" class=\"ek-link\">\u00bfQu\u00e9 hacer si mi hijo consume marihuana?<\/a><\/h6>\n\n\n\n<p class=\"has-small-font-size\">por <a href=\"https:\/\/drcrystalcollier.com\/\" target=\"_blank\" rel=\"noreferrer noopener\">Crystal Collier, PhD<\/a>, LPC-S autora de La<a href=\"http:\/\/neurowhereaboutsguide.com\/\" target=\"_blank\" rel=\"noreferrer noopener\"> Gu\u00eda NeuroWhereAbouts<\/a><\/p>\n\n\n\n<p class=\"has-small-font-size\"><strong>El conocimiento es la clave<\/strong><\/p>\n\n\n\n<p class=\"has-small-font-size\">En la era de la marihuana legal no regulada, los padres deben disponer de datos actualizados sobre los efectos de los productos de cannabis de alta potencia, gen\u00e9ticamente modificados y producidos en masa. Armados con una ciencia s\u00f3lida, los padres pueden adoptar con confianza una pol\u00edtica cerebral libre de drogas, respaldada por d\u00e9cadas de investigaci\u00f3n que documentan los efectos nocivos de la marihuana sobre el neurodesarrollo. Aunque los cuidadores nunca necesitan una raz\u00f3n para mantener a salvo a sus hijos, la literatura sobre este tema ofrece miles.  <\/p>\n\n\n\n<p class=\"has-small-font-size\">Ante todo, sigue la regla de la familia funcional: Hablar, Tratar, Confiar, Sentir. Te sorprender\u00eda saber cu\u00e1ntas familias no hablan del tema utilizando la excusa: &#8216;Bueno, yo fum\u00e9 un poco en el instituto y estoy bien&#8217;. Algunos eligen no tratar el tema racionalizando: &#8216;Ahora es legal, as\u00ed que debe ser seguro&#8217;. Otros, temerosos de la confrontaci\u00f3n, deciden evitar los problemas que podr\u00edan estar provocando que sus hijos se vuelvan hacia las drogas. <\/p>\n<\/div>\n<\/div>\n\n<p><\/p>\n","protected":false},"excerpt":{"rendered":"<p>\u00bfC\u00f3mo afecta la marihuana a nuestro cerebro? por Crystal Collier, PhD, LPC-S autora de Gu\u00eda de NeuroWhereAbouts y creadora de&#8230;<\/p>\n","protected":false},"author":11,"featured_media":0,"parent":0,"menu_order":0,"comment_status":"closed","ping_status":"closed","template":"","meta":{"_acf_changed":false,"_editorskit_title_hidden":false,"_editorskit_reading_time":0,"_editorskit_is_block_options_detached":false,"_editorskit_block_options_position":"{}","footnotes":""},"class_list":["post-47058","page","type-page","status-publish","hentry"],"acf":[],"yoast_head":"<!-- This site is optimized with the Yoast SEO plugin v26.1.1 - https:\/\/yoast.com\/wordpress\/plugins\/seo\/ -->\n<title>Art\u00edculos educativos sobre la marihuana - Every Brain Matters<\/title>\n<meta name=\"robots\" content=\"index, follow, max-snippet:-1, max-image-preview:large, max-video-preview:-1\" \/>\n<link rel=\"canonical\" href=\"https:\/\/everybrainmatters.org\/es\/articulos-educativos-sobre-la-marihuana\/\" \/>\n<meta property=\"og:locale\" content=\"es_ES\" \/>\n<meta property=\"og:type\" content=\"article\" \/>\n<meta property=\"og:title\" content=\"Art\u00edculos educativos sobre la marihuana - Every Brain Matters\" \/>\n<meta property=\"og:description\" content=\"\u00bfC\u00f3mo afecta la marihuana a nuestro cerebro? por Crystal Collier, PhD, LPC-S autora de Gu\u00eda de NeuroWhereAbouts y creadora de...\" \/>\n<meta property=\"og:url\" content=\"https:\/\/everybrainmatters.org\/es\/articulos-educativos-sobre-la-marihuana\/\" \/>\n<meta property=\"og:site_name\" content=\"Every Brain Matters\" \/>\n<meta property=\"article:modified_time\" content=\"2025-10-21T14:09:37+00:00\" \/>\n<meta property=\"og:image\" content=\"https:\/\/everybrainmatters.org\/wp-content\/uploads\/Amen-Clinic-brain-scans.png\" \/>\n\t<meta property=\"og:image:width\" content=\"940\" \/>\n\t<meta property=\"og:image:height\" content=\"630\" \/>\n\t<meta property=\"og:image:type\" content=\"image\/png\" \/>\n<meta name=\"twitter:card\" content=\"summary_large_image\" \/>\n<meta name=\"twitter:label1\" content=\"Est. reading time\" \/>\n\t<meta name=\"twitter:data1\" content=\"1 minuto\" \/>\n<script type=\"application\/ld+json\" class=\"yoast-schema-graph\">{\"@context\":\"https:\/\/schema.org\",\"@graph\":[{\"@type\":\"WebPage\",\"@id\":\"https:\/\/everybrainmatters.org\/es\/articulos-educativos-sobre-la-marihuana\/\",\"url\":\"https:\/\/everybrainmatters.org\/es\/articulos-educativos-sobre-la-marihuana\/\",\"name\":\"Art\u00edculos educativos sobre la marihuana - Every Brain Matters\",\"isPartOf\":{\"@id\":\"https:\/\/everybrainmatters.org\/es\/#website\"},\"primaryImageOfPage\":{\"@id\":\"https:\/\/everybrainmatters.org\/es\/articulos-educativos-sobre-la-marihuana\/#primaryimage\"},\"image\":{\"@id\":\"https:\/\/everybrainmatters.org\/es\/articulos-educativos-sobre-la-marihuana\/#primaryimage\"},\"thumbnailUrl\":\"https:\/\/everybrainmatters.org\/wp-content\/uploads\/Amen-Clinic-brain-scans.png\",\"datePublished\":\"2022-01-21T18:38:51+00:00\",\"dateModified\":\"2025-10-21T14:09:37+00:00\",\"breadcrumb\":{\"@id\":\"https:\/\/everybrainmatters.org\/es\/articulos-educativos-sobre-la-marihuana\/#breadcrumb\"},\"inLanguage\":\"es-ES\",\"potentialAction\":[{\"@type\":\"ReadAction\",\"target\":[\"https:\/\/everybrainmatters.org\/es\/articulos-educativos-sobre-la-marihuana\/\"]}]},{\"@type\":\"ImageObject\",\"inLanguage\":\"es-ES\",\"@id\":\"https:\/\/everybrainmatters.org\/es\/articulos-educativos-sobre-la-marihuana\/#primaryimage\",\"url\":\"https:\/\/everybrainmatters.org\/wp-content\/uploads\/Amen-Clinic-brain-scans.png\",\"contentUrl\":\"https:\/\/everybrainmatters.org\/wp-content\/uploads\/Amen-Clinic-brain-scans.png\"},{\"@type\":\"BreadcrumbList\",\"@id\":\"https:\/\/everybrainmatters.org\/es\/articulos-educativos-sobre-la-marihuana\/#breadcrumb\",\"itemListElement\":[{\"@type\":\"ListItem\",\"position\":1,\"name\":\"Home\",\"item\":\"https:\/\/everybrainmatters.org\/es\/\"},{\"@type\":\"ListItem\",\"position\":2,\"name\":\"Art\u00edculos educativos sobre la marihuana\"}]},{\"@type\":\"WebSite\",\"@id\":\"https:\/\/everybrainmatters.org\/es\/#website\",\"url\":\"https:\/\/everybrainmatters.org\/es\/\",\"name\":\"Every Brain Matters\",\"description\":\"\",\"publisher\":{\"@id\":\"https:\/\/everybrainmatters.org\/es\/#organization\"},\"potentialAction\":[{\"@type\":\"SearchAction\",\"target\":{\"@type\":\"EntryPoint\",\"urlTemplate\":\"https:\/\/everybrainmatters.org\/es\/?s={search_term_string}\"},\"query-input\":{\"@type\":\"PropertyValueSpecification\",\"valueRequired\":true,\"valueName\":\"search_term_string\"}}],\"inLanguage\":\"es-ES\"},{\"@type\":\"Organization\",\"@id\":\"https:\/\/everybrainmatters.org\/es\/#organization\",\"name\":\"Every Brain Matters\",\"url\":\"https:\/\/everybrainmatters.org\/es\/\",\"logo\":{\"@type\":\"ImageObject\",\"inLanguage\":\"es-ES\",\"@id\":\"https:\/\/everybrainmatters.org\/es\/#\/schema\/logo\/image\/\",\"url\":\"https:\/\/everybrainmatters.org\/wp-content\/uploads\/AllBrains_3.jpg\",\"contentUrl\":\"https:\/\/everybrainmatters.org\/wp-content\/uploads\/AllBrains_3.jpg\",\"width\":1000,\"height\":1087,\"caption\":\"Every Brain Matters\"},\"image\":{\"@id\":\"https:\/\/everybrainmatters.org\/es\/#\/schema\/logo\/image\/\"}}]}<\/script>\n<!-- \/ Yoast SEO plugin. -->","yoast_head_json":{"title":"Art\u00edculos educativos sobre la marihuana - Every Brain Matters","robots":{"index":"index","follow":"follow","max-snippet":"max-snippet:-1","max-image-preview":"max-image-preview:large","max-video-preview":"max-video-preview:-1"},"canonical":"https:\/\/everybrainmatters.org\/es\/articulos-educativos-sobre-la-marihuana\/","og_locale":"es_ES","og_type":"article","og_title":"Art\u00edculos educativos sobre la marihuana - Every Brain Matters","og_description":"\u00bfC\u00f3mo afecta la marihuana a nuestro cerebro? por Crystal Collier, PhD, LPC-S autora de Gu\u00eda de NeuroWhereAbouts y creadora de...","og_url":"https:\/\/everybrainmatters.org\/es\/articulos-educativos-sobre-la-marihuana\/","og_site_name":"Every Brain Matters","article_modified_time":"2025-10-21T14:09:37+00:00","og_image":[{"width":940,"height":630,"url":"https:\/\/everybrainmatters.org\/wp-content\/uploads\/Amen-Clinic-brain-scans.png","type":"image\/png"}],"twitter_card":"summary_large_image","twitter_misc":{"Est. reading time":"1 minuto"},"schema":{"@context":"https:\/\/schema.org","@graph":[{"@type":"WebPage","@id":"https:\/\/everybrainmatters.org\/es\/articulos-educativos-sobre-la-marihuana\/","url":"https:\/\/everybrainmatters.org\/es\/articulos-educativos-sobre-la-marihuana\/","name":"Art\u00edculos educativos sobre la marihuana - Every Brain Matters","isPartOf":{"@id":"https:\/\/everybrainmatters.org\/es\/#website"},"primaryImageOfPage":{"@id":"https:\/\/everybrainmatters.org\/es\/articulos-educativos-sobre-la-marihuana\/#primaryimage"},"image":{"@id":"https:\/\/everybrainmatters.org\/es\/articulos-educativos-sobre-la-marihuana\/#primaryimage"},"thumbnailUrl":"https:\/\/everybrainmatters.org\/wp-content\/uploads\/Amen-Clinic-brain-scans.png","datePublished":"2022-01-21T18:38:51+00:00","dateModified":"2025-10-21T14:09:37+00:00","breadcrumb":{"@id":"https:\/\/everybrainmatters.org\/es\/articulos-educativos-sobre-la-marihuana\/#breadcrumb"},"inLanguage":"es-ES","potentialAction":[{"@type":"ReadAction","target":["https:\/\/everybrainmatters.org\/es\/articulos-educativos-sobre-la-marihuana\/"]}]},{"@type":"ImageObject","inLanguage":"es-ES","@id":"https:\/\/everybrainmatters.org\/es\/articulos-educativos-sobre-la-marihuana\/#primaryimage","url":"https:\/\/everybrainmatters.org\/wp-content\/uploads\/Amen-Clinic-brain-scans.png","contentUrl":"https:\/\/everybrainmatters.org\/wp-content\/uploads\/Amen-Clinic-brain-scans.png"},{"@type":"BreadcrumbList","@id":"https:\/\/everybrainmatters.org\/es\/articulos-educativos-sobre-la-marihuana\/#breadcrumb","itemListElement":[{"@type":"ListItem","position":1,"name":"Home","item":"https:\/\/everybrainmatters.org\/es\/"},{"@type":"ListItem","position":2,"name":"Art\u00edculos educativos sobre la marihuana"}]},{"@type":"WebSite","@id":"https:\/\/everybrainmatters.org\/es\/#website","url":"https:\/\/everybrainmatters.org\/es\/","name":"Every Brain Matters","description":"","publisher":{"@id":"https:\/\/everybrainmatters.org\/es\/#organization"},"potentialAction":[{"@type":"SearchAction","target":{"@type":"EntryPoint","urlTemplate":"https:\/\/everybrainmatters.org\/es\/?s={search_term_string}"},"query-input":{"@type":"PropertyValueSpecification","valueRequired":true,"valueName":"search_term_string"}}],"inLanguage":"es-ES"},{"@type":"Organization","@id":"https:\/\/everybrainmatters.org\/es\/#organization","name":"Every Brain Matters","url":"https:\/\/everybrainmatters.org\/es\/","logo":{"@type":"ImageObject","inLanguage":"es-ES","@id":"https:\/\/everybrainmatters.org\/es\/#\/schema\/logo\/image\/","url":"https:\/\/everybrainmatters.org\/wp-content\/uploads\/AllBrains_3.jpg","contentUrl":"https:\/\/everybrainmatters.org\/wp-content\/uploads\/AllBrains_3.jpg","width":1000,"height":1087,"caption":"Every Brain Matters"},"image":{"@id":"https:\/\/everybrainmatters.org\/es\/#\/schema\/logo\/image\/"}}]}},"_links":{"self":[{"href":"https:\/\/everybrainmatters.org\/es\/wp-json\/wp\/v2\/pages\/47058","targetHints":{"allow":["GET"]}}],"collection":[{"href":"https:\/\/everybrainmatters.org\/es\/wp-json\/wp\/v2\/pages"}],"about":[{"href":"https:\/\/everybrainmatters.org\/es\/wp-json\/wp\/v2\/types\/page"}],"author":[{"embeddable":true,"href":"https:\/\/everybrainmatters.org\/es\/wp-json\/wp\/v2\/users\/11"}],"replies":[{"embeddable":true,"href":"https:\/\/everybrainmatters.org\/es\/wp-json\/wp\/v2\/comments?post=47058"}],"version-history":[{"count":0,"href":"https:\/\/everybrainmatters.org\/es\/wp-json\/wp\/v2\/pages\/47058\/revisions"}],"wp:attachment":[{"href":"https:\/\/everybrainmatters.org\/es\/wp-json\/wp\/v2\/media?parent=47058"}],"curies":[{"name":"wp","href":"https:\/\/api.w.org\/{rel}","templated":true}]}}