{"id":47068,"date":"2022-02-08T09:44:05","date_gmt":"2022-02-08T15:44:05","guid":{"rendered":"https:\/\/everybrainmatters.org\/humo-de-cannabis-de-segunda-mano\/"},"modified":"2025-10-21T09:09:36","modified_gmt":"2025-10-21T14:09:36","slug":"humo-de-cannabis-de-segunda-mano","status":"publish","type":"page","link":"https:\/\/everybrainmatters.org\/es\/humo-de-cannabis-de-segunda-mano\/","title":{"rendered":"Humo de cannabis de segunda mano"},"content":{"rendered":"\n<ul class=\"wp-block-list\">\n<li><a href=\"https:\/\/jamanetwork.com\/journals\/jamanetworkopen\/fullarticle\/2790510\" target=\"_blank\" rel=\"noreferrer noopener\" class=\"ek-link\">Exposici\u00f3n a part\u00edculas finas por fumar pipa de cannabis de segunda mano<\/a> 2022, 30 de marzo<\/li>\n\n\n\n<li><a aria-label=\"Measuring indoor fine particle concentrations, emission rates, and decay rates from cannabis use in a residence (opens in a new tab)\" href=\"https:\/\/www.sciencedirect.com\/science\/article\/pii\/S259016212100006X\" target=\"_blank\" rel=\"noreferrer noopener\" class=\"ek-link\">Medici\u00f3n de las concentraciones de part\u00edculas finas en interiores, las tasas de emisi\u00f3n y las tasas de desintegraci\u00f3n debidas al consumo de cannabis en una residencia<\/a> 2021, abril<\/li>\n\n\n\n<li><a href=\"https:\/\/aacijournal.biomedcentral.com\/articles\/10.1186\/s13223-020-00447-9\" class=\"ek-link\">Un al\u00e9rgeno emergente: la alergia <em>al Cannabis sativa<\/em> en un clima de reciente legalizaci\u00f3n<\/a> 2020, 26 de junio<\/li>\n\n\n\n<li><a href=\"https:\/\/www.tandfonline.com\/doi\/abs\/10.1080\/1744666X.2019.1600403?journalCode=ierm20\" class=\"ek-link\">Alergia al cannabis: lo que el cl\u00ednico debe saber en 2019<\/a> 2019, 1 de febrero<\/li>\n\n\n\n<li><a href=\"https:\/\/www.nature.com\/articles\/s41598-019-55151-5\" class=\"ek-link\">Detecci\u00f3n Superficial de THC Atribuible al Uso de Vaporizadores en el Ambiente Interior<\/a> 2019, diciembre 09<\/li>\n\n\n\n<li><a href=\"https:\/\/publications.aap.org\/pediatrics\/article\/142\/6\/e20180820\/37474\/Marijuana-and-Tobacco-Coexposure-in-Hospitalized?autologincheck=redirected\" class=\"ek-link\">Coexposici\u00f3n a marihuana y tabaco en ni\u00f1os hospitalizados<\/a> 2018, 1 de diciembre<\/li>\n\n\n\n<li><a aria-label=\"Health effects of exposure to second- and third-hand marijuana smoke: a systematic review (opens in a new tab)\" href=\"https:\/\/www.ncbi.nlm.nih.gov\/pmc\/articles\/PMC5741419\/\" target=\"_blank\" rel=\"noreferrer noopener\" class=\"ek-link\">Efectos sobre la salud de la exposici\u00f3n al humo de segunda y tercera mano de la marihuana: una revisi\u00f3n sistem\u00e1tica<\/a> 2017 24 de noviembre<\/li>\n\n\n\n<li><a href=\"https:\/\/www.nature.com\/articles\/pr2016261.pdf\" class=\"ek-link\">Detecci\u00f3n de biomarcadores del humo de marihuana ajeno en ni\u00f1os peque\u00f1os<\/a> 2017, abril<\/li>\n\n\n\n<li><a href=\"https:\/\/pubmed.ncbi.nlm.nih.gov\/27464788\/\" class=\"ek-link\">Un minuto de exposici\u00f3n al humo de segunda mano de la marihuana deteriora sustancialmente la funci\u00f3n endotelial vascular<\/a> 2016, 27 de julio<\/li>\n<\/ul>\n\n<div class=\"wp-block-columns is-layout-flex wp-container-core-columns-is-layout-9d6595d7 wp-block-columns-is-layout-flex\">\n<div class=\"wp-block-column is-layout-flow wp-block-column-is-layout-flow\">\n<p style=\"font-size:16px\"><a href=\"https:\/\/jamanetwork.com\/journals\/jamanetworkopen\/fullarticle\/2790510\" target=\"_blank\" rel=\"noreferrer noopener\" class=\"ek-link\">Exposici\u00f3n a part\u00edculas finas por fumar pipa de cannabis de segunda mano<\/a> <br\/><em>Jama Network<\/em> 2022, 30 de marzo<\/p>\n\n\n\n<p style=\"font-size:16px\">Este estudio de cohortes sugiere que, contrariamente a las creencias populares, fumar en cachimba no es seguro. Hace d\u00e9cadas, mucha gente pensaba que el SHTS no presentaba ning\u00fan riesgo para la salud de los no fumadores. Desde entonces, la investigaci\u00f3n cient\u00edfica ha cambiado esta percepci\u00f3n y ha dado lugar a los entornos sin humo.<g id=\"gid_0\"><g id=\"gid_1\">3<\/g><\/g> Las creencias err\u00f3neas sobre la seguridad de los SHCS fomentan el consumo de cannabis en interiores<g id=\"gid_2\"><g id=\"gid_3\">.1<\/g>,<g id=\"gid_4\">2<\/g><\/g> Los no fumadores est\u00e1n expuestos a concentraciones a\u00fan mayores de materiales SHCS durante el \u00abhot-boxing\u00bb, la pr\u00e1ctica popular en la que los fumadores de cannabis producen grandes vol\u00famenes de humo en un entorno cerrado. Las conclusiones de este estudio sugieren que el SHCS en el hogar no es seguro y que debe abordarse la percepci\u00f3n p\u00fablica de la seguridad del SHCS&#8230;   <\/p>\n<\/div>\n\n\n\n<div class=\"wp-block-column is-layout-flow wp-block-column-is-layout-flow\">\n<p style=\"font-size:16px\"><a aria-label=\"Measuring indoor fine particle concentrations, emission rates, and decay rates from cannabis use in a residence (opens in a new tab)\" href=\"https:\/\/www.sciencedirect.com\/science\/article\/pii\/S259016212100006X\" target=\"_blank\" rel=\"noreferrer noopener\" class=\"ek-link\">Medici\u00f3n de las concentraciones de part\u00edculas finas en interiores, las tasas de emisi\u00f3n y las tasas de desintegraci\u00f3n derivadas del consumo de cannabis en una residencia<\/a> <br\/><em>Science Direct<\/em> 2021, Abril<\/p>\n\n\n\n<p style=\"font-size:16px\">Este estudio demuestra que fumar un porro de marihuana en interiores puede producir concentraciones de PM2<sub>,<\/sub> 5 extremadamente altas. Seg\u00fan los resultados de 24 experimentos, fumar porros de cannabis durante 3,0 min en una habitaci\u00f3n de 43<sup>m3<\/sup> produjo concentraciones m\u00e1ximas de PM2<sub>,<\/sub> 5 de una media de 540 <sup>\u03bcg\/m3<\/sup> que oscilaron entre 143 y 809 <sup>\u03bcg\/m3<\/sup>. En comparaci\u00f3n, los cigarrillos de tabaco Marlboro fumados del mismo modo en la misma habitaci\u00f3n produjeron concentraciones m\u00e1ximas de PM2<sub>,<\/sub> 5 de una media de 154 <sup>\u03bcg\/m3<\/sup> que oscilaron entre 22 y 209 <sup>\u03bcg\/m3<\/sup>&#8230;.  <\/p>\n<\/div>\n<\/div>\n\n<hr class=\"wp-block-separator has-alpha-channel-opacity\"\/>\n\n<div class=\"wp-block-columns is-layout-flex wp-container-core-columns-is-layout-9d6595d7 wp-block-columns-is-layout-flex\">\n<div class=\"wp-block-column is-layout-flow wp-block-column-is-layout-flow\">\n<p style=\"font-size:16px\"><a href=\"https:\/\/aacijournal.biomedcentral.com\/articles\/10.1186\/s13223-020-00447-9\" class=\"ek-link\">Un al\u00e9rgeno emergente: la alergia <em>al Cannabis sativa<\/em> en un clima de reciente legalizaci\u00f3n<\/a> <br\/><em>BMC <\/em>2020, 26 de junio<\/p>\n\n\n\n<p style=\"font-size:16px\">La legalizaci\u00f3n y accesibilidad <em>del Cannabis sativa<\/em> en Canad\u00e1 ha creado un renovado inter\u00e9s por las implicaciones de su consumo para la salud, incluidas las consecuencias al\u00e9rgicas e inmunol\u00f3gicas. Esta breve revisi\u00f3n ha destacado la diversidad de v\u00edas de sensibilizaci\u00f3n y reacciones a la planta, haciendo hincapi\u00e9 en la heterog\u00e9nea presentaci\u00f3n de la alergia <em>al Cannabis<\/em>. Adem\u00e1s, este art\u00edculo ha subrayado la naturaleza incipiente de las pruebas y opciones de tratamiento disponibles para la alergia a <em>la C. sativa<\/em>. Se han producido avances recientes y apasionantes en el aislamiento de los al\u00e9rgenos culpables y en las pruebas cl\u00ednicas, aunque todav\u00eda no son aplicables al uso general en la consulta. Por el momento, existen sugerencias pr\u00e1cticas para diagnosticar y tratar la alergia a <em>la C. sativa<\/em>, que es de esperar evolucionen en los pr\u00f3ximos a\u00f1os a medida que los preparados Can s 3 y los esquemas de inmunoterapia maduren y est\u00e9n disponibles comercialmente. Sin embargo, en la actualidad, la piedra angular del diagn\u00f3stico es un historial al\u00e9rgico detallado con pruebas complementarias de sIgE del c\u00e1\u00f1amo, y el pilar del tratamiento es la evitaci\u00f3n (en combinaci\u00f3n con el tratamiento sintom\u00e1tico est\u00e1ndar)&#8230;     <\/p>\n<\/div>\n\n\n\n<div class=\"wp-block-column is-layout-flow wp-block-column-is-layout-flow\">\n<p style=\"font-size:16px\"><a href=\"https:\/\/www.tandfonline.com\/doi\/abs\/10.1080\/1744666X.2019.1600403?journalCode=ierm20\" class=\"ek-link\">Alergia al cannabis: lo que el cl\u00ednico debe saber en 2019<\/a> <br\/><em>Taylor &amp; Francis<\/em> 2019, 1 de febrero<\/p>\n\n\n\n<p style=\"font-size:16px\">La alergia al cannabis es una entidad al\u00e9rgica que puede repercutir significativamente en la calidad de vida. Para un diagn\u00f3stico \u00f3ptimo, aconsejamos empezar con una prueba validada y estandarizada basada en el extracto crudo, como la sIgE c\u00e1\u00f1amo, complementada con diagn\u00f3sticos basados en componentes, como las cuantificaciones sIgE Can s 3, cuando est\u00e9n disponibles. La investigaci\u00f3n futura deber\u00eda levantar el velo sobre la verdadera prevalencia de la alergia al cannabis y la importancia de otros al\u00e9rgenos del cannabis para orientar mejor nuestra pr\u00e1ctica&#8230;  <\/p>\n<\/div>\n<\/div>\n\n<hr class=\"wp-block-separator has-alpha-channel-opacity\"\/>\n\n<div class=\"wp-block-columns is-layout-flex wp-container-core-columns-is-layout-9d6595d7 wp-block-columns-is-layout-flex\">\n<div class=\"wp-block-column is-layout-flow wp-block-column-is-layout-flow\">\n<p style=\"font-size:16px\"><a href=\"https:\/\/www.nature.com\/articles\/s41598-019-55151-5\" class=\"ek-link\">Detecci\u00f3n Superficial de THC Atribuible al Uso de Vaporizadores en el Ambiente Interior<\/a> <em>Scientific Reports <\/em>2019, Diciembre 09<\/p>\n\n\n\n<p style=\"font-size:16px\">Demostramos que en una habitaci\u00f3n en la que se administr\u00f3 cannabis por vaporizaci\u00f3n las superficies dieron positivo en THC a niveles cuantificables. Este estudio representa un primer paso en la comprensi\u00f3n de c\u00f3mo el vapor de cannabis de flujo lateral se deposita en el medio ambiente y puede dar lugar a una exposici\u00f3n terciaria de los consumidores y transe\u00fantes&#8230; <\/p>\n<\/div>\n\n\n\n<div class=\"wp-block-column is-layout-flow wp-block-column-is-layout-flow\">\n<p style=\"font-size:16px\"><a href=\"https:\/\/publications.aap.org\/pediatrics\/article\/142\/6\/e20180820\/37474\/Marijuana-and-Tobacco-Coexposure-in-Hospitalized?autologincheck=redirected\" class=\"ek-link\">Coexposici\u00f3n a marihuana y tabaco en ni\u00f1os hospitalizados<\/a> <br\/><em>Academia Americana de Pediatr\u00eda <\/em>2018, 1 de diciembre<\/p>\n\n\n\n<p style=\"font-size:16px\">Aproximadamente la mitad de los ni\u00f1os que cumpl\u00edan los requisitos para nuestro estudio ten\u00edan pruebas biol\u00f3gicas de exposici\u00f3n a la marihuana. Los investigadores de estudios como \u00e9ste proporcionan datos valiosos sobre la exposici\u00f3n pasiva de los ni\u00f1os a padres que consumen tabaco y marihuana, y pueden informar las pol\u00edticas de salud p\u00fablica para reducir los da\u00f1os&#8230; <\/p>\n<\/div>\n<\/div>\n\n<hr class=\"wp-block-separator has-alpha-channel-opacity\"\/>\n\n<div class=\"wp-block-columns is-layout-flex wp-container-core-columns-is-layout-9d6595d7 wp-block-columns-is-layout-flex\">\n<div class=\"wp-block-column is-layout-flow wp-block-column-is-layout-flow\">\n<p style=\"font-size:16px\"><a aria-label=\"Health effects of exposure to second- and third-hand marijuana smoke: a systematic review (opens in a new tab)\" href=\"https:\/\/www.ncbi.nlm.nih.gov\/pmc\/articles\/PMC5741419\/\" target=\"_blank\" rel=\"noreferrer noopener\" class=\"ek-link\">Efectos sobre la salud de la exposici\u00f3n al humo de marihuana de segunda y tercera mano: una revisi\u00f3n sistem\u00e1tica<\/a> <br\/><em>National Center for Biotechnology Information<\/em> 2017 24 de noviembre<\/p>\n\n\n\n<p style=\"font-size:16px\">Los metabolitos del tetrahidrocannabinol se retienen en el cuerpo durante m\u00e1s de 4 horas, y las personas afirman experimentar efectos psicoactivos tras la exposici\u00f3n al humo ajeno. A nivel molecular, el humo de la marihuana tiene componentes qu\u00edmicos similares a los del humo del tabaco, aunque est\u00e1n presentes en cantidades diferentes. Aunque esto respalda la plausibilidad biol\u00f3gica de la relaci\u00f3n entre la exposici\u00f3n al humo de marihuana ajeno y los resultados negativos para la salud, existe una laguna en la bibliograf\u00eda sobre este tema. Si la exposici\u00f3n al humo de marihuana ajena tiene riesgos para la salud similares a los del consumo directo de marihuana, puede estar asociada a afecciones como enfermedades respiratorias y cardiacas, as\u00ed como enfermedades mentales. Sin embargo, se necesitan investigaciones de alta calidad sobre los efectos para la salud a largo y corto plazo de la exposici\u00f3n al humo de marihuana ajeno para confirmar estos posibles riesgos. Dado el estado actual de los conocimientos, unos planteamientos pol\u00edticos coherentes sobre la exposici\u00f3n al humo de cualquier tipo pueden dar lugar a la pol\u00edtica de reducci\u00f3n de da\u00f1os m\u00e1s eficaz&#8230;     <\/p>\n<\/div>\n\n\n\n<div class=\"wp-block-column is-layout-flow wp-block-column-is-layout-flow\">\n<p style=\"font-size:16px\"><a href=\"https:\/\/www.nature.com\/articles\/pr2016261.pdf\" class=\"ek-link\">Detecci\u00f3n de biomarcadores del humo de marihuana ajeno en ni\u00f1os peque\u00f1os<\/a> <br\/><em>Nature Publishing Group<\/em> 2017, abril<\/p>\n\n\n\n<p style=\"font-size:16px\">Conclusiones: Los metabolitos del humo de la marihuana pueden detectarse en los ni\u00f1os; en esta cohorte, el 16% estaban expuestos.<br\/><br\/>El COOH-THC detectable es m\u00e1s frecuente en ni\u00f1os expuestos al humo del tabaco. Se necesita m\u00e1s investigaci\u00f3n para evaluar los efectos sobre la salud de la exposici\u00f3n al humo de la marihuana en los ni\u00f1os e informar la pol\u00edtica de salud p\u00fablica&#8230; <\/p>\n<\/div>\n<\/div>\n\n<div class=\"wp-block-columns is-layout-flex wp-container-core-columns-is-layout-9d6595d7 wp-block-columns-is-layout-flex\">\n<div class=\"wp-block-column is-layout-flow wp-block-column-is-layout-flow\">\n<p style=\"font-size:16px\"><a href=\"https:\/\/pubmed.ncbi.nlm.nih.gov\/27464788\/\" class=\"ek-link\">Un minuto de exposici\u00f3n al humo de segunda mano de la marihuana deteriora sustancialmente la funci\u00f3n endotelial vascular<\/a> <br\/><em>National Center for Biotechnology Information<\/em> 2016, 27 de julio<\/p>\n\n\n\n<p style=\"font-size:16px\"><strong> <\/strong>Un minuto de exposici\u00f3n al SHS de la marihuana deteriora sustancialmente la funci\u00f3n endotelial en ratas durante al menos 90 minutos, un tiempo considerablemente mayor que el deterioro comparable por el SHS del tabaco. El deterioro de la FMD no requiere cannabinoides, nicotina o humo de papel de liar. Nuestros hallazgos en ratas sugieren que el SHS puede ejercer efectos cardiovasculares adversos similares independientemente de si procede del tabaco o de la marihuana&#8230;.  <\/p>\n<\/div>\n\n\n\n<div class=\"wp-block-column is-layout-flow wp-block-column-is-layout-flow\"><\/div>\n<\/div>\n\n<hr class=\"wp-block-separator has-css-opacity is-style-wide\"\/>\n","protected":false},"excerpt":{"rendered":"<p>Exposici\u00f3n a part\u00edculas finas por fumar pipa de cannabis de segunda mano Jama Network 2022, 30 de marzo Este estudio&#8230;<\/p>\n","protected":false},"author":11,"featured_media":0,"parent":0,"menu_order":0,"comment_status":"closed","ping_status":"closed","template":"","meta":{"_acf_changed":false,"_editorskit_title_hidden":false,"_editorskit_reading_time":0,"_editorskit_is_block_options_detached":false,"_editorskit_block_options_position":"{}","footnotes":""},"class_list":["post-47068","page","type-page","status-publish","hentry"],"acf":[],"yoast_head":"<!-- This site is optimized with the Yoast SEO plugin v26.1.1 - https:\/\/yoast.com\/wordpress\/plugins\/seo\/ -->\n<title>Humo de cannabis de segunda mano - Every Brain Matters<\/title>\n<meta name=\"robots\" content=\"index, follow, max-snippet:-1, max-image-preview:large, max-video-preview:-1\" \/>\n<link rel=\"canonical\" href=\"https:\/\/everybrainmatters.org\/es\/humo-de-cannabis-de-segunda-mano\/\" \/>\n<meta property=\"og:locale\" content=\"es_ES\" \/>\n<meta property=\"og:type\" content=\"article\" \/>\n<meta property=\"og:title\" content=\"Humo de cannabis de segunda mano - Every Brain Matters\" \/>\n<meta property=\"og:description\" content=\"Exposici\u00f3n a part\u00edculas finas por fumar pipa de cannabis de segunda mano Jama Network 2022, 30 de marzo Este estudio...\" \/>\n<meta property=\"og:url\" content=\"https:\/\/everybrainmatters.org\/es\/humo-de-cannabis-de-segunda-mano\/\" \/>\n<meta property=\"og:site_name\" content=\"Every Brain Matters\" \/>\n<meta property=\"article:modified_time\" content=\"2025-10-21T14:09:36+00:00\" \/>\n<meta property=\"og:image\" content=\"https:\/\/everybrainmatters.org\/wp-content\/uploads\/AllBrains_3.jpg\" \/>\n\t<meta property=\"og:image:width\" content=\"1000\" \/>\n\t<meta property=\"og:image:height\" content=\"1087\" \/>\n\t<meta property=\"og:image:type\" content=\"image\/jpeg\" \/>\n<meta name=\"twitter:card\" content=\"summary_large_image\" \/>\n<meta name=\"twitter:label1\" content=\"Est. reading time\" \/>\n\t<meta name=\"twitter:data1\" content=\"7 minutos\" \/>\n<script type=\"application\/ld+json\" class=\"yoast-schema-graph\">{\"@context\":\"https:\/\/schema.org\",\"@graph\":[{\"@type\":\"WebPage\",\"@id\":\"https:\/\/everybrainmatters.org\/es\/humo-de-cannabis-de-segunda-mano\/\",\"url\":\"https:\/\/everybrainmatters.org\/es\/humo-de-cannabis-de-segunda-mano\/\",\"name\":\"Humo de cannabis de segunda mano - Every Brain Matters\",\"isPartOf\":{\"@id\":\"https:\/\/everybrainmatters.org\/es\/#website\"},\"datePublished\":\"2022-02-08T15:44:05+00:00\",\"dateModified\":\"2025-10-21T14:09:36+00:00\",\"breadcrumb\":{\"@id\":\"https:\/\/everybrainmatters.org\/es\/humo-de-cannabis-de-segunda-mano\/#breadcrumb\"},\"inLanguage\":\"es-ES\",\"potentialAction\":[{\"@type\":\"ReadAction\",\"target\":[\"https:\/\/everybrainmatters.org\/es\/humo-de-cannabis-de-segunda-mano\/\"]}]},{\"@type\":\"BreadcrumbList\",\"@id\":\"https:\/\/everybrainmatters.org\/es\/humo-de-cannabis-de-segunda-mano\/#breadcrumb\",\"itemListElement\":[{\"@type\":\"ListItem\",\"position\":1,\"name\":\"Home\",\"item\":\"https:\/\/everybrainmatters.org\/es\/\"},{\"@type\":\"ListItem\",\"position\":2,\"name\":\"Humo de cannabis de segunda mano\"}]},{\"@type\":\"WebSite\",\"@id\":\"https:\/\/everybrainmatters.org\/es\/#website\",\"url\":\"https:\/\/everybrainmatters.org\/es\/\",\"name\":\"Every Brain Matters\",\"description\":\"\",\"publisher\":{\"@id\":\"https:\/\/everybrainmatters.org\/es\/#organization\"},\"potentialAction\":[{\"@type\":\"SearchAction\",\"target\":{\"@type\":\"EntryPoint\",\"urlTemplate\":\"https:\/\/everybrainmatters.org\/es\/?s={search_term_string}\"},\"query-input\":{\"@type\":\"PropertyValueSpecification\",\"valueRequired\":true,\"valueName\":\"search_term_string\"}}],\"inLanguage\":\"es-ES\"},{\"@type\":\"Organization\",\"@id\":\"https:\/\/everybrainmatters.org\/es\/#organization\",\"name\":\"Every Brain Matters\",\"url\":\"https:\/\/everybrainmatters.org\/es\/\",\"logo\":{\"@type\":\"ImageObject\",\"inLanguage\":\"es-ES\",\"@id\":\"https:\/\/everybrainmatters.org\/es\/#\/schema\/logo\/image\/\",\"url\":\"https:\/\/everybrainmatters.org\/wp-content\/uploads\/AllBrains_3.jpg\",\"contentUrl\":\"https:\/\/everybrainmatters.org\/wp-content\/uploads\/AllBrains_3.jpg\",\"width\":1000,\"height\":1087,\"caption\":\"Every Brain Matters\"},\"image\":{\"@id\":\"https:\/\/everybrainmatters.org\/es\/#\/schema\/logo\/image\/\"}}]}<\/script>\n<!-- \/ Yoast SEO plugin. -->","yoast_head_json":{"title":"Humo de cannabis de segunda mano - Every Brain Matters","robots":{"index":"index","follow":"follow","max-snippet":"max-snippet:-1","max-image-preview":"max-image-preview:large","max-video-preview":"max-video-preview:-1"},"canonical":"https:\/\/everybrainmatters.org\/es\/humo-de-cannabis-de-segunda-mano\/","og_locale":"es_ES","og_type":"article","og_title":"Humo de cannabis de segunda mano - Every Brain Matters","og_description":"Exposici\u00f3n a part\u00edculas finas por fumar pipa de cannabis de segunda mano Jama Network 2022, 30 de marzo Este estudio...","og_url":"https:\/\/everybrainmatters.org\/es\/humo-de-cannabis-de-segunda-mano\/","og_site_name":"Every Brain Matters","article_modified_time":"2025-10-21T14:09:36+00:00","og_image":[{"width":1000,"height":1087,"url":"https:\/\/everybrainmatters.org\/wp-content\/uploads\/AllBrains_3.jpg","type":"image\/jpeg"}],"twitter_card":"summary_large_image","twitter_misc":{"Est. reading time":"7 minutos"},"schema":{"@context":"https:\/\/schema.org","@graph":[{"@type":"WebPage","@id":"https:\/\/everybrainmatters.org\/es\/humo-de-cannabis-de-segunda-mano\/","url":"https:\/\/everybrainmatters.org\/es\/humo-de-cannabis-de-segunda-mano\/","name":"Humo de cannabis de segunda mano - Every Brain Matters","isPartOf":{"@id":"https:\/\/everybrainmatters.org\/es\/#website"},"datePublished":"2022-02-08T15:44:05+00:00","dateModified":"2025-10-21T14:09:36+00:00","breadcrumb":{"@id":"https:\/\/everybrainmatters.org\/es\/humo-de-cannabis-de-segunda-mano\/#breadcrumb"},"inLanguage":"es-ES","potentialAction":[{"@type":"ReadAction","target":["https:\/\/everybrainmatters.org\/es\/humo-de-cannabis-de-segunda-mano\/"]}]},{"@type":"BreadcrumbList","@id":"https:\/\/everybrainmatters.org\/es\/humo-de-cannabis-de-segunda-mano\/#breadcrumb","itemListElement":[{"@type":"ListItem","position":1,"name":"Home","item":"https:\/\/everybrainmatters.org\/es\/"},{"@type":"ListItem","position":2,"name":"Humo de cannabis de segunda mano"}]},{"@type":"WebSite","@id":"https:\/\/everybrainmatters.org\/es\/#website","url":"https:\/\/everybrainmatters.org\/es\/","name":"Every Brain Matters","description":"","publisher":{"@id":"https:\/\/everybrainmatters.org\/es\/#organization"},"potentialAction":[{"@type":"SearchAction","target":{"@type":"EntryPoint","urlTemplate":"https:\/\/everybrainmatters.org\/es\/?s={search_term_string}"},"query-input":{"@type":"PropertyValueSpecification","valueRequired":true,"valueName":"search_term_string"}}],"inLanguage":"es-ES"},{"@type":"Organization","@id":"https:\/\/everybrainmatters.org\/es\/#organization","name":"Every Brain Matters","url":"https:\/\/everybrainmatters.org\/es\/","logo":{"@type":"ImageObject","inLanguage":"es-ES","@id":"https:\/\/everybrainmatters.org\/es\/#\/schema\/logo\/image\/","url":"https:\/\/everybrainmatters.org\/wp-content\/uploads\/AllBrains_3.jpg","contentUrl":"https:\/\/everybrainmatters.org\/wp-content\/uploads\/AllBrains_3.jpg","width":1000,"height":1087,"caption":"Every Brain Matters"},"image":{"@id":"https:\/\/everybrainmatters.org\/es\/#\/schema\/logo\/image\/"}}]}},"_links":{"self":[{"href":"https:\/\/everybrainmatters.org\/es\/wp-json\/wp\/v2\/pages\/47068","targetHints":{"allow":["GET"]}}],"collection":[{"href":"https:\/\/everybrainmatters.org\/es\/wp-json\/wp\/v2\/pages"}],"about":[{"href":"https:\/\/everybrainmatters.org\/es\/wp-json\/wp\/v2\/types\/page"}],"author":[{"embeddable":true,"href":"https:\/\/everybrainmatters.org\/es\/wp-json\/wp\/v2\/users\/11"}],"replies":[{"embeddable":true,"href":"https:\/\/everybrainmatters.org\/es\/wp-json\/wp\/v2\/comments?post=47068"}],"version-history":[{"count":0,"href":"https:\/\/everybrainmatters.org\/es\/wp-json\/wp\/v2\/pages\/47068\/revisions"}],"wp:attachment":[{"href":"https:\/\/everybrainmatters.org\/es\/wp-json\/wp\/v2\/media?parent=47068"}],"curies":[{"name":"wp","href":"https:\/\/api.w.org\/{rel}","templated":true}]}}