{"id":47123,"date":"2022-01-31T20:47:51","date_gmt":"2022-02-01T02:47:51","guid":{"rendered":"https:\/\/everybrainmatters.org\/autismo-con-marihuana\/"},"modified":"2025-10-21T09:09:37","modified_gmt":"2025-10-21T14:09:37","slug":"autismo-con-marihuana","status":"publish","type":"page","link":"https:\/\/everybrainmatters.org\/es\/autismo-con-marihuana\/","title":{"rendered":"Autismo con marihuana"},"content":{"rendered":"\n<ul style=\"font-size:17px\" class=\"wp-block-list\">\n<li><a href=\"https:\/\/everybrainmatters.org\/2022\/03\/08\/marijuana-use-by-parents-may-increase-risk-of-having-child-with-autism\/\" target=\"_blank\" rel=\"noreferrer noopener\">Nuevas pruebas cient\u00edficas demuestran que el consumo de marihuana por los padres puede aumentar el riesgo de tener un hijo con autismo<\/a>, 2022, 8 de marzo<\/li>\n\n\n\n<li><a href=\"https:\/\/www.nature.com\/articles\/s41598-018-37570-y\">Experiencia Real del Tratamiento con Cannabis Medicinal en el Autismo: An\u00e1lisis de Seguridad y Eficacia<\/a>, 2019, 17 de enero<\/li>\n\n\n\n<li><a class=\"ek-link\" href=\"https:\/\/asatonline.org\/for-parents\/becoming-a-savvy-consumer\/treatment-marijuana\/\">Autismo y Tratamiento con Marihuana<\/a>, 2017, Oto\u00f1o<\/li>\n\n\n\n<li><a class=\"ek-link\" href=\"https:\/\/autismsciencefoundation.org\/use-of-medical-marijuana\/\">Uso de la marihuana medicinal para el autismo<\/a>, 2017, noviembre<\/li>\n<\/ul>\n\n<figure class=\"wp-block-image size-full\"><a href=\"https:\/\/everybrainmatters.org\/wp-content\/uploads\/Autism.png\"><img loading=\"lazy\" decoding=\"async\" width=\"695\" height=\"549\" src=\"https:\/\/everybrainmatters.org\/wp-content\/uploads\/Autism.png\" alt=\"\" class=\"wp-image-37178\" srcset=\"https:\/\/everybrainmatters.org\/wp-content\/uploads\/Autism.png 695w, https:\/\/everybrainmatters.org\/wp-content\/uploads\/Autism-300x237.png 300w, https:\/\/everybrainmatters.org\/wp-content\/uploads\/Autism-600x474.png 600w\" sizes=\"auto, (max-width: 695px) 100vw, 695px\" \/><\/a><\/figure>\n\n<hr class=\"wp-block-separator has-alpha-channel-opacity\"\/>\n\n<div class=\"wp-block-columns is-layout-flex wp-container-core-columns-is-layout-9d6595d7 wp-block-columns-is-layout-flex\">\n<div class=\"wp-block-column is-layout-flow wp-block-column-is-layout-flow\">\n<p style=\"font-size:16px\"><a href=\"https:\/\/everybrainmatters.org\/2022\/03\/08\/marijuana-use-by-parents-may-increase-risk-of-having-child-with-autism\/\" target=\"_blank\" rel=\"noreferrer noopener\" class=\"ek-link\">Nuevas pruebas cient\u00edficas demuestran que el consumo de marihuana por parte de los padres puede aumentar el riesgo de tener un hijo con autismo<\/a><br\/>Amy Turncliff, PhD Neurocient\u00edfica, 2022, 8 de marzo<\/p>\n\n\n\n<p style=\"font-size:16px\">Las investigaciones sugieren una asociaci\u00f3n entre el aumento del diagn\u00f3stico de autismo y el consumo de marihuana por parte de los padres antes del nacimiento, tanto en el \u00fatero como a trav\u00e9s de la exposici\u00f3n epigen\u00e9tica a la marihuana[4, 5] Algunos de los descubrimientos cient\u00edficos recientes indican posibles v\u00edas por las que el consumo de cannabis podr\u00eda inducir cambios en el neurodesarrollo relacionados con los trastornos del espectro autista, en los hijos de consumidores de marihuana&#8230;. <\/p>\n<\/div>\n\n\n\n<div class=\"wp-block-column is-layout-flow wp-block-column-is-layout-flow\">\n<p style=\"font-size:16px\"><a href=\"https:\/\/www.nature.com\/articles\/s41598-018-37570-y\" class=\"ek-link\">Experiencia Real del Tratamiento con Cannabis Medicinal en el Autismo: An\u00e1lisis de Seguridad y Eficacia<\/a><br\/><a href=\"https:\/\/www.nature.com\/srep\"><em>Informes cient\u00edficos<\/em><\/a> 2019, 17 de enero<\/p>\n\n\n\n<p style=\"font-size:16px\">Se ha producido un aumento espectacular del n\u00famero de ni\u00f1os diagnosticados de trastornos del espectro autista (TEA) en todo el mundo. Recientemente han surgido pruebas anecd\u00f3ticas de los posibles efectos terap\u00e9uticos de los productos derivados del cannabis. El objetivo de este estudio es caracterizar la epidemiolog\u00eda de los pacientes con TEA que reciben tratamiento con cannabis medicinal y describir su seguridad y eficacia. Analizamos los datos recogidos prospectivamente como parte del programa de tratamiento de 188 pacientes con TEA tratados con cannabis medicinal entre 2015 y 2017. El tratamiento en la mayor\u00eda de los pacientes se bas\u00f3 en aceite de cannabis que conten\u00eda un 30% de CBD y un 1,5% de THC&#8230;.    <\/p>\n<\/div>\n<\/div>\n\n<hr class=\"wp-block-separator has-css-opacity is-style-wide\"\/>\n\n<div class=\"wp-block-columns is-layout-flex wp-container-core-columns-is-layout-9d6595d7 wp-block-columns-is-layout-flex\">\n<div class=\"wp-block-column is-layout-flow wp-block-column-is-layout-flow\">\n<p style=\"font-size:16px\"><a href=\"https:\/\/asatonline.org\/for-parents\/becoming-a-savvy-consumer\/treatment-marijuana\/\" class=\"ek-link\">Autismo y tratamiento con marihuana<\/a><br\/>Kelley L. Harrison, MA, BCBA, LBA-KS, Thomas Zane, PhD, BCBA-D, 2017 Noviembre<br\/><br\/>Actualmente, no existen pruebas que respalden el uso de la marihuana como tratamiento del TEA. Esto, junto con los posibles efectos secundarios negativos, sugiere firmemente que no debemos utilizar la marihuana para el tratamiento del TEA, al menos hasta que la comunidad m\u00e9dica comprenda primero su seguridad. Hasta ese momento, est\u00e1 claro que el consumo de marihuana y otros productos relacionados con el cannabis est\u00e1n contraindicados para el tratamiento del TEA. Dado que no existen pruebas cient\u00edficas de que la marihuana pueda beneficiar a las personas con TEA, los padres y cuidadores de ni\u00f1os con TEA deben tener muy en cuenta los efectos secundarios adversos que pueden producirse cuando se utiliza la marihuana como tratamiento&#8230;   <\/p>\n<\/div>\n\n\n\n<div class=\"wp-block-column is-layout-flow wp-block-column-is-layout-flow\">\n<p style=\"font-size:16px\"><a href=\"https:\/\/autismsciencefoundation.org\/use-of-medical-marijuana\/\" class=\"ek-link\">Uso de la marihuana medicinal para el autismo<\/a><br\/>Autism Science, 2017 Noviembre<\/p>\n\n\n\n<p style=\"font-size:16px\">El uso de la planta de marihuana no est\u00e1 aprobado por la FDA para ning\u00fan fin m\u00e9dico. Sin embargo, tres compuestos relacionados con la marihuana (nabilona, dronabinol y cannabidiol) est\u00e1n aprobados para indicaciones espec\u00edficas. Hasta la fecha, la investigaci\u00f3n es limitada y no hay pruebas sobre los posibles riesgos y beneficios a corto, largo plazo o para el neurodesarrollo de la marihuana medicinal o sus compuestos relacionados en el TEA&#8230;.  <\/p>\n<\/div>\n<\/div>\n","protected":false},"excerpt":{"rendered":"<p>Nuevas pruebas cient\u00edficas demuestran que el consumo de marihuana por parte de los padres puede aumentar el riesgo de tener&#8230;<\/p>\n","protected":false},"author":11,"featured_media":0,"parent":0,"menu_order":0,"comment_status":"closed","ping_status":"closed","template":"","meta":{"_acf_changed":false,"_editorskit_title_hidden":false,"_editorskit_reading_time":0,"_editorskit_is_block_options_detached":false,"_editorskit_block_options_position":"{}","footnotes":""},"class_list":["post-47123","page","type-page","status-publish","hentry"],"acf":[],"yoast_head":"<!-- This site is optimized with the Yoast SEO plugin v26.1.1 - https:\/\/yoast.com\/wordpress\/plugins\/seo\/ -->\n<title>Autismo con marihuana - Every Brain Matters<\/title>\n<meta name=\"robots\" content=\"index, follow, max-snippet:-1, max-image-preview:large, max-video-preview:-1\" \/>\n<link rel=\"canonical\" href=\"https:\/\/everybrainmatters.org\/es\/autismo-con-marihuana\/\" \/>\n<meta property=\"og:locale\" content=\"es_ES\" \/>\n<meta property=\"og:type\" content=\"article\" \/>\n<meta property=\"og:title\" content=\"Autismo con marihuana - Every Brain Matters\" \/>\n<meta property=\"og:description\" content=\"Nuevas pruebas cient\u00edficas demuestran que el consumo de marihuana por parte de los padres puede aumentar el riesgo de tener...\" \/>\n<meta property=\"og:url\" content=\"https:\/\/everybrainmatters.org\/es\/autismo-con-marihuana\/\" \/>\n<meta property=\"og:site_name\" content=\"Every Brain Matters\" \/>\n<meta property=\"article:modified_time\" content=\"2025-10-21T14:09:37+00:00\" \/>\n<meta property=\"og:image\" content=\"https:\/\/everybrainmatters.org\/wp-content\/uploads\/Autism.png\" \/>\n\t<meta property=\"og:image:width\" content=\"695\" \/>\n\t<meta property=\"og:image:height\" content=\"549\" \/>\n\t<meta property=\"og:image:type\" content=\"image\/png\" \/>\n<meta name=\"twitter:card\" content=\"summary_large_image\" \/>\n<meta name=\"twitter:label1\" content=\"Est. reading time\" \/>\n\t<meta name=\"twitter:data1\" content=\"3 minutos\" \/>\n<script type=\"application\/ld+json\" class=\"yoast-schema-graph\">{\"@context\":\"https:\/\/schema.org\",\"@graph\":[{\"@type\":\"WebPage\",\"@id\":\"https:\/\/everybrainmatters.org\/es\/autismo-con-marihuana\/\",\"url\":\"https:\/\/everybrainmatters.org\/es\/autismo-con-marihuana\/\",\"name\":\"Autismo con marihuana - Every Brain Matters\",\"isPartOf\":{\"@id\":\"https:\/\/everybrainmatters.org\/es\/#website\"},\"primaryImageOfPage\":{\"@id\":\"https:\/\/everybrainmatters.org\/es\/autismo-con-marihuana\/#primaryimage\"},\"image\":{\"@id\":\"https:\/\/everybrainmatters.org\/es\/autismo-con-marihuana\/#primaryimage\"},\"thumbnailUrl\":\"https:\/\/everybrainmatters.org\/wp-content\/uploads\/Autism.png\",\"datePublished\":\"2022-02-01T02:47:51+00:00\",\"dateModified\":\"2025-10-21T14:09:37+00:00\",\"breadcrumb\":{\"@id\":\"https:\/\/everybrainmatters.org\/es\/autismo-con-marihuana\/#breadcrumb\"},\"inLanguage\":\"es-ES\",\"potentialAction\":[{\"@type\":\"ReadAction\",\"target\":[\"https:\/\/everybrainmatters.org\/es\/autismo-con-marihuana\/\"]}]},{\"@type\":\"ImageObject\",\"inLanguage\":\"es-ES\",\"@id\":\"https:\/\/everybrainmatters.org\/es\/autismo-con-marihuana\/#primaryimage\",\"url\":\"https:\/\/everybrainmatters.org\/wp-content\/uploads\/Autism.png\",\"contentUrl\":\"https:\/\/everybrainmatters.org\/wp-content\/uploads\/Autism.png\"},{\"@type\":\"BreadcrumbList\",\"@id\":\"https:\/\/everybrainmatters.org\/es\/autismo-con-marihuana\/#breadcrumb\",\"itemListElement\":[{\"@type\":\"ListItem\",\"position\":1,\"name\":\"Home\",\"item\":\"https:\/\/everybrainmatters.org\/es\/\"},{\"@type\":\"ListItem\",\"position\":2,\"name\":\"Autismo con marihuana\"}]},{\"@type\":\"WebSite\",\"@id\":\"https:\/\/everybrainmatters.org\/es\/#website\",\"url\":\"https:\/\/everybrainmatters.org\/es\/\",\"name\":\"Every Brain Matters\",\"description\":\"\",\"publisher\":{\"@id\":\"https:\/\/everybrainmatters.org\/es\/#organization\"},\"potentialAction\":[{\"@type\":\"SearchAction\",\"target\":{\"@type\":\"EntryPoint\",\"urlTemplate\":\"https:\/\/everybrainmatters.org\/es\/?s={search_term_string}\"},\"query-input\":{\"@type\":\"PropertyValueSpecification\",\"valueRequired\":true,\"valueName\":\"search_term_string\"}}],\"inLanguage\":\"es-ES\"},{\"@type\":\"Organization\",\"@id\":\"https:\/\/everybrainmatters.org\/es\/#organization\",\"name\":\"Every Brain Matters\",\"url\":\"https:\/\/everybrainmatters.org\/es\/\",\"logo\":{\"@type\":\"ImageObject\",\"inLanguage\":\"es-ES\",\"@id\":\"https:\/\/everybrainmatters.org\/es\/#\/schema\/logo\/image\/\",\"url\":\"https:\/\/everybrainmatters.org\/wp-content\/uploads\/AllBrains_3.jpg\",\"contentUrl\":\"https:\/\/everybrainmatters.org\/wp-content\/uploads\/AllBrains_3.jpg\",\"width\":1000,\"height\":1087,\"caption\":\"Every Brain Matters\"},\"image\":{\"@id\":\"https:\/\/everybrainmatters.org\/es\/#\/schema\/logo\/image\/\"}}]}<\/script>\n<!-- \/ Yoast SEO plugin. -->","yoast_head_json":{"title":"Autismo con marihuana - Every Brain Matters","robots":{"index":"index","follow":"follow","max-snippet":"max-snippet:-1","max-image-preview":"max-image-preview:large","max-video-preview":"max-video-preview:-1"},"canonical":"https:\/\/everybrainmatters.org\/es\/autismo-con-marihuana\/","og_locale":"es_ES","og_type":"article","og_title":"Autismo con marihuana - Every Brain Matters","og_description":"Nuevas pruebas cient\u00edficas demuestran que el consumo de marihuana por parte de los padres puede aumentar el riesgo de tener...","og_url":"https:\/\/everybrainmatters.org\/es\/autismo-con-marihuana\/","og_site_name":"Every Brain Matters","article_modified_time":"2025-10-21T14:09:37+00:00","og_image":[{"width":695,"height":549,"url":"https:\/\/everybrainmatters.org\/wp-content\/uploads\/Autism.png","type":"image\/png"}],"twitter_card":"summary_large_image","twitter_misc":{"Est. reading time":"3 minutos"},"schema":{"@context":"https:\/\/schema.org","@graph":[{"@type":"WebPage","@id":"https:\/\/everybrainmatters.org\/es\/autismo-con-marihuana\/","url":"https:\/\/everybrainmatters.org\/es\/autismo-con-marihuana\/","name":"Autismo con marihuana - Every Brain Matters","isPartOf":{"@id":"https:\/\/everybrainmatters.org\/es\/#website"},"primaryImageOfPage":{"@id":"https:\/\/everybrainmatters.org\/es\/autismo-con-marihuana\/#primaryimage"},"image":{"@id":"https:\/\/everybrainmatters.org\/es\/autismo-con-marihuana\/#primaryimage"},"thumbnailUrl":"https:\/\/everybrainmatters.org\/wp-content\/uploads\/Autism.png","datePublished":"2022-02-01T02:47:51+00:00","dateModified":"2025-10-21T14:09:37+00:00","breadcrumb":{"@id":"https:\/\/everybrainmatters.org\/es\/autismo-con-marihuana\/#breadcrumb"},"inLanguage":"es-ES","potentialAction":[{"@type":"ReadAction","target":["https:\/\/everybrainmatters.org\/es\/autismo-con-marihuana\/"]}]},{"@type":"ImageObject","inLanguage":"es-ES","@id":"https:\/\/everybrainmatters.org\/es\/autismo-con-marihuana\/#primaryimage","url":"https:\/\/everybrainmatters.org\/wp-content\/uploads\/Autism.png","contentUrl":"https:\/\/everybrainmatters.org\/wp-content\/uploads\/Autism.png"},{"@type":"BreadcrumbList","@id":"https:\/\/everybrainmatters.org\/es\/autismo-con-marihuana\/#breadcrumb","itemListElement":[{"@type":"ListItem","position":1,"name":"Home","item":"https:\/\/everybrainmatters.org\/es\/"},{"@type":"ListItem","position":2,"name":"Autismo con marihuana"}]},{"@type":"WebSite","@id":"https:\/\/everybrainmatters.org\/es\/#website","url":"https:\/\/everybrainmatters.org\/es\/","name":"Every Brain Matters","description":"","publisher":{"@id":"https:\/\/everybrainmatters.org\/es\/#organization"},"potentialAction":[{"@type":"SearchAction","target":{"@type":"EntryPoint","urlTemplate":"https:\/\/everybrainmatters.org\/es\/?s={search_term_string}"},"query-input":{"@type":"PropertyValueSpecification","valueRequired":true,"valueName":"search_term_string"}}],"inLanguage":"es-ES"},{"@type":"Organization","@id":"https:\/\/everybrainmatters.org\/es\/#organization","name":"Every Brain Matters","url":"https:\/\/everybrainmatters.org\/es\/","logo":{"@type":"ImageObject","inLanguage":"es-ES","@id":"https:\/\/everybrainmatters.org\/es\/#\/schema\/logo\/image\/","url":"https:\/\/everybrainmatters.org\/wp-content\/uploads\/AllBrains_3.jpg","contentUrl":"https:\/\/everybrainmatters.org\/wp-content\/uploads\/AllBrains_3.jpg","width":1000,"height":1087,"caption":"Every Brain Matters"},"image":{"@id":"https:\/\/everybrainmatters.org\/es\/#\/schema\/logo\/image\/"}}]}},"_links":{"self":[{"href":"https:\/\/everybrainmatters.org\/es\/wp-json\/wp\/v2\/pages\/47123","targetHints":{"allow":["GET"]}}],"collection":[{"href":"https:\/\/everybrainmatters.org\/es\/wp-json\/wp\/v2\/pages"}],"about":[{"href":"https:\/\/everybrainmatters.org\/es\/wp-json\/wp\/v2\/types\/page"}],"author":[{"embeddable":true,"href":"https:\/\/everybrainmatters.org\/es\/wp-json\/wp\/v2\/users\/11"}],"replies":[{"embeddable":true,"href":"https:\/\/everybrainmatters.org\/es\/wp-json\/wp\/v2\/comments?post=47123"}],"version-history":[{"count":0,"href":"https:\/\/everybrainmatters.org\/es\/wp-json\/wp\/v2\/pages\/47123\/revisions"}],"wp:attachment":[{"href":"https:\/\/everybrainmatters.org\/es\/wp-json\/wp\/v2\/media?parent=47123"}],"curies":[{"name":"wp","href":"https:\/\/api.w.org\/{rel}","templated":true}]}}