{"id":47124,"date":"2021-12-28T00:11:25","date_gmt":"2021-12-28T06:11:25","guid":{"rendered":"https:\/\/everybrainmatters.org\/recursos-para-el-duelo-esperanza-tras-la-perdida\/"},"modified":"2025-10-21T09:09:39","modified_gmt":"2025-10-21T14:09:39","slug":"recursos-para-el-duelo-esperanza-tras-la-perdida","status":"publish","type":"page","link":"https:\/\/everybrainmatters.org\/es\/recursos-para-el-duelo-esperanza-tras-la-perdida\/","title":{"rendered":"Recursos para el duelo, esperanza tras la p\u00e9rdida"},"content":{"rendered":"\n<div class=\"wp-block-columns is-layout-flex wp-container-core-columns-is-layout-9d6595d7 wp-block-columns-is-layout-flex\">\n<div class=\"wp-block-column is-layout-flow wp-block-column-is-layout-flow\">\n<h4 class=\"wp-block-heading\"><a aria-label=\"Finding Hope After the Loss of an Addicted Loved One (opens in a new tab)\" href=\"https:\/\/naranonhopeafterloss.org\/\" target=\"_blank\" rel=\"noreferrer noopener\" class=\"ek-link\">Encontrar la esperanza tras la p\u00e9rdida de un ser querido adicto<\/a><\/h4>\n\n\n\n<p>El Grupo de Familias Nar-Anon Esperanza Despu\u00e9s de la P\u00e9rdida es una confraternidad mundial en l\u00ednea bajo los Grupos de Familia Nar-Anon para los afectados por la muerte de un ser querido adicto. Como programa de Doce Pasos, ofrecemos nuestra ayuda compartiendo nuestra experiencia, fortaleza y esperanza. <\/p>\n<\/div>\n\n\n\n<div class=\"wp-block-column is-layout-flow wp-block-column-is-layout-flow\">\n<div class=\"wp-block-image is-style-default\"><figure class=\"aligncenter size-full is-resized\"><a href=\"https:\/\/naranonhopeafterloss.org\/\" target=\"_blank\" rel=\"noopener\"><img loading=\"lazy\" decoding=\"async\" src=\"https:\/\/everybrainmatters.org\/wp-content\/uploads\/cropped-Nar-Anon-Logo-Color-Medium.png\" alt=\"\" class=\"wp-image-23839\" width=\"244\" height=\"212\" srcset=\"https:\/\/everybrainmatters.org\/wp-content\/uploads\/cropped-Nar-Anon-Logo-Color-Medium.png 850w, https:\/\/everybrainmatters.org\/wp-content\/uploads\/cropped-Nar-Anon-Logo-Color-Medium-300x261.png 300w, https:\/\/everybrainmatters.org\/wp-content\/uploads\/cropped-Nar-Anon-Logo-Color-Medium-768x668.png 768w, https:\/\/everybrainmatters.org\/wp-content\/uploads\/cropped-Nar-Anon-Logo-Color-Medium-600x522.png 600w\" sizes=\"auto, (max-width: 244px) 100vw, 244px\" \/><\/a><\/figure><\/div>\n<\/div>\n<\/div>\n\n<hr class=\"wp-block-separator is-style-wide\"\/>\n\n<div class=\"wp-block-columns is-layout-flex wp-container-core-columns-is-layout-9d6595d7 wp-block-columns-is-layout-flex\">\n<div class=\"wp-block-column is-layout-flow wp-block-column-is-layout-flow\">\n<h4 class=\"wp-block-heading\"><a href=\"https:\/\/annemoss.com\/2021\/12\/22\/grieving-parents-sharing-hope-podcast-with-anne-moss-rogers\/\" target=\"_blank\" aria-label=\"Grieving Parents Sharing Hope Podcast with Anne Moss Rogers (opens in a new tab)\" rel=\"noreferrer noopener\" class=\"ek-link\">Podcast Padres en duelo compartiendo la esperanza con Anne Moss Rogers<\/a><\/h4>\n\n\n\n<p><strong><a href=\"https:\/\/www.gpshope.org\/podcast\/138\/\" target=\"_blank\" rel=\"noreferrer noopener\"><em>Luchando en la oscuridad de nuestra p\u00e9rdida<\/em> con la presentadora Laura Diehl y Anne Moss Rogers<\/a><\/strong>. Este episodio contiene muchos consejos pr\u00e1cticos para quienes luchan profundamente en la oscuridad del dolor tras la p\u00e9rdida de un hijo. Como madre que perdi\u00f3 a su hijo por suicidio, Anne Moss tom\u00f3 la decisi\u00f3n consciente de averiguar c\u00f3mo superar la culpa, la verg\u00fcenza y la horrible oscuridad para poder volver a vivir una vida con sentido y prop\u00f3sito, tanto para honrar a su hijo Charles como para ayudar a quienes se plantean poner fin a su propia vida.  <\/p>\n\n\n\n<p><a href=\"https:\/\/www.gpshope.org\/podcast\/138\/\" target=\"_blank\" rel=\"noreferrer noopener\">Escucha y lee las notas del programa en el sitio web Padres en duelo compartiendo la esperanza<\/a> con Laura Diehl.<\/p>\n<\/div>\n\n\n\n<div class=\"wp-block-column is-layout-flow wp-block-column-is-layout-flow\">\n<figure class=\"wp-block-image size-full is-style-default\"><a href=\"https:\/\/annemoss.com\/2021\/12\/22\/grieving-parents-sharing-hope-podcast-with-anne-moss-rogers\/\" target=\"_blank\" rel=\"noopener\"><img loading=\"lazy\" decoding=\"async\" width=\"317\" height=\"315\" src=\"https:\/\/everybrainmatters.org\/wp-content\/uploads\/grieving-parents-podcast.jpg\" alt=\"\" class=\"wp-image-23843\" srcset=\"https:\/\/everybrainmatters.org\/wp-content\/uploads\/grieving-parents-podcast.jpg 317w, https:\/\/everybrainmatters.org\/wp-content\/uploads\/grieving-parents-podcast-300x298.jpg 300w, https:\/\/everybrainmatters.org\/wp-content\/uploads\/grieving-parents-podcast-150x150.jpg 150w, https:\/\/everybrainmatters.org\/wp-content\/uploads\/grieving-parents-podcast-100x100.jpg 100w\" sizes=\"auto, (max-width: 317px) 100vw, 317px\" \/><\/a><\/figure>\n<\/div>\n<\/div>\n","protected":false},"excerpt":{"rendered":"<p>Encontrar la esperanza tras la p\u00e9rdida de un ser querido adicto El Grupo de Familias Nar-Anon Esperanza Despu\u00e9s de la&#8230;<\/p>\n","protected":false},"author":11,"featured_media":0,"parent":0,"menu_order":0,"comment_status":"closed","ping_status":"closed","template":"","meta":{"_acf_changed":false,"_editorskit_title_hidden":false,"_editorskit_reading_time":0,"_editorskit_is_block_options_detached":false,"_editorskit_block_options_position":"{}","footnotes":""},"class_list":["post-47124","page","type-page","status-publish","hentry"],"acf":[],"yoast_head":"<!-- This site is optimized with the Yoast SEO plugin v26.1.1 - https:\/\/yoast.com\/wordpress\/plugins\/seo\/ -->\n<title>Recursos para el duelo, esperanza tras la p\u00e9rdida - Every Brain Matters<\/title>\n<meta name=\"robots\" content=\"index, follow, max-snippet:-1, max-image-preview:large, max-video-preview:-1\" \/>\n<link rel=\"canonical\" href=\"https:\/\/everybrainmatters.org\/es\/recursos-para-el-duelo-esperanza-tras-la-perdida\/\" \/>\n<meta property=\"og:locale\" content=\"es_ES\" \/>\n<meta property=\"og:type\" content=\"article\" \/>\n<meta property=\"og:title\" content=\"Recursos para el duelo, esperanza tras la p\u00e9rdida - Every Brain Matters\" \/>\n<meta property=\"og:description\" content=\"Encontrar la esperanza tras la p\u00e9rdida de un ser querido adicto El Grupo de Familias Nar-Anon Esperanza Despu\u00e9s de la...\" \/>\n<meta property=\"og:url\" content=\"https:\/\/everybrainmatters.org\/es\/recursos-para-el-duelo-esperanza-tras-la-perdida\/\" \/>\n<meta property=\"og:site_name\" content=\"Every Brain Matters\" \/>\n<meta property=\"article:modified_time\" content=\"2025-10-21T14:09:39+00:00\" \/>\n<meta property=\"og:image\" content=\"https:\/\/everybrainmatters.org\/wp-content\/uploads\/cropped-Nar-Anon-Logo-Color-Medium.png\" \/>\n\t<meta property=\"og:image:width\" content=\"850\" \/>\n\t<meta property=\"og:image:height\" content=\"739\" \/>\n\t<meta property=\"og:image:type\" content=\"image\/png\" \/>\n<meta name=\"twitter:card\" content=\"summary_large_image\" \/>\n<meta name=\"twitter:label1\" content=\"Est. reading time\" \/>\n\t<meta name=\"twitter:data1\" content=\"1 minuto\" \/>\n<script type=\"application\/ld+json\" class=\"yoast-schema-graph\">{\"@context\":\"https:\/\/schema.org\",\"@graph\":[{\"@type\":\"WebPage\",\"@id\":\"https:\/\/everybrainmatters.org\/es\/recursos-para-el-duelo-esperanza-tras-la-perdida\/\",\"url\":\"https:\/\/everybrainmatters.org\/es\/recursos-para-el-duelo-esperanza-tras-la-perdida\/\",\"name\":\"Recursos para el duelo, esperanza tras la p\u00e9rdida - Every Brain Matters\",\"isPartOf\":{\"@id\":\"https:\/\/everybrainmatters.org\/es\/#website\"},\"primaryImageOfPage\":{\"@id\":\"https:\/\/everybrainmatters.org\/es\/recursos-para-el-duelo-esperanza-tras-la-perdida\/#primaryimage\"},\"image\":{\"@id\":\"https:\/\/everybrainmatters.org\/es\/recursos-para-el-duelo-esperanza-tras-la-perdida\/#primaryimage\"},\"thumbnailUrl\":\"https:\/\/everybrainmatters.org\/wp-content\/uploads\/cropped-Nar-Anon-Logo-Color-Medium.png\",\"datePublished\":\"2021-12-28T06:11:25+00:00\",\"dateModified\":\"2025-10-21T14:09:39+00:00\",\"breadcrumb\":{\"@id\":\"https:\/\/everybrainmatters.org\/es\/recursos-para-el-duelo-esperanza-tras-la-perdida\/#breadcrumb\"},\"inLanguage\":\"es-ES\",\"potentialAction\":[{\"@type\":\"ReadAction\",\"target\":[\"https:\/\/everybrainmatters.org\/es\/recursos-para-el-duelo-esperanza-tras-la-perdida\/\"]}]},{\"@type\":\"ImageObject\",\"inLanguage\":\"es-ES\",\"@id\":\"https:\/\/everybrainmatters.org\/es\/recursos-para-el-duelo-esperanza-tras-la-perdida\/#primaryimage\",\"url\":\"https:\/\/everybrainmatters.org\/wp-content\/uploads\/cropped-Nar-Anon-Logo-Color-Medium.png\",\"contentUrl\":\"https:\/\/everybrainmatters.org\/wp-content\/uploads\/cropped-Nar-Anon-Logo-Color-Medium.png\"},{\"@type\":\"BreadcrumbList\",\"@id\":\"https:\/\/everybrainmatters.org\/es\/recursos-para-el-duelo-esperanza-tras-la-perdida\/#breadcrumb\",\"itemListElement\":[{\"@type\":\"ListItem\",\"position\":1,\"name\":\"Home\",\"item\":\"https:\/\/everybrainmatters.org\/es\/\"},{\"@type\":\"ListItem\",\"position\":2,\"name\":\"Recursos para el duelo, esperanza tras la p\u00e9rdida\"}]},{\"@type\":\"WebSite\",\"@id\":\"https:\/\/everybrainmatters.org\/es\/#website\",\"url\":\"https:\/\/everybrainmatters.org\/es\/\",\"name\":\"Every Brain Matters\",\"description\":\"\",\"publisher\":{\"@id\":\"https:\/\/everybrainmatters.org\/es\/#organization\"},\"potentialAction\":[{\"@type\":\"SearchAction\",\"target\":{\"@type\":\"EntryPoint\",\"urlTemplate\":\"https:\/\/everybrainmatters.org\/es\/?s={search_term_string}\"},\"query-input\":{\"@type\":\"PropertyValueSpecification\",\"valueRequired\":true,\"valueName\":\"search_term_string\"}}],\"inLanguage\":\"es-ES\"},{\"@type\":\"Organization\",\"@id\":\"https:\/\/everybrainmatters.org\/es\/#organization\",\"name\":\"Every Brain Matters\",\"url\":\"https:\/\/everybrainmatters.org\/es\/\",\"logo\":{\"@type\":\"ImageObject\",\"inLanguage\":\"es-ES\",\"@id\":\"https:\/\/everybrainmatters.org\/es\/#\/schema\/logo\/image\/\",\"url\":\"https:\/\/everybrainmatters.org\/wp-content\/uploads\/AllBrains_3.jpg\",\"contentUrl\":\"https:\/\/everybrainmatters.org\/wp-content\/uploads\/AllBrains_3.jpg\",\"width\":1000,\"height\":1087,\"caption\":\"Every Brain Matters\"},\"image\":{\"@id\":\"https:\/\/everybrainmatters.org\/es\/#\/schema\/logo\/image\/\"}}]}<\/script>\n<!-- \/ Yoast SEO plugin. -->","yoast_head_json":{"title":"Recursos para el duelo, esperanza tras la p\u00e9rdida - Every Brain Matters","robots":{"index":"index","follow":"follow","max-snippet":"max-snippet:-1","max-image-preview":"max-image-preview:large","max-video-preview":"max-video-preview:-1"},"canonical":"https:\/\/everybrainmatters.org\/es\/recursos-para-el-duelo-esperanza-tras-la-perdida\/","og_locale":"es_ES","og_type":"article","og_title":"Recursos para el duelo, esperanza tras la p\u00e9rdida - Every Brain Matters","og_description":"Encontrar la esperanza tras la p\u00e9rdida de un ser querido adicto El Grupo de Familias Nar-Anon Esperanza Despu\u00e9s de la...","og_url":"https:\/\/everybrainmatters.org\/es\/recursos-para-el-duelo-esperanza-tras-la-perdida\/","og_site_name":"Every Brain Matters","article_modified_time":"2025-10-21T14:09:39+00:00","og_image":[{"width":850,"height":739,"url":"https:\/\/everybrainmatters.org\/wp-content\/uploads\/cropped-Nar-Anon-Logo-Color-Medium.png","type":"image\/png"}],"twitter_card":"summary_large_image","twitter_misc":{"Est. reading time":"1 minuto"},"schema":{"@context":"https:\/\/schema.org","@graph":[{"@type":"WebPage","@id":"https:\/\/everybrainmatters.org\/es\/recursos-para-el-duelo-esperanza-tras-la-perdida\/","url":"https:\/\/everybrainmatters.org\/es\/recursos-para-el-duelo-esperanza-tras-la-perdida\/","name":"Recursos para el duelo, esperanza tras la p\u00e9rdida - Every Brain Matters","isPartOf":{"@id":"https:\/\/everybrainmatters.org\/es\/#website"},"primaryImageOfPage":{"@id":"https:\/\/everybrainmatters.org\/es\/recursos-para-el-duelo-esperanza-tras-la-perdida\/#primaryimage"},"image":{"@id":"https:\/\/everybrainmatters.org\/es\/recursos-para-el-duelo-esperanza-tras-la-perdida\/#primaryimage"},"thumbnailUrl":"https:\/\/everybrainmatters.org\/wp-content\/uploads\/cropped-Nar-Anon-Logo-Color-Medium.png","datePublished":"2021-12-28T06:11:25+00:00","dateModified":"2025-10-21T14:09:39+00:00","breadcrumb":{"@id":"https:\/\/everybrainmatters.org\/es\/recursos-para-el-duelo-esperanza-tras-la-perdida\/#breadcrumb"},"inLanguage":"es-ES","potentialAction":[{"@type":"ReadAction","target":["https:\/\/everybrainmatters.org\/es\/recursos-para-el-duelo-esperanza-tras-la-perdida\/"]}]},{"@type":"ImageObject","inLanguage":"es-ES","@id":"https:\/\/everybrainmatters.org\/es\/recursos-para-el-duelo-esperanza-tras-la-perdida\/#primaryimage","url":"https:\/\/everybrainmatters.org\/wp-content\/uploads\/cropped-Nar-Anon-Logo-Color-Medium.png","contentUrl":"https:\/\/everybrainmatters.org\/wp-content\/uploads\/cropped-Nar-Anon-Logo-Color-Medium.png"},{"@type":"BreadcrumbList","@id":"https:\/\/everybrainmatters.org\/es\/recursos-para-el-duelo-esperanza-tras-la-perdida\/#breadcrumb","itemListElement":[{"@type":"ListItem","position":1,"name":"Home","item":"https:\/\/everybrainmatters.org\/es\/"},{"@type":"ListItem","position":2,"name":"Recursos para el duelo, esperanza tras la p\u00e9rdida"}]},{"@type":"WebSite","@id":"https:\/\/everybrainmatters.org\/es\/#website","url":"https:\/\/everybrainmatters.org\/es\/","name":"Every Brain Matters","description":"","publisher":{"@id":"https:\/\/everybrainmatters.org\/es\/#organization"},"potentialAction":[{"@type":"SearchAction","target":{"@type":"EntryPoint","urlTemplate":"https:\/\/everybrainmatters.org\/es\/?s={search_term_string}"},"query-input":{"@type":"PropertyValueSpecification","valueRequired":true,"valueName":"search_term_string"}}],"inLanguage":"es-ES"},{"@type":"Organization","@id":"https:\/\/everybrainmatters.org\/es\/#organization","name":"Every Brain Matters","url":"https:\/\/everybrainmatters.org\/es\/","logo":{"@type":"ImageObject","inLanguage":"es-ES","@id":"https:\/\/everybrainmatters.org\/es\/#\/schema\/logo\/image\/","url":"https:\/\/everybrainmatters.org\/wp-content\/uploads\/AllBrains_3.jpg","contentUrl":"https:\/\/everybrainmatters.org\/wp-content\/uploads\/AllBrains_3.jpg","width":1000,"height":1087,"caption":"Every Brain Matters"},"image":{"@id":"https:\/\/everybrainmatters.org\/es\/#\/schema\/logo\/image\/"}}]}},"_links":{"self":[{"href":"https:\/\/everybrainmatters.org\/es\/wp-json\/wp\/v2\/pages\/47124","targetHints":{"allow":["GET"]}}],"collection":[{"href":"https:\/\/everybrainmatters.org\/es\/wp-json\/wp\/v2\/pages"}],"about":[{"href":"https:\/\/everybrainmatters.org\/es\/wp-json\/wp\/v2\/types\/page"}],"author":[{"embeddable":true,"href":"https:\/\/everybrainmatters.org\/es\/wp-json\/wp\/v2\/users\/11"}],"replies":[{"embeddable":true,"href":"https:\/\/everybrainmatters.org\/es\/wp-json\/wp\/v2\/comments?post=47124"}],"version-history":[{"count":0,"href":"https:\/\/everybrainmatters.org\/es\/wp-json\/wp\/v2\/pages\/47124\/revisions"}],"wp:attachment":[{"href":"https:\/\/everybrainmatters.org\/es\/wp-json\/wp\/v2\/media?parent=47124"}],"curies":[{"name":"wp","href":"https:\/\/api.w.org\/{rel}","templated":true}]}}