{"id":47126,"date":"2021-11-12T21:58:00","date_gmt":"2021-11-13T03:58:00","guid":{"rendered":"https:\/\/everybrainmatters.org\/costes-de-la-legalizacion-de-la-marihuana\/"},"modified":"2025-10-21T09:09:40","modified_gmt":"2025-10-21T14:09:40","slug":"costes-de-la-legalizacion-de-la-marihuana","status":"publish","type":"page","link":"https:\/\/everybrainmatters.org\/es\/costes-de-la-legalizacion-de-la-marihuana\/","title":{"rendered":"Costes de la legalizaci\u00f3n de la marihuana"},"content":{"rendered":"\n<hr class=\"wp-block-separator has-alpha-channel-opacity is-style-wide\"\/>\n\n<ul class=\"wp-block-list\">\n<li><a href=\"https:\/\/www.ajpmonline.org\/article\/S0749-3797(23)00388-4\/fulltext\" target=\"_blank\" rel=\"noreferrer noopener\">Cambios en el consumo de cannabis de 2014 a 2019 entre los adultos j\u00f3venes del estado de Washington<\/a>, 2023, 2 de octubre<\/li>\n\n\n\n<li><a href=\"https:\/\/www.sciencedirect.com\/science\/article\/pii\/S0376871623000030\" target=\"_blank\" rel=\"noreferrer noopener\">Legalizaci\u00f3n del cannabis y consumo de cannabis, consumo diario de cannabis y problemas relacionados con el cannabis entre los adultos de Ontario, Canad\u00e1 (2001-2019)<\/a>, 2023, marzo<\/li>\n\n\n\n<li><a href=\"https:\/\/jamanetwork.com\/journals\/jamapsychiatry\/fullarticle\/2801971\" target=\"_blank\" rel=\"noreferrer noopener\">Legalizaci\u00f3n estatal del cannabis y trastorno por consumo de cannabis en la Administraci\u00f3n de Salud de los Veteranos de EE.UU. de 2005 a 2019<\/a>, 2023, marzo<\/li>\n\n\n\n<li><a href=\"https:\/\/www.ncbi.nlm.nih.gov\/pmc\/articles\/PMC9462898\/\" class=\"ek-link\">Una cat\u00e1strofe m\u00e9dica y social en ciernes: Missouri podr\u00eda legalizar la adictiva marihuana con alto contenido en THC en 2022 <\/a>Julio de 2022<\/li>\n\n\n\n<li><a href=\"https:\/\/www.sciencedirect.com\/science\/article\/abs\/pii\/S0955395922001049\">Impacto de la legalizaci\u00f3n del cannabis en la utilizaci\u00f3n de los servicios sanitarios para la psicosis y la esquizofrenia en Colorado<\/a>, 2022, junio<\/li>\n\n\n\n<li><a aria-label=\"Association of Recreational Cannabis Legalization With Alcohol Use Among Adults (opens in a new tab)\" href=\"https:\/\/media.jamanetwork.com\/news-item\/association-of-recreational-cannabis-legalization-with-alcohol-use-among-adults\/\" target=\"_blank\" rel=\"noreferrer noopener\" class=\"ek-link\">Asociaci\u00f3n de la legalizaci\u00f3n del cannabis recreativo con el consumo de alcohol entre adultos<\/a> 2002, 18 de noviembre<\/li>\n\n\n\n<li><a href=\"https:\/\/pubmed.ncbi.nlm.nih.gov\/35016118\/\" class=\"ek-link\">Variaci\u00f3n geogr\u00e1fica en la hospitalizaci\u00f3n por psicosis asociada al consumo de cannabis y a la legalizaci\u00f3n del cannabis en Estados Unidos: Enviar a: Psychiatry Research<\/a> 2022, 4 de enero<\/li>\n\n\n\n<li><a href=\"https:\/\/pubmed.ncbi.nlm.nih.gov\/34010617\/\" class=\"ek-link\">Repercusiones en la salud p\u00fablica hasta la fecha de la legalizaci\u00f3n del consumo de cannabis con fines m\u00e9dicos y recreativos en EE.UU. <\/a>2021 1 de agosto<\/li>\n\n\n\n<li><a href=\"https:\/\/www.news-medical.net\/news\/20200121\/Legalization-and-retail-availability-in-Oregon-linked-to-higher-levels-of-adolescent-marijuana-use.aspx\" class=\"ek-link\">La legalizaci\u00f3n y la disponibilidad al por menor en Oreg\u00f3n se relacionan con mayores niveles de consumo de marihuana entre los adolescentes<\/a> 2020, 21 de enero<\/li>\n\n\n\n<li><a href=\"https:\/\/www.sciencedaily.com\/releases\/2019\/11\/191113153049.htm\" class=\"ek-link\">En los estados donde la marihuana recreativa es legal, aument\u00f3 el consumo problem\u00e1tico entre adultos y adolescentes<\/a> 2019, 19 de noviembre<\/li>\n\n\n\n<li><a href=\"https:\/\/pubmed.ncbi.nlm.nih.gov\/26154479\/\" class=\"ek-link\">El impacto de la densidad de los dispensarios de marihuana y la ecolog\u00eda del vecindario en el abuso y la dependencia de la marihuana<\/a> 2015 23 de junio  <\/li>\n<\/ul>\n\n<hr class=\"wp-block-separator has-css-opacity\"\/>\n\n<div class=\"wp-block-columns is-layout-flex wp-container-core-columns-is-layout-9d6595d7 wp-block-columns-is-layout-flex\">\n<div class=\"wp-block-column is-layout-flow wp-block-column-is-layout-flow\">\n<p style=\"font-size:16px\"><a aria-label=\"A Medical &amp; Social Catastrophe in the Making: Missouri May Legalize Addicting High THC Marijuana in 2022 (opens in a new tab)\" href=\"https:\/\/www.ncbi.nlm.nih.gov\/pmc\/articles\/PMC9462898\/\" target=\"_blank\" rel=\"noreferrer noopener\" class=\"ek-link\">Una cat\u00e1strofe m\u00e9dica y social en ciernes: Missouri podr\u00eda legalizar la adictiva marihuana con alto contenido en THC en 2022<\/a> <br\/><em>Centro Nacional de Informaci\u00f3n Biotecnol\u00f3gica<\/em> 2002, julio<\/p>\n\n\n\n<p style=\"font-size:16px\">En las elecciones estatales de noviembre de 2022, la atroz industria de la marihuana puede conseguir cannabis recreativo legal. Esto acabar\u00e1 destruyendo el tejido sanitario y social de Missouri, como ha ocurrido en otros estados. Esto puede evitarse, pero s\u00f3lo con una oposici\u00f3n inmediata, generalizada y eficaz.<em>.<\/em>.  <\/p>\n<\/div>\n\n\n\n<div class=\"wp-block-column is-layout-flow wp-block-column-is-layout-flow\">\n<p style=\"font-size:16px\"><a aria-label=\"Association of Recreational Cannabis Legalization With Alcohol Use Among Adults (opens in a new tab)\" href=\"https:\/\/media.jamanetwork.com\/news-item\/association-of-recreational-cannabis-legalization-with-alcohol-use-among-adults\/\" target=\"_blank\" rel=\"noreferrer noopener\" class=\"ek-link\">Asociaci\u00f3n de la legalizaci\u00f3n del cannabis recreativo con el consumo de alcohol entre adultos<\/a> <br\/><em>Foro de Salud de<\/em> JAMA 2002, 18 de noviembre<\/p>\n\n\n\n<p style=\"font-size:16px\">Este estudio, que incluy\u00f3 a 4,2 millones de adultos de los 50 estados entre 2010 y 2019, descubri\u00f3 que las leyes sobre el cannabis recreativo pueden estar asociadas a un mayor consumo de alcohol, principalmente entre los adultos m\u00e1s j\u00f3venes y los hombres. Estos hallazgos sugieren que el aumento del consumo de alcohol puede ser una consecuencia no intencionada de las leyes sobre el cannabis recreativo&#8230;. <\/p>\n<\/div>\n<\/div>\n\n<hr class=\"wp-block-separator has-alpha-channel-opacity\"\/>\n\n<div class=\"wp-block-columns is-layout-flex wp-container-core-columns-is-layout-9d6595d7 wp-block-columns-is-layout-flex\">\n<div class=\"wp-block-column is-layout-flow wp-block-column-is-layout-flow\">\n<p style=\"font-size:16px\"><a href=\"https:\/\/pubmed.ncbi.nlm.nih.gov\/35016118\/\" class=\"ek-link\">Variaci\u00f3n geogr\u00e1fica en la hospitalizaci\u00f3n por psicosis asociada al consumo de cannabis y a la legalizaci\u00f3n del cannabis en Estados Unidos: Enviar a: Psychiatry Research<\/a> <br\/><em>Centro Nacional de Informaci\u00f3n Biotecnol\u00f3gica<\/em> 2022, 4 de enero<\/p>\n\n\n\n<p id=\"para0001\" style=\"font-size:16px\">Las hospitalizaciones por psicosis\/consumo de cannabis son m\u00e1s probables en las zonas donde el cannabis est\u00e1 legalizado.<\/p>\n\n\n\n<p id=\"para0002\" style=\"font-size:16px\">La legalizaci\u00f3n del cannabis recreativo se asocia a una mayor tasa de hospitalizaci\u00f3n por psicosis asociada al <a href=\"https:\/\/www.sciencedirect.com\/topics\/medicine-and-dentistry\/cannabis-use\">consumo de cannabis<\/a>.-<\/p>\n\n\n\n<p id=\"para0003\" style=\"font-size:16px\">Los hallazgos justifican futuros estudios longitudinales para evaluar la psicosis en los estados&#8230;<\/p>\n<\/div>\n\n\n\n<div class=\"wp-block-column is-layout-flow wp-block-column-is-layout-flow\">\n<p style=\"font-size:16px\"><a href=\"https:\/\/pubmed.ncbi.nlm.nih.gov\/34010617\/\" class=\"ek-link\">Repercusiones en la salud p\u00fablica hasta la fecha de la legalizaci\u00f3n del consumo de cannabis con fines m\u00e9dicos y recreativos en EE.UU. <\/a><em>National Center for Biotechnology Information<\/em> 2021 1 de agosto<\/p>\n\n\n\n<p style=\"font-size:16px\">La legalidad del consumo de cannabis ha ido cambiando en varias jurisdicciones de todo el mundo. En EE.UU., se ha legalizado para usos medicinales y\/o recreativos en 34 jurisdicciones y subiendo. Este estudio aprovecha la experiencia de d\u00e9cadas de legalizaci\u00f3n en EE.UU. para ofrecer una visi\u00f3n general de los cambios asociados en las actitudes p\u00fablicas, los mercados de cannabis y los efectos adversos para la salud. La potencia de los productos de cannabis aument\u00f3 significativamente, mientras que los precios cayeron en picado. En general, el consumo de cannabis en el \u00faltimo a\u00f1o ha aumentado en los adultos desde 2002, y los adultos mayores de 26 a\u00f1os que resid\u00edan en estados con leyes sobre el cannabis medicinal ten\u00edan m\u00e1s probabilidades de haber consumido cannabis en los \u00faltimos 30 d\u00edas, de haberlo consumido a diario y de presentar tasas m\u00e1s elevadas de trastornos por consumo de cannabis que los adultos que resid\u00edan en estados sin legalizaci\u00f3n del cannabis medicinal. Las muertes de tr\u00e1fico relacionadas con el cannabis aumentaron temporalmente en algunos estados tras la legalizaci\u00f3n, y hubo m\u00e1s presentaciones a los servicios m\u00e9dicos relacionadas con el consumo habitual cr\u00f3nico de cannabis. Existen pruebas sugestivas de que las consecuencias adversas para la salud han aumentado entre las personas que consumen cannabis regularmente desde la legalizaci\u00f3n&#8230;      <\/p>\n<\/div>\n<\/div>\n\n<hr class=\"wp-block-separator has-alpha-channel-opacity\"\/>\n\n<div class=\"wp-block-columns is-layout-flex wp-container-core-columns-is-layout-9d6595d7 wp-block-columns-is-layout-flex\">\n<div class=\"wp-block-column is-layout-flow wp-block-column-is-layout-flow\">\n<p style=\"font-size:16px\"><a href=\"https:\/\/www.news-medical.net\/news\/20200121\/Legalization-and-retail-availability-in-Oregon-linked-to-higher-levels-of-adolescent-marijuana-use.aspx\" class=\"ek-link\">La legalizaci\u00f3n y la disponibilidad al por menor en Oreg\u00f3n se relacionan con mayores niveles de consumo de marihuana entre los adolescentes<\/a> <br\/><em>Noticias m\u00e9dicas<\/em> 2020 21 enero<\/p>\n\n\n\n<p style=\"font-size:16px\">Este estudio muestra que se produjo un aumento a nivel estatal de la prevalencia del consumo de marihuana entre los adolescentes de Oreg\u00f3n tras la legalizaci\u00f3n en 2015, y que la mayor disponibilidad de marihuana al por menor en los condados que permiten la venta recreativa de marihuana se asocia positivamente tanto con el consumo de marihuana como con las creencias favorables a su consumo entre los adolescentes.<\/p>\n\n\n\n<p style=\"font-size:16px\">Los resultados del estudio muestran que<\/p>\n\n\n\n<ul class=\"wp-block-list\">\n<li>Se observaron tasas m\u00e1s elevadas de consumo de marihuana en los \u00faltimos 30 d\u00edas y creencias m\u00e1s favorables en los condados que permiten la venta recreativa de marihuana, tanto antes como despu\u00e9s de la legalizaci\u00f3n;<\/li>\n\n\n\n<li>La prevalencia del consumo de marihuana en los \u00faltimos 30 d\u00edas aument\u00f3 tras la legalizaci\u00f3n tanto en los condados que permit\u00edan la venta como en los que no;<\/li>\n\n\n\n<li>La relaci\u00f3n entre permitir la venta recreativa de marihuana y el consumo de marihuana en adolescentes se explicaba por una mayor disponibilidad de marihuana al por menor y creencias favorables&#8230;<\/li>\n<\/ul>\n<\/div>\n\n\n\n<div class=\"wp-block-column is-layout-flow wp-block-column-is-layout-flow\">\n<p style=\"font-size:16px\"><a href=\"https:\/\/www.sciencedaily.com\/releases\/2019\/11\/191113153049.htm\" class=\"ek-link\">En los estados donde la marihuana recreativa es legal, aument\u00f3 el consumo problem\u00e1tico entre adultos y adolescentes<\/a> <em>Science Daily<\/em> 2019, 19 de noviembre<\/p>\n\n\n\n<p style=\"font-size:16px\">Tras examinar el consumo tras la promulgaci\u00f3n de la legalizaci\u00f3n de la marihuana en 2012 a 2015, los investigadores descubrieron que:<\/p>\n\n\n\n<ul class=\"wp-block-list\">\n<li>El consumo problem\u00e1tico entre los adolescentes de 12 a 17 a\u00f1os fue un 25% mayor (un peque\u00f1o aumento del 2,18% al 2,72%) en comparaci\u00f3n con los estados sin consumo recreativo legal. No hubo cambios en la prevalencia del consumo en el \u00faltimo mes o frecuente entre los adolescentes. <\/li>\n\n\n\n<li>Entre los adultos de 26 a\u00f1os o m\u00e1s, el consumo de marihuana en el \u00faltimo mes tras la legalizaci\u00f3n fue un 26% mayor que en los estados no recreativos. El consumo frecuente en el \u00faltimo mes aument\u00f3 un 23%, y el consumo problem\u00e1tico en el \u00faltimo a\u00f1o aument\u00f3 un 37%. <\/li>\n\n\n\n<li>Entre los adultos j\u00f3venes de 18 a 25 a\u00f1os, no se encontraron diferencias en el consumo de marihuana en el \u00faltimo mes, frecuente o problem\u00e1tico.<\/li>\n<\/ul>\n\n\n\n<p style=\"font-size:16px\">Existen, de hecho, importantes beneficios sociales que la legalizaci\u00f3n de la marihuana puede proporcionar, especialmente en torno a cuestiones de equidad en la justicia penal. Nuestras conclusiones sugieren que, a medida que m\u00e1s estados avanzan hacia la legalizaci\u00f3n de la marihuana para uso recreativo, tambi\u00e9n debemos pensar en invertir en la prevenci\u00f3n y el tratamiento del consumo de sustancias para evitar da\u00f1os no deseados, especialmente entre los adolescentes&#8230; <\/p>\n<\/div>\n<\/div>\n\n<div class=\"wp-block-buttons is-layout-flex wp-block-buttons-is-layout-flex\"><\/div>\n\n<hr class=\"wp-block-separator has-alpha-channel-opacity\"\/>\n\n<div class=\"wp-block-columns is-layout-flex wp-container-core-columns-is-layout-9d6595d7 wp-block-columns-is-layout-flex\">\n<div class=\"wp-block-column is-layout-flow wp-block-column-is-layout-flow\">\n<p style=\"font-size:16px\"><a href=\"https:\/\/pubmed.ncbi.nlm.nih.gov\/26154479\/\" class=\"ek-link\">El impacto de la densidad de los dispensarios de marihuana y la ecolog\u00eda del vecindario en el abuso y la dependencia de la marihuana<\/a> <br\/><em>National Center for Biotechnology Information<\/em> 2015 23 de junio  <\/p>\n\n\n\n<ol class=\"wp-block-list\">\n<li>Por cada dispensario de marihuana por milla cuadrada a\u00f1adida hubo un aumento del 6,8% en el n\u00famero de hospitalizaciones con un c\u00f3digo de abuso\/dependencia de marihuana. Los responsables pol\u00edticos deber\u00edan regular la densidad de dispensarios. <\/li>\n\n\n\n<li>Hubo un aumento grande y constante de las tasas de hospitalizaciones por abuso\/dependencia de marihuana de 2001 a 2012 en California (con dispensarios de marihuana medicinal en ese momento), incluso despu\u00e9s de controlar las covariables demogr\u00e1ficas y otras covariables ambientales&#8230;.<\/li>\n<\/ol>\n<\/div>\n\n\n\n<div class=\"wp-block-column is-layout-flow wp-block-column-is-layout-flow\">\n<p style=\"font-size:16px\"><\/p>\n<\/div>\n<\/div>\n","protected":false},"excerpt":{"rendered":"<p>Una cat\u00e1strofe m\u00e9dica y social en ciernes: Missouri podr\u00eda legalizar la adictiva marihuana con alto contenido en THC en 2022&#8230;<\/p>\n","protected":false},"author":11,"featured_media":0,"parent":0,"menu_order":0,"comment_status":"closed","ping_status":"closed","template":"","meta":{"_acf_changed":false,"_editorskit_title_hidden":false,"_editorskit_reading_time":0,"_editorskit_is_block_options_detached":false,"_editorskit_block_options_position":"{}","footnotes":""},"class_list":["post-47126","page","type-page","status-publish","hentry"],"acf":[],"yoast_head":"<!-- This site is optimized with the Yoast SEO plugin v26.1.1 - https:\/\/yoast.com\/wordpress\/plugins\/seo\/ -->\n<title>Costes de la legalizaci\u00f3n de la marihuana - Every Brain Matters<\/title>\n<meta name=\"robots\" content=\"index, follow, max-snippet:-1, max-image-preview:large, max-video-preview:-1\" \/>\n<link rel=\"canonical\" href=\"https:\/\/everybrainmatters.org\/es\/costes-de-la-legalizacion-de-la-marihuana\/\" \/>\n<meta property=\"og:locale\" content=\"es_ES\" \/>\n<meta property=\"og:type\" content=\"article\" \/>\n<meta property=\"og:title\" content=\"Costes de la legalizaci\u00f3n de la marihuana - Every Brain Matters\" \/>\n<meta property=\"og:description\" content=\"Una cat\u00e1strofe m\u00e9dica y social en ciernes: Missouri podr\u00eda legalizar la adictiva marihuana con alto contenido en THC en 2022...\" \/>\n<meta property=\"og:url\" content=\"https:\/\/everybrainmatters.org\/es\/costes-de-la-legalizacion-de-la-marihuana\/\" \/>\n<meta property=\"og:site_name\" content=\"Every Brain Matters\" \/>\n<meta property=\"article:modified_time\" content=\"2025-10-21T14:09:40+00:00\" \/>\n<meta property=\"og:image\" content=\"https:\/\/everybrainmatters.org\/wp-content\/uploads\/AllBrains_3.jpg\" \/>\n\t<meta property=\"og:image:width\" content=\"1000\" \/>\n\t<meta property=\"og:image:height\" content=\"1087\" \/>\n\t<meta property=\"og:image:type\" content=\"image\/jpeg\" \/>\n<meta name=\"twitter:card\" content=\"summary_large_image\" \/>\n<meta name=\"twitter:label1\" content=\"Est. reading time\" \/>\n\t<meta name=\"twitter:data1\" content=\"7 minutos\" \/>\n<script type=\"application\/ld+json\" class=\"yoast-schema-graph\">{\"@context\":\"https:\/\/schema.org\",\"@graph\":[{\"@type\":\"WebPage\",\"@id\":\"https:\/\/everybrainmatters.org\/es\/costes-de-la-legalizacion-de-la-marihuana\/\",\"url\":\"https:\/\/everybrainmatters.org\/es\/costes-de-la-legalizacion-de-la-marihuana\/\",\"name\":\"Costes de la legalizaci\u00f3n de la marihuana - Every Brain Matters\",\"isPartOf\":{\"@id\":\"https:\/\/everybrainmatters.org\/es\/#website\"},\"datePublished\":\"2021-11-13T03:58:00+00:00\",\"dateModified\":\"2025-10-21T14:09:40+00:00\",\"breadcrumb\":{\"@id\":\"https:\/\/everybrainmatters.org\/es\/costes-de-la-legalizacion-de-la-marihuana\/#breadcrumb\"},\"inLanguage\":\"es-ES\",\"potentialAction\":[{\"@type\":\"ReadAction\",\"target\":[\"https:\/\/everybrainmatters.org\/es\/costes-de-la-legalizacion-de-la-marihuana\/\"]}]},{\"@type\":\"BreadcrumbList\",\"@id\":\"https:\/\/everybrainmatters.org\/es\/costes-de-la-legalizacion-de-la-marihuana\/#breadcrumb\",\"itemListElement\":[{\"@type\":\"ListItem\",\"position\":1,\"name\":\"Home\",\"item\":\"https:\/\/everybrainmatters.org\/es\/\"},{\"@type\":\"ListItem\",\"position\":2,\"name\":\"Costes de la legalizaci\u00f3n de la marihuana\"}]},{\"@type\":\"WebSite\",\"@id\":\"https:\/\/everybrainmatters.org\/es\/#website\",\"url\":\"https:\/\/everybrainmatters.org\/es\/\",\"name\":\"Every Brain Matters\",\"description\":\"\",\"publisher\":{\"@id\":\"https:\/\/everybrainmatters.org\/es\/#organization\"},\"potentialAction\":[{\"@type\":\"SearchAction\",\"target\":{\"@type\":\"EntryPoint\",\"urlTemplate\":\"https:\/\/everybrainmatters.org\/es\/?s={search_term_string}\"},\"query-input\":{\"@type\":\"PropertyValueSpecification\",\"valueRequired\":true,\"valueName\":\"search_term_string\"}}],\"inLanguage\":\"es-ES\"},{\"@type\":\"Organization\",\"@id\":\"https:\/\/everybrainmatters.org\/es\/#organization\",\"name\":\"Every Brain Matters\",\"url\":\"https:\/\/everybrainmatters.org\/es\/\",\"logo\":{\"@type\":\"ImageObject\",\"inLanguage\":\"es-ES\",\"@id\":\"https:\/\/everybrainmatters.org\/es\/#\/schema\/logo\/image\/\",\"url\":\"https:\/\/everybrainmatters.org\/wp-content\/uploads\/AllBrains_3.jpg\",\"contentUrl\":\"https:\/\/everybrainmatters.org\/wp-content\/uploads\/AllBrains_3.jpg\",\"width\":1000,\"height\":1087,\"caption\":\"Every Brain Matters\"},\"image\":{\"@id\":\"https:\/\/everybrainmatters.org\/es\/#\/schema\/logo\/image\/\"}}]}<\/script>\n<!-- \/ Yoast SEO plugin. -->","yoast_head_json":{"title":"Costes de la legalizaci\u00f3n de la marihuana - Every Brain Matters","robots":{"index":"index","follow":"follow","max-snippet":"max-snippet:-1","max-image-preview":"max-image-preview:large","max-video-preview":"max-video-preview:-1"},"canonical":"https:\/\/everybrainmatters.org\/es\/costes-de-la-legalizacion-de-la-marihuana\/","og_locale":"es_ES","og_type":"article","og_title":"Costes de la legalizaci\u00f3n de la marihuana - Every Brain Matters","og_description":"Una cat\u00e1strofe m\u00e9dica y social en ciernes: Missouri podr\u00eda legalizar la adictiva marihuana con alto contenido en THC en 2022...","og_url":"https:\/\/everybrainmatters.org\/es\/costes-de-la-legalizacion-de-la-marihuana\/","og_site_name":"Every Brain Matters","article_modified_time":"2025-10-21T14:09:40+00:00","og_image":[{"width":1000,"height":1087,"url":"https:\/\/everybrainmatters.org\/wp-content\/uploads\/AllBrains_3.jpg","type":"image\/jpeg"}],"twitter_card":"summary_large_image","twitter_misc":{"Est. reading time":"7 minutos"},"schema":{"@context":"https:\/\/schema.org","@graph":[{"@type":"WebPage","@id":"https:\/\/everybrainmatters.org\/es\/costes-de-la-legalizacion-de-la-marihuana\/","url":"https:\/\/everybrainmatters.org\/es\/costes-de-la-legalizacion-de-la-marihuana\/","name":"Costes de la legalizaci\u00f3n de la marihuana - Every Brain Matters","isPartOf":{"@id":"https:\/\/everybrainmatters.org\/es\/#website"},"datePublished":"2021-11-13T03:58:00+00:00","dateModified":"2025-10-21T14:09:40+00:00","breadcrumb":{"@id":"https:\/\/everybrainmatters.org\/es\/costes-de-la-legalizacion-de-la-marihuana\/#breadcrumb"},"inLanguage":"es-ES","potentialAction":[{"@type":"ReadAction","target":["https:\/\/everybrainmatters.org\/es\/costes-de-la-legalizacion-de-la-marihuana\/"]}]},{"@type":"BreadcrumbList","@id":"https:\/\/everybrainmatters.org\/es\/costes-de-la-legalizacion-de-la-marihuana\/#breadcrumb","itemListElement":[{"@type":"ListItem","position":1,"name":"Home","item":"https:\/\/everybrainmatters.org\/es\/"},{"@type":"ListItem","position":2,"name":"Costes de la legalizaci\u00f3n de la marihuana"}]},{"@type":"WebSite","@id":"https:\/\/everybrainmatters.org\/es\/#website","url":"https:\/\/everybrainmatters.org\/es\/","name":"Every Brain Matters","description":"","publisher":{"@id":"https:\/\/everybrainmatters.org\/es\/#organization"},"potentialAction":[{"@type":"SearchAction","target":{"@type":"EntryPoint","urlTemplate":"https:\/\/everybrainmatters.org\/es\/?s={search_term_string}"},"query-input":{"@type":"PropertyValueSpecification","valueRequired":true,"valueName":"search_term_string"}}],"inLanguage":"es-ES"},{"@type":"Organization","@id":"https:\/\/everybrainmatters.org\/es\/#organization","name":"Every Brain Matters","url":"https:\/\/everybrainmatters.org\/es\/","logo":{"@type":"ImageObject","inLanguage":"es-ES","@id":"https:\/\/everybrainmatters.org\/es\/#\/schema\/logo\/image\/","url":"https:\/\/everybrainmatters.org\/wp-content\/uploads\/AllBrains_3.jpg","contentUrl":"https:\/\/everybrainmatters.org\/wp-content\/uploads\/AllBrains_3.jpg","width":1000,"height":1087,"caption":"Every Brain Matters"},"image":{"@id":"https:\/\/everybrainmatters.org\/es\/#\/schema\/logo\/image\/"}}]}},"_links":{"self":[{"href":"https:\/\/everybrainmatters.org\/es\/wp-json\/wp\/v2\/pages\/47126","targetHints":{"allow":["GET"]}}],"collection":[{"href":"https:\/\/everybrainmatters.org\/es\/wp-json\/wp\/v2\/pages"}],"about":[{"href":"https:\/\/everybrainmatters.org\/es\/wp-json\/wp\/v2\/types\/page"}],"author":[{"embeddable":true,"href":"https:\/\/everybrainmatters.org\/es\/wp-json\/wp\/v2\/users\/11"}],"replies":[{"embeddable":true,"href":"https:\/\/everybrainmatters.org\/es\/wp-json\/wp\/v2\/comments?post=47126"}],"version-history":[{"count":0,"href":"https:\/\/everybrainmatters.org\/es\/wp-json\/wp\/v2\/pages\/47126\/revisions"}],"wp:attachment":[{"href":"https:\/\/everybrainmatters.org\/es\/wp-json\/wp\/v2\/media?parent=47126"}],"curies":[{"name":"wp","href":"https:\/\/api.w.org\/{rel}","templated":true}]}}