{"id":47129,"date":"2021-11-07T14:04:34","date_gmt":"2021-11-07T20:04:34","guid":{"rendered":"https:\/\/everybrainmatters.org\/el-cannabis-del-banquete-de-accion-de-gracias-no-es-bueno-para-comer\/"},"modified":"2025-10-21T09:10:32","modified_gmt":"2025-10-21T14:10:32","slug":"el-cannabis-del-banquete-de-accion-de-gracias-no-es-bueno-para-comer","status":"publish","type":"page","link":"https:\/\/everybrainmatters.org\/es\/el-cannabis-del-banquete-de-accion-de-gracias-no-es-bueno-para-comer\/","title":{"rendered":"El cannabis del banquete de Acci\u00f3n de Gracias no es bueno para comer"},"content":{"rendered":"\n<p>no acabes arruinando tu banquete de Acci\u00f3n de Gracias pensando que el cannabis es seguro para el consumo<\/p>\n\n<p>Snoop y Martha quieren ganar dinero, pero necesitamos que sepas que los alimentos con cannabis no son buenos para tu barriga. No pagar\u00e1n tus facturas m\u00e9dicas ni se preocupar\u00e1n si la marihuana te provoca un brote psic\u00f3tico o v\u00f3mitos c\u00edclicos.   <\/p>\n\n<p>Martha and Snoop&#8217;s Potluck Dinner Party se ha hecho popular y promueve el uso del cannabis en las comidas.<\/p>\n\n<p><a href=\"https:\/\/www.cheatsheet.com\/entertainment\/snoop-dogg-martha-stewart-pot-brownie-recipe.html\/\"><em>Cocinar con cannabis no es f\u00e1cil, pero Stewart y Snoop han demostrado que cualquiera puede hacerlo <\/em><\/a><em>&#8211; y los resultados son, como dice Stewart, \u00abpara morirse\u00bb. \u00bfPor qu\u00e9 no celebrar el 4\/20 este a\u00f1o con su <\/em><a href=\"http:\/\/www.marthastewart.com\/1007831\/baking-brownies-snoop-dogg\"><em>receta de brownie<\/em><\/a><em>?<\/em><\/p>\n\n<p><em>Desde que Martha Stewart se asoci\u00f3 con Snoop Dogg y se convirti\u00f3 en <\/em><a href=\"https:\/\/www.washingtonpost.com\/lifestyle\/food\/forget-the-handmade-wreaths-now-martha-stewart-hangs-with-snoop-dogg-and-makes-weed-jokes\/2017\/10\/14\/c901ae5c-aabe-11e7-850e-2bdd1236be5d_story.html?utm_term=.fcf6421aed68&amp;itid=lk_inline_manual_1\"><em>la Abuela Guay de la Hierba de Am\u00e9rica<\/em><\/a><em>la gente se ha preguntado: \u00bfCu\u00e1ndo dar\u00e1 la presentadora del programa de cocina el siguiente paso l\u00f3gico y crear\u00e1 una l\u00ednea de comestibles gourmet de cannabis? <\/em> <\/p>\n\n<p><em>Ahora Martha Stewart se ha asociado con una empresa canadiense de marihuana para vender productos con CBD para mascotas y personas. Se enorgullece de decir que estos productos no te colocar\u00e1n, pero el CBD tambi\u00e9n puede provocar v\u00f3mitos, el s\u00edndrome de hiper\u00e9mesis cannabinoide y no se ha demostrado que sea seguro d\u00e1rselo a los animales dom\u00e9sticos. <\/em><\/p>\n\n<p><a href=\"https:\/\/www.washingtonpost.com\/news\/voraciously\/wp\/2019\/03\/01\/the-buzz-is-true-martha-stewart-partners-with-canadian-cannabis-company\/\">https:\/\/www.washingtonpost.com\/news\/voraciously\/wp\/2019\/03\/01\/the-buzz-is-true-martha-stewart-partners-with-canadian-cannabis-company\/<\/a><\/p>\n\n<p>No arruines tus haza\u00f1as de Acci\u00f3n de Gracias  <\/p>\n\n<p>Los caramelos y alimentos de cannabis se parecen todos La gente, especialmente los ni\u00f1os, no sabe la diferencia<\/p>\n\n<p>Los padres y familiares impedidos no supervisan bien a los ni\u00f1os No son seguros para los ni\u00f1os <\/p>\n\n<p>Un relajado d\u00eda de coloc\u00f3n puede convertirse f\u00e1cilmente en una locura de derivaci\u00f3n con pensamientos psic\u00f3ticos de paranoia, delirios y alucinaciones. Y si hay ni\u00f1os cerca, aumenta el riesgo de que sufran negligencias o abusos. Sabemos por recursos p\u00fablicos que la marihuana es la droga n\u00ba 1 utilizada por los peturadores en las muertes infantiles por maltrato y negligencia en Arizona, Florida y Texas. No sabemos lo que muestran los datos en otros estados porque no hacen p\u00fablicos este tipo de datos.     <\/p>\n\n<p>Los defensores de la marihuana promovieron el uso de mantequilla de cannabis para drogar a la familia el d\u00eda de Acci\u00f3n de Gracias.  <\/p>\n\n<p>\u00abIngerir THC es muy diferente a fumarlo, ya que se convierte en 11-Hidroxi-THC en el h\u00edgado, lo que crea efectos m\u00e1s fuertes y duraderos\u00bb, afirma Catalano. \u00abTambi\u00e9n tiene un inicio retardado, lo que significa que puede tardar hasta dos horas o m\u00e1s en hacer efecto, dependiendo de la qu\u00edmica corporal, la altura, el peso, cu\u00e1nto hayas comido y lo sano que est\u00e9 tu h\u00edgado\u00bb. Siempre recomienda empezar con la dosis m\u00e1s baja para los adultos que la toman por primera vez, y subir lentamente a partir de ah\u00ed. \u00abUn buen punto de partida es de 2 mg a 10 mg, siendo 2,5 mg una buena dosis inicial para los principiantes\u00bb.   <\/p>\n\n<p><strong>Algunos puntos importantes a tener en cuenta al planificar una comida de Acci\u00f3n de Gracias s\u00f3lo para adultos y con cannabis<\/strong><\/p>\n\n<p>\u00abUna cosa importante que debes tener en cuenta es adaptarte a tus invitados para que nadie se medique en exceso o en defecto\u00bb, se\u00f1ala Catalano. \u00abYo recomendar\u00eda infusionar un plato, como un postre de 10 mg, si quieres medicar ligeramente a tu cena. Y aumentar las guarniciones medicadas de [number of] a unas pocas o varias para fiestas que busquen una experiencia m\u00e1s infusionada.\u00bb Lo que el chef cann\u00e1bico no recomendar\u00eda, sin embargo, es infusionar todos los platos de la mesa, ya que podr\u00eda hacer que los invitados adultos consumieran demasiado. \u00abAdem\u00e1s, ten cuidado al servir alcohol a personas que consumen cannabis (lo que se conoce como cross-fading), ya que puede ser una experiencia muy abrumadora para la mayor\u00eda de la gente\u00bb, afirma.  <\/p>\n\n<p><a href=\"https:\/\/www.yahoo.com\/now\/cannabisinfused-thanksgiving-dinner-diy-tips-183327899.html\">https:\/\/www.yahoo.com\/now\/cannabisinfused-thanksgiving-dinner-diy-tips-183327899.html<\/a><\/p>\n\n<p>Si te estresa la idea de las grandes reuniones familiares, esta inusual receta de pavo de Acci\u00f3n de Gracias seguro que lo suaviza todo. La receta procede de Angel Teger, activista cann\u00e1bica y propietaria de Ruby Doobie, un proveedor de comestibles con infusi\u00f3n de cannabis para los dispensarios de marihuana medicinal de California. <\/p>\n","protected":false},"excerpt":{"rendered":"<p>no acabes arruinando tu banquete de Acci\u00f3n de Gracias pensando que el cannabis es seguro para el consumo Snoop y&#8230;<\/p>\n","protected":false},"author":11,"featured_media":0,"parent":0,"menu_order":0,"comment_status":"closed","ping_status":"closed","template":"","meta":{"_acf_changed":false,"_editorskit_title_hidden":false,"_editorskit_reading_time":0,"_editorskit_is_block_options_detached":false,"_editorskit_block_options_position":"{}","footnotes":""},"class_list":["post-47129","page","type-page","status-publish","hentry"],"acf":[],"yoast_head":"<!-- This site is optimized with the Yoast SEO plugin v26.1.1 - https:\/\/yoast.com\/wordpress\/plugins\/seo\/ -->\n<title>El cannabis del banquete de Acci\u00f3n de Gracias no es bueno para comer - Every Brain Matters<\/title>\n<meta name=\"robots\" content=\"index, follow, max-snippet:-1, max-image-preview:large, max-video-preview:-1\" \/>\n<link rel=\"canonical\" href=\"https:\/\/everybrainmatters.org\/es\/el-cannabis-del-banquete-de-accion-de-gracias-no-es-bueno-para-comer\/\" \/>\n<meta property=\"og:locale\" content=\"es_ES\" \/>\n<meta property=\"og:type\" content=\"article\" \/>\n<meta property=\"og:title\" content=\"El cannabis del banquete de Acci\u00f3n de Gracias no es bueno para comer - Every Brain Matters\" \/>\n<meta property=\"og:description\" content=\"no acabes arruinando tu banquete de Acci\u00f3n de Gracias pensando que el cannabis es seguro para el consumo Snoop y...\" \/>\n<meta property=\"og:url\" content=\"https:\/\/everybrainmatters.org\/es\/el-cannabis-del-banquete-de-accion-de-gracias-no-es-bueno-para-comer\/\" \/>\n<meta property=\"og:site_name\" content=\"Every Brain Matters\" \/>\n<meta property=\"article:modified_time\" content=\"2025-10-21T14:10:32+00:00\" \/>\n<meta property=\"og:image\" content=\"https:\/\/everybrainmatters.org\/wp-content\/uploads\/AllBrains_3.jpg\" \/>\n\t<meta property=\"og:image:width\" content=\"1000\" \/>\n\t<meta property=\"og:image:height\" content=\"1087\" \/>\n\t<meta property=\"og:image:type\" content=\"image\/jpeg\" \/>\n<meta name=\"twitter:card\" content=\"summary_large_image\" \/>\n<meta name=\"twitter:label1\" content=\"Est. reading time\" \/>\n\t<meta name=\"twitter:data1\" content=\"4 minutos\" \/>\n<script type=\"application\/ld+json\" class=\"yoast-schema-graph\">{\"@context\":\"https:\/\/schema.org\",\"@graph\":[{\"@type\":\"WebPage\",\"@id\":\"https:\/\/everybrainmatters.org\/es\/el-cannabis-del-banquete-de-accion-de-gracias-no-es-bueno-para-comer\/\",\"url\":\"https:\/\/everybrainmatters.org\/es\/el-cannabis-del-banquete-de-accion-de-gracias-no-es-bueno-para-comer\/\",\"name\":\"El cannabis del banquete de Acci\u00f3n de Gracias no es bueno para comer - Every Brain Matters\",\"isPartOf\":{\"@id\":\"https:\/\/everybrainmatters.org\/es\/#website\"},\"datePublished\":\"2021-11-07T20:04:34+00:00\",\"dateModified\":\"2025-10-21T14:10:32+00:00\",\"breadcrumb\":{\"@id\":\"https:\/\/everybrainmatters.org\/es\/el-cannabis-del-banquete-de-accion-de-gracias-no-es-bueno-para-comer\/#breadcrumb\"},\"inLanguage\":\"es-ES\",\"potentialAction\":[{\"@type\":\"ReadAction\",\"target\":[\"https:\/\/everybrainmatters.org\/es\/el-cannabis-del-banquete-de-accion-de-gracias-no-es-bueno-para-comer\/\"]}]},{\"@type\":\"BreadcrumbList\",\"@id\":\"https:\/\/everybrainmatters.org\/es\/el-cannabis-del-banquete-de-accion-de-gracias-no-es-bueno-para-comer\/#breadcrumb\",\"itemListElement\":[{\"@type\":\"ListItem\",\"position\":1,\"name\":\"Home\",\"item\":\"https:\/\/everybrainmatters.org\/es\/\"},{\"@type\":\"ListItem\",\"position\":2,\"name\":\"El cannabis del banquete de Acci\u00f3n de Gracias no es bueno para comer\"}]},{\"@type\":\"WebSite\",\"@id\":\"https:\/\/everybrainmatters.org\/es\/#website\",\"url\":\"https:\/\/everybrainmatters.org\/es\/\",\"name\":\"Every Brain Matters\",\"description\":\"\",\"publisher\":{\"@id\":\"https:\/\/everybrainmatters.org\/es\/#organization\"},\"potentialAction\":[{\"@type\":\"SearchAction\",\"target\":{\"@type\":\"EntryPoint\",\"urlTemplate\":\"https:\/\/everybrainmatters.org\/es\/?s={search_term_string}\"},\"query-input\":{\"@type\":\"PropertyValueSpecification\",\"valueRequired\":true,\"valueName\":\"search_term_string\"}}],\"inLanguage\":\"es-ES\"},{\"@type\":\"Organization\",\"@id\":\"https:\/\/everybrainmatters.org\/es\/#organization\",\"name\":\"Every Brain Matters\",\"url\":\"https:\/\/everybrainmatters.org\/es\/\",\"logo\":{\"@type\":\"ImageObject\",\"inLanguage\":\"es-ES\",\"@id\":\"https:\/\/everybrainmatters.org\/es\/#\/schema\/logo\/image\/\",\"url\":\"https:\/\/everybrainmatters.org\/wp-content\/uploads\/AllBrains_3.jpg\",\"contentUrl\":\"https:\/\/everybrainmatters.org\/wp-content\/uploads\/AllBrains_3.jpg\",\"width\":1000,\"height\":1087,\"caption\":\"Every Brain Matters\"},\"image\":{\"@id\":\"https:\/\/everybrainmatters.org\/es\/#\/schema\/logo\/image\/\"}}]}<\/script>\n<!-- \/ Yoast SEO plugin. -->","yoast_head_json":{"title":"El cannabis del banquete de Acci\u00f3n de Gracias no es bueno para comer - Every Brain Matters","robots":{"index":"index","follow":"follow","max-snippet":"max-snippet:-1","max-image-preview":"max-image-preview:large","max-video-preview":"max-video-preview:-1"},"canonical":"https:\/\/everybrainmatters.org\/es\/el-cannabis-del-banquete-de-accion-de-gracias-no-es-bueno-para-comer\/","og_locale":"es_ES","og_type":"article","og_title":"El cannabis del banquete de Acci\u00f3n de Gracias no es bueno para comer - Every Brain Matters","og_description":"no acabes arruinando tu banquete de Acci\u00f3n de Gracias pensando que el cannabis es seguro para el consumo Snoop y...","og_url":"https:\/\/everybrainmatters.org\/es\/el-cannabis-del-banquete-de-accion-de-gracias-no-es-bueno-para-comer\/","og_site_name":"Every Brain Matters","article_modified_time":"2025-10-21T14:10:32+00:00","og_image":[{"width":1000,"height":1087,"url":"https:\/\/everybrainmatters.org\/wp-content\/uploads\/AllBrains_3.jpg","type":"image\/jpeg"}],"twitter_card":"summary_large_image","twitter_misc":{"Est. reading time":"4 minutos"},"schema":{"@context":"https:\/\/schema.org","@graph":[{"@type":"WebPage","@id":"https:\/\/everybrainmatters.org\/es\/el-cannabis-del-banquete-de-accion-de-gracias-no-es-bueno-para-comer\/","url":"https:\/\/everybrainmatters.org\/es\/el-cannabis-del-banquete-de-accion-de-gracias-no-es-bueno-para-comer\/","name":"El cannabis del banquete de Acci\u00f3n de Gracias no es bueno para comer - Every Brain Matters","isPartOf":{"@id":"https:\/\/everybrainmatters.org\/es\/#website"},"datePublished":"2021-11-07T20:04:34+00:00","dateModified":"2025-10-21T14:10:32+00:00","breadcrumb":{"@id":"https:\/\/everybrainmatters.org\/es\/el-cannabis-del-banquete-de-accion-de-gracias-no-es-bueno-para-comer\/#breadcrumb"},"inLanguage":"es-ES","potentialAction":[{"@type":"ReadAction","target":["https:\/\/everybrainmatters.org\/es\/el-cannabis-del-banquete-de-accion-de-gracias-no-es-bueno-para-comer\/"]}]},{"@type":"BreadcrumbList","@id":"https:\/\/everybrainmatters.org\/es\/el-cannabis-del-banquete-de-accion-de-gracias-no-es-bueno-para-comer\/#breadcrumb","itemListElement":[{"@type":"ListItem","position":1,"name":"Home","item":"https:\/\/everybrainmatters.org\/es\/"},{"@type":"ListItem","position":2,"name":"El cannabis del banquete de Acci\u00f3n de Gracias no es bueno para comer"}]},{"@type":"WebSite","@id":"https:\/\/everybrainmatters.org\/es\/#website","url":"https:\/\/everybrainmatters.org\/es\/","name":"Every Brain Matters","description":"","publisher":{"@id":"https:\/\/everybrainmatters.org\/es\/#organization"},"potentialAction":[{"@type":"SearchAction","target":{"@type":"EntryPoint","urlTemplate":"https:\/\/everybrainmatters.org\/es\/?s={search_term_string}"},"query-input":{"@type":"PropertyValueSpecification","valueRequired":true,"valueName":"search_term_string"}}],"inLanguage":"es-ES"},{"@type":"Organization","@id":"https:\/\/everybrainmatters.org\/es\/#organization","name":"Every Brain Matters","url":"https:\/\/everybrainmatters.org\/es\/","logo":{"@type":"ImageObject","inLanguage":"es-ES","@id":"https:\/\/everybrainmatters.org\/es\/#\/schema\/logo\/image\/","url":"https:\/\/everybrainmatters.org\/wp-content\/uploads\/AllBrains_3.jpg","contentUrl":"https:\/\/everybrainmatters.org\/wp-content\/uploads\/AllBrains_3.jpg","width":1000,"height":1087,"caption":"Every Brain Matters"},"image":{"@id":"https:\/\/everybrainmatters.org\/es\/#\/schema\/logo\/image\/"}}]}},"_links":{"self":[{"href":"https:\/\/everybrainmatters.org\/es\/wp-json\/wp\/v2\/pages\/47129","targetHints":{"allow":["GET"]}}],"collection":[{"href":"https:\/\/everybrainmatters.org\/es\/wp-json\/wp\/v2\/pages"}],"about":[{"href":"https:\/\/everybrainmatters.org\/es\/wp-json\/wp\/v2\/types\/page"}],"author":[{"embeddable":true,"href":"https:\/\/everybrainmatters.org\/es\/wp-json\/wp\/v2\/users\/11"}],"replies":[{"embeddable":true,"href":"https:\/\/everybrainmatters.org\/es\/wp-json\/wp\/v2\/comments?post=47129"}],"version-history":[{"count":0,"href":"https:\/\/everybrainmatters.org\/es\/wp-json\/wp\/v2\/pages\/47129\/revisions"}],"wp:attachment":[{"href":"https:\/\/everybrainmatters.org\/es\/wp-json\/wp\/v2\/media?parent=47129"}],"curies":[{"name":"wp","href":"https:\/\/api.w.org\/{rel}","templated":true}]}}