{"id":47130,"date":"2021-09-14T18:21:57","date_gmt":"2021-09-14T23:21:57","guid":{"rendered":"https:\/\/everybrainmatters.org\/el-dolor-y-la-marihuana\/"},"modified":"2025-10-21T09:10:40","modified_gmt":"2025-10-21T14:10:40","slug":"el-dolor-y-la-marihuana","status":"publish","type":"page","link":"https:\/\/everybrainmatters.org\/es\/el-dolor-y-la-marihuana\/","title":{"rendered":"El dolor y la marihuana"},"content":{"rendered":"\n<ul class=\"wp-block-list\">\n<li><a href=\"https:\/\/pubmed.ncbi.nlm.nih.gov\/37011567\/\" class=\"ek-link\">La asociaci\u00f3n entre el consumo de cannabis y el riesgo de inicio del consumo indebido de analg\u00e9sicos no m\u00e9dicos entre adultos j\u00f3venes en un contexto de cannabis legal<\/a> 2023, agosto<\/li>\n\n\n\n<li><a aria-label=\"Placebo Response and Media Attention in Randomized Clinical Trials Assessing Cannabis-Based Therapies for Pain (opens in a new tab)\" href=\"https:\/\/jamanetwork.com\/journals\/jamanetworkopen\/fullarticle\/2799017\" target=\"_blank\" rel=\"noreferrer noopener\" class=\"ek-link\">Respuesta al placebo y atenci\u00f3n de los medios de comunicaci\u00f3n en ensayos cl\u00ednicos aleatorizados que eval\u00faan terapias para el dolor basadas en el cannabis<\/a> 2022, 28 de noviembre<\/li>\n\n\n\n<li><a href=\"https:\/\/neurosciencenews.com\/pain-cannabis-surgery-21701\/\" target=\"_blank\" rel=\"noreferrer noopener\" class=\"ek-link\">El consumo de cannabis aumenta el dolor tras la cirug\u00eda<\/a> 2022 23 octubre<\/li>\n\n\n\n<li><a href=\"https:\/\/www.ncbi.nlm.nih.gov\/books\/NBK574562\/\" class=\"ek-link\">Cannabis medicinal para el tratamiento del dolor cr\u00f3nico<\/a> 2022, 3 de octubre<\/li>\n\n\n\n<li><a href=\"https:\/\/www.bmj.com\/content\/374\/bmj.n2040\" class=\"ek-link\">Cannabis medicinal o cannabinoides para el dolor cr\u00f3nico: gu\u00eda de pr\u00e1ctica cl\u00ednica<\/a> 2021, 9 de septiembre<\/li>\n\n\n\n<li><a href=\"https:\/\/pubmed.ncbi.nlm.nih.gov\/34192906\/\" class=\"ek-link\">La asociaci\u00f3n entre el trastorno por consumo de cannabis y el resultado tras una artroplastia total de cadera<\/a> primaria 2021, Julio<\/li>\n\n\n\n<li><a href=\"https:\/\/pubmed.ncbi.nlm.nih.gov\/33208521\/\" class=\"ek-link\">Consumo perioperatorio de cannabis: estudio longitudinal de las caracter\u00edsticas cl\u00ednicas asociadas y los resultados quir\u00fargicos<\/a> 2021, Feb<\/li>\n\n\n\n<li><a href=\"https:\/\/www.health.harvard.edu\/blog\/medical-marijuana-2018011513085#:~:text=In%20particular%2C%20marijuana%20appears%20to%20ease%20the%20pain,as%20Neurontin%2C%20Lyrica%2C%20or%20opiates%20are%20highly%20sedating\" class=\"ek-link\">Marihuana medicinal<\/a> 2020, 10 de abril<\/li>\n\n\n\n<li><a href=\"https:\/\/pubmed.ncbi.nlm.nih.gov\/31959586\/\" class=\"ek-link\">Cannabinoides para el dolor relacionado con el c\u00e1ncer en adultos: revisi\u00f3n sistem\u00e1tica y metaan\u00e1lisis<\/a> 2020, 20 de enero<\/li>\n\n\n\n<li><a href=\"https:\/\/www.thelancet.com\/journals\/lanpub\/article\/PIIS2468-2667(18)30110-5\/fulltext\" class=\"ek-link\">Efecto del consumo de cannabis en personas con dolor cr\u00f3nico no oncol\u00f3gico a las que se prescriben opioides: conclusiones de un estudio de cohortes prospectivo de 4 a\u00f1os<\/a> 2018, julio<\/li>\n\n\n\n<li><a href=\"https:\/\/pubmed.ncbi.nlm.nih.gov\/29637590\/\">Cannabis para el dolor cr\u00f3nico: retos y consideraciones<\/a> 2018, junio<\/li>\n\n\n\n<li><a href=\"https:\/\/www.acpjournals.org\/doi\/10.7326\/M17-0155\" class=\"ek-link\">Los efectos del cannabis entre los adultos con dolor cr\u00f3nico y una visi\u00f3n general de los da\u00f1os generales<\/a> 2017, 5 de septiembre<\/li>\n\n\n\n<li><a href=\"https:\/\/www.menshealth.com\/health\/a19530220\/marijuana-ineffective-for-pain\/\" class=\"ek-link\">Por qu\u00e9 fumar marihuana podr\u00eda no aliviar tu dolor<\/a> 2017, 15 de agosto<\/li>\n<\/ul>\n\n<div class=\"wp-block-columns is-layout-flex wp-container-core-columns-is-layout-9d6595d7 wp-block-columns-is-layout-flex\">\n<div class=\"wp-block-column is-layout-flow wp-block-column-is-layout-flow\">\n<p style=\"font-size:16px\"><br\/><a href=\"https:\/\/pubmed.ncbi.nlm.nih.gov\/37011567\/\" class=\"ek-link\">La asociaci\u00f3n entre el consumo de cannabis y el riesgo de inicio del uso indebido de analg\u00e9sicos no m\u00e9dicos entre adultos j\u00f3venes en un contexto de cannabis legal<\/a> <br\/>The <em>National Center for Biotechnology Information<\/em> 2023, August<br\/><br\/>La asociaci\u00f3n entre el consumo de cannabis y el riesgo de consumo indebido de analg\u00e9sicos no m\u00e9dicos aparece entre los adultos j\u00f3venes en un contexto de cannabis legal. A pesar de las afirmaciones de que el consumo de cannabis puede reducir el consumo de opi\u00e1ceos y los da\u00f1os relacionados, los resultados sugieren que el consumo de cannabis, incluido el consumo m\u00e9dico, puede no ser protector, sino aumentar el riesgo de consumo indebido de analg\u00e9sicos no m\u00e9dicos&#8230;. <\/p>\n<\/div>\n\n\n\n<div class=\"wp-block-column is-layout-flow wp-block-column-is-layout-flow\"><\/div>\n<\/div>\n\n<hr class=\"wp-block-separator has-alpha-channel-opacity\"\/>\n\n<div class=\"wp-block-columns is-layout-flex wp-container-core-columns-is-layout-9d6595d7 wp-block-columns-is-layout-flex\">\n<div class=\"wp-block-column is-layout-flow wp-block-column-is-layout-flow\">\n<p style=\"font-size:16px\"><a href=\"https:\/\/neurosciencenews.com\/pain-cannabis-surgery-21701\/\" target=\"_blank\" rel=\"noreferrer noopener\" class=\"ek-link\">El consumo de cannabis aumenta el dolor tras la cirug\u00eda<\/a> <em>The Neuroscience News<\/em>, 2022 23 de octubre<\/p>\n\n\n\n<p style=\"font-size:16px\">\u00abEl cannabis es la droga il\u00edcita m\u00e1s consumida en Estados Unidos y se utiliza cada vez m\u00e1s como tratamiento alternativo del dolor cr\u00f3nico, pero hay pocos datos que demuestren c\u00f3mo afecta a los resultados de los pacientes tras una intervenci\u00f3n quir\u00fargica\u00bb<\/p>\n\n\n\n<p style=\"font-size:16px\">\u00abNuestro estudio demuestra que los adultos que consumen cannabis tienen m\u00e1s dolor postoperatorio, no menos. En consecuencia, tienen un mayor consumo de opi\u00e1ceos tras la cirug\u00eda\u00bb.<\/p>\n\n\n\n<p style=\"font-size:16px\">Los pacientes que consumieron cannabis experimentaron un 14% m\u00e1s de dolor durante las primeras 24 horas tras la intervenci\u00f3n, en comparaci\u00f3n con los pacientes que nunca consumieron cannabis.<\/p>\n<\/div>\n\n\n\n<div class=\"wp-block-column is-layout-flow wp-block-column-is-layout-flow\">\n<p style=\"font-size:16px\"><a href=\"https:\/\/www.ncbi.nlm.nih.gov\/books\/NBK574562\/\" class=\"ek-link\">Cannabis medicinal para el tratamiento del dolor cr\u00f3nico<\/a> <br\/><em>Centro Nacional de Informaci\u00f3n Biotecnol\u00f3gica<\/em> 2022, 3 de octubre<\/p>\n\n\n\n<p style=\"font-size:16px\">Los efectos adversos agudos del cannabis medicinal relacionados con el THC incluyen ansiedad, p\u00e1nico, desorientaci\u00f3n, deterioro de la atenci\u00f3n, de la memoria a corto plazo y del rendimiento al volante. Por lo tanto, es prudente evitar el cannabis medicinal en pacientes con enfermedades psiqui\u00e1tricas, como la esquizofrenia, ya que puede exacerbar la afecci\u00f3n. Adem\u00e1s, en un estudio, cerca del 50% de los pacientes con psicosis inducida por el cannabis se convirtieron en esquizofr\u00e9nicos o bipolares.  <\/p>\n\n\n\n<p style=\"font-size:16px\">El efecto secundario agudo m\u00e1s com\u00fan del CBD es la diarrea. Adem\u00e1s, el CBD tiene interacciones potenciales con las farmacoterapias convencionales, ya que interact\u00faa con las enzimas del citocromo P450 (CYP 450) implicadas en el metabolismo de los f\u00e1rmacos&#8230; <\/p>\n<\/div>\n<\/div>\n\n<hr class=\"wp-block-separator has-alpha-channel-opacity is-style-wide\"\/>\n\n<div class=\"wp-block-columns is-layout-flex wp-container-core-columns-is-layout-9d6595d7 wp-block-columns-is-layout-flex\">\n<div class=\"wp-block-column is-layout-flow wp-block-column-is-layout-flow\">\n<p style=\"font-size:16px\"><a href=\"https:\/\/www.bmj.com\/content\/374\/bmj.n2040\" class=\"ek-link\">Cannabis medicinal o cannabinoides para el dolor cr\u00f3nico: una gu\u00eda de pr\u00e1ctica cl\u00ednica<\/a> <br\/><em>BMJ<\/em> 2021, 9 de septiembre<\/p>\n\n\n\n<p id=\"p-2\" style=\"font-size:16px\"><strong>Pr\u00e1ctica<\/strong> actual El dolor cr\u00f3nico es frecuente y angustioso, y se asocia a una carga socioecon\u00f3mica considerable en todo el mundo. El cannabis medicinal se utiliza cada vez m\u00e1s para tratar el dolor cr\u00f3nico, sobre todo en jurisdicciones que han promulgado pol\u00edticas para reducir el uso de opi\u00e1ceos; sin embargo, las recomendaciones de las directrices existentes son incoherentes, y el cannabis sigue siendo ilegal para uso terap\u00e9utico en muchos pa\u00edses. <\/p>\n\n\n\n<p id=\"p-3\" style=\"font-size:16px\"><strong>Las pruebas<\/strong> Esta recomendaci\u00f3n se basa en una serie vinculada de cuatro revisiones sistem\u00e1ticas que resumen el conjunto actual de pruebas sobre los beneficios y los da\u00f1os, as\u00ed como los valores y las preferencias de los pacientes, en relaci\u00f3n con el cannabis medicinal o los cannabinoides para el dolor cr\u00f3nico&#8230;.<\/p>\n<\/div>\n\n\n\n<div class=\"wp-block-column is-layout-flow wp-block-column-is-layout-flow\">\n<p style=\"font-size:16px\"><a href=\"https:\/\/pubmed.ncbi.nlm.nih.gov\/34192906\/\" class=\"ek-link\">La asociaci\u00f3n entre el trastorno por consumo de cannabis y el resultado tras una artroplastia total de cadera primaria<\/a> <br\/><em>Centro Nacional de Informaci\u00f3n Biotecnol\u00f3gica<\/em> 2021, julio<\/p>\n\n\n\n<p style=\"font-size:16px\"><strong>Resultados: <\/strong>Los pacientes del grupo de estudio tuvieron una estancia media significativamente m\u00e1s larga que los del grupo de control (cuatro d\u00edas frente a tres d\u00edas; p &lt; 0,0001).0 frente a 9,8%, OR 1,6; p &lt; 0,0001) y de complicaciones relacionadas con el implante (16 frente a 7,4%, OR 1,6; p &lt; 0,0001) e incurrieron en costes medios a los 90 d\u00edas significativamente superiores (16.938,00 frente a 16.023,00; p &lt; 0,0001).<\/p>\n\n\n\n<p style=\"font-size:16px\">Con el aumento de las tasas de consumo de cannabis, estos hallazgos permiten a los cirujanos ortop\u00e9dicos y otros profesionales sanitarios aconsejar a los pacientes con trastorno por consumo de cannabis sobre los posibles resultados tras su THA, con un aumento de las estancias hospitalarias, las complicaciones y los costes&#8230;.<br\/><\/p>\n<\/div>\n<\/div>\n\n<hr class=\"wp-block-separator has-alpha-channel-opacity\"\/>\n\n<div class=\"wp-block-columns is-layout-flex wp-container-core-columns-is-layout-9d6595d7 wp-block-columns-is-layout-flex\">\n<div class=\"wp-block-column is-layout-flow wp-block-column-is-layout-flow\">\n<p style=\"font-size:16px\"><a href=\"https:\/\/pubmed.ncbi.nlm.nih.gov\/33208521\/\" class=\"ek-link\">Consumo perioperatorio de cannabis: un estudio longitudinal de las caracter\u00edsticas cl\u00ednicas asociadas y los resultados quir\u00fargicos <\/a><br\/>The <em>National Center for Biotechnology Information<\/em>, 2021, Feb<\/p>\n\n\n\n<p style=\"font-size:16px\"><strong>Conclusiones: <\/strong>El consumo de cannabis es relativamente bajo en esta poblaci\u00f3n quir\u00fargica; sin embargo, los consumidores de cannabis presentan mayor dolor cl\u00ednico, peores puntuaciones en los indicadores de calidad de vida y mayor consumo de opi\u00e1ceos antes y despu\u00e9s de la cirug\u00eda. Los consumidores de cannabis informaron de resultados quir\u00fargicos similares, lo que sugiere que el consumo de cannabis no impidi\u00f3 la recuperaci\u00f3n&#8230; <\/p>\n<\/div>\n\n\n\n<div class=\"wp-block-column is-layout-flow wp-block-column-is-layout-flow\">\n<p style=\"font-size:16px\"><a href=\"https:\/\/pubmed.ncbi.nlm.nih.gov\/31959586\/\" class=\"ek-link\">Cannabinoides para el dolor relacionado con el c\u00e1ncer en adultos: revisi\u00f3n sistem\u00e1tica y metaan\u00e1lisis<\/a><br\/><em>Centro Nacional de Informaci\u00f3n Biotecnol\u00f3gica<\/em>, 2020, 20 de enero<\/p>\n\n\n\n<p style=\"font-size:16px\"><strong>Objetivos: <\/strong>Existe un inter\u00e9s creciente en los cannabinoides para el tratamiento del dolor oncol\u00f3gico y se est\u00e1n produciendo cambios legislativos en muchos pa\u00edses. Este estudio pretende determinar los efectos beneficiosos y adversos del cannabis\/cannabinoides en comparaci\u00f3n con placebo\/otros agentes activos para el tratamiento del dolor relacionado con el c\u00e1ncer en adultos. <\/p>\n\n\n\n<p style=\"font-size:16px\"><strong>Conclusiones: <\/strong>Los estudios con bajo riesgo de sesgo mostraron que, en adultos con c\u00e1ncer avanzado, la adici\u00f3n de cannabinoides a los opioides no redujo el dolor oncol\u00f3gico&#8230;.<\/p>\n<\/div>\n<\/div>\n\n<hr class=\"wp-block-separator has-alpha-channel-opacity\"\/>\n\n<div class=\"wp-block-columns is-layout-flex wp-container-core-columns-is-layout-9d6595d7 wp-block-columns-is-layout-flex\">\n<div class=\"wp-block-column is-layout-flow wp-block-column-is-layout-flow\">\n<p style=\"font-size:16px\"><a href=\"https:\/\/www.thelancet.com\/journals\/lanpub\/article\/PIIS2468-2667(18)30110-5\/fulltext\" class=\"ek-link\">Efecto del consumo de cannabis en personas con dolor cr\u00f3nico no oncol\u00f3gico a las que se han prescrito opioides: conclusiones de un estudio de cohortes prospectivo de 4 a\u00f1os<\/a><br\/><em>The Lancet<\/em>, 2018, julio<\/p>\n\n\n\n<p style=\"font-size:16px\">El consumo de cannabis era frecuente en personas con dolor cr\u00f3nico no oncol\u00f3gico a las que se hab\u00edan recetado opi\u00e1ceos, pero no se hallaron pruebas de que el consumo de cannabis mejorara los resultados de los pacientes. Las personas que consum\u00edan cannabis ten\u00edan m\u00e1s dolor y menor autoeficacia para controlar el dolor, y no hab\u00eda pruebas de que el consumo de cannabis redujera la gravedad o la interferencia del dolor o ejerciera un efecto ahorrador de opi\u00e1ceos. A medida que aumenta el consumo de cannabis con fines medicinales en todo el mundo, es importante que se realicen ensayos cl\u00ednicos amplios y bien dise\u00f1ados, que incluyan a personas con comorbilidades complejas, para determinar la eficacia del cannabis para el dolor cr\u00f3nico no oncol\u00f3gico.  <\/p>\n<\/div>\n\n\n\n<div class=\"wp-block-column is-layout-flow wp-block-column-is-layout-flow\">\n<p style=\"font-size:16px\"><a href=\"https:\/\/pubmed.ncbi.nlm.nih.gov\/29637590\/\" class=\"ek-link\">Cannabis para el dolor cr\u00f3nico: retos y consideraciones <\/a><br\/>The <em>National Center for Biotechnology Information<\/em>, 2018, June<\/p>\n\n\n\n<p style=\"font-size:16px\">Resumen: La legalizaci\u00f3n creciente y variable del cannabis en m\u00faltiples estados del pa\u00eds representa un reto adicional para los pacientes y la comunidad m\u00e9dica, ya que el cannabis recreativo y el medicinal se solapan de forma irresponsable. El cannabis dise\u00f1ado para uso recreativo (que contiene altos niveles de principios activos) est\u00e1 cada vez m\u00e1s al alcance de los pacientes con dolor cr\u00f3nico que no encuentran alivio con las entidades farmacol\u00f3gicas actuales, lo que expone a los pacientes a posibles da\u00f1os&#8230; <\/p>\n<\/div>\n<\/div>\n\n<hr class=\"wp-block-separator has-alpha-channel-opacity\"\/>\n\n<div class=\"wp-block-columns is-layout-flex wp-container-core-columns-is-layout-9d6595d7 wp-block-columns-is-layout-flex\">\n<div class=\"wp-block-column is-layout-flow wp-block-column-is-layout-flow\">\n<p style=\"font-size:16px\"><a href=\"https:\/\/www.acpjournals.org\/doi\/10.7326\/M17-0155\" class=\"ek-link\">Los efectos del cannabis entre los adultos con dolor cr\u00f3nico y una visi\u00f3n general de los da\u00f1os generales<\/a><br\/><em>Annals of Internal Medicine<\/em>, 2017, 5 de septiembre<\/p>\n\n\n\n<p style=\"font-size:16px\">Pruebas limitadas sugieren que el cannabis puede aliviar el dolor neurop\u00e1tico en algunos pacientes, pero no existen pruebas suficientes para otros tipos de dolor cr\u00f3nico. Entre la poblaci\u00f3n general, las pruebas limitadas sugieren que el cannabis se asocia a un mayor riesgo de efectos adversos para la salud mental&#8230; <\/p>\n<\/div>\n\n\n\n<div class=\"wp-block-column is-layout-flow wp-block-column-is-layout-flow\">\n<p style=\"font-size:16px\"><a href=\"https:\/\/www.menshealth.com\/health\/a19530220\/marijuana-ineffective-for-pain\/\" class=\"ek-link\">Por qu\u00e9 fumar hierba podr\u00eda no aliviar tu dolor<\/a><br\/><em>Centro Nacional de Informaci\u00f3n Biotecnol\u00f3gica<\/em>, 2017, 15 de agosto<\/p>\n\n\n\n<p style=\"font-size:16px\">espu\u00e9s de analizar los datos de 27 estudios publicados anteriormente sobre la marihuana y el dolor cr\u00f3nico, los investigadores determinaron que existen pruebas poco s\u00f3lidas de que puede ayudar a aliviar el dolor nervioso, pero no hay pruebas suficientes que demuestren que ayuda con otros tipos de dolor persistente, como el provocado por el c\u00e1ncer, la esclerosis m\u00faltiple, la fibromialgia o la artritis reumatoide&#8230;<br\/><\/p>\n<\/div>\n<\/div>\n\n<p><\/p>\n\n<p><\/p>\n","protected":false},"excerpt":{"rendered":"<p>La asociaci\u00f3n entre el consumo de cannabis y el riesgo de inicio del uso indebido de analg\u00e9sicos no m\u00e9dicos entre&#8230;<\/p>\n","protected":false},"author":11,"featured_media":0,"parent":0,"menu_order":0,"comment_status":"closed","ping_status":"closed","template":"","meta":{"_acf_changed":false,"_editorskit_title_hidden":false,"_editorskit_reading_time":0,"_editorskit_is_block_options_detached":false,"_editorskit_block_options_position":"{}","footnotes":""},"class_list":["post-47130","page","type-page","status-publish","hentry"],"acf":[],"yoast_head":"<!-- This site is optimized with the Yoast SEO plugin v26.1.1 - https:\/\/yoast.com\/wordpress\/plugins\/seo\/ -->\n<title>El dolor y la marihuana - Every Brain Matters<\/title>\n<meta name=\"robots\" content=\"index, follow, max-snippet:-1, max-image-preview:large, max-video-preview:-1\" \/>\n<link rel=\"canonical\" href=\"https:\/\/everybrainmatters.org\/es\/el-dolor-y-la-marihuana\/\" \/>\n<meta property=\"og:locale\" content=\"es_ES\" \/>\n<meta property=\"og:type\" content=\"article\" \/>\n<meta property=\"og:title\" content=\"El dolor y la marihuana - Every Brain Matters\" \/>\n<meta property=\"og:description\" content=\"La asociaci\u00f3n entre el consumo de cannabis y el riesgo de inicio del uso indebido de analg\u00e9sicos no m\u00e9dicos entre...\" \/>\n<meta property=\"og:url\" content=\"https:\/\/everybrainmatters.org\/es\/el-dolor-y-la-marihuana\/\" \/>\n<meta property=\"og:site_name\" content=\"Every Brain Matters\" \/>\n<meta property=\"article:modified_time\" content=\"2025-10-21T14:10:40+00:00\" \/>\n<meta property=\"og:image\" content=\"https:\/\/everybrainmatters.org\/wp-content\/uploads\/AllBrains_3.jpg\" \/>\n\t<meta property=\"og:image:width\" content=\"1000\" \/>\n\t<meta property=\"og:image:height\" content=\"1087\" \/>\n\t<meta property=\"og:image:type\" content=\"image\/jpeg\" \/>\n<meta name=\"twitter:card\" content=\"summary_large_image\" \/>\n<meta name=\"twitter:label1\" content=\"Est. reading time\" \/>\n\t<meta name=\"twitter:data1\" content=\"8 minutos\" \/>\n<script type=\"application\/ld+json\" class=\"yoast-schema-graph\">{\"@context\":\"https:\/\/schema.org\",\"@graph\":[{\"@type\":\"WebPage\",\"@id\":\"https:\/\/everybrainmatters.org\/es\/el-dolor-y-la-marihuana\/\",\"url\":\"https:\/\/everybrainmatters.org\/es\/el-dolor-y-la-marihuana\/\",\"name\":\"El dolor y la marihuana - Every Brain Matters\",\"isPartOf\":{\"@id\":\"https:\/\/everybrainmatters.org\/es\/#website\"},\"datePublished\":\"2021-09-14T23:21:57+00:00\",\"dateModified\":\"2025-10-21T14:10:40+00:00\",\"breadcrumb\":{\"@id\":\"https:\/\/everybrainmatters.org\/es\/el-dolor-y-la-marihuana\/#breadcrumb\"},\"inLanguage\":\"es-ES\",\"potentialAction\":[{\"@type\":\"ReadAction\",\"target\":[\"https:\/\/everybrainmatters.org\/es\/el-dolor-y-la-marihuana\/\"]}]},{\"@type\":\"BreadcrumbList\",\"@id\":\"https:\/\/everybrainmatters.org\/es\/el-dolor-y-la-marihuana\/#breadcrumb\",\"itemListElement\":[{\"@type\":\"ListItem\",\"position\":1,\"name\":\"Home\",\"item\":\"https:\/\/everybrainmatters.org\/es\/\"},{\"@type\":\"ListItem\",\"position\":2,\"name\":\"El dolor y la marihuana\"}]},{\"@type\":\"WebSite\",\"@id\":\"https:\/\/everybrainmatters.org\/es\/#website\",\"url\":\"https:\/\/everybrainmatters.org\/es\/\",\"name\":\"Every Brain Matters\",\"description\":\"\",\"publisher\":{\"@id\":\"https:\/\/everybrainmatters.org\/es\/#organization\"},\"potentialAction\":[{\"@type\":\"SearchAction\",\"target\":{\"@type\":\"EntryPoint\",\"urlTemplate\":\"https:\/\/everybrainmatters.org\/es\/?s={search_term_string}\"},\"query-input\":{\"@type\":\"PropertyValueSpecification\",\"valueRequired\":true,\"valueName\":\"search_term_string\"}}],\"inLanguage\":\"es-ES\"},{\"@type\":\"Organization\",\"@id\":\"https:\/\/everybrainmatters.org\/es\/#organization\",\"name\":\"Every Brain Matters\",\"url\":\"https:\/\/everybrainmatters.org\/es\/\",\"logo\":{\"@type\":\"ImageObject\",\"inLanguage\":\"es-ES\",\"@id\":\"https:\/\/everybrainmatters.org\/es\/#\/schema\/logo\/image\/\",\"url\":\"https:\/\/everybrainmatters.org\/wp-content\/uploads\/AllBrains_3.jpg\",\"contentUrl\":\"https:\/\/everybrainmatters.org\/wp-content\/uploads\/AllBrains_3.jpg\",\"width\":1000,\"height\":1087,\"caption\":\"Every Brain Matters\"},\"image\":{\"@id\":\"https:\/\/everybrainmatters.org\/es\/#\/schema\/logo\/image\/\"}}]}<\/script>\n<!-- \/ Yoast SEO plugin. -->","yoast_head_json":{"title":"El dolor y la marihuana - Every Brain Matters","robots":{"index":"index","follow":"follow","max-snippet":"max-snippet:-1","max-image-preview":"max-image-preview:large","max-video-preview":"max-video-preview:-1"},"canonical":"https:\/\/everybrainmatters.org\/es\/el-dolor-y-la-marihuana\/","og_locale":"es_ES","og_type":"article","og_title":"El dolor y la marihuana - Every Brain Matters","og_description":"La asociaci\u00f3n entre el consumo de cannabis y el riesgo de inicio del uso indebido de analg\u00e9sicos no m\u00e9dicos entre...","og_url":"https:\/\/everybrainmatters.org\/es\/el-dolor-y-la-marihuana\/","og_site_name":"Every Brain Matters","article_modified_time":"2025-10-21T14:10:40+00:00","og_image":[{"width":1000,"height":1087,"url":"https:\/\/everybrainmatters.org\/wp-content\/uploads\/AllBrains_3.jpg","type":"image\/jpeg"}],"twitter_card":"summary_large_image","twitter_misc":{"Est. reading time":"8 minutos"},"schema":{"@context":"https:\/\/schema.org","@graph":[{"@type":"WebPage","@id":"https:\/\/everybrainmatters.org\/es\/el-dolor-y-la-marihuana\/","url":"https:\/\/everybrainmatters.org\/es\/el-dolor-y-la-marihuana\/","name":"El dolor y la marihuana - Every Brain Matters","isPartOf":{"@id":"https:\/\/everybrainmatters.org\/es\/#website"},"datePublished":"2021-09-14T23:21:57+00:00","dateModified":"2025-10-21T14:10:40+00:00","breadcrumb":{"@id":"https:\/\/everybrainmatters.org\/es\/el-dolor-y-la-marihuana\/#breadcrumb"},"inLanguage":"es-ES","potentialAction":[{"@type":"ReadAction","target":["https:\/\/everybrainmatters.org\/es\/el-dolor-y-la-marihuana\/"]}]},{"@type":"BreadcrumbList","@id":"https:\/\/everybrainmatters.org\/es\/el-dolor-y-la-marihuana\/#breadcrumb","itemListElement":[{"@type":"ListItem","position":1,"name":"Home","item":"https:\/\/everybrainmatters.org\/es\/"},{"@type":"ListItem","position":2,"name":"El dolor y la marihuana"}]},{"@type":"WebSite","@id":"https:\/\/everybrainmatters.org\/es\/#website","url":"https:\/\/everybrainmatters.org\/es\/","name":"Every Brain Matters","description":"","publisher":{"@id":"https:\/\/everybrainmatters.org\/es\/#organization"},"potentialAction":[{"@type":"SearchAction","target":{"@type":"EntryPoint","urlTemplate":"https:\/\/everybrainmatters.org\/es\/?s={search_term_string}"},"query-input":{"@type":"PropertyValueSpecification","valueRequired":true,"valueName":"search_term_string"}}],"inLanguage":"es-ES"},{"@type":"Organization","@id":"https:\/\/everybrainmatters.org\/es\/#organization","name":"Every Brain Matters","url":"https:\/\/everybrainmatters.org\/es\/","logo":{"@type":"ImageObject","inLanguage":"es-ES","@id":"https:\/\/everybrainmatters.org\/es\/#\/schema\/logo\/image\/","url":"https:\/\/everybrainmatters.org\/wp-content\/uploads\/AllBrains_3.jpg","contentUrl":"https:\/\/everybrainmatters.org\/wp-content\/uploads\/AllBrains_3.jpg","width":1000,"height":1087,"caption":"Every Brain Matters"},"image":{"@id":"https:\/\/everybrainmatters.org\/es\/#\/schema\/logo\/image\/"}}]}},"_links":{"self":[{"href":"https:\/\/everybrainmatters.org\/es\/wp-json\/wp\/v2\/pages\/47130","targetHints":{"allow":["GET"]}}],"collection":[{"href":"https:\/\/everybrainmatters.org\/es\/wp-json\/wp\/v2\/pages"}],"about":[{"href":"https:\/\/everybrainmatters.org\/es\/wp-json\/wp\/v2\/types\/page"}],"author":[{"embeddable":true,"href":"https:\/\/everybrainmatters.org\/es\/wp-json\/wp\/v2\/users\/11"}],"replies":[{"embeddable":true,"href":"https:\/\/everybrainmatters.org\/es\/wp-json\/wp\/v2\/comments?post=47130"}],"version-history":[{"count":0,"href":"https:\/\/everybrainmatters.org\/es\/wp-json\/wp\/v2\/pages\/47130\/revisions"}],"wp:attachment":[{"href":"https:\/\/everybrainmatters.org\/es\/wp-json\/wp\/v2\/media?parent=47130"}],"curies":[{"name":"wp","href":"https:\/\/api.w.org\/{rel}","templated":true}]}}