{"id":47141,"date":"2021-08-22T14:24:19","date_gmt":"2021-08-22T19:24:19","guid":{"rendered":"https:\/\/everybrainmatters.org\/cada-cerebro-importa-la-recuperacion-familiar-de-los-danos-de-la-marihuana\/"},"modified":"2026-02-19T21:19:09","modified_gmt":"2026-02-20T03:19:09","slug":"cada-cerebro-importa-la-recuperacion-familiar-de-los-danos-de-la-marihuana","status":"publish","type":"page","link":"https:\/\/everybrainmatters.org\/es\/cada-cerebro-importa-la-recuperacion-familiar-de-los-danos-de-la-marihuana\/","title":{"rendered":"Recuperaci\u00f3n familiar de los da\u00f1os de la marihuana"},"content":{"rendered":"\n<p>Entendemos que muchas familias se sienten aisladas en un mundo en el que el consumo de marihuana est\u00e1 cada vez m\u00e1s normalizado. Apoyar a un ser querido que lucha contra el consumo de marihuana puede resultar abrumador, confuso e incierto. <\/p>\n\n<p>Para ayudarte a navegar por esta realidad, hemos creado una colecci\u00f3n de recursos de recuperaci\u00f3n familiar dise\u00f1ados espec\u00edficamente para las familias que se enfrentan hoy a estos retos.<\/p>\n\n<p>Nuestros recursos proporcionan herramientas pr\u00e1cticas, orientaci\u00f3n clara y v\u00edas de curaci\u00f3n para ayudar a fortalecer las relaciones, reconstruir la confianza y apoyar la recuperaci\u00f3n a largo plazo. No tienes por qu\u00e9 recorrer este camino solo. <\/p>\n\n<p>Te invitamos a explorar estos materiales y a unirte a nuestras reuniones de apoyo familiar, donde encontrar\u00e1s comprensi\u00f3n, \u00e1nimo y una comunidad compasiva que se preocupa de verdad.<\/p>\n\n<p>Cur\u00e9monos juntos. Haz clic en las im\u00e1genes para saber m\u00e1s. <\/p>\n\n<p><\/p>\n\n<div class=\"wp-block-columns is-layout-flex wp-container-core-columns-is-layout-9d6595d7 wp-block-columns-is-layout-flex\">\n<div class=\"wp-block-column is-layout-flow wp-block-column-is-layout-flow\">\n<p class=\"has-text-align-center\"><strong>Educaci\u00f3n<\/strong><\/p>\n<\/div>\n\n\n\n<div class=\"wp-block-column is-layout-flow wp-block-column-is-layout-flow\">\n<p class=\"has-text-align-center\"><strong>Ayuda<\/strong><\/p>\n<\/div>\n\n\n\n<div class=\"wp-block-column is-layout-flow wp-block-column-is-layout-flow\">\n<p class=\"has-text-align-center\"><strong>Acci\u00f3n<\/strong><\/p>\n<\/div>\n<\/div>\n\n<div class=\"wp-block-columns is-layout-flex wp-container-core-columns-is-layout-9d6595d7 wp-block-columns-is-layout-flex\">\n<div class=\"wp-block-column is-layout-flow wp-block-column-is-layout-flow\">\n<figure class=\"wp-block-image size-large is-style-editorskit-shadow\"><a href=\"https:\/\/everybrainmatters.org\/es\/articulos-y-libros-de-recuperacion-familiar-de-los-efectos-de-la-marihuana\/\"><img loading=\"lazy\" decoding=\"async\" width=\"1024\" height=\"683\" src=\"https:\/\/everybrainmatters.org\/wp-content\/uploads\/Family-recovery-education-1024x683.png\" alt=\"\" class=\"wp-image-54520\" srcset=\"https:\/\/everybrainmatters.org\/wp-content\/uploads\/Family-recovery-education-1024x683.png 1024w, https:\/\/everybrainmatters.org\/wp-content\/uploads\/Family-recovery-education-300x200.png 300w, https:\/\/everybrainmatters.org\/wp-content\/uploads\/Family-recovery-education-768x512.png 768w, https:\/\/everybrainmatters.org\/wp-content\/uploads\/Family-recovery-education-600x400.png 600w, https:\/\/everybrainmatters.org\/wp-content\/uploads\/Family-recovery-education.png 1536w\" sizes=\"auto, (max-width: 1024px) 100vw, 1024px\" \/><\/a><\/figure>\n<\/div>\n\n\n\n<div class=\"wp-block-column is-layout-flow wp-block-column-is-layout-flow\">\n<figure class=\"wp-block-image size-large is-style-editorskit-shadow\"><a href=\"https:\/\/www.facebook.com\/groups\/familysupportweedaddictionpsychosisvomiting\"><img loading=\"lazy\" decoding=\"async\" width=\"1024\" height=\"683\" src=\"https:\/\/everybrainmatters.org\/wp-content\/uploads\/Private-support-FAcebook-group-1024x683.png\" alt=\"\" class=\"wp-image-53841\" srcset=\"https:\/\/everybrainmatters.org\/wp-content\/uploads\/Private-support-FAcebook-group-1024x683.png 1024w, https:\/\/everybrainmatters.org\/wp-content\/uploads\/Private-support-FAcebook-group-300x200.png 300w, https:\/\/everybrainmatters.org\/wp-content\/uploads\/Private-support-FAcebook-group-768x512.png 768w, https:\/\/everybrainmatters.org\/wp-content\/uploads\/Private-support-FAcebook-group-600x400.png 600w, https:\/\/everybrainmatters.org\/wp-content\/uploads\/Private-support-FAcebook-group.png 1536w\" sizes=\"auto, (max-width: 1024px) 100vw, 1024px\" \/><\/a><\/figure>\n<\/div>\n\n\n\n<div class=\"wp-block-column is-layout-flow wp-block-column-is-layout-flow\">\n<figure class=\"wp-block-image size-large is-style-editorskit-shadow\"><a href=\"https:\/\/everybrainmatters.org\/meetings\/\"><img loading=\"lazy\" decoding=\"async\" width=\"1024\" height=\"683\" src=\"https:\/\/everybrainmatters.org\/wp-content\/uploads\/Weekly-support-meetings-5-1024x683.png\" alt=\"\" class=\"wp-image-53874\" srcset=\"https:\/\/everybrainmatters.org\/wp-content\/uploads\/Weekly-support-meetings-5-1024x683.png 1024w, https:\/\/everybrainmatters.org\/wp-content\/uploads\/Weekly-support-meetings-5-300x200.png 300w, https:\/\/everybrainmatters.org\/wp-content\/uploads\/Weekly-support-meetings-5-768x512.png 768w, https:\/\/everybrainmatters.org\/wp-content\/uploads\/Weekly-support-meetings-5-600x400.png 600w, https:\/\/everybrainmatters.org\/wp-content\/uploads\/Weekly-support-meetings-5.png 1536w\" sizes=\"auto, (max-width: 1024px) 100vw, 1024px\" \/><\/a><\/figure>\n<\/div>\n<\/div>\n\n<div class=\"wp-block-columns is-layout-flex wp-container-core-columns-is-layout-9d6595d7 wp-block-columns-is-layout-flex\">\n<div class=\"wp-block-column is-layout-flow wp-block-column-is-layout-flow\">\n<figure class=\"wp-block-image size-full is-style-editorskit-shadow\"><a href=\"https:\/\/everybrainmatters.org\/es\/libros-de-recuperacion-para-familias\/\"><img loading=\"lazy\" decoding=\"async\" width=\"1536\" height=\"1024\" src=\"https:\/\/everybrainmatters.org\/wp-content\/uploads\/Recovery-Resources-for-families-1.png\" alt=\"\" class=\"wp-image-53849\" srcset=\"https:\/\/everybrainmatters.org\/wp-content\/uploads\/Recovery-Resources-for-families-1.png 1536w, https:\/\/everybrainmatters.org\/wp-content\/uploads\/Recovery-Resources-for-families-1-300x200.png 300w, https:\/\/everybrainmatters.org\/wp-content\/uploads\/Recovery-Resources-for-families-1-1024x683.png 1024w, https:\/\/everybrainmatters.org\/wp-content\/uploads\/Recovery-Resources-for-families-1-768x512.png 768w, https:\/\/everybrainmatters.org\/wp-content\/uploads\/Recovery-Resources-for-families-1-600x400.png 600w\" sizes=\"auto, (max-width: 1536px) 100vw, 1536px\" \/><\/a><\/figure>\n<\/div>\n\n\n\n<div class=\"wp-block-column is-layout-flow wp-block-column-is-layout-flow\">\n<figure class=\"wp-block-image size-large is-style-editorskit-shadow\"><a href=\"https:\/\/youtube.com\/playlist?list=PLjsZxUuf9e19a_vrwT4pcTK4HcvkZ-dXc&amp;si=v2RAW6v_P2YAZaR_\"><img loading=\"lazy\" decoding=\"async\" width=\"1024\" height=\"683\" src=\"https:\/\/everybrainmatters.org\/wp-content\/uploads\/Videos-family-recovery-1024x683.png\" alt=\"\" class=\"wp-image-53870\" srcset=\"https:\/\/everybrainmatters.org\/wp-content\/uploads\/Videos-family-recovery-1024x683.png 1024w, https:\/\/everybrainmatters.org\/wp-content\/uploads\/Videos-family-recovery-300x200.png 300w, https:\/\/everybrainmatters.org\/wp-content\/uploads\/Videos-family-recovery-768x512.png 768w, https:\/\/everybrainmatters.org\/wp-content\/uploads\/Videos-family-recovery-600x400.png 600w, https:\/\/everybrainmatters.org\/wp-content\/uploads\/Videos-family-recovery.png 1536w\" sizes=\"auto, (max-width: 1024px) 100vw, 1024px\" \/><\/a><\/figure>\n<\/div>\n\n\n\n<div class=\"wp-block-column is-layout-flow wp-block-column-is-layout-flow\">\n<figure class=\"wp-block-image size-large is-style-editorskit-shadow\"><a href=\"https:\/\/everybrainmatters.org\/es\/tratamiento-y-apoyo-para-los-danos-del-cannabis\/\"><img loading=\"lazy\" decoding=\"async\" width=\"1024\" height=\"683\" src=\"https:\/\/everybrainmatters.org\/wp-content\/uploads\/Treatment-Resources-2-1024x683.png\" alt=\"\" class=\"wp-image-53880\" srcset=\"https:\/\/everybrainmatters.org\/wp-content\/uploads\/Treatment-Resources-2-1024x683.png 1024w, https:\/\/everybrainmatters.org\/wp-content\/uploads\/Treatment-Resources-2-300x200.png 300w, https:\/\/everybrainmatters.org\/wp-content\/uploads\/Treatment-Resources-2-768x512.png 768w, https:\/\/everybrainmatters.org\/wp-content\/uploads\/Treatment-Resources-2-600x400.png 600w, https:\/\/everybrainmatters.org\/wp-content\/uploads\/Treatment-Resources-2.png 1536w\" sizes=\"auto, (max-width: 1024px) 100vw, 1024px\" \/><\/a><\/figure>\n<\/div>\n<\/div>\n\n<div class=\"wp-block-columns is-layout-flex wp-container-core-columns-is-layout-9d6595d7 wp-block-columns-is-layout-flex\">\n<div class=\"wp-block-column is-layout-flow wp-block-column-is-layout-flow\">\n<figure class=\"wp-block-image size-full is-style-editorskit-shadow\"><a href=\"https:\/\/everybrainmatters.org\/es\/articulos-y-libros-de-recuperacion-familiar-de-los-efectos-de-la-marihuana\/\"><img loading=\"lazy\" decoding=\"async\" width=\"1536\" height=\"1024\" src=\"https:\/\/everybrainmatters.org\/wp-content\/uploads\/Recovery-Books-4.png\" alt=\"\" class=\"wp-image-53883\" srcset=\"https:\/\/everybrainmatters.org\/wp-content\/uploads\/Recovery-Books-4.png 1536w, https:\/\/everybrainmatters.org\/wp-content\/uploads\/Recovery-Books-4-300x200.png 300w, https:\/\/everybrainmatters.org\/wp-content\/uploads\/Recovery-Books-4-1024x683.png 1024w, https:\/\/everybrainmatters.org\/wp-content\/uploads\/Recovery-Books-4-768x512.png 768w, https:\/\/everybrainmatters.org\/wp-content\/uploads\/Recovery-Books-4-600x400.png 600w\" sizes=\"auto, (max-width: 1536px) 100vw, 1536px\" \/><\/a><\/figure>\n<\/div>\n\n\n\n<div class=\"wp-block-column is-layout-flow wp-block-column-is-layout-flow\">\n<figure class=\"wp-block-image size-large is-style-editorskit-shadow\"><a href=\"https:\/\/everybrainmatters.org\/es\/preguntas-de-recuperacion-para-padres-cada-cerebro-cuenta\/\"><img loading=\"lazy\" decoding=\"async\" width=\"1024\" height=\"683\" src=\"https:\/\/everybrainmatters.org\/wp-content\/uploads\/Recovrey-Questions-for-families-1024x683.png\" alt=\"\" class=\"wp-image-53797\" srcset=\"https:\/\/everybrainmatters.org\/wp-content\/uploads\/Recovrey-Questions-for-families-1024x683.png 1024w, https:\/\/everybrainmatters.org\/wp-content\/uploads\/Recovrey-Questions-for-families-300x200.png 300w, https:\/\/everybrainmatters.org\/wp-content\/uploads\/Recovrey-Questions-for-families-768x512.png 768w, https:\/\/everybrainmatters.org\/wp-content\/uploads\/Recovrey-Questions-for-families.png 1536w\" sizes=\"auto, (max-width: 1024px) 100vw, 1024px\" \/><\/a><\/figure>\n<\/div>\n\n\n\n<div class=\"wp-block-column is-layout-flow wp-block-column-is-layout-flow\">\n<figure class=\"wp-block-image size-full is-style-editorskit-shadow\"><a href=\"https:\/\/mar-anon.com\/\"><img loading=\"lazy\" decoding=\"async\" width=\"1536\" height=\"1024\" src=\"https:\/\/everybrainmatters.org\/wp-content\/uploads\/MarAnon.png\" alt=\"\" class=\"wp-image-53888\" srcset=\"https:\/\/everybrainmatters.org\/wp-content\/uploads\/MarAnon.png 1536w, https:\/\/everybrainmatters.org\/wp-content\/uploads\/MarAnon-300x200.png 300w, https:\/\/everybrainmatters.org\/wp-content\/uploads\/MarAnon-1024x683.png 1024w, https:\/\/everybrainmatters.org\/wp-content\/uploads\/MarAnon-768x512.png 768w, https:\/\/everybrainmatters.org\/wp-content\/uploads\/MarAnon-600x400.png 600w\" sizes=\"auto, (max-width: 1536px) 100vw, 1536px\" \/><\/a><\/figure>\n<\/div>\n<\/div>\n\n<hr class=\"wp-block-separator has-alpha-channel-opacity\"\/>\n<div class=\"wp-block-image is-style-editorskit-shadow\">\n<figure class=\"aligncenter size-large is-resized\"><a href=\"https:\/\/www.facebook.com\/groups\/thcdrugharmprayergroup\"><img loading=\"lazy\" decoding=\"async\" width=\"1024\" height=\"683\" src=\"https:\/\/everybrainmatters.org\/wp-content\/uploads\/EBM-Prayer-Group-1024x683.png\" alt=\"\" class=\"wp-image-53838\" style=\"width:552px;height:auto\" srcset=\"https:\/\/everybrainmatters.org\/wp-content\/uploads\/EBM-Prayer-Group-1024x683.png 1024w, https:\/\/everybrainmatters.org\/wp-content\/uploads\/EBM-Prayer-Group-300x200.png 300w, https:\/\/everybrainmatters.org\/wp-content\/uploads\/EBM-Prayer-Group-768x512.png 768w, https:\/\/everybrainmatters.org\/wp-content\/uploads\/EBM-Prayer-Group-600x400.png 600w, https:\/\/everybrainmatters.org\/wp-content\/uploads\/EBM-Prayer-Group.png 1536w\" sizes=\"auto, (max-width: 1024px) 100vw, 1024px\" \/><\/a><\/figure><\/div>\n<hr class=\"wp-block-separator has-css-opacity is-style-wide\"\/>\n\n<p><\/p>\n","protected":false},"excerpt":{"rendered":"<p>Entendemos que muchas familias se sienten aisladas en un mundo en el que el consumo de marihuana est\u00e1 cada vez&#8230;<\/p>\n","protected":false},"author":11,"featured_media":53911,"parent":0,"menu_order":0,"comment_status":"closed","ping_status":"closed","template":"","meta":{"_acf_changed":false,"_editorskit_title_hidden":false,"_editorskit_reading_time":0,"_editorskit_is_block_options_detached":false,"_editorskit_block_options_position":"{}","footnotes":""},"class_list":["post-47141","page","type-page","status-publish","has-post-thumbnail","hentry"],"acf":[],"yoast_head":"<!-- This site is optimized with the Yoast SEO plugin v26.1.1 - https:\/\/yoast.com\/wordpress\/plugins\/seo\/ -->\n<title>Recuperaci\u00f3n familiar de los da\u00f1os de la marihuana - Every Brain Matters<\/title>\n<meta name=\"robots\" content=\"index, follow, max-snippet:-1, max-image-preview:large, max-video-preview:-1\" \/>\n<link rel=\"canonical\" href=\"https:\/\/everybrainmatters.org\/es\/cada-cerebro-importa-la-recuperacion-familiar-de-los-danos-de-la-marihuana\/\" \/>\n<meta property=\"og:locale\" content=\"es_ES\" \/>\n<meta property=\"og:type\" content=\"article\" \/>\n<meta property=\"og:title\" content=\"Recuperaci\u00f3n familiar de los da\u00f1os de la marihuana - Every Brain Matters\" \/>\n<meta property=\"og:description\" content=\"Entendemos que muchas familias se sienten aisladas en un mundo en el que el consumo de marihuana est\u00e1 cada vez...\" \/>\n<meta property=\"og:url\" content=\"https:\/\/everybrainmatters.org\/es\/cada-cerebro-importa-la-recuperacion-familiar-de-los-danos-de-la-marihuana\/\" \/>\n<meta property=\"og:site_name\" content=\"Every Brain Matters\" \/>\n<meta property=\"article:modified_time\" content=\"2026-02-20T03:19:09+00:00\" \/>\n<meta property=\"og:image\" content=\"https:\/\/everybrainmatters.org\/wp-content\/uploads\/Family-Recovery-Resources-1.png\" \/>\n\t<meta property=\"og:image:width\" content=\"1536\" \/>\n\t<meta property=\"og:image:height\" content=\"1024\" \/>\n\t<meta property=\"og:image:type\" content=\"image\/png\" \/>\n<meta name=\"twitter:card\" content=\"summary_large_image\" \/>\n<meta name=\"twitter:label1\" content=\"Est. reading time\" \/>\n\t<meta name=\"twitter:data1\" content=\"1 minuto\" \/>\n<script type=\"application\/ld+json\" class=\"yoast-schema-graph\">{\"@context\":\"https:\/\/schema.org\",\"@graph\":[{\"@type\":\"WebPage\",\"@id\":\"https:\/\/everybrainmatters.org\/es\/cada-cerebro-importa-la-recuperacion-familiar-de-los-danos-de-la-marihuana\/\",\"url\":\"https:\/\/everybrainmatters.org\/es\/cada-cerebro-importa-la-recuperacion-familiar-de-los-danos-de-la-marihuana\/\",\"name\":\"Recuperaci\u00f3n familiar de los da\u00f1os de la marihuana - Every Brain Matters\",\"isPartOf\":{\"@id\":\"https:\/\/everybrainmatters.org\/es\/#website\"},\"primaryImageOfPage\":{\"@id\":\"https:\/\/everybrainmatters.org\/es\/cada-cerebro-importa-la-recuperacion-familiar-de-los-danos-de-la-marihuana\/#primaryimage\"},\"image\":{\"@id\":\"https:\/\/everybrainmatters.org\/es\/cada-cerebro-importa-la-recuperacion-familiar-de-los-danos-de-la-marihuana\/#primaryimage\"},\"thumbnailUrl\":\"https:\/\/everybrainmatters.org\/wp-content\/uploads\/Family-Recovery-Resources-1.png\",\"datePublished\":\"2021-08-22T19:24:19+00:00\",\"dateModified\":\"2026-02-20T03:19:09+00:00\",\"breadcrumb\":{\"@id\":\"https:\/\/everybrainmatters.org\/es\/cada-cerebro-importa-la-recuperacion-familiar-de-los-danos-de-la-marihuana\/#breadcrumb\"},\"inLanguage\":\"es-ES\",\"potentialAction\":[{\"@type\":\"ReadAction\",\"target\":[\"https:\/\/everybrainmatters.org\/es\/cada-cerebro-importa-la-recuperacion-familiar-de-los-danos-de-la-marihuana\/\"]}]},{\"@type\":\"ImageObject\",\"inLanguage\":\"es-ES\",\"@id\":\"https:\/\/everybrainmatters.org\/es\/cada-cerebro-importa-la-recuperacion-familiar-de-los-danos-de-la-marihuana\/#primaryimage\",\"url\":\"https:\/\/everybrainmatters.org\/wp-content\/uploads\/Family-Recovery-Resources-1.png\",\"contentUrl\":\"https:\/\/everybrainmatters.org\/wp-content\/uploads\/Family-Recovery-Resources-1.png\",\"width\":1536,\"height\":1024},{\"@type\":\"BreadcrumbList\",\"@id\":\"https:\/\/everybrainmatters.org\/es\/cada-cerebro-importa-la-recuperacion-familiar-de-los-danos-de-la-marihuana\/#breadcrumb\",\"itemListElement\":[{\"@type\":\"ListItem\",\"position\":1,\"name\":\"Home\",\"item\":\"https:\/\/everybrainmatters.org\/es\/\"},{\"@type\":\"ListItem\",\"position\":2,\"name\":\"Recuperaci\u00f3n familiar de los da\u00f1os de la marihuana\"}]},{\"@type\":\"WebSite\",\"@id\":\"https:\/\/everybrainmatters.org\/es\/#website\",\"url\":\"https:\/\/everybrainmatters.org\/es\/\",\"name\":\"Every Brain Matters\",\"description\":\"\",\"publisher\":{\"@id\":\"https:\/\/everybrainmatters.org\/es\/#organization\"},\"potentialAction\":[{\"@type\":\"SearchAction\",\"target\":{\"@type\":\"EntryPoint\",\"urlTemplate\":\"https:\/\/everybrainmatters.org\/es\/?s={search_term_string}\"},\"query-input\":{\"@type\":\"PropertyValueSpecification\",\"valueRequired\":true,\"valueName\":\"search_term_string\"}}],\"inLanguage\":\"es-ES\"},{\"@type\":\"Organization\",\"@id\":\"https:\/\/everybrainmatters.org\/es\/#organization\",\"name\":\"Every Brain Matters\",\"url\":\"https:\/\/everybrainmatters.org\/es\/\",\"logo\":{\"@type\":\"ImageObject\",\"inLanguage\":\"es-ES\",\"@id\":\"https:\/\/everybrainmatters.org\/es\/#\/schema\/logo\/image\/\",\"url\":\"https:\/\/everybrainmatters.org\/wp-content\/uploads\/AllBrains_3.jpg\",\"contentUrl\":\"https:\/\/everybrainmatters.org\/wp-content\/uploads\/AllBrains_3.jpg\",\"width\":1000,\"height\":1087,\"caption\":\"Every Brain Matters\"},\"image\":{\"@id\":\"https:\/\/everybrainmatters.org\/es\/#\/schema\/logo\/image\/\"}}]}<\/script>\n<!-- \/ Yoast SEO plugin. -->","yoast_head_json":{"title":"Recuperaci\u00f3n familiar de los da\u00f1os de la marihuana - Every Brain Matters","robots":{"index":"index","follow":"follow","max-snippet":"max-snippet:-1","max-image-preview":"max-image-preview:large","max-video-preview":"max-video-preview:-1"},"canonical":"https:\/\/everybrainmatters.org\/es\/cada-cerebro-importa-la-recuperacion-familiar-de-los-danos-de-la-marihuana\/","og_locale":"es_ES","og_type":"article","og_title":"Recuperaci\u00f3n familiar de los da\u00f1os de la marihuana - Every Brain Matters","og_description":"Entendemos que muchas familias se sienten aisladas en un mundo en el que el consumo de marihuana est\u00e1 cada vez...","og_url":"https:\/\/everybrainmatters.org\/es\/cada-cerebro-importa-la-recuperacion-familiar-de-los-danos-de-la-marihuana\/","og_site_name":"Every Brain Matters","article_modified_time":"2026-02-20T03:19:09+00:00","og_image":[{"width":1536,"height":1024,"url":"https:\/\/everybrainmatters.org\/wp-content\/uploads\/Family-Recovery-Resources-1.png","type":"image\/png"}],"twitter_card":"summary_large_image","twitter_misc":{"Est. reading time":"1 minuto"},"schema":{"@context":"https:\/\/schema.org","@graph":[{"@type":"WebPage","@id":"https:\/\/everybrainmatters.org\/es\/cada-cerebro-importa-la-recuperacion-familiar-de-los-danos-de-la-marihuana\/","url":"https:\/\/everybrainmatters.org\/es\/cada-cerebro-importa-la-recuperacion-familiar-de-los-danos-de-la-marihuana\/","name":"Recuperaci\u00f3n familiar de los da\u00f1os de la marihuana - Every Brain Matters","isPartOf":{"@id":"https:\/\/everybrainmatters.org\/es\/#website"},"primaryImageOfPage":{"@id":"https:\/\/everybrainmatters.org\/es\/cada-cerebro-importa-la-recuperacion-familiar-de-los-danos-de-la-marihuana\/#primaryimage"},"image":{"@id":"https:\/\/everybrainmatters.org\/es\/cada-cerebro-importa-la-recuperacion-familiar-de-los-danos-de-la-marihuana\/#primaryimage"},"thumbnailUrl":"https:\/\/everybrainmatters.org\/wp-content\/uploads\/Family-Recovery-Resources-1.png","datePublished":"2021-08-22T19:24:19+00:00","dateModified":"2026-02-20T03:19:09+00:00","breadcrumb":{"@id":"https:\/\/everybrainmatters.org\/es\/cada-cerebro-importa-la-recuperacion-familiar-de-los-danos-de-la-marihuana\/#breadcrumb"},"inLanguage":"es-ES","potentialAction":[{"@type":"ReadAction","target":["https:\/\/everybrainmatters.org\/es\/cada-cerebro-importa-la-recuperacion-familiar-de-los-danos-de-la-marihuana\/"]}]},{"@type":"ImageObject","inLanguage":"es-ES","@id":"https:\/\/everybrainmatters.org\/es\/cada-cerebro-importa-la-recuperacion-familiar-de-los-danos-de-la-marihuana\/#primaryimage","url":"https:\/\/everybrainmatters.org\/wp-content\/uploads\/Family-Recovery-Resources-1.png","contentUrl":"https:\/\/everybrainmatters.org\/wp-content\/uploads\/Family-Recovery-Resources-1.png","width":1536,"height":1024},{"@type":"BreadcrumbList","@id":"https:\/\/everybrainmatters.org\/es\/cada-cerebro-importa-la-recuperacion-familiar-de-los-danos-de-la-marihuana\/#breadcrumb","itemListElement":[{"@type":"ListItem","position":1,"name":"Home","item":"https:\/\/everybrainmatters.org\/es\/"},{"@type":"ListItem","position":2,"name":"Recuperaci\u00f3n familiar de los da\u00f1os de la marihuana"}]},{"@type":"WebSite","@id":"https:\/\/everybrainmatters.org\/es\/#website","url":"https:\/\/everybrainmatters.org\/es\/","name":"Every Brain Matters","description":"","publisher":{"@id":"https:\/\/everybrainmatters.org\/es\/#organization"},"potentialAction":[{"@type":"SearchAction","target":{"@type":"EntryPoint","urlTemplate":"https:\/\/everybrainmatters.org\/es\/?s={search_term_string}"},"query-input":{"@type":"PropertyValueSpecification","valueRequired":true,"valueName":"search_term_string"}}],"inLanguage":"es-ES"},{"@type":"Organization","@id":"https:\/\/everybrainmatters.org\/es\/#organization","name":"Every Brain Matters","url":"https:\/\/everybrainmatters.org\/es\/","logo":{"@type":"ImageObject","inLanguage":"es-ES","@id":"https:\/\/everybrainmatters.org\/es\/#\/schema\/logo\/image\/","url":"https:\/\/everybrainmatters.org\/wp-content\/uploads\/AllBrains_3.jpg","contentUrl":"https:\/\/everybrainmatters.org\/wp-content\/uploads\/AllBrains_3.jpg","width":1000,"height":1087,"caption":"Every Brain Matters"},"image":{"@id":"https:\/\/everybrainmatters.org\/es\/#\/schema\/logo\/image\/"}}]}},"_links":{"self":[{"href":"https:\/\/everybrainmatters.org\/es\/wp-json\/wp\/v2\/pages\/47141","targetHints":{"allow":["GET"]}}],"collection":[{"href":"https:\/\/everybrainmatters.org\/es\/wp-json\/wp\/v2\/pages"}],"about":[{"href":"https:\/\/everybrainmatters.org\/es\/wp-json\/wp\/v2\/types\/page"}],"author":[{"embeddable":true,"href":"https:\/\/everybrainmatters.org\/es\/wp-json\/wp\/v2\/users\/11"}],"replies":[{"embeddable":true,"href":"https:\/\/everybrainmatters.org\/es\/wp-json\/wp\/v2\/comments?post=47141"}],"version-history":[{"count":5,"href":"https:\/\/everybrainmatters.org\/es\/wp-json\/wp\/v2\/pages\/47141\/revisions"}],"predecessor-version":[{"id":54524,"href":"https:\/\/everybrainmatters.org\/es\/wp-json\/wp\/v2\/pages\/47141\/revisions\/54524"}],"wp:featuredmedia":[{"embeddable":true,"href":"https:\/\/everybrainmatters.org\/es\/wp-json\/wp\/v2\/media\/53911"}],"wp:attachment":[{"href":"https:\/\/everybrainmatters.org\/es\/wp-json\/wp\/v2\/media?parent=47141"}],"curies":[{"name":"wp","href":"https:\/\/api.w.org\/{rel}","templated":true}]}}