{"id":47211,"date":"2021-07-22T20:30:12","date_gmt":"2021-07-23T01:30:12","guid":{"rendered":"https:\/\/everybrainmatters.org\/defectos-congenitos-con-la-marihuana\/"},"modified":"2025-10-21T09:10:55","modified_gmt":"2025-10-21T14:10:55","slug":"defectos-congenitos-con-la-marihuana","status":"publish","type":"page","link":"https:\/\/everybrainmatters.org\/es\/defectos-congenitos-con-la-marihuana\/","title":{"rendered":"Defectos cong\u00e9nitos con la marihuana"},"content":{"rendered":"\n<ul class=\"wp-block-list\" style=\"font-size:17px\">\n<li><a href=\"https:\/\/www.sciencedirect.com\/science\/article\/pii\/S0376871622004653?via%3Dihub\" target=\"_blank\" rel=\"noreferrer noopener\">Trastorno prenatal por consumo de cannabis y hospitalizaci\u00f3n y muerte del lactante en el primer a\u00f1o de vida<\/a>, 2023, 1 de enero<\/li>\n\n\n\n<li><a href=\"https:\/\/jamanetwork.com\/journals\/jamanetworkopen\/fullarticle\/2788451\" class=\"ek-link\">Resultados del nacimiento de neonatos expuestos a la marihuana in utero<\/a> 2022, 27 de enero<\/li>\n\n\n\n<li><a href=\"https:\/\/www.nature.com\/articles\/s41598-021-93411-5#article-info\" class=\"ek-link\">Panorama epidemiol\u00f3gico de la toxicidad multidimensional cromos\u00f3mica y gen\u00f3mica de la exposici\u00f3n al cannabis en las anomal\u00edas cong\u00e9nitas y el desarrollo del c\u00e1ncer<\/a>, 2021, 6 de julio<\/li>\n<\/ul>\n\n<p><\/p>\n\n<hr class=\"wp-block-separator has-css-opacity\"\/>\n\n<div class=\"wp-block-columns is-layout-flex wp-container-core-columns-is-layout-9d6595d7 wp-block-columns-is-layout-flex\">\n<div class=\"wp-block-column is-layout-flow wp-block-column-is-layout-flow\">\n<p style=\"font-size:16px\"><a href=\"https:\/\/jamanetwork.com\/journals\/jamanetworkopen\/fullarticle\/2788451\" class=\"ek-link\">Resultados del nacimiento de neonatos expuestos a la marihuana in utero<\/a> <br\/>Greg Marchand, MD, Ahmed Taher Masoud, MD; Malini Govindan, MD, 2022, 27 de enero<\/p>\n\n\n\n<p style=\"font-size:16px\">Entre 16 estudios que inclu\u00edan a 59 138 pacientes, hubo aumentos significativos de 7 resultados neonatales adversos entre las mujeres que estuvieron expuestas a la marihuana durante el embarazo frente a las que no estuvieron expuestas durante el embarazo.<br\/>Este estudio descubri\u00f3 que las mujeres expuestas a la marihuana durante el embarazo ten\u00edan un riesgo significativamente mayor de algunos resultados neonatales adversos. Estos resultados sugieren que aumentar la concienciaci\u00f3n sobre estos riesgos puede estar asociado a una mejora de los resultados. <br\/><\/p>\n\n\n\n<p> <\/p>\n<\/div>\n\n\n\n<div class=\"wp-block-column is-layout-flow wp-block-column-is-layout-flow\">\n<p style=\"font-size:16px\"><a href=\"https:\/\/www.nature.com\/articles\/s41598-021-93411-5#article-info\" class=\"ek-link\">Panorama epidemiol\u00f3gico de la toxicidad cromos\u00f3mica y gen\u00f3mica multidimensional de la exposici\u00f3n al cannabis en las anomal\u00edas cong\u00e9nitas y el desarrollo del c\u00e1ncer<\/a><br\/>Albert Stuart Reece &amp; Gary Kenneth Hulse, 2021, 6 de julio<\/p>\n\n\n\n<p style=\"font-size:16px\">El cannabis y los cannabinoides est\u00e1n implicados en m\u00faltiples mecanismos genot\u00f3xicos, epigenot\u00f3xicos y t\u00f3xicos para los cromosomas, e interact\u00faan con varias v\u00edas morfog\u00e9nicas, lo que probablemente respalda los informes anteriores sobre los v\u00ednculos entre el cannabis y las anomal\u00edas cong\u00e9nitas y los tumores hereditarios.<\/p>\n\n\n\n<p style=\"font-size:16px\">  Demostramos que la exposici\u00f3n al cannabis, al cannabigerol THC y al cannabicromeno cumple criterios causales hacia los primeros Componentes Principales tanto de: (A) el s\u00edndrome de Down, las trisom\u00edas 18 y 13, el s\u00edndrome de Turner, la deleci\u00f3n 22q11.2, y (B) c\u00e1nceres de tiroides, h\u00edgado, mama y p\u00e1ncreas y leucemia mieloide aguda, tienen en su mayor\u00eda tama\u00f1os del efecto de medianos a grandes, son robustos al ajuste por etnia, otras drogas e ingresos en modelos inversos ponderados por probabilidad, muestran efectos no lineales prominentes, tienen 55\/56 Valores-e &gt; 1,25, y se ven exacerbados por la liberalizaci\u00f3n del cannabis (P = 9,67 \u00d7 <sup>10-43<\/sup>, 2,66 \u00d7 <sup>10-15<\/sup>)&#8230;.  <\/p>\n<\/div>\n<\/div>\n","protected":false},"excerpt":{"rendered":"<p>Resultados del nacimiento de neonatos expuestos a la marihuana in utero Greg Marchand, MD, Ahmed Taher Masoud, MD; Malini Govindan,&#8230;<\/p>\n","protected":false},"author":11,"featured_media":0,"parent":0,"menu_order":0,"comment_status":"closed","ping_status":"closed","template":"","meta":{"_acf_changed":false,"_editorskit_title_hidden":false,"_editorskit_reading_time":0,"_editorskit_is_block_options_detached":false,"_editorskit_block_options_position":"{}","footnotes":""},"class_list":["post-47211","page","type-page","status-publish","hentry"],"acf":[],"yoast_head":"<!-- This site is optimized with the Yoast SEO plugin v26.1.1 - https:\/\/yoast.com\/wordpress\/plugins\/seo\/ -->\n<title>Defectos cong\u00e9nitos con la marihuana - Every Brain Matters<\/title>\n<meta name=\"robots\" content=\"index, follow, max-snippet:-1, max-image-preview:large, max-video-preview:-1\" \/>\n<link rel=\"canonical\" href=\"https:\/\/everybrainmatters.org\/es\/defectos-congenitos-con-la-marihuana\/\" \/>\n<meta property=\"og:locale\" content=\"es_ES\" \/>\n<meta property=\"og:type\" content=\"article\" \/>\n<meta property=\"og:title\" content=\"Defectos cong\u00e9nitos con la marihuana - Every Brain Matters\" \/>\n<meta property=\"og:description\" content=\"Resultados del nacimiento de neonatos expuestos a la marihuana in utero Greg Marchand, MD, Ahmed Taher Masoud, MD; Malini Govindan,...\" \/>\n<meta property=\"og:url\" content=\"https:\/\/everybrainmatters.org\/es\/defectos-congenitos-con-la-marihuana\/\" \/>\n<meta property=\"og:site_name\" content=\"Every Brain Matters\" \/>\n<meta property=\"article:modified_time\" content=\"2025-10-21T14:10:55+00:00\" \/>\n<meta property=\"og:image\" content=\"https:\/\/everybrainmatters.org\/wp-content\/uploads\/AllBrains_3.jpg\" \/>\n\t<meta property=\"og:image:width\" content=\"1000\" \/>\n\t<meta property=\"og:image:height\" content=\"1087\" \/>\n\t<meta property=\"og:image:type\" content=\"image\/jpeg\" \/>\n<meta name=\"twitter:card\" content=\"summary_large_image\" \/>\n<meta name=\"twitter:label1\" content=\"Est. reading time\" \/>\n\t<meta name=\"twitter:data1\" content=\"2 minutos\" \/>\n<script type=\"application\/ld+json\" class=\"yoast-schema-graph\">{\"@context\":\"https:\/\/schema.org\",\"@graph\":[{\"@type\":\"WebPage\",\"@id\":\"https:\/\/everybrainmatters.org\/es\/defectos-congenitos-con-la-marihuana\/\",\"url\":\"https:\/\/everybrainmatters.org\/es\/defectos-congenitos-con-la-marihuana\/\",\"name\":\"Defectos cong\u00e9nitos con la marihuana - Every Brain Matters\",\"isPartOf\":{\"@id\":\"https:\/\/everybrainmatters.org\/es\/#website\"},\"datePublished\":\"2021-07-23T01:30:12+00:00\",\"dateModified\":\"2025-10-21T14:10:55+00:00\",\"breadcrumb\":{\"@id\":\"https:\/\/everybrainmatters.org\/es\/defectos-congenitos-con-la-marihuana\/#breadcrumb\"},\"inLanguage\":\"es-ES\",\"potentialAction\":[{\"@type\":\"ReadAction\",\"target\":[\"https:\/\/everybrainmatters.org\/es\/defectos-congenitos-con-la-marihuana\/\"]}]},{\"@type\":\"BreadcrumbList\",\"@id\":\"https:\/\/everybrainmatters.org\/es\/defectos-congenitos-con-la-marihuana\/#breadcrumb\",\"itemListElement\":[{\"@type\":\"ListItem\",\"position\":1,\"name\":\"Home\",\"item\":\"https:\/\/everybrainmatters.org\/es\/\"},{\"@type\":\"ListItem\",\"position\":2,\"name\":\"Defectos cong\u00e9nitos con la marihuana\"}]},{\"@type\":\"WebSite\",\"@id\":\"https:\/\/everybrainmatters.org\/es\/#website\",\"url\":\"https:\/\/everybrainmatters.org\/es\/\",\"name\":\"Every Brain Matters\",\"description\":\"\",\"publisher\":{\"@id\":\"https:\/\/everybrainmatters.org\/es\/#organization\"},\"potentialAction\":[{\"@type\":\"SearchAction\",\"target\":{\"@type\":\"EntryPoint\",\"urlTemplate\":\"https:\/\/everybrainmatters.org\/es\/?s={search_term_string}\"},\"query-input\":{\"@type\":\"PropertyValueSpecification\",\"valueRequired\":true,\"valueName\":\"search_term_string\"}}],\"inLanguage\":\"es-ES\"},{\"@type\":\"Organization\",\"@id\":\"https:\/\/everybrainmatters.org\/es\/#organization\",\"name\":\"Every Brain Matters\",\"url\":\"https:\/\/everybrainmatters.org\/es\/\",\"logo\":{\"@type\":\"ImageObject\",\"inLanguage\":\"es-ES\",\"@id\":\"https:\/\/everybrainmatters.org\/es\/#\/schema\/logo\/image\/\",\"url\":\"https:\/\/everybrainmatters.org\/wp-content\/uploads\/AllBrains_3.jpg\",\"contentUrl\":\"https:\/\/everybrainmatters.org\/wp-content\/uploads\/AllBrains_3.jpg\",\"width\":1000,\"height\":1087,\"caption\":\"Every Brain Matters\"},\"image\":{\"@id\":\"https:\/\/everybrainmatters.org\/es\/#\/schema\/logo\/image\/\"}}]}<\/script>\n<!-- \/ Yoast SEO plugin. -->","yoast_head_json":{"title":"Defectos cong\u00e9nitos con la marihuana - Every Brain Matters","robots":{"index":"index","follow":"follow","max-snippet":"max-snippet:-1","max-image-preview":"max-image-preview:large","max-video-preview":"max-video-preview:-1"},"canonical":"https:\/\/everybrainmatters.org\/es\/defectos-congenitos-con-la-marihuana\/","og_locale":"es_ES","og_type":"article","og_title":"Defectos cong\u00e9nitos con la marihuana - Every Brain Matters","og_description":"Resultados del nacimiento de neonatos expuestos a la marihuana in utero Greg Marchand, MD, Ahmed Taher Masoud, MD; Malini Govindan,...","og_url":"https:\/\/everybrainmatters.org\/es\/defectos-congenitos-con-la-marihuana\/","og_site_name":"Every Brain Matters","article_modified_time":"2025-10-21T14:10:55+00:00","og_image":[{"width":1000,"height":1087,"url":"https:\/\/everybrainmatters.org\/wp-content\/uploads\/AllBrains_3.jpg","type":"image\/jpeg"}],"twitter_card":"summary_large_image","twitter_misc":{"Est. reading time":"2 minutos"},"schema":{"@context":"https:\/\/schema.org","@graph":[{"@type":"WebPage","@id":"https:\/\/everybrainmatters.org\/es\/defectos-congenitos-con-la-marihuana\/","url":"https:\/\/everybrainmatters.org\/es\/defectos-congenitos-con-la-marihuana\/","name":"Defectos cong\u00e9nitos con la marihuana - Every Brain Matters","isPartOf":{"@id":"https:\/\/everybrainmatters.org\/es\/#website"},"datePublished":"2021-07-23T01:30:12+00:00","dateModified":"2025-10-21T14:10:55+00:00","breadcrumb":{"@id":"https:\/\/everybrainmatters.org\/es\/defectos-congenitos-con-la-marihuana\/#breadcrumb"},"inLanguage":"es-ES","potentialAction":[{"@type":"ReadAction","target":["https:\/\/everybrainmatters.org\/es\/defectos-congenitos-con-la-marihuana\/"]}]},{"@type":"BreadcrumbList","@id":"https:\/\/everybrainmatters.org\/es\/defectos-congenitos-con-la-marihuana\/#breadcrumb","itemListElement":[{"@type":"ListItem","position":1,"name":"Home","item":"https:\/\/everybrainmatters.org\/es\/"},{"@type":"ListItem","position":2,"name":"Defectos cong\u00e9nitos con la marihuana"}]},{"@type":"WebSite","@id":"https:\/\/everybrainmatters.org\/es\/#website","url":"https:\/\/everybrainmatters.org\/es\/","name":"Every Brain Matters","description":"","publisher":{"@id":"https:\/\/everybrainmatters.org\/es\/#organization"},"potentialAction":[{"@type":"SearchAction","target":{"@type":"EntryPoint","urlTemplate":"https:\/\/everybrainmatters.org\/es\/?s={search_term_string}"},"query-input":{"@type":"PropertyValueSpecification","valueRequired":true,"valueName":"search_term_string"}}],"inLanguage":"es-ES"},{"@type":"Organization","@id":"https:\/\/everybrainmatters.org\/es\/#organization","name":"Every Brain Matters","url":"https:\/\/everybrainmatters.org\/es\/","logo":{"@type":"ImageObject","inLanguage":"es-ES","@id":"https:\/\/everybrainmatters.org\/es\/#\/schema\/logo\/image\/","url":"https:\/\/everybrainmatters.org\/wp-content\/uploads\/AllBrains_3.jpg","contentUrl":"https:\/\/everybrainmatters.org\/wp-content\/uploads\/AllBrains_3.jpg","width":1000,"height":1087,"caption":"Every Brain Matters"},"image":{"@id":"https:\/\/everybrainmatters.org\/es\/#\/schema\/logo\/image\/"}}]}},"_links":{"self":[{"href":"https:\/\/everybrainmatters.org\/es\/wp-json\/wp\/v2\/pages\/47211","targetHints":{"allow":["GET"]}}],"collection":[{"href":"https:\/\/everybrainmatters.org\/es\/wp-json\/wp\/v2\/pages"}],"about":[{"href":"https:\/\/everybrainmatters.org\/es\/wp-json\/wp\/v2\/types\/page"}],"author":[{"embeddable":true,"href":"https:\/\/everybrainmatters.org\/es\/wp-json\/wp\/v2\/users\/11"}],"replies":[{"embeddable":true,"href":"https:\/\/everybrainmatters.org\/es\/wp-json\/wp\/v2\/comments?post=47211"}],"version-history":[{"count":0,"href":"https:\/\/everybrainmatters.org\/es\/wp-json\/wp\/v2\/pages\/47211\/revisions"}],"wp:attachment":[{"href":"https:\/\/everybrainmatters.org\/es\/wp-json\/wp\/v2\/media?parent=47211"}],"curies":[{"name":"wp","href":"https:\/\/api.w.org\/{rel}","templated":true}]}}