{"id":54417,"date":"2026-02-19T12:06:30","date_gmt":"2026-02-19T18:06:30","guid":{"rendered":"https:\/\/everybrainmatters.org\/recursos-y-apoyo-para-los-defensores-de-los-perjudicados-por-la-marihuana\/"},"modified":"2026-02-19T12:07:08","modified_gmt":"2026-02-19T18:07:08","slug":"recursos-y-apoyo-para-los-defensores-de-los-perjudicados-por-la-marihuana","status":"publish","type":"page","link":"https:\/\/everybrainmatters.org\/es\/recursos-y-apoyo-para-los-defensores-de-los-perjudicados-por-la-marihuana\/","title":{"rendered":"Recursos y apoyo para los defensores de los perjudicados por la marihuana"},"content":{"rendered":"\n<p>Si la marihuana ha afectado a tu hijo, a tu familia o a tu comunidad, no est\u00e1s solo, y tu voz importa. Muchas familias soportan un profundo dolor en silencio, sin saber a qui\u00e9n acudir o c\u00f3mo hablar de lo que han vivido. Esta p\u00e1gina est\u00e1 aqu\u00ed para apoyarte con compasi\u00f3n, claridad y herramientas pr\u00e1cticas. Te proporcionamos recursos para que compartas tu historia con seguridad, hables en p\u00fablico con confianza, act\u00faes eficazmente en tu comunidad y superes el desgaste emocional que a menudo conlleva el trabajo de defensa. Tu experiencia tiene poder. Al dar un paso adelante, ayudas a proteger a otras familias, a concienciar sobre los da\u00f1os reales y a crear un cambio significativo. Estamos aqu\u00ed para acompa\u00f1arte -con \u00e1nimo, preparaci\u00f3n y apoyo inquebrantable- mientras conviertes tu dolor en prop\u00f3sito.      <\/p>\n\n<p>Te dotamos de herramientas para que compartas tu historia, hables en p\u00fablico, defiendas eficazmente y superes el desgaste emocional que puede conllevar el trabajo de defensa.<\/p>\n\n<figure class=\"wp-block-image size-large\"><a href=\"https:\/\/everybrainmatters.org\/es\/2026\/02\/10\/marihuana-desinformacion-y-el-coste-de-hablar-claro\/\"><img loading=\"lazy\" decoding=\"async\" width=\"1024\" height=\"683\" src=\"https:\/\/everybrainmatters.org\/wp-content\/uploads\/Marijuana-Misinformation-and-the-Costs-of-Speaking-Up-1024x683.png\" alt=\"\" class=\"wp-image-53546\" srcset=\"https:\/\/everybrainmatters.org\/wp-content\/uploads\/Marijuana-Misinformation-and-the-Costs-of-Speaking-Up-1024x683.png 1024w, https:\/\/everybrainmatters.org\/wp-content\/uploads\/Marijuana-Misinformation-and-the-Costs-of-Speaking-Up-300x200.png 300w, https:\/\/everybrainmatters.org\/wp-content\/uploads\/Marijuana-Misinformation-and-the-Costs-of-Speaking-Up-768x512.png 768w, https:\/\/everybrainmatters.org\/wp-content\/uploads\/Marijuana-Misinformation-and-the-Costs-of-Speaking-Up-600x400.png 600w, https:\/\/everybrainmatters.org\/wp-content\/uploads\/Marijuana-Misinformation-and-the-Costs-of-Speaking-Up.png 1536w\" sizes=\"auto, (max-width: 1024px) 100vw, 1024px\" \/><\/a><\/figure>\n\n<figure class=\"wp-block-image size-large\"><a href=\"https:\/\/everybrainmatters.org\/es\/2025\/05\/07\/como-afrontar-las-resacas-de-vulnerabilidad-despues-de-compartir-la-historia-de-su-hijo\/\"><img loading=\"lazy\" decoding=\"async\" width=\"1024\" height=\"683\" src=\"https:\/\/everybrainmatters.org\/wp-content\/uploads\/Navigating-Vulnerability-hangovers-1024x683.png\" alt=\"\" class=\"wp-image-54391\" srcset=\"https:\/\/everybrainmatters.org\/wp-content\/uploads\/Navigating-Vulnerability-hangovers-1024x683.png 1024w, https:\/\/everybrainmatters.org\/wp-content\/uploads\/Navigating-Vulnerability-hangovers-300x200.png 300w, https:\/\/everybrainmatters.org\/wp-content\/uploads\/Navigating-Vulnerability-hangovers-768x512.png 768w, https:\/\/everybrainmatters.org\/wp-content\/uploads\/Navigating-Vulnerability-hangovers-600x400.png 600w, https:\/\/everybrainmatters.org\/wp-content\/uploads\/Navigating-Vulnerability-hangovers.png 1536w\" sizes=\"auto, (max-width: 1024px) 100vw, 1024px\" \/><\/a><\/figure>\n","protected":false},"excerpt":{"rendered":"<p>Si la marihuana ha afectado a tu hijo, a tu familia o a tu comunidad, no est\u00e1s solo, y tu&#8230;<\/p>\n","protected":false},"author":11,"featured_media":54428,"parent":0,"menu_order":0,"comment_status":"closed","ping_status":"closed","template":"","meta":{"_acf_changed":false,"_editorskit_title_hidden":false,"_editorskit_reading_time":0,"_editorskit_is_block_options_detached":false,"_editorskit_block_options_position":"{}","footnotes":""},"class_list":["post-54417","page","type-page","status-publish","has-post-thumbnail","hentry"],"acf":[],"yoast_head":"<!-- This site is optimized with the Yoast SEO plugin v26.1.1 - https:\/\/yoast.com\/wordpress\/plugins\/seo\/ -->\n<title>Recursos y apoyo para los defensores de los perjudicados por la marihuana - Every Brain Matters<\/title>\n<meta name=\"robots\" content=\"index, follow, max-snippet:-1, max-image-preview:large, max-video-preview:-1\" \/>\n<link rel=\"canonical\" href=\"https:\/\/everybrainmatters.org\/es\/recursos-y-apoyo-para-los-defensores-de-los-perjudicados-por-la-marihuana\/\" \/>\n<meta property=\"og:locale\" content=\"es_ES\" \/>\n<meta property=\"og:type\" content=\"article\" \/>\n<meta property=\"og:title\" content=\"Recursos y apoyo para los defensores de los perjudicados por la marihuana - Every Brain Matters\" \/>\n<meta property=\"og:description\" content=\"Si la marihuana ha afectado a tu hijo, a tu familia o a tu comunidad, no est\u00e1s solo, y tu...\" \/>\n<meta property=\"og:url\" content=\"https:\/\/everybrainmatters.org\/es\/recursos-y-apoyo-para-los-defensores-de-los-perjudicados-por-la-marihuana\/\" \/>\n<meta property=\"og:site_name\" content=\"Every Brain Matters\" \/>\n<meta property=\"article:modified_time\" content=\"2026-02-19T18:07:08+00:00\" \/>\n<meta property=\"og:image\" content=\"https:\/\/everybrainmatters.org\/wp-content\/uploads\/Marijuana-Misinformation-and-the-Costs-of-Speaking-Up-1024x683.png\" \/>\n\t<meta property=\"og:image:width\" content=\"1024\" \/>\n\t<meta property=\"og:image:height\" content=\"683\" \/>\n\t<meta property=\"og:image:type\" content=\"image\/png\" \/>\n<meta name=\"twitter:card\" content=\"summary_large_image\" \/>\n<meta name=\"twitter:label1\" content=\"Est. reading time\" \/>\n\t<meta name=\"twitter:data1\" content=\"1 minuto\" \/>\n<script type=\"application\/ld+json\" class=\"yoast-schema-graph\">{\"@context\":\"https:\/\/schema.org\",\"@graph\":[{\"@type\":\"WebPage\",\"@id\":\"https:\/\/everybrainmatters.org\/es\/recursos-y-apoyo-para-los-defensores-de-los-perjudicados-por-la-marihuana\/\",\"url\":\"https:\/\/everybrainmatters.org\/es\/recursos-y-apoyo-para-los-defensores-de-los-perjudicados-por-la-marihuana\/\",\"name\":\"Recursos y apoyo para los defensores de los perjudicados por la marihuana - Every Brain Matters\",\"isPartOf\":{\"@id\":\"https:\/\/everybrainmatters.org\/es\/#website\"},\"primaryImageOfPage\":{\"@id\":\"https:\/\/everybrainmatters.org\/es\/recursos-y-apoyo-para-los-defensores-de-los-perjudicados-por-la-marihuana\/#primaryimage\"},\"image\":{\"@id\":\"https:\/\/everybrainmatters.org\/es\/recursos-y-apoyo-para-los-defensores-de-los-perjudicados-por-la-marihuana\/#primaryimage\"},\"thumbnailUrl\":\"https:\/\/everybrainmatters.org\/wp-content\/uploads\/Family-advocate-support.png\",\"datePublished\":\"2026-02-19T18:06:30+00:00\",\"dateModified\":\"2026-02-19T18:07:08+00:00\",\"breadcrumb\":{\"@id\":\"https:\/\/everybrainmatters.org\/es\/recursos-y-apoyo-para-los-defensores-de-los-perjudicados-por-la-marihuana\/#breadcrumb\"},\"inLanguage\":\"es-ES\",\"potentialAction\":[{\"@type\":\"ReadAction\",\"target\":[\"https:\/\/everybrainmatters.org\/es\/recursos-y-apoyo-para-los-defensores-de-los-perjudicados-por-la-marihuana\/\"]}]},{\"@type\":\"ImageObject\",\"inLanguage\":\"es-ES\",\"@id\":\"https:\/\/everybrainmatters.org\/es\/recursos-y-apoyo-para-los-defensores-de-los-perjudicados-por-la-marihuana\/#primaryimage\",\"url\":\"https:\/\/everybrainmatters.org\/wp-content\/uploads\/Family-advocate-support.png\",\"contentUrl\":\"https:\/\/everybrainmatters.org\/wp-content\/uploads\/Family-advocate-support.png\",\"width\":1536,\"height\":1024},{\"@type\":\"BreadcrumbList\",\"@id\":\"https:\/\/everybrainmatters.org\/es\/recursos-y-apoyo-para-los-defensores-de-los-perjudicados-por-la-marihuana\/#breadcrumb\",\"itemListElement\":[{\"@type\":\"ListItem\",\"position\":1,\"name\":\"Home\",\"item\":\"https:\/\/everybrainmatters.org\/es\/\"},{\"@type\":\"ListItem\",\"position\":2,\"name\":\"Recursos y apoyo para los defensores de los perjudicados por la marihuana\"}]},{\"@type\":\"WebSite\",\"@id\":\"https:\/\/everybrainmatters.org\/es\/#website\",\"url\":\"https:\/\/everybrainmatters.org\/es\/\",\"name\":\"Every Brain Matters\",\"description\":\"\",\"publisher\":{\"@id\":\"https:\/\/everybrainmatters.org\/es\/#organization\"},\"potentialAction\":[{\"@type\":\"SearchAction\",\"target\":{\"@type\":\"EntryPoint\",\"urlTemplate\":\"https:\/\/everybrainmatters.org\/es\/?s={search_term_string}\"},\"query-input\":{\"@type\":\"PropertyValueSpecification\",\"valueRequired\":true,\"valueName\":\"search_term_string\"}}],\"inLanguage\":\"es-ES\"},{\"@type\":\"Organization\",\"@id\":\"https:\/\/everybrainmatters.org\/es\/#organization\",\"name\":\"Every Brain Matters\",\"url\":\"https:\/\/everybrainmatters.org\/es\/\",\"logo\":{\"@type\":\"ImageObject\",\"inLanguage\":\"es-ES\",\"@id\":\"https:\/\/everybrainmatters.org\/es\/#\/schema\/logo\/image\/\",\"url\":\"https:\/\/everybrainmatters.org\/wp-content\/uploads\/AllBrains_3.jpg\",\"contentUrl\":\"https:\/\/everybrainmatters.org\/wp-content\/uploads\/AllBrains_3.jpg\",\"width\":1000,\"height\":1087,\"caption\":\"Every Brain Matters\"},\"image\":{\"@id\":\"https:\/\/everybrainmatters.org\/es\/#\/schema\/logo\/image\/\"}}]}<\/script>\n<!-- \/ Yoast SEO plugin. -->","yoast_head_json":{"title":"Recursos y apoyo para los defensores de los perjudicados por la marihuana - Every Brain Matters","robots":{"index":"index","follow":"follow","max-snippet":"max-snippet:-1","max-image-preview":"max-image-preview:large","max-video-preview":"max-video-preview:-1"},"canonical":"https:\/\/everybrainmatters.org\/es\/recursos-y-apoyo-para-los-defensores-de-los-perjudicados-por-la-marihuana\/","og_locale":"es_ES","og_type":"article","og_title":"Recursos y apoyo para los defensores de los perjudicados por la marihuana - Every Brain Matters","og_description":"Si la marihuana ha afectado a tu hijo, a tu familia o a tu comunidad, no est\u00e1s solo, y tu...","og_url":"https:\/\/everybrainmatters.org\/es\/recursos-y-apoyo-para-los-defensores-de-los-perjudicados-por-la-marihuana\/","og_site_name":"Every Brain Matters","article_modified_time":"2026-02-19T18:07:08+00:00","og_image":[{"width":1024,"height":683,"url":"https:\/\/everybrainmatters.org\/wp-content\/uploads\/Marijuana-Misinformation-and-the-Costs-of-Speaking-Up-1024x683.png","type":"image\/png"}],"twitter_card":"summary_large_image","twitter_misc":{"Est. reading time":"1 minuto"},"schema":{"@context":"https:\/\/schema.org","@graph":[{"@type":"WebPage","@id":"https:\/\/everybrainmatters.org\/es\/recursos-y-apoyo-para-los-defensores-de-los-perjudicados-por-la-marihuana\/","url":"https:\/\/everybrainmatters.org\/es\/recursos-y-apoyo-para-los-defensores-de-los-perjudicados-por-la-marihuana\/","name":"Recursos y apoyo para los defensores de los perjudicados por la marihuana - Every Brain Matters","isPartOf":{"@id":"https:\/\/everybrainmatters.org\/es\/#website"},"primaryImageOfPage":{"@id":"https:\/\/everybrainmatters.org\/es\/recursos-y-apoyo-para-los-defensores-de-los-perjudicados-por-la-marihuana\/#primaryimage"},"image":{"@id":"https:\/\/everybrainmatters.org\/es\/recursos-y-apoyo-para-los-defensores-de-los-perjudicados-por-la-marihuana\/#primaryimage"},"thumbnailUrl":"https:\/\/everybrainmatters.org\/wp-content\/uploads\/Family-advocate-support.png","datePublished":"2026-02-19T18:06:30+00:00","dateModified":"2026-02-19T18:07:08+00:00","breadcrumb":{"@id":"https:\/\/everybrainmatters.org\/es\/recursos-y-apoyo-para-los-defensores-de-los-perjudicados-por-la-marihuana\/#breadcrumb"},"inLanguage":"es-ES","potentialAction":[{"@type":"ReadAction","target":["https:\/\/everybrainmatters.org\/es\/recursos-y-apoyo-para-los-defensores-de-los-perjudicados-por-la-marihuana\/"]}]},{"@type":"ImageObject","inLanguage":"es-ES","@id":"https:\/\/everybrainmatters.org\/es\/recursos-y-apoyo-para-los-defensores-de-los-perjudicados-por-la-marihuana\/#primaryimage","url":"https:\/\/everybrainmatters.org\/wp-content\/uploads\/Family-advocate-support.png","contentUrl":"https:\/\/everybrainmatters.org\/wp-content\/uploads\/Family-advocate-support.png","width":1536,"height":1024},{"@type":"BreadcrumbList","@id":"https:\/\/everybrainmatters.org\/es\/recursos-y-apoyo-para-los-defensores-de-los-perjudicados-por-la-marihuana\/#breadcrumb","itemListElement":[{"@type":"ListItem","position":1,"name":"Home","item":"https:\/\/everybrainmatters.org\/es\/"},{"@type":"ListItem","position":2,"name":"Recursos y apoyo para los defensores de los perjudicados por la marihuana"}]},{"@type":"WebSite","@id":"https:\/\/everybrainmatters.org\/es\/#website","url":"https:\/\/everybrainmatters.org\/es\/","name":"Every Brain Matters","description":"","publisher":{"@id":"https:\/\/everybrainmatters.org\/es\/#organization"},"potentialAction":[{"@type":"SearchAction","target":{"@type":"EntryPoint","urlTemplate":"https:\/\/everybrainmatters.org\/es\/?s={search_term_string}"},"query-input":{"@type":"PropertyValueSpecification","valueRequired":true,"valueName":"search_term_string"}}],"inLanguage":"es-ES"},{"@type":"Organization","@id":"https:\/\/everybrainmatters.org\/es\/#organization","name":"Every Brain Matters","url":"https:\/\/everybrainmatters.org\/es\/","logo":{"@type":"ImageObject","inLanguage":"es-ES","@id":"https:\/\/everybrainmatters.org\/es\/#\/schema\/logo\/image\/","url":"https:\/\/everybrainmatters.org\/wp-content\/uploads\/AllBrains_3.jpg","contentUrl":"https:\/\/everybrainmatters.org\/wp-content\/uploads\/AllBrains_3.jpg","width":1000,"height":1087,"caption":"Every Brain Matters"},"image":{"@id":"https:\/\/everybrainmatters.org\/es\/#\/schema\/logo\/image\/"}}]}},"_links":{"self":[{"href":"https:\/\/everybrainmatters.org\/es\/wp-json\/wp\/v2\/pages\/54417","targetHints":{"allow":["GET"]}}],"collection":[{"href":"https:\/\/everybrainmatters.org\/es\/wp-json\/wp\/v2\/pages"}],"about":[{"href":"https:\/\/everybrainmatters.org\/es\/wp-json\/wp\/v2\/types\/page"}],"author":[{"embeddable":true,"href":"https:\/\/everybrainmatters.org\/es\/wp-json\/wp\/v2\/users\/11"}],"replies":[{"embeddable":true,"href":"https:\/\/everybrainmatters.org\/es\/wp-json\/wp\/v2\/comments?post=54417"}],"version-history":[{"count":1,"href":"https:\/\/everybrainmatters.org\/es\/wp-json\/wp\/v2\/pages\/54417\/revisions"}],"predecessor-version":[{"id":54418,"href":"https:\/\/everybrainmatters.org\/es\/wp-json\/wp\/v2\/pages\/54417\/revisions\/54418"}],"wp:featuredmedia":[{"embeddable":true,"href":"https:\/\/everybrainmatters.org\/es\/wp-json\/wp\/v2\/media\/54428"}],"wp:attachment":[{"href":"https:\/\/everybrainmatters.org\/es\/wp-json\/wp\/v2\/media?parent=54417"}],"curies":[{"name":"wp","href":"https:\/\/api.w.org\/{rel}","templated":true}]}}