{"id":48247,"date":"2022-10-14T10:40:37","date_gmt":"2022-10-14T15:40:37","guid":{"rendered":"https:\/\/everybrainmatters.org\/product\/botella-de-cobre-aislada-al-vacio-22-oz\/"},"modified":"2025-11-04T14:16:26","modified_gmt":"2025-11-04T20:16:26","slug":"botella-de-cobre-aislada-al-vacio-22-oz","status":"publish","type":"product","link":"https:\/\/everybrainmatters.org\/es\/producto\/botella-de-cobre-aislada-al-vacio-22-oz\/","title":{"rendered":"Botella de cobre aislada al vac\u00edo, 22 oz"},"content":{"rendered":"<p>El aislamiento al vac\u00edo es algo importante si te preocupan los cambios de temperatura de las bebidas. La construcci\u00f3n de doble pared significa que los l\u00edquidos calientes pueden permanecer calientes hasta 12 horas, mientras que las opciones m\u00e1s fr\u00edas pueden durar 48 horas; es decir, dos d\u00edas enteros. Adem\u00e1s, estas botellas son a prueba de condensaci\u00f3n: no sudan ni resbalan. Fabricadas para adaptarse a los portavasos est\u00e1ndar de los veh\u00edculos, las paredes de acero inoxidable son resistentes a los ara\u00f1azos y a la decoloraci\u00f3n.   <\/p>\n<p>.: Talla \u00fanica: 0,65 l (22 oz)<br \/>.: Dise\u00f1o a prueba de derrames<br \/>.: Resistente a los ara\u00f1azos y a la decoloraci\u00f3n<br \/>.: Sin BPA<br \/>.: Nota: los elementos de dise\u00f1o negros de la botella negra pueden tener tonos diferentes. Utiliza un fondo transparente<br \/>.: Nota: los elementos de dise\u00f1o semitransparentes no siempre se muestran correctamente en botellas de color oscuro<br \/>.: Nota: El proveedor de impresi\u00f3n no puede garantizar que la colocaci\u00f3n del dise\u00f1o se alinee con las asas del tap\u00f3n como se muestra en las maquetas. <\/p>\n","protected":false},"excerpt":{"rendered":"<p>El aislamiento al vac\u00edo es algo importante si te preocupan los cambios de temperatura de las bebidas. La construcci\u00f3n de&#8230;<\/p>\n","protected":false},"featured_media":28266,"comment_status":"open","ping_status":"closed","template":"","meta":{"_acf_changed":false,"_editorskit_title_hidden":false,"_editorskit_reading_time":0,"_editorskit_is_block_options_detached":false,"_editorskit_block_options_position":"{}"},"product_brand":[],"product_cat":[3304],"product_tag":[],"class_list":{"0":"post-48247","1":"product","2":"type-product","3":"status-publish","4":"has-post-thumbnail","6":"product_cat-ropa","8":"first","9":"instock","10":"shipping-taxable","11":"purchasable","12":"product-type-variable","13":"has-default-attributes"},"acf":[],"yoast_head":"<!-- This site is optimized with the Yoast SEO plugin v26.1.1 - https:\/\/yoast.com\/wordpress\/plugins\/seo\/ -->\n<title>Botella de cobre aislada al vac\u00edo, 22 oz - Every Brain Matters<\/title>\n<meta name=\"robots\" content=\"index, follow, max-snippet:-1, max-image-preview:large, max-video-preview:-1\" \/>\n<link rel=\"canonical\" href=\"https:\/\/everybrainmatters.org\/es\/producto\/botella-de-cobre-aislada-al-vacio-22-oz\/\" \/>\n<meta property=\"og:locale\" content=\"es_ES\" \/>\n<meta property=\"og:type\" content=\"article\" \/>\n<meta property=\"og:title\" content=\"Botella de cobre aislada al vac\u00edo, 22 oz - Every Brain Matters\" \/>\n<meta property=\"og:description\" content=\"El aislamiento al vac\u00edo es algo importante si te preocupan los cambios de temperatura de las bebidas. La construcci\u00f3n de...\" \/>\n<meta property=\"og:url\" content=\"https:\/\/everybrainmatters.org\/es\/producto\/botella-de-cobre-aislada-al-vacio-22-oz\/\" \/>\n<meta property=\"og:site_name\" content=\"Every Brain Matters\" \/>\n<meta property=\"article:modified_time\" content=\"2025-11-04T20:16:26+00:00\" \/>\n<meta property=\"og:image\" content=\"https:\/\/everybrainmatters.org\/wp-content\/uploads\/71137-35.jpg\" \/>\n\t<meta property=\"og:image:width\" content=\"1200\" \/>\n\t<meta property=\"og:image:height\" content=\"1200\" \/>\n\t<meta property=\"og:image:type\" content=\"image\/jpeg\" \/>\n<meta name=\"twitter:card\" content=\"summary_large_image\" \/>\n<meta name=\"twitter:label1\" content=\"Est. reading time\" \/>\n\t<meta name=\"twitter:data1\" content=\"1 minuto\" \/>\n<script type=\"application\/ld+json\" class=\"yoast-schema-graph\">{\"@context\":\"https:\/\/schema.org\",\"@graph\":[{\"@type\":\"WebPage\",\"@id\":\"https:\/\/everybrainmatters.org\/es\/producto\/botella-de-cobre-aislada-al-vacio-22-oz\/\",\"url\":\"https:\/\/everybrainmatters.org\/es\/producto\/botella-de-cobre-aislada-al-vacio-22-oz\/\",\"name\":\"Botella de cobre aislada al vac\u00edo, 22 oz - Every Brain Matters\",\"isPartOf\":{\"@id\":\"https:\/\/everybrainmatters.org\/es\/#website\"},\"primaryImageOfPage\":{\"@id\":\"https:\/\/everybrainmatters.org\/es\/producto\/botella-de-cobre-aislada-al-vacio-22-oz\/#primaryimage\"},\"image\":{\"@id\":\"https:\/\/everybrainmatters.org\/es\/producto\/botella-de-cobre-aislada-al-vacio-22-oz\/#primaryimage\"},\"thumbnailUrl\":\"https:\/\/everybrainmatters.org\/wp-content\/uploads\/71137-35.jpg\",\"datePublished\":\"2022-10-14T15:40:37+00:00\",\"dateModified\":\"2025-11-04T20:16:26+00:00\",\"breadcrumb\":{\"@id\":\"https:\/\/everybrainmatters.org\/es\/producto\/botella-de-cobre-aislada-al-vacio-22-oz\/#breadcrumb\"},\"inLanguage\":\"es-ES\",\"potentialAction\":[{\"@type\":\"ReadAction\",\"target\":[\"https:\/\/everybrainmatters.org\/es\/producto\/botella-de-cobre-aislada-al-vacio-22-oz\/\"]}]},{\"@type\":\"ImageObject\",\"inLanguage\":\"es-ES\",\"@id\":\"https:\/\/everybrainmatters.org\/es\/producto\/botella-de-cobre-aislada-al-vacio-22-oz\/#primaryimage\",\"url\":\"https:\/\/everybrainmatters.org\/wp-content\/uploads\/71137-35.jpg\",\"contentUrl\":\"https:\/\/everybrainmatters.org\/wp-content\/uploads\/71137-35.jpg\",\"width\":1200,\"height\":1200},{\"@type\":\"BreadcrumbList\",\"@id\":\"https:\/\/everybrainmatters.org\/es\/producto\/botella-de-cobre-aislada-al-vacio-22-oz\/#breadcrumb\",\"itemListElement\":[{\"@type\":\"ListItem\",\"position\":1,\"name\":\"Home\",\"item\":\"https:\/\/everybrainmatters.org\/es\/\"},{\"@type\":\"ListItem\",\"position\":2,\"name\":\"Botella de cobre aislada al vac\u00edo, 22 oz\"}]},{\"@type\":\"WebSite\",\"@id\":\"https:\/\/everybrainmatters.org\/es\/#website\",\"url\":\"https:\/\/everybrainmatters.org\/es\/\",\"name\":\"Every Brain Matters\",\"description\":\"\",\"publisher\":{\"@id\":\"https:\/\/everybrainmatters.org\/es\/#organization\"},\"potentialAction\":[{\"@type\":\"SearchAction\",\"target\":{\"@type\":\"EntryPoint\",\"urlTemplate\":\"https:\/\/everybrainmatters.org\/es\/?s={search_term_string}\"},\"query-input\":{\"@type\":\"PropertyValueSpecification\",\"valueRequired\":true,\"valueName\":\"search_term_string\"}}],\"inLanguage\":\"es-ES\"},{\"@type\":\"Organization\",\"@id\":\"https:\/\/everybrainmatters.org\/es\/#organization\",\"name\":\"Every Brain Matters\",\"url\":\"https:\/\/everybrainmatters.org\/es\/\",\"logo\":{\"@type\":\"ImageObject\",\"inLanguage\":\"es-ES\",\"@id\":\"https:\/\/everybrainmatters.org\/es\/#\/schema\/logo\/image\/\",\"url\":\"https:\/\/everybrainmatters.org\/wp-content\/uploads\/AllBrains_3.jpg\",\"contentUrl\":\"https:\/\/everybrainmatters.org\/wp-content\/uploads\/AllBrains_3.jpg\",\"width\":1000,\"height\":1087,\"caption\":\"Every Brain Matters\"},\"image\":{\"@id\":\"https:\/\/everybrainmatters.org\/es\/#\/schema\/logo\/image\/\"}}]}<\/script>\n<!-- \/ Yoast SEO plugin. -->","yoast_head_json":{"title":"Botella de cobre aislada al vac\u00edo, 22 oz - Every Brain Matters","robots":{"index":"index","follow":"follow","max-snippet":"max-snippet:-1","max-image-preview":"max-image-preview:large","max-video-preview":"max-video-preview:-1"},"canonical":"https:\/\/everybrainmatters.org\/es\/producto\/botella-de-cobre-aislada-al-vacio-22-oz\/","og_locale":"es_ES","og_type":"article","og_title":"Botella de cobre aislada al vac\u00edo, 22 oz - Every Brain Matters","og_description":"El aislamiento al vac\u00edo es algo importante si te preocupan los cambios de temperatura de las bebidas. La construcci\u00f3n de...","og_url":"https:\/\/everybrainmatters.org\/es\/producto\/botella-de-cobre-aislada-al-vacio-22-oz\/","og_site_name":"Every Brain Matters","article_modified_time":"2025-11-04T20:16:26+00:00","og_image":[{"width":1200,"height":1200,"url":"https:\/\/everybrainmatters.org\/wp-content\/uploads\/71137-35.jpg","type":"image\/jpeg"}],"twitter_card":"summary_large_image","twitter_misc":{"Est. reading time":"1 minuto"},"schema":{"@context":"https:\/\/schema.org","@graph":[{"@type":"WebPage","@id":"https:\/\/everybrainmatters.org\/es\/producto\/botella-de-cobre-aislada-al-vacio-22-oz\/","url":"https:\/\/everybrainmatters.org\/es\/producto\/botella-de-cobre-aislada-al-vacio-22-oz\/","name":"Botella de cobre aislada al vac\u00edo, 22 oz - Every Brain Matters","isPartOf":{"@id":"https:\/\/everybrainmatters.org\/es\/#website"},"primaryImageOfPage":{"@id":"https:\/\/everybrainmatters.org\/es\/producto\/botella-de-cobre-aislada-al-vacio-22-oz\/#primaryimage"},"image":{"@id":"https:\/\/everybrainmatters.org\/es\/producto\/botella-de-cobre-aislada-al-vacio-22-oz\/#primaryimage"},"thumbnailUrl":"https:\/\/everybrainmatters.org\/wp-content\/uploads\/71137-35.jpg","datePublished":"2022-10-14T15:40:37+00:00","dateModified":"2025-11-04T20:16:26+00:00","breadcrumb":{"@id":"https:\/\/everybrainmatters.org\/es\/producto\/botella-de-cobre-aislada-al-vacio-22-oz\/#breadcrumb"},"inLanguage":"es-ES","potentialAction":[{"@type":"ReadAction","target":["https:\/\/everybrainmatters.org\/es\/producto\/botella-de-cobre-aislada-al-vacio-22-oz\/"]}]},{"@type":"ImageObject","inLanguage":"es-ES","@id":"https:\/\/everybrainmatters.org\/es\/producto\/botella-de-cobre-aislada-al-vacio-22-oz\/#primaryimage","url":"https:\/\/everybrainmatters.org\/wp-content\/uploads\/71137-35.jpg","contentUrl":"https:\/\/everybrainmatters.org\/wp-content\/uploads\/71137-35.jpg","width":1200,"height":1200},{"@type":"BreadcrumbList","@id":"https:\/\/everybrainmatters.org\/es\/producto\/botella-de-cobre-aislada-al-vacio-22-oz\/#breadcrumb","itemListElement":[{"@type":"ListItem","position":1,"name":"Home","item":"https:\/\/everybrainmatters.org\/es\/"},{"@type":"ListItem","position":2,"name":"Botella de cobre aislada al vac\u00edo, 22 oz"}]},{"@type":"WebSite","@id":"https:\/\/everybrainmatters.org\/es\/#website","url":"https:\/\/everybrainmatters.org\/es\/","name":"Every Brain Matters","description":"","publisher":{"@id":"https:\/\/everybrainmatters.org\/es\/#organization"},"potentialAction":[{"@type":"SearchAction","target":{"@type":"EntryPoint","urlTemplate":"https:\/\/everybrainmatters.org\/es\/?s={search_term_string}"},"query-input":{"@type":"PropertyValueSpecification","valueRequired":true,"valueName":"search_term_string"}}],"inLanguage":"es-ES"},{"@type":"Organization","@id":"https:\/\/everybrainmatters.org\/es\/#organization","name":"Every Brain Matters","url":"https:\/\/everybrainmatters.org\/es\/","logo":{"@type":"ImageObject","inLanguage":"es-ES","@id":"https:\/\/everybrainmatters.org\/es\/#\/schema\/logo\/image\/","url":"https:\/\/everybrainmatters.org\/wp-content\/uploads\/AllBrains_3.jpg","contentUrl":"https:\/\/everybrainmatters.org\/wp-content\/uploads\/AllBrains_3.jpg","width":1000,"height":1087,"caption":"Every Brain Matters"},"image":{"@id":"https:\/\/everybrainmatters.org\/es\/#\/schema\/logo\/image\/"}}]}},"_links":{"self":[{"href":"https:\/\/everybrainmatters.org\/es\/wp-json\/wp\/v2\/product\/48247","targetHints":{"allow":["GET"]}}],"collection":[{"href":"https:\/\/everybrainmatters.org\/es\/wp-json\/wp\/v2\/product"}],"about":[{"href":"https:\/\/everybrainmatters.org\/es\/wp-json\/wp\/v2\/types\/product"}],"replies":[{"embeddable":true,"href":"https:\/\/everybrainmatters.org\/es\/wp-json\/wp\/v2\/comments?post=48247"}],"wp:featuredmedia":[{"embeddable":true,"href":"https:\/\/everybrainmatters.org\/es\/wp-json\/wp\/v2\/media\/28266"}],"wp:attachment":[{"href":"https:\/\/everybrainmatters.org\/es\/wp-json\/wp\/v2\/media?parent=48247"}],"wp:term":[{"taxonomy":"product_brand","embeddable":true,"href":"https:\/\/everybrainmatters.org\/es\/wp-json\/wp\/v2\/product_brand?post=48247"},{"taxonomy":"product_cat","embeddable":true,"href":"https:\/\/everybrainmatters.org\/es\/wp-json\/wp\/v2\/product_cat?post=48247"},{"taxonomy":"product_tag","embeddable":true,"href":"https:\/\/everybrainmatters.org\/es\/wp-json\/wp\/v2\/product_tag?post=48247"}],"curies":[{"name":"wp","href":"https:\/\/api.w.org\/{rel}","templated":true}]}}