{"id":48405,"date":"2021-12-09T18:32:00","date_gmt":"2021-12-10T00:32:00","guid":{"rendered":"https:\/\/everybrainmatters.org\/product\/sudadera-corta-de-mujer\/"},"modified":"2025-11-04T14:16:39","modified_gmt":"2025-11-04T20:16:39","slug":"sudadera-corta-de-mujer","status":"publish","type":"product","link":"https:\/\/everybrainmatters.org\/es\/producto\/sudadera-corta-de-mujer\/","title":{"rendered":"Sudadera corta de mujer"},"content":{"rendered":"<p>Si lo tuyo es el estilo que hace girar cabezas, entonces la sudadera recortada para mujer Bella+Canva 7503 es exactamente lo que pediste. Confeccionadas con un tejido polar transpirable y suave al tacto, estas cl\u00e1sicas sudaderas recortadas para mujer son la elecci\u00f3n perfecta para el d\u00eda a d\u00eda. La costura de hombros ca\u00eddos y el corte relajado hacen que su aspecto sea c\u00f3modo y favorecedor.  <\/p>\n<p>.: 52% Algod\u00f3n peinado e hilado en anillos Airlume 48% Poli\u00e9ster<br \/>..: Tejido medio (7,0 oz \/yd\u00b2 (240 g\/m\u00b2))<br \/>.: Corte relajado<br \/>.: Etiqueta desprendible<\/p>\n","protected":false},"excerpt":{"rendered":"<p>Si lo tuyo es el estilo que hace girar cabezas, entonces la sudadera recortada para mujer Bella+Canva 7503 es exactamente&#8230;<\/p>\n","protected":false},"featured_media":23670,"comment_status":"open","ping_status":"closed","template":"","meta":{"_acf_changed":false,"_editorskit_title_hidden":false,"_editorskit_reading_time":0,"_editorskit_is_block_options_detached":false,"_editorskit_block_options_position":"{}"},"product_brand":[],"product_cat":[3304],"product_tag":[],"class_list":{"0":"post-48405","1":"product","2":"type-product","3":"status-publish","4":"has-post-thumbnail","6":"product_cat-ropa","8":"first","9":"instock","10":"shipping-taxable","11":"purchasable","12":"product-type-variable","13":"has-default-attributes"},"acf":[],"yoast_head":"<!-- This site is optimized with the Yoast SEO plugin v26.1.1 - https:\/\/yoast.com\/wordpress\/plugins\/seo\/ -->\n<title>Sudadera corta de mujer - Every Brain Matters<\/title>\n<meta name=\"robots\" content=\"index, follow, max-snippet:-1, max-image-preview:large, max-video-preview:-1\" \/>\n<link rel=\"canonical\" href=\"https:\/\/everybrainmatters.org\/es\/producto\/sudadera-corta-de-mujer\/\" \/>\n<meta property=\"og:locale\" content=\"es_ES\" \/>\n<meta property=\"og:type\" content=\"article\" \/>\n<meta property=\"og:title\" content=\"Sudadera corta de mujer - Every Brain Matters\" \/>\n<meta property=\"og:description\" content=\"Si lo tuyo es el estilo que hace girar cabezas, entonces la sudadera recortada para mujer Bella+Canva 7503 es exactamente...\" \/>\n<meta property=\"og:url\" content=\"https:\/\/everybrainmatters.org\/es\/producto\/sudadera-corta-de-mujer\/\" \/>\n<meta property=\"og:site_name\" content=\"Every Brain Matters\" \/>\n<meta property=\"article:modified_time\" content=\"2025-11-04T20:16:39+00:00\" \/>\n<meta property=\"og:image\" content=\"https:\/\/everybrainmatters.org\/wp-content\/uploads\/72247.jpg\" \/>\n\t<meta property=\"og:image:width\" content=\"1024\" \/>\n\t<meta property=\"og:image:height\" content=\"1024\" \/>\n\t<meta property=\"og:image:type\" content=\"image\/jpeg\" \/>\n<meta name=\"twitter:card\" content=\"summary_large_image\" \/>\n<script type=\"application\/ld+json\" class=\"yoast-schema-graph\">{\"@context\":\"https:\/\/schema.org\",\"@graph\":[{\"@type\":\"WebPage\",\"@id\":\"https:\/\/everybrainmatters.org\/es\/producto\/sudadera-corta-de-mujer\/\",\"url\":\"https:\/\/everybrainmatters.org\/es\/producto\/sudadera-corta-de-mujer\/\",\"name\":\"Sudadera corta de mujer - Every Brain Matters\",\"isPartOf\":{\"@id\":\"https:\/\/everybrainmatters.org\/es\/#website\"},\"primaryImageOfPage\":{\"@id\":\"https:\/\/everybrainmatters.org\/es\/producto\/sudadera-corta-de-mujer\/#primaryimage\"},\"image\":{\"@id\":\"https:\/\/everybrainmatters.org\/es\/producto\/sudadera-corta-de-mujer\/#primaryimage\"},\"thumbnailUrl\":\"https:\/\/everybrainmatters.org\/wp-content\/uploads\/72247.jpg\",\"datePublished\":\"2021-12-10T00:32:00+00:00\",\"dateModified\":\"2025-11-04T20:16:39+00:00\",\"breadcrumb\":{\"@id\":\"https:\/\/everybrainmatters.org\/es\/producto\/sudadera-corta-de-mujer\/#breadcrumb\"},\"inLanguage\":\"es-ES\",\"potentialAction\":[{\"@type\":\"ReadAction\",\"target\":[\"https:\/\/everybrainmatters.org\/es\/producto\/sudadera-corta-de-mujer\/\"]}]},{\"@type\":\"ImageObject\",\"inLanguage\":\"es-ES\",\"@id\":\"https:\/\/everybrainmatters.org\/es\/producto\/sudadera-corta-de-mujer\/#primaryimage\",\"url\":\"https:\/\/everybrainmatters.org\/wp-content\/uploads\/72247.jpg\",\"contentUrl\":\"https:\/\/everybrainmatters.org\/wp-content\/uploads\/72247.jpg\",\"width\":1024,\"height\":1024},{\"@type\":\"BreadcrumbList\",\"@id\":\"https:\/\/everybrainmatters.org\/es\/producto\/sudadera-corta-de-mujer\/#breadcrumb\",\"itemListElement\":[{\"@type\":\"ListItem\",\"position\":1,\"name\":\"Home\",\"item\":\"https:\/\/everybrainmatters.org\/es\/\"},{\"@type\":\"ListItem\",\"position\":2,\"name\":\"Sudadera corta de mujer\"}]},{\"@type\":\"WebSite\",\"@id\":\"https:\/\/everybrainmatters.org\/es\/#website\",\"url\":\"https:\/\/everybrainmatters.org\/es\/\",\"name\":\"Every Brain Matters\",\"description\":\"\",\"publisher\":{\"@id\":\"https:\/\/everybrainmatters.org\/es\/#organization\"},\"potentialAction\":[{\"@type\":\"SearchAction\",\"target\":{\"@type\":\"EntryPoint\",\"urlTemplate\":\"https:\/\/everybrainmatters.org\/es\/?s={search_term_string}\"},\"query-input\":{\"@type\":\"PropertyValueSpecification\",\"valueRequired\":true,\"valueName\":\"search_term_string\"}}],\"inLanguage\":\"es-ES\"},{\"@type\":\"Organization\",\"@id\":\"https:\/\/everybrainmatters.org\/es\/#organization\",\"name\":\"Every Brain Matters\",\"url\":\"https:\/\/everybrainmatters.org\/es\/\",\"logo\":{\"@type\":\"ImageObject\",\"inLanguage\":\"es-ES\",\"@id\":\"https:\/\/everybrainmatters.org\/es\/#\/schema\/logo\/image\/\",\"url\":\"https:\/\/everybrainmatters.org\/wp-content\/uploads\/AllBrains_3.jpg\",\"contentUrl\":\"https:\/\/everybrainmatters.org\/wp-content\/uploads\/AllBrains_3.jpg\",\"width\":1000,\"height\":1087,\"caption\":\"Every Brain Matters\"},\"image\":{\"@id\":\"https:\/\/everybrainmatters.org\/es\/#\/schema\/logo\/image\/\"}}]}<\/script>\n<!-- \/ Yoast SEO plugin. -->","yoast_head_json":{"title":"Sudadera corta de mujer - Every Brain Matters","robots":{"index":"index","follow":"follow","max-snippet":"max-snippet:-1","max-image-preview":"max-image-preview:large","max-video-preview":"max-video-preview:-1"},"canonical":"https:\/\/everybrainmatters.org\/es\/producto\/sudadera-corta-de-mujer\/","og_locale":"es_ES","og_type":"article","og_title":"Sudadera corta de mujer - Every Brain Matters","og_description":"Si lo tuyo es el estilo que hace girar cabezas, entonces la sudadera recortada para mujer Bella+Canva 7503 es exactamente...","og_url":"https:\/\/everybrainmatters.org\/es\/producto\/sudadera-corta-de-mujer\/","og_site_name":"Every Brain Matters","article_modified_time":"2025-11-04T20:16:39+00:00","og_image":[{"width":1024,"height":1024,"url":"https:\/\/everybrainmatters.org\/wp-content\/uploads\/72247.jpg","type":"image\/jpeg"}],"twitter_card":"summary_large_image","schema":{"@context":"https:\/\/schema.org","@graph":[{"@type":"WebPage","@id":"https:\/\/everybrainmatters.org\/es\/producto\/sudadera-corta-de-mujer\/","url":"https:\/\/everybrainmatters.org\/es\/producto\/sudadera-corta-de-mujer\/","name":"Sudadera corta de mujer - Every Brain Matters","isPartOf":{"@id":"https:\/\/everybrainmatters.org\/es\/#website"},"primaryImageOfPage":{"@id":"https:\/\/everybrainmatters.org\/es\/producto\/sudadera-corta-de-mujer\/#primaryimage"},"image":{"@id":"https:\/\/everybrainmatters.org\/es\/producto\/sudadera-corta-de-mujer\/#primaryimage"},"thumbnailUrl":"https:\/\/everybrainmatters.org\/wp-content\/uploads\/72247.jpg","datePublished":"2021-12-10T00:32:00+00:00","dateModified":"2025-11-04T20:16:39+00:00","breadcrumb":{"@id":"https:\/\/everybrainmatters.org\/es\/producto\/sudadera-corta-de-mujer\/#breadcrumb"},"inLanguage":"es-ES","potentialAction":[{"@type":"ReadAction","target":["https:\/\/everybrainmatters.org\/es\/producto\/sudadera-corta-de-mujer\/"]}]},{"@type":"ImageObject","inLanguage":"es-ES","@id":"https:\/\/everybrainmatters.org\/es\/producto\/sudadera-corta-de-mujer\/#primaryimage","url":"https:\/\/everybrainmatters.org\/wp-content\/uploads\/72247.jpg","contentUrl":"https:\/\/everybrainmatters.org\/wp-content\/uploads\/72247.jpg","width":1024,"height":1024},{"@type":"BreadcrumbList","@id":"https:\/\/everybrainmatters.org\/es\/producto\/sudadera-corta-de-mujer\/#breadcrumb","itemListElement":[{"@type":"ListItem","position":1,"name":"Home","item":"https:\/\/everybrainmatters.org\/es\/"},{"@type":"ListItem","position":2,"name":"Sudadera corta de mujer"}]},{"@type":"WebSite","@id":"https:\/\/everybrainmatters.org\/es\/#website","url":"https:\/\/everybrainmatters.org\/es\/","name":"Every Brain Matters","description":"","publisher":{"@id":"https:\/\/everybrainmatters.org\/es\/#organization"},"potentialAction":[{"@type":"SearchAction","target":{"@type":"EntryPoint","urlTemplate":"https:\/\/everybrainmatters.org\/es\/?s={search_term_string}"},"query-input":{"@type":"PropertyValueSpecification","valueRequired":true,"valueName":"search_term_string"}}],"inLanguage":"es-ES"},{"@type":"Organization","@id":"https:\/\/everybrainmatters.org\/es\/#organization","name":"Every Brain Matters","url":"https:\/\/everybrainmatters.org\/es\/","logo":{"@type":"ImageObject","inLanguage":"es-ES","@id":"https:\/\/everybrainmatters.org\/es\/#\/schema\/logo\/image\/","url":"https:\/\/everybrainmatters.org\/wp-content\/uploads\/AllBrains_3.jpg","contentUrl":"https:\/\/everybrainmatters.org\/wp-content\/uploads\/AllBrains_3.jpg","width":1000,"height":1087,"caption":"Every Brain Matters"},"image":{"@id":"https:\/\/everybrainmatters.org\/es\/#\/schema\/logo\/image\/"}}]}},"_links":{"self":[{"href":"https:\/\/everybrainmatters.org\/es\/wp-json\/wp\/v2\/product\/48405","targetHints":{"allow":["GET"]}}],"collection":[{"href":"https:\/\/everybrainmatters.org\/es\/wp-json\/wp\/v2\/product"}],"about":[{"href":"https:\/\/everybrainmatters.org\/es\/wp-json\/wp\/v2\/types\/product"}],"replies":[{"embeddable":true,"href":"https:\/\/everybrainmatters.org\/es\/wp-json\/wp\/v2\/comments?post=48405"}],"wp:featuredmedia":[{"embeddable":true,"href":"https:\/\/everybrainmatters.org\/es\/wp-json\/wp\/v2\/media\/23670"}],"wp:attachment":[{"href":"https:\/\/everybrainmatters.org\/es\/wp-json\/wp\/v2\/media?parent=48405"}],"wp:term":[{"taxonomy":"product_brand","embeddable":true,"href":"https:\/\/everybrainmatters.org\/es\/wp-json\/wp\/v2\/product_brand?post=48405"},{"taxonomy":"product_cat","embeddable":true,"href":"https:\/\/everybrainmatters.org\/es\/wp-json\/wp\/v2\/product_cat?post=48405"},{"taxonomy":"product_tag","embeddable":true,"href":"https:\/\/everybrainmatters.org\/es\/wp-json\/wp\/v2\/product_tag?post=48405"}],"curies":[{"name":"wp","href":"https:\/\/api.w.org\/{rel}","templated":true}]}}