{"id":49402,"date":"2021-12-08T11:38:45","date_gmt":"2021-12-08T17:38:45","guid":{"rendered":"https:\/\/everybrainmatters.org\/product\/adornos-navidenos-de-madera\/"},"modified":"2021-12-08T11:38:45","modified_gmt":"2021-12-08T17:38:45","slug":"adornos-navidenos-de-madera","status":"publish","type":"product","link":"https:\/\/everybrainmatters.org\/es\/producto\/adornos-navidenos-de-madera\/","title":{"rendered":"Adornos navide\u00f1os de madera"},"content":{"rendered":"<p>A\u00f1ade ese toque personal a cualquier \u00e1rbol de Navidad gracias a estos adornos navide\u00f1os personalizados. Fabricados con madera para darle ese toque r\u00fastico, estos adornos para el \u00e1rbol est\u00e1n disponibles en 6 caprichosas formas para elegir. Equipados con una parte trasera magn\u00e9tica, para que puedas decorar tu nevera o cualquier superficie met\u00e1lica.  <\/p>\n<p>.: Madera maciza<br \/>\n.: Parte trasera magn\u00e9tica<br \/>\n.: Viene con una cinta roja para colgar<br \/>\n.: 6 opciones de formas diferentes<\/p>\n","protected":false},"excerpt":{"rendered":"<p>A\u00f1ade ese toque personal a cualquier \u00e1rbol de Navidad gracias a estos adornos navide\u00f1os personalizados. Fabricados con madera para darle&#8230;<\/p>\n","protected":false},"featured_media":22552,"comment_status":"open","ping_status":"closed","template":"","meta":{"_acf_changed":false,"_editorskit_title_hidden":false,"_editorskit_reading_time":0,"_editorskit_is_block_options_detached":false,"_editorskit_block_options_position":"{}"},"product_brand":[],"product_cat":[3323,3321,3304,3322],"product_tag":[3324,3308,3325,3312,3309,3310],"class_list":{"0":"post-49402","1":"product","2":"type-product","3":"status-publish","4":"has-post-thumbnail","6":"product_cat-adornos-de-navidad","7":"product_cat-decoracion","8":"product_cat-ropa","9":"product_cat-vacaciones","10":"product_tag-adornos-de-navidad","11":"product_tag-cada-cerebro-importa","12":"product_tag-de-madera","13":"product_tag-farmacia-de-prevencion","14":"product_tag-salud-cerebral","15":"product_tag-salud-medioambiental","17":"first","18":"instock","19":"shipping-taxable","20":"purchasable","21":"product-type-variable","22":"has-default-attributes"},"acf":[],"yoast_head":"<!-- This site is optimized with the Yoast SEO plugin v26.1.1 - https:\/\/yoast.com\/wordpress\/plugins\/seo\/ -->\n<title>Adornos navide\u00f1os de madera - Every Brain Matters<\/title>\n<meta name=\"robots\" content=\"index, follow, max-snippet:-1, max-image-preview:large, max-video-preview:-1\" \/>\n<link rel=\"canonical\" href=\"https:\/\/everybrainmatters.org\/es\/producto\/adornos-navidenos-de-madera\/\" \/>\n<meta property=\"og:locale\" content=\"es_ES\" \/>\n<meta property=\"og:type\" content=\"article\" \/>\n<meta property=\"og:title\" content=\"Adornos navide\u00f1os de madera - Every Brain Matters\" \/>\n<meta property=\"og:description\" content=\"A\u00f1ade ese toque personal a cualquier \u00e1rbol de Navidad gracias a estos adornos navide\u00f1os personalizados. Fabricados con madera para darle...\" \/>\n<meta property=\"og:url\" content=\"https:\/\/everybrainmatters.org\/es\/producto\/adornos-navidenos-de-madera\/\" \/>\n<meta property=\"og:site_name\" content=\"Every Brain Matters\" \/>\n<meta property=\"og:image\" content=\"https:\/\/everybrainmatters.org\/wp-content\/uploads\/72962.jpg\" \/>\n\t<meta property=\"og:image:width\" content=\"1024\" \/>\n\t<meta property=\"og:image:height\" content=\"1024\" \/>\n\t<meta property=\"og:image:type\" content=\"image\/jpeg\" \/>\n<meta name=\"twitter:card\" content=\"summary_large_image\" \/>\n<script type=\"application\/ld+json\" class=\"yoast-schema-graph\">{\"@context\":\"https:\/\/schema.org\",\"@graph\":[{\"@type\":\"WebPage\",\"@id\":\"https:\/\/everybrainmatters.org\/es\/producto\/adornos-navidenos-de-madera\/\",\"url\":\"https:\/\/everybrainmatters.org\/es\/producto\/adornos-navidenos-de-madera\/\",\"name\":\"Adornos navide\u00f1os de madera - Every Brain Matters\",\"isPartOf\":{\"@id\":\"https:\/\/everybrainmatters.org\/es\/#website\"},\"primaryImageOfPage\":{\"@id\":\"https:\/\/everybrainmatters.org\/es\/producto\/adornos-navidenos-de-madera\/#primaryimage\"},\"image\":{\"@id\":\"https:\/\/everybrainmatters.org\/es\/producto\/adornos-navidenos-de-madera\/#primaryimage\"},\"thumbnailUrl\":\"https:\/\/everybrainmatters.org\/wp-content\/uploads\/72962.jpg\",\"datePublished\":\"2021-12-08T17:38:45+00:00\",\"breadcrumb\":{\"@id\":\"https:\/\/everybrainmatters.org\/es\/producto\/adornos-navidenos-de-madera\/#breadcrumb\"},\"inLanguage\":\"es-ES\",\"potentialAction\":[{\"@type\":\"ReadAction\",\"target\":[\"https:\/\/everybrainmatters.org\/es\/producto\/adornos-navidenos-de-madera\/\"]}]},{\"@type\":\"ImageObject\",\"inLanguage\":\"es-ES\",\"@id\":\"https:\/\/everybrainmatters.org\/es\/producto\/adornos-navidenos-de-madera\/#primaryimage\",\"url\":\"https:\/\/everybrainmatters.org\/wp-content\/uploads\/72962.jpg\",\"contentUrl\":\"https:\/\/everybrainmatters.org\/wp-content\/uploads\/72962.jpg\",\"width\":1024,\"height\":1024},{\"@type\":\"BreadcrumbList\",\"@id\":\"https:\/\/everybrainmatters.org\/es\/producto\/adornos-navidenos-de-madera\/#breadcrumb\",\"itemListElement\":[{\"@type\":\"ListItem\",\"position\":1,\"name\":\"Home\",\"item\":\"https:\/\/everybrainmatters.org\/es\/\"},{\"@type\":\"ListItem\",\"position\":2,\"name\":\"Adornos navide\u00f1os de madera\"}]},{\"@type\":\"WebSite\",\"@id\":\"https:\/\/everybrainmatters.org\/es\/#website\",\"url\":\"https:\/\/everybrainmatters.org\/es\/\",\"name\":\"Every Brain Matters\",\"description\":\"\",\"publisher\":{\"@id\":\"https:\/\/everybrainmatters.org\/es\/#organization\"},\"potentialAction\":[{\"@type\":\"SearchAction\",\"target\":{\"@type\":\"EntryPoint\",\"urlTemplate\":\"https:\/\/everybrainmatters.org\/es\/?s={search_term_string}\"},\"query-input\":{\"@type\":\"PropertyValueSpecification\",\"valueRequired\":true,\"valueName\":\"search_term_string\"}}],\"inLanguage\":\"es-ES\"},{\"@type\":\"Organization\",\"@id\":\"https:\/\/everybrainmatters.org\/es\/#organization\",\"name\":\"Every Brain Matters\",\"url\":\"https:\/\/everybrainmatters.org\/es\/\",\"logo\":{\"@type\":\"ImageObject\",\"inLanguage\":\"es-ES\",\"@id\":\"https:\/\/everybrainmatters.org\/es\/#\/schema\/logo\/image\/\",\"url\":\"https:\/\/everybrainmatters.org\/wp-content\/uploads\/AllBrains_3.jpg\",\"contentUrl\":\"https:\/\/everybrainmatters.org\/wp-content\/uploads\/AllBrains_3.jpg\",\"width\":1000,\"height\":1087,\"caption\":\"Every Brain Matters\"},\"image\":{\"@id\":\"https:\/\/everybrainmatters.org\/es\/#\/schema\/logo\/image\/\"}}]}<\/script>\n<!-- \/ Yoast SEO plugin. -->","yoast_head_json":{"title":"Adornos navide\u00f1os de madera - Every Brain Matters","robots":{"index":"index","follow":"follow","max-snippet":"max-snippet:-1","max-image-preview":"max-image-preview:large","max-video-preview":"max-video-preview:-1"},"canonical":"https:\/\/everybrainmatters.org\/es\/producto\/adornos-navidenos-de-madera\/","og_locale":"es_ES","og_type":"article","og_title":"Adornos navide\u00f1os de madera - Every Brain Matters","og_description":"A\u00f1ade ese toque personal a cualquier \u00e1rbol de Navidad gracias a estos adornos navide\u00f1os personalizados. Fabricados con madera para darle...","og_url":"https:\/\/everybrainmatters.org\/es\/producto\/adornos-navidenos-de-madera\/","og_site_name":"Every Brain Matters","og_image":[{"width":1024,"height":1024,"url":"https:\/\/everybrainmatters.org\/wp-content\/uploads\/72962.jpg","type":"image\/jpeg"}],"twitter_card":"summary_large_image","schema":{"@context":"https:\/\/schema.org","@graph":[{"@type":"WebPage","@id":"https:\/\/everybrainmatters.org\/es\/producto\/adornos-navidenos-de-madera\/","url":"https:\/\/everybrainmatters.org\/es\/producto\/adornos-navidenos-de-madera\/","name":"Adornos navide\u00f1os de madera - Every Brain Matters","isPartOf":{"@id":"https:\/\/everybrainmatters.org\/es\/#website"},"primaryImageOfPage":{"@id":"https:\/\/everybrainmatters.org\/es\/producto\/adornos-navidenos-de-madera\/#primaryimage"},"image":{"@id":"https:\/\/everybrainmatters.org\/es\/producto\/adornos-navidenos-de-madera\/#primaryimage"},"thumbnailUrl":"https:\/\/everybrainmatters.org\/wp-content\/uploads\/72962.jpg","datePublished":"2021-12-08T17:38:45+00:00","breadcrumb":{"@id":"https:\/\/everybrainmatters.org\/es\/producto\/adornos-navidenos-de-madera\/#breadcrumb"},"inLanguage":"es-ES","potentialAction":[{"@type":"ReadAction","target":["https:\/\/everybrainmatters.org\/es\/producto\/adornos-navidenos-de-madera\/"]}]},{"@type":"ImageObject","inLanguage":"es-ES","@id":"https:\/\/everybrainmatters.org\/es\/producto\/adornos-navidenos-de-madera\/#primaryimage","url":"https:\/\/everybrainmatters.org\/wp-content\/uploads\/72962.jpg","contentUrl":"https:\/\/everybrainmatters.org\/wp-content\/uploads\/72962.jpg","width":1024,"height":1024},{"@type":"BreadcrumbList","@id":"https:\/\/everybrainmatters.org\/es\/producto\/adornos-navidenos-de-madera\/#breadcrumb","itemListElement":[{"@type":"ListItem","position":1,"name":"Home","item":"https:\/\/everybrainmatters.org\/es\/"},{"@type":"ListItem","position":2,"name":"Adornos navide\u00f1os de madera"}]},{"@type":"WebSite","@id":"https:\/\/everybrainmatters.org\/es\/#website","url":"https:\/\/everybrainmatters.org\/es\/","name":"Every Brain Matters","description":"","publisher":{"@id":"https:\/\/everybrainmatters.org\/es\/#organization"},"potentialAction":[{"@type":"SearchAction","target":{"@type":"EntryPoint","urlTemplate":"https:\/\/everybrainmatters.org\/es\/?s={search_term_string}"},"query-input":{"@type":"PropertyValueSpecification","valueRequired":true,"valueName":"search_term_string"}}],"inLanguage":"es-ES"},{"@type":"Organization","@id":"https:\/\/everybrainmatters.org\/es\/#organization","name":"Every Brain Matters","url":"https:\/\/everybrainmatters.org\/es\/","logo":{"@type":"ImageObject","inLanguage":"es-ES","@id":"https:\/\/everybrainmatters.org\/es\/#\/schema\/logo\/image\/","url":"https:\/\/everybrainmatters.org\/wp-content\/uploads\/AllBrains_3.jpg","contentUrl":"https:\/\/everybrainmatters.org\/wp-content\/uploads\/AllBrains_3.jpg","width":1000,"height":1087,"caption":"Every Brain Matters"},"image":{"@id":"https:\/\/everybrainmatters.org\/es\/#\/schema\/logo\/image\/"}}]}},"_links":{"self":[{"href":"https:\/\/everybrainmatters.org\/es\/wp-json\/wp\/v2\/product\/49402","targetHints":{"allow":["GET"]}}],"collection":[{"href":"https:\/\/everybrainmatters.org\/es\/wp-json\/wp\/v2\/product"}],"about":[{"href":"https:\/\/everybrainmatters.org\/es\/wp-json\/wp\/v2\/types\/product"}],"replies":[{"embeddable":true,"href":"https:\/\/everybrainmatters.org\/es\/wp-json\/wp\/v2\/comments?post=49402"}],"wp:featuredmedia":[{"embeddable":true,"href":"https:\/\/everybrainmatters.org\/es\/wp-json\/wp\/v2\/media\/22552"}],"wp:attachment":[{"href":"https:\/\/everybrainmatters.org\/es\/wp-json\/wp\/v2\/media?parent=49402"}],"wp:term":[{"taxonomy":"product_brand","embeddable":true,"href":"https:\/\/everybrainmatters.org\/es\/wp-json\/wp\/v2\/product_brand?post=49402"},{"taxonomy":"product_cat","embeddable":true,"href":"https:\/\/everybrainmatters.org\/es\/wp-json\/wp\/v2\/product_cat?post=49402"},{"taxonomy":"product_tag","embeddable":true,"href":"https:\/\/everybrainmatters.org\/es\/wp-json\/wp\/v2\/product_tag?post=49402"}],"curies":[{"name":"wp","href":"https:\/\/api.w.org\/{rel}","templated":true}]}}