{"id":49763,"date":"2021-10-21T23:35:41","date_gmt":"2021-10-22T04:35:41","guid":{"rendered":"https:\/\/everybrainmatters.org\/product\/sudadera-con-capucha-unisex-2\/"},"modified":"2025-11-04T14:19:56","modified_gmt":"2025-11-04T20:19:56","slug":"sudadera-con-capucha-unisex-2","status":"publish","type":"product","link":"https:\/\/everybrainmatters.org\/es\/producto\/sudadera-con-capucha-unisex-2\/","title":{"rendered":"Sudadera con capucha unisex"},"content":{"rendered":"<p>La sudadera con capucha personalizada Independent Trading Co. SS4500 con capucha personalizada. Fabricada con una mezcla de algod\u00f3n y poli\u00e9ster 80% &#8211; 20%, consigue el equilibrio perfecto entre comodidad y elasticidad. Adem\u00e1s, los ojales met\u00e1licos para los cordones de la sudadera a\u00f1aden durabilidad, mientras que la capucha forrada de punto te mantiene bien abrigado cuando hace falta.     <\/p>\n<p>.: 80% Algod\u00f3n 20% Poli\u00e9ster polar con cara de 100% Algod\u00f3n (el contenido de fibra puede variar seg\u00fan los colores)<br \/>..: Tejido semipesado (280 g\/m\u00b2)<br \/>.: Corte normal<br \/>.: Etiqueta desprendible<\/p>\n","protected":false},"excerpt":{"rendered":"<p>La sudadera con capucha personalizada Independent Trading Co. SS4500 con capucha personalizada. Fabricada con una mezcla de algod\u00f3n y poli\u00e9ster&#8230;<\/p>\n","protected":false},"featured_media":23727,"comment_status":"open","ping_status":"closed","template":"","meta":{"_acf_changed":false,"_editorskit_title_hidden":false,"_editorskit_reading_time":0,"_editorskit_is_block_options_detached":false,"_editorskit_block_options_position":"{}"},"product_brand":[],"product_cat":[3304,3327],"product_tag":[3308,3312,3309,3310,3328],"class_list":{"0":"post-49763","1":"product","2":"type-product","3":"status-publish","4":"has-post-thumbnail","6":"product_cat-ropa","7":"product_cat-sudaderas-con-capucha","8":"product_tag-cada-cerebro-importa","9":"product_tag-farmacia-de-prevencion","10":"product_tag-salud-cerebral","11":"product_tag-salud-medioambiental","12":"product_tag-sudadera-con-capucha","14":"first","15":"instock","16":"shipping-taxable","17":"purchasable","18":"product-type-variable","19":"has-default-attributes"},"acf":[],"yoast_head":"<!-- This site is optimized with the Yoast SEO plugin v26.1.1 - https:\/\/yoast.com\/wordpress\/plugins\/seo\/ -->\n<title>Sudadera con capucha unisex - Every Brain Matters<\/title>\n<meta name=\"robots\" content=\"index, follow, max-snippet:-1, max-image-preview:large, max-video-preview:-1\" \/>\n<link rel=\"canonical\" href=\"https:\/\/everybrainmatters.org\/es\/producto\/sudadera-con-capucha-unisex-2\/\" \/>\n<meta property=\"og:locale\" content=\"es_ES\" \/>\n<meta property=\"og:type\" content=\"article\" \/>\n<meta property=\"og:title\" content=\"Sudadera con capucha unisex - Every Brain Matters\" \/>\n<meta property=\"og:description\" content=\"La sudadera con capucha personalizada Independent Trading Co. SS4500 con capucha personalizada. Fabricada con una mezcla de algod\u00f3n y poli\u00e9ster...\" \/>\n<meta property=\"og:url\" content=\"https:\/\/everybrainmatters.org\/es\/producto\/sudadera-con-capucha-unisex-2\/\" \/>\n<meta property=\"og:site_name\" content=\"Every Brain Matters\" \/>\n<meta property=\"article:modified_time\" content=\"2025-11-04T20:19:56+00:00\" \/>\n<meta property=\"og:image\" content=\"https:\/\/everybrainmatters.org\/wp-content\/uploads\/73024-8.jpg\" \/>\n\t<meta property=\"og:image:width\" content=\"1024\" \/>\n\t<meta property=\"og:image:height\" content=\"1024\" \/>\n\t<meta property=\"og:image:type\" content=\"image\/jpeg\" \/>\n<meta name=\"twitter:card\" content=\"summary_large_image\" \/>\n<script type=\"application\/ld+json\" class=\"yoast-schema-graph\">{\"@context\":\"https:\/\/schema.org\",\"@graph\":[{\"@type\":\"WebPage\",\"@id\":\"https:\/\/everybrainmatters.org\/es\/producto\/sudadera-con-capucha-unisex-2\/\",\"url\":\"https:\/\/everybrainmatters.org\/es\/producto\/sudadera-con-capucha-unisex-2\/\",\"name\":\"Sudadera con capucha unisex - Every Brain Matters\",\"isPartOf\":{\"@id\":\"https:\/\/everybrainmatters.org\/es\/#website\"},\"primaryImageOfPage\":{\"@id\":\"https:\/\/everybrainmatters.org\/es\/producto\/sudadera-con-capucha-unisex-2\/#primaryimage\"},\"image\":{\"@id\":\"https:\/\/everybrainmatters.org\/es\/producto\/sudadera-con-capucha-unisex-2\/#primaryimage\"},\"thumbnailUrl\":\"https:\/\/everybrainmatters.org\/wp-content\/uploads\/73024-8.jpg\",\"datePublished\":\"2021-10-22T04:35:41+00:00\",\"dateModified\":\"2025-11-04T20:19:56+00:00\",\"breadcrumb\":{\"@id\":\"https:\/\/everybrainmatters.org\/es\/producto\/sudadera-con-capucha-unisex-2\/#breadcrumb\"},\"inLanguage\":\"es-ES\",\"potentialAction\":[{\"@type\":\"ReadAction\",\"target\":[\"https:\/\/everybrainmatters.org\/es\/producto\/sudadera-con-capucha-unisex-2\/\"]}]},{\"@type\":\"ImageObject\",\"inLanguage\":\"es-ES\",\"@id\":\"https:\/\/everybrainmatters.org\/es\/producto\/sudadera-con-capucha-unisex-2\/#primaryimage\",\"url\":\"https:\/\/everybrainmatters.org\/wp-content\/uploads\/73024-8.jpg\",\"contentUrl\":\"https:\/\/everybrainmatters.org\/wp-content\/uploads\/73024-8.jpg\",\"width\":1024,\"height\":1024},{\"@type\":\"BreadcrumbList\",\"@id\":\"https:\/\/everybrainmatters.org\/es\/producto\/sudadera-con-capucha-unisex-2\/#breadcrumb\",\"itemListElement\":[{\"@type\":\"ListItem\",\"position\":1,\"name\":\"Home\",\"item\":\"https:\/\/everybrainmatters.org\/es\/\"},{\"@type\":\"ListItem\",\"position\":2,\"name\":\"Sudadera con capucha unisex\"}]},{\"@type\":\"WebSite\",\"@id\":\"https:\/\/everybrainmatters.org\/es\/#website\",\"url\":\"https:\/\/everybrainmatters.org\/es\/\",\"name\":\"Every Brain Matters\",\"description\":\"\",\"publisher\":{\"@id\":\"https:\/\/everybrainmatters.org\/es\/#organization\"},\"potentialAction\":[{\"@type\":\"SearchAction\",\"target\":{\"@type\":\"EntryPoint\",\"urlTemplate\":\"https:\/\/everybrainmatters.org\/es\/?s={search_term_string}\"},\"query-input\":{\"@type\":\"PropertyValueSpecification\",\"valueRequired\":true,\"valueName\":\"search_term_string\"}}],\"inLanguage\":\"es-ES\"},{\"@type\":\"Organization\",\"@id\":\"https:\/\/everybrainmatters.org\/es\/#organization\",\"name\":\"Every Brain Matters\",\"url\":\"https:\/\/everybrainmatters.org\/es\/\",\"logo\":{\"@type\":\"ImageObject\",\"inLanguage\":\"es-ES\",\"@id\":\"https:\/\/everybrainmatters.org\/es\/#\/schema\/logo\/image\/\",\"url\":\"https:\/\/everybrainmatters.org\/wp-content\/uploads\/AllBrains_3.jpg\",\"contentUrl\":\"https:\/\/everybrainmatters.org\/wp-content\/uploads\/AllBrains_3.jpg\",\"width\":1000,\"height\":1087,\"caption\":\"Every Brain Matters\"},\"image\":{\"@id\":\"https:\/\/everybrainmatters.org\/es\/#\/schema\/logo\/image\/\"}}]}<\/script>\n<!-- \/ Yoast SEO plugin. -->","yoast_head_json":{"title":"Sudadera con capucha unisex - Every Brain Matters","robots":{"index":"index","follow":"follow","max-snippet":"max-snippet:-1","max-image-preview":"max-image-preview:large","max-video-preview":"max-video-preview:-1"},"canonical":"https:\/\/everybrainmatters.org\/es\/producto\/sudadera-con-capucha-unisex-2\/","og_locale":"es_ES","og_type":"article","og_title":"Sudadera con capucha unisex - Every Brain Matters","og_description":"La sudadera con capucha personalizada Independent Trading Co. SS4500 con capucha personalizada. Fabricada con una mezcla de algod\u00f3n y poli\u00e9ster...","og_url":"https:\/\/everybrainmatters.org\/es\/producto\/sudadera-con-capucha-unisex-2\/","og_site_name":"Every Brain Matters","article_modified_time":"2025-11-04T20:19:56+00:00","og_image":[{"width":1024,"height":1024,"url":"https:\/\/everybrainmatters.org\/wp-content\/uploads\/73024-8.jpg","type":"image\/jpeg"}],"twitter_card":"summary_large_image","schema":{"@context":"https:\/\/schema.org","@graph":[{"@type":"WebPage","@id":"https:\/\/everybrainmatters.org\/es\/producto\/sudadera-con-capucha-unisex-2\/","url":"https:\/\/everybrainmatters.org\/es\/producto\/sudadera-con-capucha-unisex-2\/","name":"Sudadera con capucha unisex - Every Brain Matters","isPartOf":{"@id":"https:\/\/everybrainmatters.org\/es\/#website"},"primaryImageOfPage":{"@id":"https:\/\/everybrainmatters.org\/es\/producto\/sudadera-con-capucha-unisex-2\/#primaryimage"},"image":{"@id":"https:\/\/everybrainmatters.org\/es\/producto\/sudadera-con-capucha-unisex-2\/#primaryimage"},"thumbnailUrl":"https:\/\/everybrainmatters.org\/wp-content\/uploads\/73024-8.jpg","datePublished":"2021-10-22T04:35:41+00:00","dateModified":"2025-11-04T20:19:56+00:00","breadcrumb":{"@id":"https:\/\/everybrainmatters.org\/es\/producto\/sudadera-con-capucha-unisex-2\/#breadcrumb"},"inLanguage":"es-ES","potentialAction":[{"@type":"ReadAction","target":["https:\/\/everybrainmatters.org\/es\/producto\/sudadera-con-capucha-unisex-2\/"]}]},{"@type":"ImageObject","inLanguage":"es-ES","@id":"https:\/\/everybrainmatters.org\/es\/producto\/sudadera-con-capucha-unisex-2\/#primaryimage","url":"https:\/\/everybrainmatters.org\/wp-content\/uploads\/73024-8.jpg","contentUrl":"https:\/\/everybrainmatters.org\/wp-content\/uploads\/73024-8.jpg","width":1024,"height":1024},{"@type":"BreadcrumbList","@id":"https:\/\/everybrainmatters.org\/es\/producto\/sudadera-con-capucha-unisex-2\/#breadcrumb","itemListElement":[{"@type":"ListItem","position":1,"name":"Home","item":"https:\/\/everybrainmatters.org\/es\/"},{"@type":"ListItem","position":2,"name":"Sudadera con capucha unisex"}]},{"@type":"WebSite","@id":"https:\/\/everybrainmatters.org\/es\/#website","url":"https:\/\/everybrainmatters.org\/es\/","name":"Every Brain Matters","description":"","publisher":{"@id":"https:\/\/everybrainmatters.org\/es\/#organization"},"potentialAction":[{"@type":"SearchAction","target":{"@type":"EntryPoint","urlTemplate":"https:\/\/everybrainmatters.org\/es\/?s={search_term_string}"},"query-input":{"@type":"PropertyValueSpecification","valueRequired":true,"valueName":"search_term_string"}}],"inLanguage":"es-ES"},{"@type":"Organization","@id":"https:\/\/everybrainmatters.org\/es\/#organization","name":"Every Brain Matters","url":"https:\/\/everybrainmatters.org\/es\/","logo":{"@type":"ImageObject","inLanguage":"es-ES","@id":"https:\/\/everybrainmatters.org\/es\/#\/schema\/logo\/image\/","url":"https:\/\/everybrainmatters.org\/wp-content\/uploads\/AllBrains_3.jpg","contentUrl":"https:\/\/everybrainmatters.org\/wp-content\/uploads\/AllBrains_3.jpg","width":1000,"height":1087,"caption":"Every Brain Matters"},"image":{"@id":"https:\/\/everybrainmatters.org\/es\/#\/schema\/logo\/image\/"}}]}},"_links":{"self":[{"href":"https:\/\/everybrainmatters.org\/es\/wp-json\/wp\/v2\/product\/49763","targetHints":{"allow":["GET"]}}],"collection":[{"href":"https:\/\/everybrainmatters.org\/es\/wp-json\/wp\/v2\/product"}],"about":[{"href":"https:\/\/everybrainmatters.org\/es\/wp-json\/wp\/v2\/types\/product"}],"replies":[{"embeddable":true,"href":"https:\/\/everybrainmatters.org\/es\/wp-json\/wp\/v2\/comments?post=49763"}],"wp:featuredmedia":[{"embeddable":true,"href":"https:\/\/everybrainmatters.org\/es\/wp-json\/wp\/v2\/media\/23727"}],"wp:attachment":[{"href":"https:\/\/everybrainmatters.org\/es\/wp-json\/wp\/v2\/media?parent=49763"}],"wp:term":[{"taxonomy":"product_brand","embeddable":true,"href":"https:\/\/everybrainmatters.org\/es\/wp-json\/wp\/v2\/product_brand?post=49763"},{"taxonomy":"product_cat","embeddable":true,"href":"https:\/\/everybrainmatters.org\/es\/wp-json\/wp\/v2\/product_cat?post=49763"},{"taxonomy":"product_tag","embeddable":true,"href":"https:\/\/everybrainmatters.org\/es\/wp-json\/wp\/v2\/product_tag?post=49763"}],"curies":[{"name":"wp","href":"https:\/\/api.w.org\/{rel}","templated":true}]}}