{"id":50211,"date":"2021-09-26T22:16:44","date_gmt":"2021-09-27T03:16:44","guid":{"rendered":"https:\/\/everybrainmatters.org\/product\/pegatinas-de-vinilo-redondas\/"},"modified":"2025-11-04T14:22:09","modified_gmt":"2025-11-04T20:22:09","slug":"pegatinas-de-vinilo-redondas","status":"publish","type":"product","link":"https:\/\/everybrainmatters.org\/es\/producto\/pegatinas-de-vinilo-redondas\/","title":{"rendered":"Pegatinas de vinilo redondas"},"content":{"rendered":"<p>Las pegatinas circulares personalizadas son estupendas para a\u00f1adir un toque de personalidad a cualquier superficie. Duran m\u00e1s de seis a\u00f1os gracias a su producci\u00f3n de alta calidad. Los materiales de base son vinilo de primera calidad y tintas vibrantes. La capa de dise\u00f1o est\u00e1 cubierta por un laminado resistente a los rayos UV. Si es necesario retirarlo, el soporte adhesivo no dejar\u00e1 residuos.    <\/p>\n<p>.: Para uso interior o exterior<br \/>\n.: Adhesivo pegajoso impermeable<br \/>\n.: Soporte f\u00e1cil de despegar<br \/>\n.: Acabado mate<\/p>\n","protected":false},"excerpt":{"rendered":"<p>Las pegatinas circulares personalizadas son estupendas para a\u00f1adir un toque de personalidad a cualquier superficie. Duran m\u00e1s de seis a\u00f1os&#8230;<\/p>\n","protected":false},"featured_media":21368,"comment_status":"open","ping_status":"closed","template":"","meta":{"_acf_changed":false,"_editorskit_title_hidden":false,"_editorskit_reading_time":0,"_editorskit_is_block_options_detached":false,"_editorskit_block_options_position":"{}"},"product_brand":[],"product_cat":[3321,3338],"product_tag":[3308,3312,3339,3309,3310],"class_list":{"0":"post-50211","1":"product","2":"type-product","3":"status-publish","4":"has-post-thumbnail","6":"product_cat-decoracion","7":"product_cat-pegatinas","8":"product_tag-cada-cerebro-importa","9":"product_tag-farmacia-de-prevencion","10":"product_tag-pegatinas","11":"product_tag-salud-cerebral","12":"product_tag-salud-medioambiental","14":"first","15":"instock","16":"shipping-taxable","17":"purchasable","18":"product-type-variable","19":"has-default-attributes"},"acf":[],"yoast_head":"<!-- This site is optimized with the Yoast SEO plugin v26.1.1 - https:\/\/yoast.com\/wordpress\/plugins\/seo\/ -->\n<title>Pegatinas de vinilo redondas - Every Brain Matters<\/title>\n<meta name=\"robots\" content=\"index, follow, max-snippet:-1, max-image-preview:large, max-video-preview:-1\" \/>\n<link rel=\"canonical\" href=\"https:\/\/everybrainmatters.org\/es\/producto\/pegatinas-de-vinilo-redondas\/\" \/>\n<meta property=\"og:locale\" content=\"es_ES\" \/>\n<meta property=\"og:type\" content=\"article\" \/>\n<meta property=\"og:title\" content=\"Pegatinas de vinilo redondas - Every Brain Matters\" \/>\n<meta property=\"og:description\" content=\"Las pegatinas circulares personalizadas son estupendas para a\u00f1adir un toque de personalidad a cualquier superficie. Duran m\u00e1s de seis a\u00f1os...\" \/>\n<meta property=\"og:url\" content=\"https:\/\/everybrainmatters.org\/es\/producto\/pegatinas-de-vinilo-redondas\/\" \/>\n<meta property=\"og:site_name\" content=\"Every Brain Matters\" \/>\n<meta property=\"article:modified_time\" content=\"2025-11-04T20:22:09+00:00\" \/>\n<meta property=\"og:image\" content=\"https:\/\/everybrainmatters.org\/wp-content\/uploads\/70879.jpg\" \/>\n\t<meta property=\"og:image:width\" content=\"1024\" \/>\n\t<meta property=\"og:image:height\" content=\"1024\" \/>\n\t<meta property=\"og:image:type\" content=\"image\/jpeg\" \/>\n<meta name=\"twitter:card\" content=\"summary_large_image\" \/>\n<script type=\"application\/ld+json\" class=\"yoast-schema-graph\">{\"@context\":\"https:\/\/schema.org\",\"@graph\":[{\"@type\":\"WebPage\",\"@id\":\"https:\/\/everybrainmatters.org\/es\/producto\/pegatinas-de-vinilo-redondas\/\",\"url\":\"https:\/\/everybrainmatters.org\/es\/producto\/pegatinas-de-vinilo-redondas\/\",\"name\":\"Pegatinas de vinilo redondas - Every Brain Matters\",\"isPartOf\":{\"@id\":\"https:\/\/everybrainmatters.org\/es\/#website\"},\"primaryImageOfPage\":{\"@id\":\"https:\/\/everybrainmatters.org\/es\/producto\/pegatinas-de-vinilo-redondas\/#primaryimage\"},\"image\":{\"@id\":\"https:\/\/everybrainmatters.org\/es\/producto\/pegatinas-de-vinilo-redondas\/#primaryimage\"},\"thumbnailUrl\":\"https:\/\/everybrainmatters.org\/wp-content\/uploads\/70879.jpg\",\"datePublished\":\"2021-09-27T03:16:44+00:00\",\"dateModified\":\"2025-11-04T20:22:09+00:00\",\"breadcrumb\":{\"@id\":\"https:\/\/everybrainmatters.org\/es\/producto\/pegatinas-de-vinilo-redondas\/#breadcrumb\"},\"inLanguage\":\"es-ES\",\"potentialAction\":[{\"@type\":\"ReadAction\",\"target\":[\"https:\/\/everybrainmatters.org\/es\/producto\/pegatinas-de-vinilo-redondas\/\"]}]},{\"@type\":\"ImageObject\",\"inLanguage\":\"es-ES\",\"@id\":\"https:\/\/everybrainmatters.org\/es\/producto\/pegatinas-de-vinilo-redondas\/#primaryimage\",\"url\":\"https:\/\/everybrainmatters.org\/wp-content\/uploads\/70879.jpg\",\"contentUrl\":\"https:\/\/everybrainmatters.org\/wp-content\/uploads\/70879.jpg\",\"width\":1024,\"height\":1024},{\"@type\":\"BreadcrumbList\",\"@id\":\"https:\/\/everybrainmatters.org\/es\/producto\/pegatinas-de-vinilo-redondas\/#breadcrumb\",\"itemListElement\":[{\"@type\":\"ListItem\",\"position\":1,\"name\":\"Home\",\"item\":\"https:\/\/everybrainmatters.org\/es\/\"},{\"@type\":\"ListItem\",\"position\":2,\"name\":\"Pegatinas de vinilo redondas\"}]},{\"@type\":\"WebSite\",\"@id\":\"https:\/\/everybrainmatters.org\/es\/#website\",\"url\":\"https:\/\/everybrainmatters.org\/es\/\",\"name\":\"Every Brain Matters\",\"description\":\"\",\"publisher\":{\"@id\":\"https:\/\/everybrainmatters.org\/es\/#organization\"},\"potentialAction\":[{\"@type\":\"SearchAction\",\"target\":{\"@type\":\"EntryPoint\",\"urlTemplate\":\"https:\/\/everybrainmatters.org\/es\/?s={search_term_string}\"},\"query-input\":{\"@type\":\"PropertyValueSpecification\",\"valueRequired\":true,\"valueName\":\"search_term_string\"}}],\"inLanguage\":\"es-ES\"},{\"@type\":\"Organization\",\"@id\":\"https:\/\/everybrainmatters.org\/es\/#organization\",\"name\":\"Every Brain Matters\",\"url\":\"https:\/\/everybrainmatters.org\/es\/\",\"logo\":{\"@type\":\"ImageObject\",\"inLanguage\":\"es-ES\",\"@id\":\"https:\/\/everybrainmatters.org\/es\/#\/schema\/logo\/image\/\",\"url\":\"https:\/\/everybrainmatters.org\/wp-content\/uploads\/AllBrains_3.jpg\",\"contentUrl\":\"https:\/\/everybrainmatters.org\/wp-content\/uploads\/AllBrains_3.jpg\",\"width\":1000,\"height\":1087,\"caption\":\"Every Brain Matters\"},\"image\":{\"@id\":\"https:\/\/everybrainmatters.org\/es\/#\/schema\/logo\/image\/\"}}]}<\/script>\n<!-- \/ Yoast SEO plugin. -->","yoast_head_json":{"title":"Pegatinas de vinilo redondas - Every Brain Matters","robots":{"index":"index","follow":"follow","max-snippet":"max-snippet:-1","max-image-preview":"max-image-preview:large","max-video-preview":"max-video-preview:-1"},"canonical":"https:\/\/everybrainmatters.org\/es\/producto\/pegatinas-de-vinilo-redondas\/","og_locale":"es_ES","og_type":"article","og_title":"Pegatinas de vinilo redondas - Every Brain Matters","og_description":"Las pegatinas circulares personalizadas son estupendas para a\u00f1adir un toque de personalidad a cualquier superficie. Duran m\u00e1s de seis a\u00f1os...","og_url":"https:\/\/everybrainmatters.org\/es\/producto\/pegatinas-de-vinilo-redondas\/","og_site_name":"Every Brain Matters","article_modified_time":"2025-11-04T20:22:09+00:00","og_image":[{"width":1024,"height":1024,"url":"https:\/\/everybrainmatters.org\/wp-content\/uploads\/70879.jpg","type":"image\/jpeg"}],"twitter_card":"summary_large_image","schema":{"@context":"https:\/\/schema.org","@graph":[{"@type":"WebPage","@id":"https:\/\/everybrainmatters.org\/es\/producto\/pegatinas-de-vinilo-redondas\/","url":"https:\/\/everybrainmatters.org\/es\/producto\/pegatinas-de-vinilo-redondas\/","name":"Pegatinas de vinilo redondas - Every Brain Matters","isPartOf":{"@id":"https:\/\/everybrainmatters.org\/es\/#website"},"primaryImageOfPage":{"@id":"https:\/\/everybrainmatters.org\/es\/producto\/pegatinas-de-vinilo-redondas\/#primaryimage"},"image":{"@id":"https:\/\/everybrainmatters.org\/es\/producto\/pegatinas-de-vinilo-redondas\/#primaryimage"},"thumbnailUrl":"https:\/\/everybrainmatters.org\/wp-content\/uploads\/70879.jpg","datePublished":"2021-09-27T03:16:44+00:00","dateModified":"2025-11-04T20:22:09+00:00","breadcrumb":{"@id":"https:\/\/everybrainmatters.org\/es\/producto\/pegatinas-de-vinilo-redondas\/#breadcrumb"},"inLanguage":"es-ES","potentialAction":[{"@type":"ReadAction","target":["https:\/\/everybrainmatters.org\/es\/producto\/pegatinas-de-vinilo-redondas\/"]}]},{"@type":"ImageObject","inLanguage":"es-ES","@id":"https:\/\/everybrainmatters.org\/es\/producto\/pegatinas-de-vinilo-redondas\/#primaryimage","url":"https:\/\/everybrainmatters.org\/wp-content\/uploads\/70879.jpg","contentUrl":"https:\/\/everybrainmatters.org\/wp-content\/uploads\/70879.jpg","width":1024,"height":1024},{"@type":"BreadcrumbList","@id":"https:\/\/everybrainmatters.org\/es\/producto\/pegatinas-de-vinilo-redondas\/#breadcrumb","itemListElement":[{"@type":"ListItem","position":1,"name":"Home","item":"https:\/\/everybrainmatters.org\/es\/"},{"@type":"ListItem","position":2,"name":"Pegatinas de vinilo redondas"}]},{"@type":"WebSite","@id":"https:\/\/everybrainmatters.org\/es\/#website","url":"https:\/\/everybrainmatters.org\/es\/","name":"Every Brain Matters","description":"","publisher":{"@id":"https:\/\/everybrainmatters.org\/es\/#organization"},"potentialAction":[{"@type":"SearchAction","target":{"@type":"EntryPoint","urlTemplate":"https:\/\/everybrainmatters.org\/es\/?s={search_term_string}"},"query-input":{"@type":"PropertyValueSpecification","valueRequired":true,"valueName":"search_term_string"}}],"inLanguage":"es-ES"},{"@type":"Organization","@id":"https:\/\/everybrainmatters.org\/es\/#organization","name":"Every Brain Matters","url":"https:\/\/everybrainmatters.org\/es\/","logo":{"@type":"ImageObject","inLanguage":"es-ES","@id":"https:\/\/everybrainmatters.org\/es\/#\/schema\/logo\/image\/","url":"https:\/\/everybrainmatters.org\/wp-content\/uploads\/AllBrains_3.jpg","contentUrl":"https:\/\/everybrainmatters.org\/wp-content\/uploads\/AllBrains_3.jpg","width":1000,"height":1087,"caption":"Every Brain Matters"},"image":{"@id":"https:\/\/everybrainmatters.org\/es\/#\/schema\/logo\/image\/"}}]}},"_links":{"self":[{"href":"https:\/\/everybrainmatters.org\/es\/wp-json\/wp\/v2\/product\/50211","targetHints":{"allow":["GET"]}}],"collection":[{"href":"https:\/\/everybrainmatters.org\/es\/wp-json\/wp\/v2\/product"}],"about":[{"href":"https:\/\/everybrainmatters.org\/es\/wp-json\/wp\/v2\/types\/product"}],"replies":[{"embeddable":true,"href":"https:\/\/everybrainmatters.org\/es\/wp-json\/wp\/v2\/comments?post=50211"}],"wp:featuredmedia":[{"embeddable":true,"href":"https:\/\/everybrainmatters.org\/es\/wp-json\/wp\/v2\/media\/21368"}],"wp:attachment":[{"href":"https:\/\/everybrainmatters.org\/es\/wp-json\/wp\/v2\/media?parent=50211"}],"wp:term":[{"taxonomy":"product_brand","embeddable":true,"href":"https:\/\/everybrainmatters.org\/es\/wp-json\/wp\/v2\/product_brand?post=50211"},{"taxonomy":"product_cat","embeddable":true,"href":"https:\/\/everybrainmatters.org\/es\/wp-json\/wp\/v2\/product_cat?post=50211"},{"taxonomy":"product_tag","embeddable":true,"href":"https:\/\/everybrainmatters.org\/es\/wp-json\/wp\/v2\/product_tag?post=50211"}],"curies":[{"name":"wp","href":"https:\/\/api.w.org\/{rel}","templated":true}]}}