{"id":50545,"date":"2021-09-26T17:44:38","date_gmt":"2021-09-26T22:44:38","guid":{"rendered":"https:\/\/everybrainmatters.org\/product\/taza-negra-15oz\/"},"modified":"2025-11-04T14:21:59","modified_gmt":"2025-11-04T20:21:59","slug":"taza-negra-15oz","status":"publish","type":"product","link":"https:\/\/everybrainmatters.org\/es\/producto\/taza-negra-15oz\/","title":{"rendered":"Taza Negra 15oz"},"content":{"rendered":"<p>\u00a1No te quedes nunca sin tu bebida caliente favorita! Taza de cer\u00e1mica resistente de gran tama\u00f1o en el siempre de moda color negro. La impresi\u00f3n por sublimaci\u00f3n de alta calidad la convierte en un regalo apreciado por todos los verdaderos amantes del caf\u00e9 o el t\u00e9, que siempre piden que se la rellenen.  <\/p>\n<p>.: Cer\u00e1mica negra<br \/>.: 0,44 l (15 oz)<br \/>.: Esquinas redondeadas<br \/>.: Asa en C<br \/>.: NOTA La impresi\u00f3n en negro sobre una taza negra puede diferir en los tonos, utiliza un fondo transparente <\/p>\n","protected":false},"excerpt":{"rendered":"<p>\u00a1No te quedes nunca sin tu bebida caliente favorita! Taza de cer\u00e1mica resistente de gran tama\u00f1o en el siempre de&#8230;<\/p>\n","protected":false},"featured_media":28099,"comment_status":"open","ping_status":"closed","template":"","meta":{"_acf_changed":false,"_editorskit_title_hidden":false,"_editorskit_reading_time":0,"_editorskit_is_block_options_detached":false,"_editorskit_block_options_position":"{}"},"product_brand":[],"product_cat":[3306,3315,3342,3305,3350,3343],"product_tag":[3308,3312,3344,3341,3309,3351,3347,3340],"class_list":{"0":"post-50545","1":"product","2":"type-product","3":"status-publish","4":"has-post-thumbnail","6":"product_cat-accesorios","7":"product_cat-accesorios-2","8":"product_cat-halloween","9":"product_cat-mercancia","10":"product_cat-taza-de-cafe","11":"product_cat-zombis","12":"product_tag-cada-cerebro-importa","13":"product_tag-farmacia-de-prevencion","14":"product_tag-halloween","15":"product_tag-incluso-a-los-zombis-les-gustan-los-cerebros-sanos","16":"product_tag-salud-cerebral","17":"product_tag-taza-de-cafe","18":"product_tag-un-truco-no-un-trato","19":"product_tag-zombis","21":"first","22":"instock","23":"shipping-taxable","24":"purchasable","25":"product-type-variable","26":"has-default-attributes"},"acf":[],"yoast_head":"<!-- This site is optimized with the Yoast SEO plugin v26.1.1 - https:\/\/yoast.com\/wordpress\/plugins\/seo\/ -->\n<title>Taza Negra 15oz - Every Brain Matters<\/title>\n<meta name=\"robots\" content=\"index, follow, max-snippet:-1, max-image-preview:large, max-video-preview:-1\" \/>\n<link rel=\"canonical\" href=\"https:\/\/everybrainmatters.org\/es\/producto\/taza-negra-15oz\/\" \/>\n<meta property=\"og:locale\" content=\"es_ES\" \/>\n<meta property=\"og:type\" content=\"article\" \/>\n<meta property=\"og:title\" content=\"Taza Negra 15oz - Every Brain Matters\" \/>\n<meta property=\"og:description\" content=\"\u00a1No te quedes nunca sin tu bebida caliente favorita! Taza de cer\u00e1mica resistente de gran tama\u00f1o en el siempre de...\" \/>\n<meta property=\"og:url\" content=\"https:\/\/everybrainmatters.org\/es\/producto\/taza-negra-15oz\/\" \/>\n<meta property=\"og:site_name\" content=\"Every Brain Matters\" \/>\n<meta property=\"article:modified_time\" content=\"2025-11-04T20:21:59+00:00\" \/>\n<meta property=\"og:image\" content=\"https:\/\/everybrainmatters.org\/wp-content\/uploads\/43021-12.jpg\" \/>\n\t<meta property=\"og:image:width\" content=\"1200\" \/>\n\t<meta property=\"og:image:height\" content=\"1200\" \/>\n\t<meta property=\"og:image:type\" content=\"image\/jpeg\" \/>\n<meta name=\"twitter:card\" content=\"summary_large_image\" \/>\n<script type=\"application\/ld+json\" class=\"yoast-schema-graph\">{\"@context\":\"https:\/\/schema.org\",\"@graph\":[{\"@type\":\"WebPage\",\"@id\":\"https:\/\/everybrainmatters.org\/es\/producto\/taza-negra-15oz\/\",\"url\":\"https:\/\/everybrainmatters.org\/es\/producto\/taza-negra-15oz\/\",\"name\":\"Taza Negra 15oz - Every Brain Matters\",\"isPartOf\":{\"@id\":\"https:\/\/everybrainmatters.org\/es\/#website\"},\"primaryImageOfPage\":{\"@id\":\"https:\/\/everybrainmatters.org\/es\/producto\/taza-negra-15oz\/#primaryimage\"},\"image\":{\"@id\":\"https:\/\/everybrainmatters.org\/es\/producto\/taza-negra-15oz\/#primaryimage\"},\"thumbnailUrl\":\"https:\/\/everybrainmatters.org\/wp-content\/uploads\/43021-12.jpg\",\"datePublished\":\"2021-09-26T22:44:38+00:00\",\"dateModified\":\"2025-11-04T20:21:59+00:00\",\"breadcrumb\":{\"@id\":\"https:\/\/everybrainmatters.org\/es\/producto\/taza-negra-15oz\/#breadcrumb\"},\"inLanguage\":\"es-ES\",\"potentialAction\":[{\"@type\":\"ReadAction\",\"target\":[\"https:\/\/everybrainmatters.org\/es\/producto\/taza-negra-15oz\/\"]}]},{\"@type\":\"ImageObject\",\"inLanguage\":\"es-ES\",\"@id\":\"https:\/\/everybrainmatters.org\/es\/producto\/taza-negra-15oz\/#primaryimage\",\"url\":\"https:\/\/everybrainmatters.org\/wp-content\/uploads\/43021-12.jpg\",\"contentUrl\":\"https:\/\/everybrainmatters.org\/wp-content\/uploads\/43021-12.jpg\",\"width\":1200,\"height\":1200},{\"@type\":\"BreadcrumbList\",\"@id\":\"https:\/\/everybrainmatters.org\/es\/producto\/taza-negra-15oz\/#breadcrumb\",\"itemListElement\":[{\"@type\":\"ListItem\",\"position\":1,\"name\":\"Home\",\"item\":\"https:\/\/everybrainmatters.org\/es\/\"},{\"@type\":\"ListItem\",\"position\":2,\"name\":\"Taza Negra 15oz\"}]},{\"@type\":\"WebSite\",\"@id\":\"https:\/\/everybrainmatters.org\/es\/#website\",\"url\":\"https:\/\/everybrainmatters.org\/es\/\",\"name\":\"Every Brain Matters\",\"description\":\"\",\"publisher\":{\"@id\":\"https:\/\/everybrainmatters.org\/es\/#organization\"},\"potentialAction\":[{\"@type\":\"SearchAction\",\"target\":{\"@type\":\"EntryPoint\",\"urlTemplate\":\"https:\/\/everybrainmatters.org\/es\/?s={search_term_string}\"},\"query-input\":{\"@type\":\"PropertyValueSpecification\",\"valueRequired\":true,\"valueName\":\"search_term_string\"}}],\"inLanguage\":\"es-ES\"},{\"@type\":\"Organization\",\"@id\":\"https:\/\/everybrainmatters.org\/es\/#organization\",\"name\":\"Every Brain Matters\",\"url\":\"https:\/\/everybrainmatters.org\/es\/\",\"logo\":{\"@type\":\"ImageObject\",\"inLanguage\":\"es-ES\",\"@id\":\"https:\/\/everybrainmatters.org\/es\/#\/schema\/logo\/image\/\",\"url\":\"https:\/\/everybrainmatters.org\/wp-content\/uploads\/AllBrains_3.jpg\",\"contentUrl\":\"https:\/\/everybrainmatters.org\/wp-content\/uploads\/AllBrains_3.jpg\",\"width\":1000,\"height\":1087,\"caption\":\"Every Brain Matters\"},\"image\":{\"@id\":\"https:\/\/everybrainmatters.org\/es\/#\/schema\/logo\/image\/\"}}]}<\/script>\n<!-- \/ Yoast SEO plugin. -->","yoast_head_json":{"title":"Taza Negra 15oz - Every Brain Matters","robots":{"index":"index","follow":"follow","max-snippet":"max-snippet:-1","max-image-preview":"max-image-preview:large","max-video-preview":"max-video-preview:-1"},"canonical":"https:\/\/everybrainmatters.org\/es\/producto\/taza-negra-15oz\/","og_locale":"es_ES","og_type":"article","og_title":"Taza Negra 15oz - Every Brain Matters","og_description":"\u00a1No te quedes nunca sin tu bebida caliente favorita! Taza de cer\u00e1mica resistente de gran tama\u00f1o en el siempre de...","og_url":"https:\/\/everybrainmatters.org\/es\/producto\/taza-negra-15oz\/","og_site_name":"Every Brain Matters","article_modified_time":"2025-11-04T20:21:59+00:00","og_image":[{"width":1200,"height":1200,"url":"https:\/\/everybrainmatters.org\/wp-content\/uploads\/43021-12.jpg","type":"image\/jpeg"}],"twitter_card":"summary_large_image","schema":{"@context":"https:\/\/schema.org","@graph":[{"@type":"WebPage","@id":"https:\/\/everybrainmatters.org\/es\/producto\/taza-negra-15oz\/","url":"https:\/\/everybrainmatters.org\/es\/producto\/taza-negra-15oz\/","name":"Taza Negra 15oz - Every Brain Matters","isPartOf":{"@id":"https:\/\/everybrainmatters.org\/es\/#website"},"primaryImageOfPage":{"@id":"https:\/\/everybrainmatters.org\/es\/producto\/taza-negra-15oz\/#primaryimage"},"image":{"@id":"https:\/\/everybrainmatters.org\/es\/producto\/taza-negra-15oz\/#primaryimage"},"thumbnailUrl":"https:\/\/everybrainmatters.org\/wp-content\/uploads\/43021-12.jpg","datePublished":"2021-09-26T22:44:38+00:00","dateModified":"2025-11-04T20:21:59+00:00","breadcrumb":{"@id":"https:\/\/everybrainmatters.org\/es\/producto\/taza-negra-15oz\/#breadcrumb"},"inLanguage":"es-ES","potentialAction":[{"@type":"ReadAction","target":["https:\/\/everybrainmatters.org\/es\/producto\/taza-negra-15oz\/"]}]},{"@type":"ImageObject","inLanguage":"es-ES","@id":"https:\/\/everybrainmatters.org\/es\/producto\/taza-negra-15oz\/#primaryimage","url":"https:\/\/everybrainmatters.org\/wp-content\/uploads\/43021-12.jpg","contentUrl":"https:\/\/everybrainmatters.org\/wp-content\/uploads\/43021-12.jpg","width":1200,"height":1200},{"@type":"BreadcrumbList","@id":"https:\/\/everybrainmatters.org\/es\/producto\/taza-negra-15oz\/#breadcrumb","itemListElement":[{"@type":"ListItem","position":1,"name":"Home","item":"https:\/\/everybrainmatters.org\/es\/"},{"@type":"ListItem","position":2,"name":"Taza Negra 15oz"}]},{"@type":"WebSite","@id":"https:\/\/everybrainmatters.org\/es\/#website","url":"https:\/\/everybrainmatters.org\/es\/","name":"Every Brain Matters","description":"","publisher":{"@id":"https:\/\/everybrainmatters.org\/es\/#organization"},"potentialAction":[{"@type":"SearchAction","target":{"@type":"EntryPoint","urlTemplate":"https:\/\/everybrainmatters.org\/es\/?s={search_term_string}"},"query-input":{"@type":"PropertyValueSpecification","valueRequired":true,"valueName":"search_term_string"}}],"inLanguage":"es-ES"},{"@type":"Organization","@id":"https:\/\/everybrainmatters.org\/es\/#organization","name":"Every Brain Matters","url":"https:\/\/everybrainmatters.org\/es\/","logo":{"@type":"ImageObject","inLanguage":"es-ES","@id":"https:\/\/everybrainmatters.org\/es\/#\/schema\/logo\/image\/","url":"https:\/\/everybrainmatters.org\/wp-content\/uploads\/AllBrains_3.jpg","contentUrl":"https:\/\/everybrainmatters.org\/wp-content\/uploads\/AllBrains_3.jpg","width":1000,"height":1087,"caption":"Every Brain Matters"},"image":{"@id":"https:\/\/everybrainmatters.org\/es\/#\/schema\/logo\/image\/"}}]}},"_links":{"self":[{"href":"https:\/\/everybrainmatters.org\/es\/wp-json\/wp\/v2\/product\/50545","targetHints":{"allow":["GET"]}}],"collection":[{"href":"https:\/\/everybrainmatters.org\/es\/wp-json\/wp\/v2\/product"}],"about":[{"href":"https:\/\/everybrainmatters.org\/es\/wp-json\/wp\/v2\/types\/product"}],"replies":[{"embeddable":true,"href":"https:\/\/everybrainmatters.org\/es\/wp-json\/wp\/v2\/comments?post=50545"}],"wp:featuredmedia":[{"embeddable":true,"href":"https:\/\/everybrainmatters.org\/es\/wp-json\/wp\/v2\/media\/28099"}],"wp:attachment":[{"href":"https:\/\/everybrainmatters.org\/es\/wp-json\/wp\/v2\/media?parent=50545"}],"wp:term":[{"taxonomy":"product_brand","embeddable":true,"href":"https:\/\/everybrainmatters.org\/es\/wp-json\/wp\/v2\/product_brand?post=50545"},{"taxonomy":"product_cat","embeddable":true,"href":"https:\/\/everybrainmatters.org\/es\/wp-json\/wp\/v2\/product_cat?post=50545"},{"taxonomy":"product_tag","embeddable":true,"href":"https:\/\/everybrainmatters.org\/es\/wp-json\/wp\/v2\/product_tag?post=50545"}],"curies":[{"name":"wp","href":"https:\/\/api.w.org\/{rel}","templated":true}]}}