{"id":50709,"date":"2021-09-27T22:14:36","date_gmt":"2021-09-28T03:14:36","guid":{"rendered":"https:\/\/everybrainmatters.org\/product\/sudadera-juvenil-con-capucha-de-mezcla-pesada\/"},"modified":"2021-09-27T22:14:36","modified_gmt":"2021-09-28T03:14:36","slug":"sudadera-juvenil-con-capucha-de-mezcla-pesada","status":"publish","type":"product","link":"https:\/\/everybrainmatters.org\/es\/producto\/sudadera-juvenil-con-capucha-de-mezcla-pesada\/","title":{"rendered":"Sudadera Juvenil con Capucha de Mezcla Pesada"},"content":{"rendered":"<table id=\"size-guide\" style=\"min-width: 360px\">\n<thead>\n<tr>\n<th style=\"padding: 10px\"> <\/th>\n<th style=\"color: #000000;font-weight: 500;text-align: left;font-size: 15px;padding: 10px\">S<\/th>\n<th style=\"color: #000000;font-weight: 500;text-align: left;font-size: 15px;padding: 10px\">M<\/th>\n<th style=\"color: #000000;font-weight: 500;text-align: left;font-size: 15px;padding: 10px\">L<\/th>\n<th style=\"color: #000000;font-weight: 500;text-align: left;font-size: 15px;padding: 10px\">XL<\/th>\n<\/tr>\n<\/thead>\n<tbody>\n<tr>\n<td style=\"padding: 10px;color: #525252;font-size: 15px;border-top: 1px solid #ededed\">Anchura, pulg.<\/td>\n<td style=\"padding: 10px;color: #525252;font-size: 15px;border-top: 1px solid #ededed\">16.93<\/td>\n<td style=\"padding: 10px;color: #525252;font-size: 15px;border-top: 1px solid #ededed\">18.11<\/td>\n<td style=\"padding: 10px;color: #525252;font-size: 15px;border-top: 1px solid #ededed\">18.90<\/td>\n<td style=\"padding: 10px;color: #525252;font-size: 15px;border-top: 1px solid #ededed\">20.08<\/td>\n<\/tr>\n<tr>\n<td style=\"padding: 10px;color: #525252;font-size: 15px;border-top: 1px solid #ededed\">Longitud, pulg.<\/td>\n<td style=\"padding: 10px;color: #525252;font-size: 15px;border-top: 1px solid #ededed\">21.26<\/td>\n<td style=\"padding: 10px;color: #525252;font-size: 15px;border-top: 1px solid #ededed\">22.44<\/td>\n<td style=\"padding: 10px;color: #525252;font-size: 15px;border-top: 1px solid #ededed\">24.02<\/td>\n<td style=\"padding: 10px;color: #525252;font-size: 15px;border-top: 1px solid #ededed\">25.59<\/td>\n<\/tr>\n<tr>\n<td style=\"padding: 10px;color: #525252;font-size: 15px;border-top: 1px solid #ededed\">Longitud de la manga, pulg.<\/td>\n<td style=\"padding: 10px;color: #525252;font-size: 15px;border-top: 1px solid #ededed\">19.49<\/td>\n<td style=\"padding: 10px;color: #525252;font-size: 15px;border-top: 1px solid #ededed\">22.48<\/td>\n<td style=\"padding: 10px;color: #525252;font-size: 15px;border-top: 1px solid #ededed\">25.47<\/td>\n<td style=\"padding: 10px;color: #525252;font-size: 15px;border-top: 1px solid #ededed\">28.50<\/td>\n<\/tr>\n<\/tbody>\n<\/table>\n<p>La sudadera con capucha de mezcla juvenil est\u00e1 hecha de vell\u00f3n ultrasuave preencogido de tacto agradable sobre la piel. La prenda tiene un 50% de algod\u00f3n y un 50% de poli\u00e9ster, lo que reduce la formaci\u00f3n de pelusa. Esto hace una combinaci\u00f3n excelente para la impresi\u00f3n. La parte delantera tiene un bolsillo canguro suficientemente grande para ambas manos. El cuello est\u00e1 reforzado con cinta de sarga.    <\/p>\n<p>.: 50% Algod\u00f3n 50% Poli\u00e9ster (el contenido de fibra puede variar seg\u00fan los colores)<br \/>.: Tejido medio (7,75 oz \/yd\u00b2 (262 g\/m\u00b2))<br \/>.: Corte normal<br \/>.: Etiqueta cosida<br \/>.: Se ajusta a la talla<\/p>\n","protected":false},"excerpt":{"rendered":"<p>S M L XL Anchura, pulg. 16.93 18.11 18.90 20.08 Longitud, pulg. 21.26 22.44 24.02 25.59 Longitud de la manga,&#8230;<\/p>\n","protected":false},"featured_media":27949,"comment_status":"open","ping_status":"closed","template":"","meta":{"_acf_changed":false,"_editorskit_title_hidden":false,"_editorskit_reading_time":0,"_editorskit_is_block_options_detached":false,"_editorskit_block_options_position":"{}"},"product_brand":[],"product_cat":[3342,3304,3327,3343],"product_tag":[3312,3344,3341,3309,3328,3345,3347,3340],"class_list":{"0":"post-50709","1":"product","2":"type-product","3":"status-publish","4":"has-post-thumbnail","6":"product_cat-halloween","7":"product_cat-ropa","8":"product_cat-sudaderas-con-capucha","9":"product_cat-zombis","10":"product_tag-farmacia-de-prevencion","11":"product_tag-halloween","12":"product_tag-incluso-a-los-zombis-les-gustan-los-cerebros-sanos","13":"product_tag-salud-cerebral","14":"product_tag-sudadera-con-capucha","15":"product_tag-tienda-cada-cerebro-importa","16":"product_tag-un-truco-no-un-trato","17":"product_tag-zombis","19":"first","20":"instock","21":"shipping-taxable","22":"purchasable","23":"product-type-variable","24":"has-default-attributes"},"acf":[],"yoast_head":"<!-- This site is optimized with the Yoast SEO plugin v26.1.1 - https:\/\/yoast.com\/wordpress\/plugins\/seo\/ -->\n<title>Sudadera Juvenil con Capucha de Mezcla Pesada - Every Brain Matters<\/title>\n<meta name=\"robots\" content=\"index, follow, max-snippet:-1, max-image-preview:large, max-video-preview:-1\" \/>\n<link rel=\"canonical\" href=\"https:\/\/everybrainmatters.org\/es\/producto\/sudadera-juvenil-con-capucha-de-mezcla-pesada\/\" \/>\n<meta property=\"og:locale\" content=\"es_ES\" \/>\n<meta property=\"og:type\" content=\"article\" \/>\n<meta property=\"og:title\" content=\"Sudadera Juvenil con Capucha de Mezcla Pesada - Every Brain Matters\" \/>\n<meta property=\"og:description\" content=\"S M L XL Anchura, pulg. 16.93 18.11 18.90 20.08 Longitud, pulg. 21.26 22.44 24.02 25.59 Longitud de la manga,...\" \/>\n<meta property=\"og:url\" content=\"https:\/\/everybrainmatters.org\/es\/producto\/sudadera-juvenil-con-capucha-de-mezcla-pesada\/\" \/>\n<meta property=\"og:site_name\" content=\"Every Brain Matters\" \/>\n<meta property=\"og:image\" content=\"https:\/\/everybrainmatters.org\/wp-content\/uploads\/43913-4.png\" \/>\n\t<meta property=\"og:image:width\" content=\"1200\" \/>\n\t<meta property=\"og:image:height\" content=\"1200\" \/>\n\t<meta property=\"og:image:type\" content=\"image\/png\" \/>\n<meta name=\"twitter:card\" content=\"summary_large_image\" \/>\n<meta name=\"twitter:label1\" content=\"Est. reading time\" \/>\n\t<meta name=\"twitter:data1\" content=\"1 minuto\" \/>\n<script type=\"application\/ld+json\" class=\"yoast-schema-graph\">{\"@context\":\"https:\/\/schema.org\",\"@graph\":[{\"@type\":\"WebPage\",\"@id\":\"https:\/\/everybrainmatters.org\/es\/producto\/sudadera-juvenil-con-capucha-de-mezcla-pesada\/\",\"url\":\"https:\/\/everybrainmatters.org\/es\/producto\/sudadera-juvenil-con-capucha-de-mezcla-pesada\/\",\"name\":\"Sudadera Juvenil con Capucha de Mezcla Pesada - Every Brain Matters\",\"isPartOf\":{\"@id\":\"https:\/\/everybrainmatters.org\/es\/#website\"},\"primaryImageOfPage\":{\"@id\":\"https:\/\/everybrainmatters.org\/es\/producto\/sudadera-juvenil-con-capucha-de-mezcla-pesada\/#primaryimage\"},\"image\":{\"@id\":\"https:\/\/everybrainmatters.org\/es\/producto\/sudadera-juvenil-con-capucha-de-mezcla-pesada\/#primaryimage\"},\"thumbnailUrl\":\"https:\/\/everybrainmatters.org\/wp-content\/uploads\/43913-4.png\",\"datePublished\":\"2021-09-28T03:14:36+00:00\",\"breadcrumb\":{\"@id\":\"https:\/\/everybrainmatters.org\/es\/producto\/sudadera-juvenil-con-capucha-de-mezcla-pesada\/#breadcrumb\"},\"inLanguage\":\"es-ES\",\"potentialAction\":[{\"@type\":\"ReadAction\",\"target\":[\"https:\/\/everybrainmatters.org\/es\/producto\/sudadera-juvenil-con-capucha-de-mezcla-pesada\/\"]}]},{\"@type\":\"ImageObject\",\"inLanguage\":\"es-ES\",\"@id\":\"https:\/\/everybrainmatters.org\/es\/producto\/sudadera-juvenil-con-capucha-de-mezcla-pesada\/#primaryimage\",\"url\":\"https:\/\/everybrainmatters.org\/wp-content\/uploads\/43913-4.png\",\"contentUrl\":\"https:\/\/everybrainmatters.org\/wp-content\/uploads\/43913-4.png\",\"width\":1200,\"height\":1200},{\"@type\":\"BreadcrumbList\",\"@id\":\"https:\/\/everybrainmatters.org\/es\/producto\/sudadera-juvenil-con-capucha-de-mezcla-pesada\/#breadcrumb\",\"itemListElement\":[{\"@type\":\"ListItem\",\"position\":1,\"name\":\"Home\",\"item\":\"https:\/\/everybrainmatters.org\/es\/\"},{\"@type\":\"ListItem\",\"position\":2,\"name\":\"Sudadera Juvenil con Capucha de Mezcla Pesada\"}]},{\"@type\":\"WebSite\",\"@id\":\"https:\/\/everybrainmatters.org\/es\/#website\",\"url\":\"https:\/\/everybrainmatters.org\/es\/\",\"name\":\"Every Brain Matters\",\"description\":\"\",\"publisher\":{\"@id\":\"https:\/\/everybrainmatters.org\/es\/#organization\"},\"potentialAction\":[{\"@type\":\"SearchAction\",\"target\":{\"@type\":\"EntryPoint\",\"urlTemplate\":\"https:\/\/everybrainmatters.org\/es\/?s={search_term_string}\"},\"query-input\":{\"@type\":\"PropertyValueSpecification\",\"valueRequired\":true,\"valueName\":\"search_term_string\"}}],\"inLanguage\":\"es-ES\"},{\"@type\":\"Organization\",\"@id\":\"https:\/\/everybrainmatters.org\/es\/#organization\",\"name\":\"Every Brain Matters\",\"url\":\"https:\/\/everybrainmatters.org\/es\/\",\"logo\":{\"@type\":\"ImageObject\",\"inLanguage\":\"es-ES\",\"@id\":\"https:\/\/everybrainmatters.org\/es\/#\/schema\/logo\/image\/\",\"url\":\"https:\/\/everybrainmatters.org\/wp-content\/uploads\/AllBrains_3.jpg\",\"contentUrl\":\"https:\/\/everybrainmatters.org\/wp-content\/uploads\/AllBrains_3.jpg\",\"width\":1000,\"height\":1087,\"caption\":\"Every Brain Matters\"},\"image\":{\"@id\":\"https:\/\/everybrainmatters.org\/es\/#\/schema\/logo\/image\/\"}}]}<\/script>\n<!-- \/ Yoast SEO plugin. -->","yoast_head_json":{"title":"Sudadera Juvenil con Capucha de Mezcla Pesada - Every Brain Matters","robots":{"index":"index","follow":"follow","max-snippet":"max-snippet:-1","max-image-preview":"max-image-preview:large","max-video-preview":"max-video-preview:-1"},"canonical":"https:\/\/everybrainmatters.org\/es\/producto\/sudadera-juvenil-con-capucha-de-mezcla-pesada\/","og_locale":"es_ES","og_type":"article","og_title":"Sudadera Juvenil con Capucha de Mezcla Pesada - Every Brain Matters","og_description":"S M L XL Anchura, pulg. 16.93 18.11 18.90 20.08 Longitud, pulg. 21.26 22.44 24.02 25.59 Longitud de la manga,...","og_url":"https:\/\/everybrainmatters.org\/es\/producto\/sudadera-juvenil-con-capucha-de-mezcla-pesada\/","og_site_name":"Every Brain Matters","og_image":[{"width":1200,"height":1200,"url":"https:\/\/everybrainmatters.org\/wp-content\/uploads\/43913-4.png","type":"image\/png"}],"twitter_card":"summary_large_image","twitter_misc":{"Est. reading time":"1 minuto"},"schema":{"@context":"https:\/\/schema.org","@graph":[{"@type":"WebPage","@id":"https:\/\/everybrainmatters.org\/es\/producto\/sudadera-juvenil-con-capucha-de-mezcla-pesada\/","url":"https:\/\/everybrainmatters.org\/es\/producto\/sudadera-juvenil-con-capucha-de-mezcla-pesada\/","name":"Sudadera Juvenil con Capucha de Mezcla Pesada - Every Brain Matters","isPartOf":{"@id":"https:\/\/everybrainmatters.org\/es\/#website"},"primaryImageOfPage":{"@id":"https:\/\/everybrainmatters.org\/es\/producto\/sudadera-juvenil-con-capucha-de-mezcla-pesada\/#primaryimage"},"image":{"@id":"https:\/\/everybrainmatters.org\/es\/producto\/sudadera-juvenil-con-capucha-de-mezcla-pesada\/#primaryimage"},"thumbnailUrl":"https:\/\/everybrainmatters.org\/wp-content\/uploads\/43913-4.png","datePublished":"2021-09-28T03:14:36+00:00","breadcrumb":{"@id":"https:\/\/everybrainmatters.org\/es\/producto\/sudadera-juvenil-con-capucha-de-mezcla-pesada\/#breadcrumb"},"inLanguage":"es-ES","potentialAction":[{"@type":"ReadAction","target":["https:\/\/everybrainmatters.org\/es\/producto\/sudadera-juvenil-con-capucha-de-mezcla-pesada\/"]}]},{"@type":"ImageObject","inLanguage":"es-ES","@id":"https:\/\/everybrainmatters.org\/es\/producto\/sudadera-juvenil-con-capucha-de-mezcla-pesada\/#primaryimage","url":"https:\/\/everybrainmatters.org\/wp-content\/uploads\/43913-4.png","contentUrl":"https:\/\/everybrainmatters.org\/wp-content\/uploads\/43913-4.png","width":1200,"height":1200},{"@type":"BreadcrumbList","@id":"https:\/\/everybrainmatters.org\/es\/producto\/sudadera-juvenil-con-capucha-de-mezcla-pesada\/#breadcrumb","itemListElement":[{"@type":"ListItem","position":1,"name":"Home","item":"https:\/\/everybrainmatters.org\/es\/"},{"@type":"ListItem","position":2,"name":"Sudadera Juvenil con Capucha de Mezcla Pesada"}]},{"@type":"WebSite","@id":"https:\/\/everybrainmatters.org\/es\/#website","url":"https:\/\/everybrainmatters.org\/es\/","name":"Every Brain Matters","description":"","publisher":{"@id":"https:\/\/everybrainmatters.org\/es\/#organization"},"potentialAction":[{"@type":"SearchAction","target":{"@type":"EntryPoint","urlTemplate":"https:\/\/everybrainmatters.org\/es\/?s={search_term_string}"},"query-input":{"@type":"PropertyValueSpecification","valueRequired":true,"valueName":"search_term_string"}}],"inLanguage":"es-ES"},{"@type":"Organization","@id":"https:\/\/everybrainmatters.org\/es\/#organization","name":"Every Brain Matters","url":"https:\/\/everybrainmatters.org\/es\/","logo":{"@type":"ImageObject","inLanguage":"es-ES","@id":"https:\/\/everybrainmatters.org\/es\/#\/schema\/logo\/image\/","url":"https:\/\/everybrainmatters.org\/wp-content\/uploads\/AllBrains_3.jpg","contentUrl":"https:\/\/everybrainmatters.org\/wp-content\/uploads\/AllBrains_3.jpg","width":1000,"height":1087,"caption":"Every Brain Matters"},"image":{"@id":"https:\/\/everybrainmatters.org\/es\/#\/schema\/logo\/image\/"}}]}},"_links":{"self":[{"href":"https:\/\/everybrainmatters.org\/es\/wp-json\/wp\/v2\/product\/50709","targetHints":{"allow":["GET"]}}],"collection":[{"href":"https:\/\/everybrainmatters.org\/es\/wp-json\/wp\/v2\/product"}],"about":[{"href":"https:\/\/everybrainmatters.org\/es\/wp-json\/wp\/v2\/types\/product"}],"replies":[{"embeddable":true,"href":"https:\/\/everybrainmatters.org\/es\/wp-json\/wp\/v2\/comments?post=50709"}],"wp:featuredmedia":[{"embeddable":true,"href":"https:\/\/everybrainmatters.org\/es\/wp-json\/wp\/v2\/media\/27949"}],"wp:attachment":[{"href":"https:\/\/everybrainmatters.org\/es\/wp-json\/wp\/v2\/media?parent=50709"}],"wp:term":[{"taxonomy":"product_brand","embeddable":true,"href":"https:\/\/everybrainmatters.org\/es\/wp-json\/wp\/v2\/product_brand?post=50709"},{"taxonomy":"product_cat","embeddable":true,"href":"https:\/\/everybrainmatters.org\/es\/wp-json\/wp\/v2\/product_cat?post=50709"},{"taxonomy":"product_tag","embeddable":true,"href":"https:\/\/everybrainmatters.org\/es\/wp-json\/wp\/v2\/product_tag?post=50709"}],"curies":[{"name":"wp","href":"https:\/\/api.w.org\/{rel}","templated":true}]}}