{"id":50813,"date":"2021-09-26T16:52:24","date_gmt":"2021-09-26T21:52:24","guid":{"rendered":"https:\/\/everybrainmatters.org\/product\/a-los-zombis-les-gustan-los-cerebros-sanos-vaso-de-vacio-y-aislante-11-oz\/"},"modified":"2021-09-26T16:52:24","modified_gmt":"2021-09-26T21:52:24","slug":"a-los-zombis-les-gustan-los-cerebros-sanos-vaso-de-vacio-y-aislante-11-oz","status":"publish","type":"product","link":"https:\/\/everybrainmatters.org\/es\/producto\/a-los-zombis-les-gustan-los-cerebros-sanos-vaso-de-vacio-y-aislante-11-oz\/","title":{"rendered":"A los zombis les gustan los cerebros sanos &#8211; Vaso de vac\u00edo y aislante, 11 oz."},"content":{"rendered":"<table id=\"size-guide\" style=\"min-width: 360px\">\n<thead>\n<tr>\n<th style=\"padding: 10px\">&nbsp;<\/th>\n<th style=\"color: #000000;font-weight: 500;text-align: left;font-size: 15px;padding: 10px\">11 onzas<\/th>\n<\/tr>\n<\/thead>\n<tbody>\n<tr>\n<td style=\"padding: 10px;color: #525252;font-size: 15px;border-top: 1px solid #ededed\">Anchura, pulg.<\/td>\n<td style=\"padding: 10px;color: #525252;font-size: 15px;border-top: 1px solid #ededed\">3.35<\/td>\n<\/tr>\n<tr>\n<td style=\"padding: 10px;color: #525252;font-size: 15px;border-top: 1px solid #ededed\">Altura, pulg.<\/td>\n<td style=\"padding: 10px;color: #525252;font-size: 15px;border-top: 1px solid #ededed\">5.31<\/td>\n<\/tr>\n<\/tbody>\n<\/table>\n<p>Dise\u00f1ado para mantener tu bebida caliente hasta 5 horas y fr\u00eda durante 15 horas, el Sherpa es un vaso aislante al vac\u00edo de 11 oz que tambi\u00e9n sirve como aislante para latas de 12 oz. Su construcci\u00f3n de doble pared presenta una pared interior de acero inoxidable de calidad 18\/8 y una pared exterior de acero inoxidable. Tiene una tapa transparente a presi\u00f3n con cierre deslizante.  <\/p>\n<p>.: Construcci\u00f3n de doble pared<br \/>.: Talla \u00fanica: 0,32 l (11 oz)<br \/>.: Material: acero inoxidable <br \/>.: Aislado al vac\u00edo<br \/>.: Tapa transparente a presi\u00f3n con cierre deslizante<\/p>\n","protected":false},"excerpt":{"rendered":"<p>&nbsp; 11 onzas Anchura, pulg. 3.35 Altura, pulg. 5.31 Dise\u00f1ado para mantener tu bebida caliente hasta 5 horas y fr\u00eda&#8230;<\/p>\n","protected":false},"featured_media":28058,"comment_status":"open","ping_status":"closed","template":"","meta":{"_acf_changed":false,"_editorskit_title_hidden":false,"_editorskit_reading_time":0,"_editorskit_is_block_options_detached":false,"_editorskit_block_options_position":"{}"},"product_brand":[],"product_cat":[3306,3352,3350],"product_tag":[3354,3308,3312,3341,3309,3310,3351,3340],"class_list":{"0":"post-50813","1":"product","2":"type-product","3":"status-publish","4":"has-post-thumbnail","6":"product_cat-accesorios","7":"product_cat-botella-de-agua","8":"product_cat-taza-de-cafe","9":"product_tag-botella-de-agua","10":"product_tag-cada-cerebro-importa","11":"product_tag-farmacia-de-prevencion","12":"product_tag-incluso-a-los-zombis-les-gustan-los-cerebros-sanos","13":"product_tag-salud-cerebral","14":"product_tag-salud-medioambiental","15":"product_tag-taza-de-cafe","16":"product_tag-zombis","18":"first","19":"instock","20":"shipping-taxable","21":"purchasable","22":"product-type-variable","23":"has-default-attributes"},"acf":[],"yoast_head":"<!-- This site is optimized with the Yoast SEO plugin v26.1.1 - https:\/\/yoast.com\/wordpress\/plugins\/seo\/ -->\n<title>A los zombis les gustan los cerebros sanos - Vaso de vac\u00edo y aislante, 11 oz. - Every Brain Matters<\/title>\n<meta name=\"robots\" content=\"index, follow, max-snippet:-1, max-image-preview:large, max-video-preview:-1\" \/>\n<link rel=\"canonical\" href=\"https:\/\/everybrainmatters.org\/es\/producto\/a-los-zombis-les-gustan-los-cerebros-sanos-vaso-de-vacio-y-aislante-11-oz\/\" \/>\n<meta property=\"og:locale\" content=\"es_ES\" \/>\n<meta property=\"og:type\" content=\"article\" \/>\n<meta property=\"og:title\" content=\"A los zombis les gustan los cerebros sanos - Vaso de vac\u00edo y aislante, 11 oz. - Every Brain Matters\" \/>\n<meta property=\"og:description\" content=\"&nbsp; 11 onzas Anchura, pulg. 3.35 Altura, pulg. 5.31 Dise\u00f1ado para mantener tu bebida caliente hasta 5 horas y fr\u00eda...\" \/>\n<meta property=\"og:url\" content=\"https:\/\/everybrainmatters.org\/es\/producto\/a-los-zombis-les-gustan-los-cerebros-sanos-vaso-de-vacio-y-aislante-11-oz\/\" \/>\n<meta property=\"og:site_name\" content=\"Every Brain Matters\" \/>\n<meta property=\"og:image\" content=\"https:\/\/everybrainmatters.org\/wp-content\/uploads\/71802-42.jpg\" \/>\n\t<meta property=\"og:image:width\" content=\"1200\" \/>\n\t<meta property=\"og:image:height\" content=\"1200\" \/>\n\t<meta property=\"og:image:type\" content=\"image\/jpeg\" \/>\n<meta name=\"twitter:card\" content=\"summary_large_image\" \/>\n<script type=\"application\/ld+json\" class=\"yoast-schema-graph\">{\"@context\":\"https:\/\/schema.org\",\"@graph\":[{\"@type\":\"WebPage\",\"@id\":\"https:\/\/everybrainmatters.org\/es\/producto\/a-los-zombis-les-gustan-los-cerebros-sanos-vaso-de-vacio-y-aislante-11-oz\/\",\"url\":\"https:\/\/everybrainmatters.org\/es\/producto\/a-los-zombis-les-gustan-los-cerebros-sanos-vaso-de-vacio-y-aislante-11-oz\/\",\"name\":\"A los zombis les gustan los cerebros sanos - Vaso de vac\u00edo y aislante, 11 oz. - Every Brain Matters\",\"isPartOf\":{\"@id\":\"https:\/\/everybrainmatters.org\/es\/#website\"},\"primaryImageOfPage\":{\"@id\":\"https:\/\/everybrainmatters.org\/es\/producto\/a-los-zombis-les-gustan-los-cerebros-sanos-vaso-de-vacio-y-aislante-11-oz\/#primaryimage\"},\"image\":{\"@id\":\"https:\/\/everybrainmatters.org\/es\/producto\/a-los-zombis-les-gustan-los-cerebros-sanos-vaso-de-vacio-y-aislante-11-oz\/#primaryimage\"},\"thumbnailUrl\":\"https:\/\/everybrainmatters.org\/wp-content\/uploads\/71802-42.jpg\",\"datePublished\":\"2021-09-26T21:52:24+00:00\",\"breadcrumb\":{\"@id\":\"https:\/\/everybrainmatters.org\/es\/producto\/a-los-zombis-les-gustan-los-cerebros-sanos-vaso-de-vacio-y-aislante-11-oz\/#breadcrumb\"},\"inLanguage\":\"es-ES\",\"potentialAction\":[{\"@type\":\"ReadAction\",\"target\":[\"https:\/\/everybrainmatters.org\/es\/producto\/a-los-zombis-les-gustan-los-cerebros-sanos-vaso-de-vacio-y-aislante-11-oz\/\"]}]},{\"@type\":\"ImageObject\",\"inLanguage\":\"es-ES\",\"@id\":\"https:\/\/everybrainmatters.org\/es\/producto\/a-los-zombis-les-gustan-los-cerebros-sanos-vaso-de-vacio-y-aislante-11-oz\/#primaryimage\",\"url\":\"https:\/\/everybrainmatters.org\/wp-content\/uploads\/71802-42.jpg\",\"contentUrl\":\"https:\/\/everybrainmatters.org\/wp-content\/uploads\/71802-42.jpg\",\"width\":1200,\"height\":1200},{\"@type\":\"BreadcrumbList\",\"@id\":\"https:\/\/everybrainmatters.org\/es\/producto\/a-los-zombis-les-gustan-los-cerebros-sanos-vaso-de-vacio-y-aislante-11-oz\/#breadcrumb\",\"itemListElement\":[{\"@type\":\"ListItem\",\"position\":1,\"name\":\"Home\",\"item\":\"https:\/\/everybrainmatters.org\/es\/\"},{\"@type\":\"ListItem\",\"position\":2,\"name\":\"A los zombis les gustan los cerebros sanos &#8211; Vaso de vac\u00edo y aislante, 11 oz.\"}]},{\"@type\":\"WebSite\",\"@id\":\"https:\/\/everybrainmatters.org\/es\/#website\",\"url\":\"https:\/\/everybrainmatters.org\/es\/\",\"name\":\"Every Brain Matters\",\"description\":\"\",\"publisher\":{\"@id\":\"https:\/\/everybrainmatters.org\/es\/#organization\"},\"potentialAction\":[{\"@type\":\"SearchAction\",\"target\":{\"@type\":\"EntryPoint\",\"urlTemplate\":\"https:\/\/everybrainmatters.org\/es\/?s={search_term_string}\"},\"query-input\":{\"@type\":\"PropertyValueSpecification\",\"valueRequired\":true,\"valueName\":\"search_term_string\"}}],\"inLanguage\":\"es-ES\"},{\"@type\":\"Organization\",\"@id\":\"https:\/\/everybrainmatters.org\/es\/#organization\",\"name\":\"Every Brain Matters\",\"url\":\"https:\/\/everybrainmatters.org\/es\/\",\"logo\":{\"@type\":\"ImageObject\",\"inLanguage\":\"es-ES\",\"@id\":\"https:\/\/everybrainmatters.org\/es\/#\/schema\/logo\/image\/\",\"url\":\"https:\/\/everybrainmatters.org\/wp-content\/uploads\/AllBrains_3.jpg\",\"contentUrl\":\"https:\/\/everybrainmatters.org\/wp-content\/uploads\/AllBrains_3.jpg\",\"width\":1000,\"height\":1087,\"caption\":\"Every Brain Matters\"},\"image\":{\"@id\":\"https:\/\/everybrainmatters.org\/es\/#\/schema\/logo\/image\/\"}}]}<\/script>\n<!-- \/ Yoast SEO plugin. -->","yoast_head_json":{"title":"A los zombis les gustan los cerebros sanos - Vaso de vac\u00edo y aislante, 11 oz. - Every Brain Matters","robots":{"index":"index","follow":"follow","max-snippet":"max-snippet:-1","max-image-preview":"max-image-preview:large","max-video-preview":"max-video-preview:-1"},"canonical":"https:\/\/everybrainmatters.org\/es\/producto\/a-los-zombis-les-gustan-los-cerebros-sanos-vaso-de-vacio-y-aislante-11-oz\/","og_locale":"es_ES","og_type":"article","og_title":"A los zombis les gustan los cerebros sanos - Vaso de vac\u00edo y aislante, 11 oz. - Every Brain Matters","og_description":"&nbsp; 11 onzas Anchura, pulg. 3.35 Altura, pulg. 5.31 Dise\u00f1ado para mantener tu bebida caliente hasta 5 horas y fr\u00eda...","og_url":"https:\/\/everybrainmatters.org\/es\/producto\/a-los-zombis-les-gustan-los-cerebros-sanos-vaso-de-vacio-y-aislante-11-oz\/","og_site_name":"Every Brain Matters","og_image":[{"width":1200,"height":1200,"url":"https:\/\/everybrainmatters.org\/wp-content\/uploads\/71802-42.jpg","type":"image\/jpeg"}],"twitter_card":"summary_large_image","schema":{"@context":"https:\/\/schema.org","@graph":[{"@type":"WebPage","@id":"https:\/\/everybrainmatters.org\/es\/producto\/a-los-zombis-les-gustan-los-cerebros-sanos-vaso-de-vacio-y-aislante-11-oz\/","url":"https:\/\/everybrainmatters.org\/es\/producto\/a-los-zombis-les-gustan-los-cerebros-sanos-vaso-de-vacio-y-aislante-11-oz\/","name":"A los zombis les gustan los cerebros sanos - Vaso de vac\u00edo y aislante, 11 oz. - Every Brain Matters","isPartOf":{"@id":"https:\/\/everybrainmatters.org\/es\/#website"},"primaryImageOfPage":{"@id":"https:\/\/everybrainmatters.org\/es\/producto\/a-los-zombis-les-gustan-los-cerebros-sanos-vaso-de-vacio-y-aislante-11-oz\/#primaryimage"},"image":{"@id":"https:\/\/everybrainmatters.org\/es\/producto\/a-los-zombis-les-gustan-los-cerebros-sanos-vaso-de-vacio-y-aislante-11-oz\/#primaryimage"},"thumbnailUrl":"https:\/\/everybrainmatters.org\/wp-content\/uploads\/71802-42.jpg","datePublished":"2021-09-26T21:52:24+00:00","breadcrumb":{"@id":"https:\/\/everybrainmatters.org\/es\/producto\/a-los-zombis-les-gustan-los-cerebros-sanos-vaso-de-vacio-y-aislante-11-oz\/#breadcrumb"},"inLanguage":"es-ES","potentialAction":[{"@type":"ReadAction","target":["https:\/\/everybrainmatters.org\/es\/producto\/a-los-zombis-les-gustan-los-cerebros-sanos-vaso-de-vacio-y-aislante-11-oz\/"]}]},{"@type":"ImageObject","inLanguage":"es-ES","@id":"https:\/\/everybrainmatters.org\/es\/producto\/a-los-zombis-les-gustan-los-cerebros-sanos-vaso-de-vacio-y-aislante-11-oz\/#primaryimage","url":"https:\/\/everybrainmatters.org\/wp-content\/uploads\/71802-42.jpg","contentUrl":"https:\/\/everybrainmatters.org\/wp-content\/uploads\/71802-42.jpg","width":1200,"height":1200},{"@type":"BreadcrumbList","@id":"https:\/\/everybrainmatters.org\/es\/producto\/a-los-zombis-les-gustan-los-cerebros-sanos-vaso-de-vacio-y-aislante-11-oz\/#breadcrumb","itemListElement":[{"@type":"ListItem","position":1,"name":"Home","item":"https:\/\/everybrainmatters.org\/es\/"},{"@type":"ListItem","position":2,"name":"A los zombis les gustan los cerebros sanos &#8211; Vaso de vac\u00edo y aislante, 11 oz."}]},{"@type":"WebSite","@id":"https:\/\/everybrainmatters.org\/es\/#website","url":"https:\/\/everybrainmatters.org\/es\/","name":"Every Brain Matters","description":"","publisher":{"@id":"https:\/\/everybrainmatters.org\/es\/#organization"},"potentialAction":[{"@type":"SearchAction","target":{"@type":"EntryPoint","urlTemplate":"https:\/\/everybrainmatters.org\/es\/?s={search_term_string}"},"query-input":{"@type":"PropertyValueSpecification","valueRequired":true,"valueName":"search_term_string"}}],"inLanguage":"es-ES"},{"@type":"Organization","@id":"https:\/\/everybrainmatters.org\/es\/#organization","name":"Every Brain Matters","url":"https:\/\/everybrainmatters.org\/es\/","logo":{"@type":"ImageObject","inLanguage":"es-ES","@id":"https:\/\/everybrainmatters.org\/es\/#\/schema\/logo\/image\/","url":"https:\/\/everybrainmatters.org\/wp-content\/uploads\/AllBrains_3.jpg","contentUrl":"https:\/\/everybrainmatters.org\/wp-content\/uploads\/AllBrains_3.jpg","width":1000,"height":1087,"caption":"Every Brain Matters"},"image":{"@id":"https:\/\/everybrainmatters.org\/es\/#\/schema\/logo\/image\/"}}]}},"_links":{"self":[{"href":"https:\/\/everybrainmatters.org\/es\/wp-json\/wp\/v2\/product\/50813","targetHints":{"allow":["GET"]}}],"collection":[{"href":"https:\/\/everybrainmatters.org\/es\/wp-json\/wp\/v2\/product"}],"about":[{"href":"https:\/\/everybrainmatters.org\/es\/wp-json\/wp\/v2\/types\/product"}],"replies":[{"embeddable":true,"href":"https:\/\/everybrainmatters.org\/es\/wp-json\/wp\/v2\/comments?post=50813"}],"wp:featuredmedia":[{"embeddable":true,"href":"https:\/\/everybrainmatters.org\/es\/wp-json\/wp\/v2\/media\/28058"}],"wp:attachment":[{"href":"https:\/\/everybrainmatters.org\/es\/wp-json\/wp\/v2\/media?parent=50813"}],"wp:term":[{"taxonomy":"product_brand","embeddable":true,"href":"https:\/\/everybrainmatters.org\/es\/wp-json\/wp\/v2\/product_brand?post=50813"},{"taxonomy":"product_cat","embeddable":true,"href":"https:\/\/everybrainmatters.org\/es\/wp-json\/wp\/v2\/product_cat?post=50813"},{"taxonomy":"product_tag","embeddable":true,"href":"https:\/\/everybrainmatters.org\/es\/wp-json\/wp\/v2\/product_tag?post=50813"}],"curies":[{"name":"wp","href":"https:\/\/api.w.org\/{rel}","templated":true}]}}