{"id":50923,"date":"2021-03-29T14:59:35","date_gmt":"2021-03-29T19:59:35","guid":{"rendered":"https:\/\/everybrainmatters.org\/product\/taza-de-ceramica-15oz\/"},"modified":"2021-03-29T14:59:35","modified_gmt":"2021-03-29T19:59:35","slug":"taza-de-ceramica-15oz","status":"publish","type":"product","link":"https:\/\/everybrainmatters.org\/es\/producto\/taza-de-ceramica-15oz\/","title":{"rendered":"Taza de cer\u00e1mica 15oz"},"content":{"rendered":"<p>Tu material promocional acaba de volverse a\u00fan m\u00e1s pr\u00e1ctico y divertido con esta taza de cer\u00e1mica blanca totalmente personalizable. Tu imaginaci\u00f3n es el l\u00edmite con esta gran taza personalizada de 15 onzas. Es apta para el microondas y se puede lavar en el lavavajillas o limpiar f\u00e1cilmente con un detergente suave. Personal\u00edzala con tu marca o simplemente con una impresi\u00f3n completa de tu logotipo, fotos o un dise\u00f1o chulo.   <\/p>\n<p>.: Cer\u00e1mica blanca<br \/>.: 0,44 l (15 oz)<br \/>..: Esquinas redondeadas<br \/>.: Asa en C<\/p>\n","protected":false},"excerpt":{"rendered":"<p>Taza personalizada de 15 onzas. Es apta para microondas y se puede lavar en el lavavajillas o limpiar f\u00e1cilmente con un detergente suave. <\/p>\n<p>.: Cer\u00e1mica blanca<br \/>\n.: 0,44 l (15 oz)<br \/>\n..: Esquinas redondeadas<br \/>\n.: Asa en C<\/p>\n","protected":false},"featured_media":23625,"comment_status":"open","ping_status":"closed","template":"","meta":{"_acf_changed":false,"_editorskit_title_hidden":false,"_editorskit_reading_time":0,"_editorskit_is_block_options_detached":false,"_editorskit_block_options_position":"{}"},"product_brand":[],"product_cat":[3306,3350],"product_tag":[3365,3312,3309,3310,3351,3345],"class_list":{"0":"post-50923","1":"product","2":"type-product","3":"status-publish","4":"has-post-thumbnail","6":"product_cat-accesorios","7":"product_cat-taza-de-cafe","8":"product_tag-cada-cerebro-importa-2","9":"product_tag-farmacia-de-prevencion","10":"product_tag-salud-cerebral","11":"product_tag-salud-medioambiental","12":"product_tag-taza-de-cafe","13":"product_tag-tienda-cada-cerebro-importa","15":"first","16":"instock","17":"shipping-taxable","18":"purchasable","19":"product-type-variable","20":"has-default-attributes"},"acf":[],"yoast_head":"<!-- This site is optimized with the Yoast SEO plugin v26.1.1 - https:\/\/yoast.com\/wordpress\/plugins\/seo\/ -->\n<title>Taza de cer\u00e1mica 15oz - Every Brain Matters<\/title>\n<meta name=\"robots\" content=\"index, follow, max-snippet:-1, max-image-preview:large, max-video-preview:-1\" \/>\n<link rel=\"canonical\" href=\"https:\/\/everybrainmatters.org\/es\/producto\/taza-de-ceramica-15oz\/\" \/>\n<meta property=\"og:locale\" content=\"es_ES\" \/>\n<meta property=\"og:type\" content=\"article\" \/>\n<meta property=\"og:title\" content=\"Taza de cer\u00e1mica 15oz - Every Brain Matters\" \/>\n<meta property=\"og:description\" content=\"Taza personalizada de 15 onzas. Es apta para microondas y se puede lavar en el lavavajillas o limpiar f\u00e1cilmente con un detergente suave.  .: Cer\u00e1mica blanca .: 0,44 l (15 oz) ..: Esquinas redondeadas .: Asa en C\" \/>\n<meta property=\"og:url\" content=\"https:\/\/everybrainmatters.org\/es\/producto\/taza-de-ceramica-15oz\/\" \/>\n<meta property=\"og:site_name\" content=\"Every Brain Matters\" \/>\n<meta property=\"og:image\" content=\"https:\/\/everybrainmatters.org\/wp-content\/uploads\/65222-8.jpg\" \/>\n\t<meta property=\"og:image:width\" content=\"1024\" \/>\n\t<meta property=\"og:image:height\" content=\"1024\" \/>\n\t<meta property=\"og:image:type\" content=\"image\/jpeg\" \/>\n<meta name=\"twitter:card\" content=\"summary_large_image\" \/>\n<script type=\"application\/ld+json\" class=\"yoast-schema-graph\">{\"@context\":\"https:\/\/schema.org\",\"@graph\":[{\"@type\":\"WebPage\",\"@id\":\"https:\/\/everybrainmatters.org\/es\/producto\/taza-de-ceramica-15oz\/\",\"url\":\"https:\/\/everybrainmatters.org\/es\/producto\/taza-de-ceramica-15oz\/\",\"name\":\"Taza de cer\u00e1mica 15oz - Every Brain Matters\",\"isPartOf\":{\"@id\":\"https:\/\/everybrainmatters.org\/es\/#website\"},\"primaryImageOfPage\":{\"@id\":\"https:\/\/everybrainmatters.org\/es\/producto\/taza-de-ceramica-15oz\/#primaryimage\"},\"image\":{\"@id\":\"https:\/\/everybrainmatters.org\/es\/producto\/taza-de-ceramica-15oz\/#primaryimage\"},\"thumbnailUrl\":\"https:\/\/everybrainmatters.org\/wp-content\/uploads\/65222-8.jpg\",\"datePublished\":\"2021-03-29T19:59:35+00:00\",\"breadcrumb\":{\"@id\":\"https:\/\/everybrainmatters.org\/es\/producto\/taza-de-ceramica-15oz\/#breadcrumb\"},\"inLanguage\":\"es-ES\",\"potentialAction\":[{\"@type\":\"ReadAction\",\"target\":[\"https:\/\/everybrainmatters.org\/es\/producto\/taza-de-ceramica-15oz\/\"]}]},{\"@type\":\"ImageObject\",\"inLanguage\":\"es-ES\",\"@id\":\"https:\/\/everybrainmatters.org\/es\/producto\/taza-de-ceramica-15oz\/#primaryimage\",\"url\":\"https:\/\/everybrainmatters.org\/wp-content\/uploads\/65222-8.jpg\",\"contentUrl\":\"https:\/\/everybrainmatters.org\/wp-content\/uploads\/65222-8.jpg\",\"width\":1024,\"height\":1024},{\"@type\":\"BreadcrumbList\",\"@id\":\"https:\/\/everybrainmatters.org\/es\/producto\/taza-de-ceramica-15oz\/#breadcrumb\",\"itemListElement\":[{\"@type\":\"ListItem\",\"position\":1,\"name\":\"Home\",\"item\":\"https:\/\/everybrainmatters.org\/es\/\"},{\"@type\":\"ListItem\",\"position\":2,\"name\":\"Taza de cer\u00e1mica 15oz\"}]},{\"@type\":\"WebSite\",\"@id\":\"https:\/\/everybrainmatters.org\/es\/#website\",\"url\":\"https:\/\/everybrainmatters.org\/es\/\",\"name\":\"Every Brain Matters\",\"description\":\"\",\"publisher\":{\"@id\":\"https:\/\/everybrainmatters.org\/es\/#organization\"},\"potentialAction\":[{\"@type\":\"SearchAction\",\"target\":{\"@type\":\"EntryPoint\",\"urlTemplate\":\"https:\/\/everybrainmatters.org\/es\/?s={search_term_string}\"},\"query-input\":{\"@type\":\"PropertyValueSpecification\",\"valueRequired\":true,\"valueName\":\"search_term_string\"}}],\"inLanguage\":\"es-ES\"},{\"@type\":\"Organization\",\"@id\":\"https:\/\/everybrainmatters.org\/es\/#organization\",\"name\":\"Every Brain Matters\",\"url\":\"https:\/\/everybrainmatters.org\/es\/\",\"logo\":{\"@type\":\"ImageObject\",\"inLanguage\":\"es-ES\",\"@id\":\"https:\/\/everybrainmatters.org\/es\/#\/schema\/logo\/image\/\",\"url\":\"https:\/\/everybrainmatters.org\/wp-content\/uploads\/AllBrains_3.jpg\",\"contentUrl\":\"https:\/\/everybrainmatters.org\/wp-content\/uploads\/AllBrains_3.jpg\",\"width\":1000,\"height\":1087,\"caption\":\"Every Brain Matters\"},\"image\":{\"@id\":\"https:\/\/everybrainmatters.org\/es\/#\/schema\/logo\/image\/\"}}]}<\/script>\n<!-- \/ Yoast SEO plugin. -->","yoast_head_json":{"title":"Taza de cer\u00e1mica 15oz - Every Brain Matters","robots":{"index":"index","follow":"follow","max-snippet":"max-snippet:-1","max-image-preview":"max-image-preview:large","max-video-preview":"max-video-preview:-1"},"canonical":"https:\/\/everybrainmatters.org\/es\/producto\/taza-de-ceramica-15oz\/","og_locale":"es_ES","og_type":"article","og_title":"Taza de cer\u00e1mica 15oz - Every Brain Matters","og_description":"Taza personalizada de 15 onzas. Es apta para microondas y se puede lavar en el lavavajillas o limpiar f\u00e1cilmente con un detergente suave.  .: Cer\u00e1mica blanca .: 0,44 l (15 oz) ..: Esquinas redondeadas .: Asa en C","og_url":"https:\/\/everybrainmatters.org\/es\/producto\/taza-de-ceramica-15oz\/","og_site_name":"Every Brain Matters","og_image":[{"width":1024,"height":1024,"url":"https:\/\/everybrainmatters.org\/wp-content\/uploads\/65222-8.jpg","type":"image\/jpeg"}],"twitter_card":"summary_large_image","schema":{"@context":"https:\/\/schema.org","@graph":[{"@type":"WebPage","@id":"https:\/\/everybrainmatters.org\/es\/producto\/taza-de-ceramica-15oz\/","url":"https:\/\/everybrainmatters.org\/es\/producto\/taza-de-ceramica-15oz\/","name":"Taza de cer\u00e1mica 15oz - Every Brain Matters","isPartOf":{"@id":"https:\/\/everybrainmatters.org\/es\/#website"},"primaryImageOfPage":{"@id":"https:\/\/everybrainmatters.org\/es\/producto\/taza-de-ceramica-15oz\/#primaryimage"},"image":{"@id":"https:\/\/everybrainmatters.org\/es\/producto\/taza-de-ceramica-15oz\/#primaryimage"},"thumbnailUrl":"https:\/\/everybrainmatters.org\/wp-content\/uploads\/65222-8.jpg","datePublished":"2021-03-29T19:59:35+00:00","breadcrumb":{"@id":"https:\/\/everybrainmatters.org\/es\/producto\/taza-de-ceramica-15oz\/#breadcrumb"},"inLanguage":"es-ES","potentialAction":[{"@type":"ReadAction","target":["https:\/\/everybrainmatters.org\/es\/producto\/taza-de-ceramica-15oz\/"]}]},{"@type":"ImageObject","inLanguage":"es-ES","@id":"https:\/\/everybrainmatters.org\/es\/producto\/taza-de-ceramica-15oz\/#primaryimage","url":"https:\/\/everybrainmatters.org\/wp-content\/uploads\/65222-8.jpg","contentUrl":"https:\/\/everybrainmatters.org\/wp-content\/uploads\/65222-8.jpg","width":1024,"height":1024},{"@type":"BreadcrumbList","@id":"https:\/\/everybrainmatters.org\/es\/producto\/taza-de-ceramica-15oz\/#breadcrumb","itemListElement":[{"@type":"ListItem","position":1,"name":"Home","item":"https:\/\/everybrainmatters.org\/es\/"},{"@type":"ListItem","position":2,"name":"Taza de cer\u00e1mica 15oz"}]},{"@type":"WebSite","@id":"https:\/\/everybrainmatters.org\/es\/#website","url":"https:\/\/everybrainmatters.org\/es\/","name":"Every Brain Matters","description":"","publisher":{"@id":"https:\/\/everybrainmatters.org\/es\/#organization"},"potentialAction":[{"@type":"SearchAction","target":{"@type":"EntryPoint","urlTemplate":"https:\/\/everybrainmatters.org\/es\/?s={search_term_string}"},"query-input":{"@type":"PropertyValueSpecification","valueRequired":true,"valueName":"search_term_string"}}],"inLanguage":"es-ES"},{"@type":"Organization","@id":"https:\/\/everybrainmatters.org\/es\/#organization","name":"Every Brain Matters","url":"https:\/\/everybrainmatters.org\/es\/","logo":{"@type":"ImageObject","inLanguage":"es-ES","@id":"https:\/\/everybrainmatters.org\/es\/#\/schema\/logo\/image\/","url":"https:\/\/everybrainmatters.org\/wp-content\/uploads\/AllBrains_3.jpg","contentUrl":"https:\/\/everybrainmatters.org\/wp-content\/uploads\/AllBrains_3.jpg","width":1000,"height":1087,"caption":"Every Brain Matters"},"image":{"@id":"https:\/\/everybrainmatters.org\/es\/#\/schema\/logo\/image\/"}}]}},"_links":{"self":[{"href":"https:\/\/everybrainmatters.org\/es\/wp-json\/wp\/v2\/product\/50923","targetHints":{"allow":["GET"]}}],"collection":[{"href":"https:\/\/everybrainmatters.org\/es\/wp-json\/wp\/v2\/product"}],"about":[{"href":"https:\/\/everybrainmatters.org\/es\/wp-json\/wp\/v2\/types\/product"}],"replies":[{"embeddable":true,"href":"https:\/\/everybrainmatters.org\/es\/wp-json\/wp\/v2\/comments?post=50923"}],"wp:featuredmedia":[{"embeddable":true,"href":"https:\/\/everybrainmatters.org\/es\/wp-json\/wp\/v2\/media\/23625"}],"wp:attachment":[{"href":"https:\/\/everybrainmatters.org\/es\/wp-json\/wp\/v2\/media?parent=50923"}],"wp:term":[{"taxonomy":"product_brand","embeddable":true,"href":"https:\/\/everybrainmatters.org\/es\/wp-json\/wp\/v2\/product_brand?post=50923"},{"taxonomy":"product_cat","embeddable":true,"href":"https:\/\/everybrainmatters.org\/es\/wp-json\/wp\/v2\/product_cat?post=50923"},{"taxonomy":"product_tag","embeddable":true,"href":"https:\/\/everybrainmatters.org\/es\/wp-json\/wp\/v2\/product_tag?post=50923"}],"curies":[{"name":"wp","href":"https:\/\/api.w.org\/{rel}","templated":true}]}}