{"id":50937,"date":"2021-03-22T12:33:57","date_gmt":"2021-03-22T17:33:57","guid":{"rendered":"https:\/\/everybrainmatters.org\/product\/taza-negra-de-11-oz\/"},"modified":"2021-03-22T12:33:57","modified_gmt":"2021-03-22T17:33:57","slug":"taza-negra-de-11-oz","status":"publish","type":"product","link":"https:\/\/everybrainmatters.org\/es\/producto\/taza-negra-de-11-oz\/","title":{"rendered":"Taza negra de 11 oz"},"content":{"rendered":"<p>Calienta tu alma con una buena taza de esta taza de cer\u00e1mica negra de tama\u00f1o perfecto. Personal\u00edzala con dise\u00f1os chulos, fotos o logotipos para que ese momento \u00ab\u00a1aaahhh!\u00bb sea a\u00fan mejor. Es apta para microondas y lavavajillas y est\u00e1 hecha de cer\u00e1mica negra resistente en tama\u00f1os de 11 onzas. La impresi\u00f3n por sublimaci\u00f3n de alta calidad hace de esta taza de cer\u00e1mica negra el regalo perfecto para tu verdadero amante del caf\u00e9, el t\u00e9 o el chocolate caliente.   <\/p>\n<p>.: Cer\u00e1mica negra<br \/>.: 0,33 l (11 oz)<br \/>.: Asa en C<br \/>.: Nota: los elementos de dise\u00f1o negros de la taza negra pueden tener tonos diferentes. Utiliza un fondo transparente. <\/p>\n","protected":false},"excerpt":{"rendered":"<p>Calienta tu alma con una buena taza de esta taza de cer\u00e1mica negra de tama\u00f1o perfecto. Personal\u00edzala con dise\u00f1os chulos,&#8230;<\/p>\n","protected":false},"featured_media":19691,"comment_status":"open","ping_status":"closed","template":"","meta":{"_acf_changed":false,"_editorskit_title_hidden":false,"_editorskit_reading_time":0,"_editorskit_is_block_options_detached":false,"_editorskit_block_options_position":"{}"},"product_brand":[],"product_cat":[3304],"product_tag":[],"class_list":{"0":"post-50937","1":"product","2":"type-product","3":"status-publish","4":"has-post-thumbnail","6":"product_cat-ropa","8":"first","9":"instock","10":"shipping-taxable","11":"purchasable","12":"product-type-variable","13":"has-default-attributes"},"acf":[],"yoast_head":"<!-- This site is optimized with the Yoast SEO plugin v26.1.1 - https:\/\/yoast.com\/wordpress\/plugins\/seo\/ -->\n<title>Taza negra de 11 oz - Every Brain Matters<\/title>\n<meta name=\"robots\" content=\"index, follow, max-snippet:-1, max-image-preview:large, max-video-preview:-1\" \/>\n<link rel=\"canonical\" href=\"https:\/\/everybrainmatters.org\/es\/producto\/taza-negra-de-11-oz\/\" \/>\n<meta property=\"og:locale\" content=\"es_ES\" \/>\n<meta property=\"og:type\" content=\"article\" \/>\n<meta property=\"og:title\" content=\"Taza negra de 11 oz - Every Brain Matters\" \/>\n<meta property=\"og:description\" content=\"Calienta tu alma con una buena taza de esta taza de cer\u00e1mica negra de tama\u00f1o perfecto. Personal\u00edzala con dise\u00f1os chulos,...\" \/>\n<meta property=\"og:url\" content=\"https:\/\/everybrainmatters.org\/es\/producto\/taza-negra-de-11-oz\/\" \/>\n<meta property=\"og:site_name\" content=\"Every Brain Matters\" \/>\n<meta property=\"og:image\" content=\"https:\/\/everybrainmatters.org\/wp-content\/uploads\/65217.jpg\" \/>\n\t<meta property=\"og:image:width\" content=\"1024\" \/>\n\t<meta property=\"og:image:height\" content=\"1024\" \/>\n\t<meta property=\"og:image:type\" content=\"image\/jpeg\" \/>\n<meta name=\"twitter:card\" content=\"summary_large_image\" \/>\n<meta name=\"twitter:label1\" content=\"Est. reading time\" \/>\n\t<meta name=\"twitter:data1\" content=\"1 minuto\" \/>\n<script type=\"application\/ld+json\" class=\"yoast-schema-graph\">{\"@context\":\"https:\/\/schema.org\",\"@graph\":[{\"@type\":\"WebPage\",\"@id\":\"https:\/\/everybrainmatters.org\/es\/producto\/taza-negra-de-11-oz\/\",\"url\":\"https:\/\/everybrainmatters.org\/es\/producto\/taza-negra-de-11-oz\/\",\"name\":\"Taza negra de 11 oz - Every Brain Matters\",\"isPartOf\":{\"@id\":\"https:\/\/everybrainmatters.org\/es\/#website\"},\"primaryImageOfPage\":{\"@id\":\"https:\/\/everybrainmatters.org\/es\/producto\/taza-negra-de-11-oz\/#primaryimage\"},\"image\":{\"@id\":\"https:\/\/everybrainmatters.org\/es\/producto\/taza-negra-de-11-oz\/#primaryimage\"},\"thumbnailUrl\":\"https:\/\/everybrainmatters.org\/wp-content\/uploads\/65217.jpg\",\"datePublished\":\"2021-03-22T17:33:57+00:00\",\"breadcrumb\":{\"@id\":\"https:\/\/everybrainmatters.org\/es\/producto\/taza-negra-de-11-oz\/#breadcrumb\"},\"inLanguage\":\"es-ES\",\"potentialAction\":[{\"@type\":\"ReadAction\",\"target\":[\"https:\/\/everybrainmatters.org\/es\/producto\/taza-negra-de-11-oz\/\"]}]},{\"@type\":\"ImageObject\",\"inLanguage\":\"es-ES\",\"@id\":\"https:\/\/everybrainmatters.org\/es\/producto\/taza-negra-de-11-oz\/#primaryimage\",\"url\":\"https:\/\/everybrainmatters.org\/wp-content\/uploads\/65217.jpg\",\"contentUrl\":\"https:\/\/everybrainmatters.org\/wp-content\/uploads\/65217.jpg\",\"width\":1024,\"height\":1024},{\"@type\":\"BreadcrumbList\",\"@id\":\"https:\/\/everybrainmatters.org\/es\/producto\/taza-negra-de-11-oz\/#breadcrumb\",\"itemListElement\":[{\"@type\":\"ListItem\",\"position\":1,\"name\":\"Home\",\"item\":\"https:\/\/everybrainmatters.org\/es\/\"},{\"@type\":\"ListItem\",\"position\":2,\"name\":\"Taza negra de 11 oz\"}]},{\"@type\":\"WebSite\",\"@id\":\"https:\/\/everybrainmatters.org\/es\/#website\",\"url\":\"https:\/\/everybrainmatters.org\/es\/\",\"name\":\"Every Brain Matters\",\"description\":\"\",\"publisher\":{\"@id\":\"https:\/\/everybrainmatters.org\/es\/#organization\"},\"potentialAction\":[{\"@type\":\"SearchAction\",\"target\":{\"@type\":\"EntryPoint\",\"urlTemplate\":\"https:\/\/everybrainmatters.org\/es\/?s={search_term_string}\"},\"query-input\":{\"@type\":\"PropertyValueSpecification\",\"valueRequired\":true,\"valueName\":\"search_term_string\"}}],\"inLanguage\":\"es-ES\"},{\"@type\":\"Organization\",\"@id\":\"https:\/\/everybrainmatters.org\/es\/#organization\",\"name\":\"Every Brain Matters\",\"url\":\"https:\/\/everybrainmatters.org\/es\/\",\"logo\":{\"@type\":\"ImageObject\",\"inLanguage\":\"es-ES\",\"@id\":\"https:\/\/everybrainmatters.org\/es\/#\/schema\/logo\/image\/\",\"url\":\"https:\/\/everybrainmatters.org\/wp-content\/uploads\/AllBrains_3.jpg\",\"contentUrl\":\"https:\/\/everybrainmatters.org\/wp-content\/uploads\/AllBrains_3.jpg\",\"width\":1000,\"height\":1087,\"caption\":\"Every Brain Matters\"},\"image\":{\"@id\":\"https:\/\/everybrainmatters.org\/es\/#\/schema\/logo\/image\/\"}}]}<\/script>\n<!-- \/ Yoast SEO plugin. -->","yoast_head_json":{"title":"Taza negra de 11 oz - Every Brain Matters","robots":{"index":"index","follow":"follow","max-snippet":"max-snippet:-1","max-image-preview":"max-image-preview:large","max-video-preview":"max-video-preview:-1"},"canonical":"https:\/\/everybrainmatters.org\/es\/producto\/taza-negra-de-11-oz\/","og_locale":"es_ES","og_type":"article","og_title":"Taza negra de 11 oz - Every Brain Matters","og_description":"Calienta tu alma con una buena taza de esta taza de cer\u00e1mica negra de tama\u00f1o perfecto. Personal\u00edzala con dise\u00f1os chulos,...","og_url":"https:\/\/everybrainmatters.org\/es\/producto\/taza-negra-de-11-oz\/","og_site_name":"Every Brain Matters","og_image":[{"width":1024,"height":1024,"url":"https:\/\/everybrainmatters.org\/wp-content\/uploads\/65217.jpg","type":"image\/jpeg"}],"twitter_card":"summary_large_image","twitter_misc":{"Est. reading time":"1 minuto"},"schema":{"@context":"https:\/\/schema.org","@graph":[{"@type":"WebPage","@id":"https:\/\/everybrainmatters.org\/es\/producto\/taza-negra-de-11-oz\/","url":"https:\/\/everybrainmatters.org\/es\/producto\/taza-negra-de-11-oz\/","name":"Taza negra de 11 oz - Every Brain Matters","isPartOf":{"@id":"https:\/\/everybrainmatters.org\/es\/#website"},"primaryImageOfPage":{"@id":"https:\/\/everybrainmatters.org\/es\/producto\/taza-negra-de-11-oz\/#primaryimage"},"image":{"@id":"https:\/\/everybrainmatters.org\/es\/producto\/taza-negra-de-11-oz\/#primaryimage"},"thumbnailUrl":"https:\/\/everybrainmatters.org\/wp-content\/uploads\/65217.jpg","datePublished":"2021-03-22T17:33:57+00:00","breadcrumb":{"@id":"https:\/\/everybrainmatters.org\/es\/producto\/taza-negra-de-11-oz\/#breadcrumb"},"inLanguage":"es-ES","potentialAction":[{"@type":"ReadAction","target":["https:\/\/everybrainmatters.org\/es\/producto\/taza-negra-de-11-oz\/"]}]},{"@type":"ImageObject","inLanguage":"es-ES","@id":"https:\/\/everybrainmatters.org\/es\/producto\/taza-negra-de-11-oz\/#primaryimage","url":"https:\/\/everybrainmatters.org\/wp-content\/uploads\/65217.jpg","contentUrl":"https:\/\/everybrainmatters.org\/wp-content\/uploads\/65217.jpg","width":1024,"height":1024},{"@type":"BreadcrumbList","@id":"https:\/\/everybrainmatters.org\/es\/producto\/taza-negra-de-11-oz\/#breadcrumb","itemListElement":[{"@type":"ListItem","position":1,"name":"Home","item":"https:\/\/everybrainmatters.org\/es\/"},{"@type":"ListItem","position":2,"name":"Taza negra de 11 oz"}]},{"@type":"WebSite","@id":"https:\/\/everybrainmatters.org\/es\/#website","url":"https:\/\/everybrainmatters.org\/es\/","name":"Every Brain Matters","description":"","publisher":{"@id":"https:\/\/everybrainmatters.org\/es\/#organization"},"potentialAction":[{"@type":"SearchAction","target":{"@type":"EntryPoint","urlTemplate":"https:\/\/everybrainmatters.org\/es\/?s={search_term_string}"},"query-input":{"@type":"PropertyValueSpecification","valueRequired":true,"valueName":"search_term_string"}}],"inLanguage":"es-ES"},{"@type":"Organization","@id":"https:\/\/everybrainmatters.org\/es\/#organization","name":"Every Brain Matters","url":"https:\/\/everybrainmatters.org\/es\/","logo":{"@type":"ImageObject","inLanguage":"es-ES","@id":"https:\/\/everybrainmatters.org\/es\/#\/schema\/logo\/image\/","url":"https:\/\/everybrainmatters.org\/wp-content\/uploads\/AllBrains_3.jpg","contentUrl":"https:\/\/everybrainmatters.org\/wp-content\/uploads\/AllBrains_3.jpg","width":1000,"height":1087,"caption":"Every Brain Matters"},"image":{"@id":"https:\/\/everybrainmatters.org\/es\/#\/schema\/logo\/image\/"}}]}},"_links":{"self":[{"href":"https:\/\/everybrainmatters.org\/es\/wp-json\/wp\/v2\/product\/50937","targetHints":{"allow":["GET"]}}],"collection":[{"href":"https:\/\/everybrainmatters.org\/es\/wp-json\/wp\/v2\/product"}],"about":[{"href":"https:\/\/everybrainmatters.org\/es\/wp-json\/wp\/v2\/types\/product"}],"replies":[{"embeddable":true,"href":"https:\/\/everybrainmatters.org\/es\/wp-json\/wp\/v2\/comments?post=50937"}],"wp:featuredmedia":[{"embeddable":true,"href":"https:\/\/everybrainmatters.org\/es\/wp-json\/wp\/v2\/media\/19691"}],"wp:attachment":[{"href":"https:\/\/everybrainmatters.org\/es\/wp-json\/wp\/v2\/media?parent=50937"}],"wp:term":[{"taxonomy":"product_brand","embeddable":true,"href":"https:\/\/everybrainmatters.org\/es\/wp-json\/wp\/v2\/product_brand?post=50937"},{"taxonomy":"product_cat","embeddable":true,"href":"https:\/\/everybrainmatters.org\/es\/wp-json\/wp\/v2\/product_cat?post=50937"},{"taxonomy":"product_tag","embeddable":true,"href":"https:\/\/everybrainmatters.org\/es\/wp-json\/wp\/v2\/product_tag?post=50937"}],"curies":[{"name":"wp","href":"https:\/\/api.w.org\/{rel}","templated":true}]}}