{"id":51138,"date":"2021-09-09T17:14:09","date_gmt":"2021-09-09T22:14:09","guid":{"rendered":"https:\/\/everybrainmatters.org\/product\/zombies-healthy-brains-sudadera-unisex-heavy-blend-con-capucha\/"},"modified":"2021-09-09T17:14:09","modified_gmt":"2021-09-09T22:14:09","slug":"zombies-healthy-brains-sudadera-unisex-heavy-blend-con-capucha","status":"publish","type":"product","link":"https:\/\/everybrainmatters.org\/es\/producto\/zombies-healthy-brains-sudadera-unisex-heavy-blend-con-capucha\/","title":{"rendered":"Zombies Healthy Brains &#8211; Sudadera Unisex Heavy Blend\u2122 con Capucha"},"content":{"rendered":"<table id=\"size-guide\" style=\"min-width: 360px;\">\n<thead>\n<tr>\n<th style=\"padding: 10px;\"><\/th>\n<th style=\"color: #000000; font-weight: 500; text-align: left; font-size: 15px; padding: 10px;\">S<\/th>\n<th style=\"color: #000000; font-weight: 500; text-align: left; font-size: 15px; padding: 10px;\">M<\/th>\n<th style=\"color: #000000; font-weight: 500; text-align: left; font-size: 15px; padding: 10px;\">L<\/th>\n<th style=\"color: #000000; font-weight: 500; text-align: left; font-size: 15px; padding: 10px;\">XL<\/th>\n<th style=\"color: #000000; font-weight: 500; text-align: left; font-size: 15px; padding: 10px;\">2XL<\/th>\n<th style=\"color: #000000; font-weight: 500; text-align: left; font-size: 15px; padding: 10px;\">3XL<\/th>\n<th style=\"color: #000000; font-weight: 500; text-align: left; font-size: 15px; padding: 10px;\">4XL<\/th>\n<th style=\"color: #000000; font-weight: 500; text-align: left; font-size: 15px; padding: 10px;\">5XL<\/th>\n<\/tr>\n<\/thead>\n<tbody>\n<tr>\n<td style=\"padding: 10px; color: #525252; font-size: 15px; border-top: 1px solid #ededed;\">Longitud, pulg.<\/td>\n<td style=\"padding: 10px; color: #525252; font-size: 15px; border-top: 1px solid #ededed;\">27.17<\/td>\n<td style=\"padding: 10px; color: #525252; font-size: 15px; border-top: 1px solid #ededed;\">27.95<\/td>\n<td style=\"padding: 10px; color: #525252; font-size: 15px; border-top: 1px solid #ededed;\">29.13<\/td>\n<td style=\"padding: 10px; color: #525252; font-size: 15px; border-top: 1px solid #ededed;\">29.92<\/td>\n<td style=\"padding: 10px; color: #525252; font-size: 15px; border-top: 1px solid #ededed;\">31.10<\/td>\n<td style=\"padding: 10px; color: #525252; font-size: 15px; border-top: 1px solid #ededed;\">31.89<\/td>\n<td style=\"padding: 10px; color: #525252; font-size: 15px; border-top: 1px solid #ededed;\">33.07<\/td>\n<td style=\"padding: 10px; color: #525252; font-size: 15px; border-top: 1px solid #ededed;\">33.86<\/td>\n<\/tr>\n<tr>\n<td style=\"padding: 10px; color: #525252; font-size: 15px; border-top: 1px solid #ededed;\">Anchura, pulg.<\/td>\n<td style=\"padding: 10px; color: #525252; font-size: 15px; border-top: 1px solid #ededed;\">20.08<\/td>\n<td style=\"padding: 10px; color: #525252; font-size: 15px; border-top: 1px solid #ededed;\">22.05<\/td>\n<td style=\"padding: 10px; color: #525252; font-size: 15px; border-top: 1px solid #ededed;\">24.02<\/td>\n<td style=\"padding: 10px; color: #525252; font-size: 15px; border-top: 1px solid #ededed;\">25.98<\/td>\n<td style=\"padding: 10px; color: #525252; font-size: 15px; border-top: 1px solid #ededed;\">27.99<\/td>\n<td style=\"padding: 10px; color: #525252; font-size: 15px; border-top: 1px solid #ededed;\">29.92<\/td>\n<td style=\"padding: 10px; color: #525252; font-size: 15px; border-top: 1px solid #ededed;\">31.89<\/td>\n<td style=\"padding: 10px; color: #525252; font-size: 15px; border-top: 1px solid #ededed;\">33.86<\/td>\n<\/tr>\n<tr>\n<td style=\"padding: 10px; color: #525252; font-size: 15px; border-top: 1px solid #ededed;\">Longitud de la manga desde el CB, en<\/td>\n<td style=\"padding: 10px; color: #525252; font-size: 15px; border-top: 1px solid #ededed;\">32.99<\/td>\n<td style=\"padding: 10px; color: #525252; font-size: 15px; border-top: 1px solid #ededed;\">34.02<\/td>\n<td style=\"padding: 10px; color: #525252; font-size: 15px; border-top: 1px solid #ededed;\">35.00<\/td>\n<td style=\"padding: 10px; color: #525252; font-size: 15px; border-top: 1px solid #ededed;\">35.98<\/td>\n<td style=\"padding: 10px; color: #525252; font-size: 15px; border-top: 1px solid #ededed;\">37.01<\/td>\n<td style=\"padding: 10px; color: #525252; font-size: 15px; border-top: 1px solid #ededed;\">37.99<\/td>\n<td style=\"padding: 10px; color: #525252; font-size: 15px; border-top: 1px solid #ededed;\">39.02<\/td>\n<td style=\"padding: 10px; color: #525252; font-size: 15px; border-top: 1px solid #ededed;\">40.00<\/td>\n<\/tr>\n<\/tbody>\n<\/table>\n<p>Una sudadera con capucha unisex de mezcla gruesa es la propia relajaci\u00f3n. El material es una mezcla gruesa de algod\u00f3n y poli\u00e9ster. Esto proporciona un tacto suave y afelpado, adem\u00e1s de calidez. Tambi\u00e9n es una superficie estupenda para imprimir. No tiene costuras laterales. Delante cuelga un espacioso bolsillo canguro. El cord\u00f3n de la capucha es del mismo color que el jersey base.      <\/p>\n<p>.: 50% Algod\u00f3n 50% Poli\u00e9ster<br \/>\n.: Tejido semipesado (271,25 g\/m\u00b2)<br \/>\n.: Corte cl\u00e1sico<br \/>\n.: Etiqueta desprendible<br \/>\n.: Se ajusta a la talla<\/p>\n","protected":false},"excerpt":{"rendered":"<p>S M L XL 2XL 3XL 4XL 5XL Longitud, pulg. 27.17 27.95 29.13 29.92 31.10 31.89 33.07 33.86 Anchura, pulg&#8230;.<\/p>\n","protected":false},"featured_media":21331,"comment_status":"open","ping_status":"closed","template":"","meta":{"_acf_changed":false,"_editorskit_title_hidden":false,"_editorskit_reading_time":0,"_editorskit_is_block_options_detached":false,"_editorskit_block_options_position":"{}"},"product_brand":[],"product_cat":[3342,3304,3327,3343],"product_tag":[3308,3346,3312,3341,3309,3328,3366,3347,3340],"class_list":{"0":"post-51138","1":"product","2":"type-product","3":"status-publish","4":"has-post-thumbnail","6":"product_cat-halloween","7":"product_cat-ropa","8":"product_cat-sudaderas-con-capucha","9":"product_cat-zombis","10":"product_tag-cada-cerebro-importa","11":"product_tag-cerebros","12":"product_tag-farmacia-de-prevencion","13":"product_tag-incluso-a-los-zombis-les-gustan-los-cerebros-sanos","14":"product_tag-salud-cerebral","15":"product_tag-sudadera-con-capucha","16":"product_tag-sudadera-con-capucha-every-brain-matters","17":"product_tag-un-truco-no-un-trato","18":"product_tag-zombis","20":"first","21":"instock","22":"shipping-taxable","23":"purchasable","24":"product-type-variable","25":"has-default-attributes"},"acf":[],"yoast_head":"<!-- This site is optimized with the Yoast SEO plugin v26.1.1 - https:\/\/yoast.com\/wordpress\/plugins\/seo\/ -->\n<title>Zombies Healthy Brains - Sudadera Unisex Heavy Blend\u2122 con Capucha - Every Brain Matters<\/title>\n<meta name=\"robots\" content=\"index, follow, max-snippet:-1, max-image-preview:large, max-video-preview:-1\" \/>\n<link rel=\"canonical\" href=\"https:\/\/everybrainmatters.org\/es\/producto\/zombies-healthy-brains-sudadera-unisex-heavy-blend-con-capucha\/\" \/>\n<meta property=\"og:locale\" content=\"es_ES\" \/>\n<meta property=\"og:type\" content=\"article\" \/>\n<meta property=\"og:title\" content=\"Zombies Healthy Brains - Sudadera Unisex Heavy Blend\u2122 con Capucha - Every Brain Matters\" \/>\n<meta property=\"og:description\" content=\"S M L XL 2XL 3XL 4XL 5XL Longitud, pulg. 27.17 27.95 29.13 29.92 31.10 31.89 33.07 33.86 Anchura, pulg....\" \/>\n<meta property=\"og:url\" content=\"https:\/\/everybrainmatters.org\/es\/producto\/zombies-healthy-brains-sudadera-unisex-heavy-blend-con-capucha\/\" \/>\n<meta property=\"og:site_name\" content=\"Every Brain Matters\" \/>\n<meta property=\"og:image\" content=\"https:\/\/everybrainmatters.org\/wp-content\/uploads\/32920-10.jpg\" \/>\n\t<meta property=\"og:image:width\" content=\"1024\" \/>\n\t<meta property=\"og:image:height\" content=\"1024\" \/>\n\t<meta property=\"og:image:type\" content=\"image\/jpeg\" \/>\n<meta name=\"twitter:card\" content=\"summary_large_image\" \/>\n<meta name=\"twitter:label1\" content=\"Est. reading time\" \/>\n\t<meta name=\"twitter:data1\" content=\"1 minuto\" \/>\n<script type=\"application\/ld+json\" class=\"yoast-schema-graph\">{\"@context\":\"https:\/\/schema.org\",\"@graph\":[{\"@type\":\"WebPage\",\"@id\":\"https:\/\/everybrainmatters.org\/es\/producto\/zombies-healthy-brains-sudadera-unisex-heavy-blend-con-capucha\/\",\"url\":\"https:\/\/everybrainmatters.org\/es\/producto\/zombies-healthy-brains-sudadera-unisex-heavy-blend-con-capucha\/\",\"name\":\"Zombies Healthy Brains - Sudadera Unisex Heavy Blend\u2122 con Capucha - Every Brain Matters\",\"isPartOf\":{\"@id\":\"https:\/\/everybrainmatters.org\/es\/#website\"},\"primaryImageOfPage\":{\"@id\":\"https:\/\/everybrainmatters.org\/es\/producto\/zombies-healthy-brains-sudadera-unisex-heavy-blend-con-capucha\/#primaryimage\"},\"image\":{\"@id\":\"https:\/\/everybrainmatters.org\/es\/producto\/zombies-healthy-brains-sudadera-unisex-heavy-blend-con-capucha\/#primaryimage\"},\"thumbnailUrl\":\"https:\/\/everybrainmatters.org\/wp-content\/uploads\/32920-10.jpg\",\"datePublished\":\"2021-09-09T22:14:09+00:00\",\"breadcrumb\":{\"@id\":\"https:\/\/everybrainmatters.org\/es\/producto\/zombies-healthy-brains-sudadera-unisex-heavy-blend-con-capucha\/#breadcrumb\"},\"inLanguage\":\"es-ES\",\"potentialAction\":[{\"@type\":\"ReadAction\",\"target\":[\"https:\/\/everybrainmatters.org\/es\/producto\/zombies-healthy-brains-sudadera-unisex-heavy-blend-con-capucha\/\"]}]},{\"@type\":\"ImageObject\",\"inLanguage\":\"es-ES\",\"@id\":\"https:\/\/everybrainmatters.org\/es\/producto\/zombies-healthy-brains-sudadera-unisex-heavy-blend-con-capucha\/#primaryimage\",\"url\":\"https:\/\/everybrainmatters.org\/wp-content\/uploads\/32920-10.jpg\",\"contentUrl\":\"https:\/\/everybrainmatters.org\/wp-content\/uploads\/32920-10.jpg\",\"width\":1024,\"height\":1024},{\"@type\":\"BreadcrumbList\",\"@id\":\"https:\/\/everybrainmatters.org\/es\/producto\/zombies-healthy-brains-sudadera-unisex-heavy-blend-con-capucha\/#breadcrumb\",\"itemListElement\":[{\"@type\":\"ListItem\",\"position\":1,\"name\":\"Home\",\"item\":\"https:\/\/everybrainmatters.org\/es\/\"},{\"@type\":\"ListItem\",\"position\":2,\"name\":\"Zombies Healthy Brains &#8211; Sudadera Unisex Heavy Blend\u2122 con Capucha\"}]},{\"@type\":\"WebSite\",\"@id\":\"https:\/\/everybrainmatters.org\/es\/#website\",\"url\":\"https:\/\/everybrainmatters.org\/es\/\",\"name\":\"Every Brain Matters\",\"description\":\"\",\"publisher\":{\"@id\":\"https:\/\/everybrainmatters.org\/es\/#organization\"},\"potentialAction\":[{\"@type\":\"SearchAction\",\"target\":{\"@type\":\"EntryPoint\",\"urlTemplate\":\"https:\/\/everybrainmatters.org\/es\/?s={search_term_string}\"},\"query-input\":{\"@type\":\"PropertyValueSpecification\",\"valueRequired\":true,\"valueName\":\"search_term_string\"}}],\"inLanguage\":\"es-ES\"},{\"@type\":\"Organization\",\"@id\":\"https:\/\/everybrainmatters.org\/es\/#organization\",\"name\":\"Every Brain Matters\",\"url\":\"https:\/\/everybrainmatters.org\/es\/\",\"logo\":{\"@type\":\"ImageObject\",\"inLanguage\":\"es-ES\",\"@id\":\"https:\/\/everybrainmatters.org\/es\/#\/schema\/logo\/image\/\",\"url\":\"https:\/\/everybrainmatters.org\/wp-content\/uploads\/AllBrains_3.jpg\",\"contentUrl\":\"https:\/\/everybrainmatters.org\/wp-content\/uploads\/AllBrains_3.jpg\",\"width\":1000,\"height\":1087,\"caption\":\"Every Brain Matters\"},\"image\":{\"@id\":\"https:\/\/everybrainmatters.org\/es\/#\/schema\/logo\/image\/\"}}]}<\/script>\n<!-- \/ Yoast SEO plugin. -->","yoast_head_json":{"title":"Zombies Healthy Brains - Sudadera Unisex Heavy Blend\u2122 con Capucha - Every Brain Matters","robots":{"index":"index","follow":"follow","max-snippet":"max-snippet:-1","max-image-preview":"max-image-preview:large","max-video-preview":"max-video-preview:-1"},"canonical":"https:\/\/everybrainmatters.org\/es\/producto\/zombies-healthy-brains-sudadera-unisex-heavy-blend-con-capucha\/","og_locale":"es_ES","og_type":"article","og_title":"Zombies Healthy Brains - Sudadera Unisex Heavy Blend\u2122 con Capucha - Every Brain Matters","og_description":"S M L XL 2XL 3XL 4XL 5XL Longitud, pulg. 27.17 27.95 29.13 29.92 31.10 31.89 33.07 33.86 Anchura, pulg....","og_url":"https:\/\/everybrainmatters.org\/es\/producto\/zombies-healthy-brains-sudadera-unisex-heavy-blend-con-capucha\/","og_site_name":"Every Brain Matters","og_image":[{"width":1024,"height":1024,"url":"https:\/\/everybrainmatters.org\/wp-content\/uploads\/32920-10.jpg","type":"image\/jpeg"}],"twitter_card":"summary_large_image","twitter_misc":{"Est. reading time":"1 minuto"},"schema":{"@context":"https:\/\/schema.org","@graph":[{"@type":"WebPage","@id":"https:\/\/everybrainmatters.org\/es\/producto\/zombies-healthy-brains-sudadera-unisex-heavy-blend-con-capucha\/","url":"https:\/\/everybrainmatters.org\/es\/producto\/zombies-healthy-brains-sudadera-unisex-heavy-blend-con-capucha\/","name":"Zombies Healthy Brains - Sudadera Unisex Heavy Blend\u2122 con Capucha - Every Brain Matters","isPartOf":{"@id":"https:\/\/everybrainmatters.org\/es\/#website"},"primaryImageOfPage":{"@id":"https:\/\/everybrainmatters.org\/es\/producto\/zombies-healthy-brains-sudadera-unisex-heavy-blend-con-capucha\/#primaryimage"},"image":{"@id":"https:\/\/everybrainmatters.org\/es\/producto\/zombies-healthy-brains-sudadera-unisex-heavy-blend-con-capucha\/#primaryimage"},"thumbnailUrl":"https:\/\/everybrainmatters.org\/wp-content\/uploads\/32920-10.jpg","datePublished":"2021-09-09T22:14:09+00:00","breadcrumb":{"@id":"https:\/\/everybrainmatters.org\/es\/producto\/zombies-healthy-brains-sudadera-unisex-heavy-blend-con-capucha\/#breadcrumb"},"inLanguage":"es-ES","potentialAction":[{"@type":"ReadAction","target":["https:\/\/everybrainmatters.org\/es\/producto\/zombies-healthy-brains-sudadera-unisex-heavy-blend-con-capucha\/"]}]},{"@type":"ImageObject","inLanguage":"es-ES","@id":"https:\/\/everybrainmatters.org\/es\/producto\/zombies-healthy-brains-sudadera-unisex-heavy-blend-con-capucha\/#primaryimage","url":"https:\/\/everybrainmatters.org\/wp-content\/uploads\/32920-10.jpg","contentUrl":"https:\/\/everybrainmatters.org\/wp-content\/uploads\/32920-10.jpg","width":1024,"height":1024},{"@type":"BreadcrumbList","@id":"https:\/\/everybrainmatters.org\/es\/producto\/zombies-healthy-brains-sudadera-unisex-heavy-blend-con-capucha\/#breadcrumb","itemListElement":[{"@type":"ListItem","position":1,"name":"Home","item":"https:\/\/everybrainmatters.org\/es\/"},{"@type":"ListItem","position":2,"name":"Zombies Healthy Brains &#8211; Sudadera Unisex Heavy Blend\u2122 con Capucha"}]},{"@type":"WebSite","@id":"https:\/\/everybrainmatters.org\/es\/#website","url":"https:\/\/everybrainmatters.org\/es\/","name":"Every Brain Matters","description":"","publisher":{"@id":"https:\/\/everybrainmatters.org\/es\/#organization"},"potentialAction":[{"@type":"SearchAction","target":{"@type":"EntryPoint","urlTemplate":"https:\/\/everybrainmatters.org\/es\/?s={search_term_string}"},"query-input":{"@type":"PropertyValueSpecification","valueRequired":true,"valueName":"search_term_string"}}],"inLanguage":"es-ES"},{"@type":"Organization","@id":"https:\/\/everybrainmatters.org\/es\/#organization","name":"Every Brain Matters","url":"https:\/\/everybrainmatters.org\/es\/","logo":{"@type":"ImageObject","inLanguage":"es-ES","@id":"https:\/\/everybrainmatters.org\/es\/#\/schema\/logo\/image\/","url":"https:\/\/everybrainmatters.org\/wp-content\/uploads\/AllBrains_3.jpg","contentUrl":"https:\/\/everybrainmatters.org\/wp-content\/uploads\/AllBrains_3.jpg","width":1000,"height":1087,"caption":"Every Brain Matters"},"image":{"@id":"https:\/\/everybrainmatters.org\/es\/#\/schema\/logo\/image\/"}}]}},"_links":{"self":[{"href":"https:\/\/everybrainmatters.org\/es\/wp-json\/wp\/v2\/product\/51138","targetHints":{"allow":["GET"]}}],"collection":[{"href":"https:\/\/everybrainmatters.org\/es\/wp-json\/wp\/v2\/product"}],"about":[{"href":"https:\/\/everybrainmatters.org\/es\/wp-json\/wp\/v2\/types\/product"}],"replies":[{"embeddable":true,"href":"https:\/\/everybrainmatters.org\/es\/wp-json\/wp\/v2\/comments?post=51138"}],"wp:featuredmedia":[{"embeddable":true,"href":"https:\/\/everybrainmatters.org\/es\/wp-json\/wp\/v2\/media\/21331"}],"wp:attachment":[{"href":"https:\/\/everybrainmatters.org\/es\/wp-json\/wp\/v2\/media?parent=51138"}],"wp:term":[{"taxonomy":"product_brand","embeddable":true,"href":"https:\/\/everybrainmatters.org\/es\/wp-json\/wp\/v2\/product_brand?post=51138"},{"taxonomy":"product_cat","embeddable":true,"href":"https:\/\/everybrainmatters.org\/es\/wp-json\/wp\/v2\/product_cat?post=51138"},{"taxonomy":"product_tag","embeddable":true,"href":"https:\/\/everybrainmatters.org\/es\/wp-json\/wp\/v2\/product_tag?post=51138"}],"curies":[{"name":"wp","href":"https:\/\/api.w.org\/{rel}","templated":true}]}}