{"id":51202,"date":"2020-12-16T14:05:22","date_gmt":"2020-12-16T19:05:22","guid":{"rendered":"https:\/\/everybrainmatters.org\/product\/taza-de-viaje-de-acero-inoxidable\/"},"modified":"2020-12-16T14:05:22","modified_gmt":"2020-12-16T20:05:22","slug":"taza-de-viaje-de-acero-inoxidable","status":"publish","type":"product","link":"https:\/\/everybrainmatters.org\/es\/producto\/taza-de-viaje-de-acero-inoxidable\/","title":{"rendered":"Taza de viaje de acero inoxidable"},"content":{"rendered":"<p><span data-sheets-value=\"{\"1\":2,\"2\":\"Irreplaceable item for a busy everyday life, this stainless steel mug will keep drinks at the right temperature for hours on the go. High quality sublimation printing makes it an appreciated gift to every true coffee or tea lover.\"}\" data-sheets-userformat=\"{\"2\":771,\"3\":[null,0],\"4\":[null,2,16573901],\"11\":4,\"12\":0}\">Art\u00edculo insustituible para una vida cotidiana ajetreada, esta taza de acero inoxidable mantendr\u00e1 las bebidas a la temperatura adecuada durante horas en cualquier lugar. La impresi\u00f3n por sublimaci\u00f3n de alta calidad la convierte en un apreciado regalo para todo verdadero amante del caf\u00e9 o el t\u00e9. <\/span><\/p>\n<p><\/p>\n<p>.: Acero inoxidable<br \/>.: 0,44 l (15 oz)<br \/>.: Esquinas redondeadas<br \/>.: Tapa de pl\u00e1stico negro<\/p>\n","protected":false},"excerpt":{"rendered":"<p>Art\u00edculo insustituible para una vida cotidiana ajetreada, esta taza de acero inoxidable mantendr\u00e1 las bebidas a la temperatura adecuada durante&#8230;<\/p>\n","protected":false},"featured_media":18810,"comment_status":"open","ping_status":"closed","template":"","meta":{"_acf_changed":false,"_editorskit_title_hidden":false,"_editorskit_reading_time":0,"_editorskit_is_block_options_detached":false,"_editorskit_block_options_position":"{}"},"product_brand":[],"product_cat":[3304],"product_tag":[],"class_list":{"0":"post-51202","1":"product","2":"type-product","3":"status-publish","4":"has-post-thumbnail","6":"product_cat-ropa","8":"first","9":"instock","10":"shipping-taxable","11":"purchasable","12":"product-type-variable","13":"has-default-attributes"},"acf":[],"yoast_head":"<!-- This site is optimized with the Yoast SEO plugin v26.1.1 - https:\/\/yoast.com\/wordpress\/plugins\/seo\/ -->\n<title>Taza de viaje de acero inoxidable - Every Brain Matters<\/title>\n<meta name=\"robots\" content=\"index, follow, max-snippet:-1, max-image-preview:large, max-video-preview:-1\" \/>\n<link rel=\"canonical\" href=\"https:\/\/everybrainmatters.org\/es\/producto\/taza-de-viaje-de-acero-inoxidable\/\" \/>\n<meta property=\"og:locale\" content=\"es_ES\" \/>\n<meta property=\"og:type\" content=\"article\" \/>\n<meta property=\"og:title\" content=\"Taza de viaje de acero inoxidable - Every Brain Matters\" \/>\n<meta property=\"og:description\" content=\"Art\u00edculo insustituible para una vida cotidiana ajetreada, esta taza de acero inoxidable mantendr\u00e1 las bebidas a la temperatura adecuada durante...\" \/>\n<meta property=\"og:url\" content=\"https:\/\/everybrainmatters.org\/es\/producto\/taza-de-viaje-de-acero-inoxidable\/\" \/>\n<meta property=\"og:site_name\" content=\"Every Brain Matters\" \/>\n<meta property=\"article:modified_time\" content=\"2020-12-16T20:05:22+00:00\" \/>\n<meta property=\"og:image\" content=\"https:\/\/everybrainmatters.org\/wp-content\/uploads\/33765-20.jpg\" \/>\n\t<meta property=\"og:image:width\" content=\"1024\" \/>\n\t<meta property=\"og:image:height\" content=\"1024\" \/>\n\t<meta property=\"og:image:type\" content=\"image\/jpeg\" \/>\n<meta name=\"twitter:card\" content=\"summary_large_image\" \/>\n<script type=\"application\/ld+json\" class=\"yoast-schema-graph\">{\"@context\":\"https:\/\/schema.org\",\"@graph\":[{\"@type\":\"WebPage\",\"@id\":\"https:\/\/everybrainmatters.org\/es\/producto\/taza-de-viaje-de-acero-inoxidable\/\",\"url\":\"https:\/\/everybrainmatters.org\/es\/producto\/taza-de-viaje-de-acero-inoxidable\/\",\"name\":\"Taza de viaje de acero inoxidable - Every Brain Matters\",\"isPartOf\":{\"@id\":\"https:\/\/everybrainmatters.org\/es\/#website\"},\"primaryImageOfPage\":{\"@id\":\"https:\/\/everybrainmatters.org\/es\/producto\/taza-de-viaje-de-acero-inoxidable\/#primaryimage\"},\"image\":{\"@id\":\"https:\/\/everybrainmatters.org\/es\/producto\/taza-de-viaje-de-acero-inoxidable\/#primaryimage\"},\"thumbnailUrl\":\"https:\/\/everybrainmatters.org\/wp-content\/uploads\/33765-20.jpg\",\"datePublished\":\"2020-12-16T19:05:22+00:00\",\"dateModified\":\"2020-12-16T20:05:22+00:00\",\"breadcrumb\":{\"@id\":\"https:\/\/everybrainmatters.org\/es\/producto\/taza-de-viaje-de-acero-inoxidable\/#breadcrumb\"},\"inLanguage\":\"es-ES\",\"potentialAction\":[{\"@type\":\"ReadAction\",\"target\":[\"https:\/\/everybrainmatters.org\/es\/producto\/taza-de-viaje-de-acero-inoxidable\/\"]}]},{\"@type\":\"ImageObject\",\"inLanguage\":\"es-ES\",\"@id\":\"https:\/\/everybrainmatters.org\/es\/producto\/taza-de-viaje-de-acero-inoxidable\/#primaryimage\",\"url\":\"https:\/\/everybrainmatters.org\/wp-content\/uploads\/33765-20.jpg\",\"contentUrl\":\"https:\/\/everybrainmatters.org\/wp-content\/uploads\/33765-20.jpg\",\"width\":1024,\"height\":1024},{\"@type\":\"BreadcrumbList\",\"@id\":\"https:\/\/everybrainmatters.org\/es\/producto\/taza-de-viaje-de-acero-inoxidable\/#breadcrumb\",\"itemListElement\":[{\"@type\":\"ListItem\",\"position\":1,\"name\":\"Home\",\"item\":\"https:\/\/everybrainmatters.org\/es\/\"},{\"@type\":\"ListItem\",\"position\":2,\"name\":\"Taza de viaje de acero inoxidable\"}]},{\"@type\":\"WebSite\",\"@id\":\"https:\/\/everybrainmatters.org\/es\/#website\",\"url\":\"https:\/\/everybrainmatters.org\/es\/\",\"name\":\"Every Brain Matters\",\"description\":\"\",\"publisher\":{\"@id\":\"https:\/\/everybrainmatters.org\/es\/#organization\"},\"potentialAction\":[{\"@type\":\"SearchAction\",\"target\":{\"@type\":\"EntryPoint\",\"urlTemplate\":\"https:\/\/everybrainmatters.org\/es\/?s={search_term_string}\"},\"query-input\":{\"@type\":\"PropertyValueSpecification\",\"valueRequired\":true,\"valueName\":\"search_term_string\"}}],\"inLanguage\":\"es-ES\"},{\"@type\":\"Organization\",\"@id\":\"https:\/\/everybrainmatters.org\/es\/#organization\",\"name\":\"Every Brain Matters\",\"url\":\"https:\/\/everybrainmatters.org\/es\/\",\"logo\":{\"@type\":\"ImageObject\",\"inLanguage\":\"es-ES\",\"@id\":\"https:\/\/everybrainmatters.org\/es\/#\/schema\/logo\/image\/\",\"url\":\"https:\/\/everybrainmatters.org\/wp-content\/uploads\/AllBrains_3.jpg\",\"contentUrl\":\"https:\/\/everybrainmatters.org\/wp-content\/uploads\/AllBrains_3.jpg\",\"width\":1000,\"height\":1087,\"caption\":\"Every Brain Matters\"},\"image\":{\"@id\":\"https:\/\/everybrainmatters.org\/es\/#\/schema\/logo\/image\/\"}}]}<\/script>\n<!-- \/ Yoast SEO plugin. -->","yoast_head_json":{"title":"Taza de viaje de acero inoxidable - Every Brain Matters","robots":{"index":"index","follow":"follow","max-snippet":"max-snippet:-1","max-image-preview":"max-image-preview:large","max-video-preview":"max-video-preview:-1"},"canonical":"https:\/\/everybrainmatters.org\/es\/producto\/taza-de-viaje-de-acero-inoxidable\/","og_locale":"es_ES","og_type":"article","og_title":"Taza de viaje de acero inoxidable - Every Brain Matters","og_description":"Art\u00edculo insustituible para una vida cotidiana ajetreada, esta taza de acero inoxidable mantendr\u00e1 las bebidas a la temperatura adecuada durante...","og_url":"https:\/\/everybrainmatters.org\/es\/producto\/taza-de-viaje-de-acero-inoxidable\/","og_site_name":"Every Brain Matters","article_modified_time":"2020-12-16T20:05:22+00:00","og_image":[{"width":1024,"height":1024,"url":"https:\/\/everybrainmatters.org\/wp-content\/uploads\/33765-20.jpg","type":"image\/jpeg"}],"twitter_card":"summary_large_image","schema":{"@context":"https:\/\/schema.org","@graph":[{"@type":"WebPage","@id":"https:\/\/everybrainmatters.org\/es\/producto\/taza-de-viaje-de-acero-inoxidable\/","url":"https:\/\/everybrainmatters.org\/es\/producto\/taza-de-viaje-de-acero-inoxidable\/","name":"Taza de viaje de acero inoxidable - Every Brain Matters","isPartOf":{"@id":"https:\/\/everybrainmatters.org\/es\/#website"},"primaryImageOfPage":{"@id":"https:\/\/everybrainmatters.org\/es\/producto\/taza-de-viaje-de-acero-inoxidable\/#primaryimage"},"image":{"@id":"https:\/\/everybrainmatters.org\/es\/producto\/taza-de-viaje-de-acero-inoxidable\/#primaryimage"},"thumbnailUrl":"https:\/\/everybrainmatters.org\/wp-content\/uploads\/33765-20.jpg","datePublished":"2020-12-16T19:05:22+00:00","dateModified":"2020-12-16T20:05:22+00:00","breadcrumb":{"@id":"https:\/\/everybrainmatters.org\/es\/producto\/taza-de-viaje-de-acero-inoxidable\/#breadcrumb"},"inLanguage":"es-ES","potentialAction":[{"@type":"ReadAction","target":["https:\/\/everybrainmatters.org\/es\/producto\/taza-de-viaje-de-acero-inoxidable\/"]}]},{"@type":"ImageObject","inLanguage":"es-ES","@id":"https:\/\/everybrainmatters.org\/es\/producto\/taza-de-viaje-de-acero-inoxidable\/#primaryimage","url":"https:\/\/everybrainmatters.org\/wp-content\/uploads\/33765-20.jpg","contentUrl":"https:\/\/everybrainmatters.org\/wp-content\/uploads\/33765-20.jpg","width":1024,"height":1024},{"@type":"BreadcrumbList","@id":"https:\/\/everybrainmatters.org\/es\/producto\/taza-de-viaje-de-acero-inoxidable\/#breadcrumb","itemListElement":[{"@type":"ListItem","position":1,"name":"Home","item":"https:\/\/everybrainmatters.org\/es\/"},{"@type":"ListItem","position":2,"name":"Taza de viaje de acero inoxidable"}]},{"@type":"WebSite","@id":"https:\/\/everybrainmatters.org\/es\/#website","url":"https:\/\/everybrainmatters.org\/es\/","name":"Every Brain Matters","description":"","publisher":{"@id":"https:\/\/everybrainmatters.org\/es\/#organization"},"potentialAction":[{"@type":"SearchAction","target":{"@type":"EntryPoint","urlTemplate":"https:\/\/everybrainmatters.org\/es\/?s={search_term_string}"},"query-input":{"@type":"PropertyValueSpecification","valueRequired":true,"valueName":"search_term_string"}}],"inLanguage":"es-ES"},{"@type":"Organization","@id":"https:\/\/everybrainmatters.org\/es\/#organization","name":"Every Brain Matters","url":"https:\/\/everybrainmatters.org\/es\/","logo":{"@type":"ImageObject","inLanguage":"es-ES","@id":"https:\/\/everybrainmatters.org\/es\/#\/schema\/logo\/image\/","url":"https:\/\/everybrainmatters.org\/wp-content\/uploads\/AllBrains_3.jpg","contentUrl":"https:\/\/everybrainmatters.org\/wp-content\/uploads\/AllBrains_3.jpg","width":1000,"height":1087,"caption":"Every Brain Matters"},"image":{"@id":"https:\/\/everybrainmatters.org\/es\/#\/schema\/logo\/image\/"}}]}},"_links":{"self":[{"href":"https:\/\/everybrainmatters.org\/es\/wp-json\/wp\/v2\/product\/51202","targetHints":{"allow":["GET"]}}],"collection":[{"href":"https:\/\/everybrainmatters.org\/es\/wp-json\/wp\/v2\/product"}],"about":[{"href":"https:\/\/everybrainmatters.org\/es\/wp-json\/wp\/v2\/types\/product"}],"replies":[{"embeddable":true,"href":"https:\/\/everybrainmatters.org\/es\/wp-json\/wp\/v2\/comments?post=51202"}],"wp:featuredmedia":[{"embeddable":true,"href":"https:\/\/everybrainmatters.org\/es\/wp-json\/wp\/v2\/media\/18810"}],"wp:attachment":[{"href":"https:\/\/everybrainmatters.org\/es\/wp-json\/wp\/v2\/media?parent=51202"}],"wp:term":[{"taxonomy":"product_brand","embeddable":true,"href":"https:\/\/everybrainmatters.org\/es\/wp-json\/wp\/v2\/product_brand?post=51202"},{"taxonomy":"product_cat","embeddable":true,"href":"https:\/\/everybrainmatters.org\/es\/wp-json\/wp\/v2\/product_cat?post=51202"},{"taxonomy":"product_tag","embeddable":true,"href":"https:\/\/everybrainmatters.org\/es\/wp-json\/wp\/v2\/product_tag?post=51202"}],"curies":[{"name":"wp","href":"https:\/\/api.w.org\/{rel}","templated":true}]}}