{"id":51214,"date":"2020-11-20T12:55:13","date_gmt":"2020-11-20T17:55:13","guid":{"rendered":"https:\/\/everybrainmatters.org\/product\/botella-de-agua-de-acero-inoxidable\/"},"modified":"2020-11-20T12:55:13","modified_gmt":"2020-11-20T18:55:13","slug":"botella-de-agua-de-acero-inoxidable","status":"publish","type":"product","link":"https:\/\/everybrainmatters.org\/es\/producto\/botella-de-agua-de-acero-inoxidable\/","title":{"rendered":"Botella de agua de acero inoxidable"},"content":{"rendered":"<table id=\"size-guide\" style=\"min-width: 360px\">\n<thead>\n<tr>\n<th style=\"padding: 10px\">&nbsp;<\/th>\n<th style=\"color: #000000;font-weight: 500;text-align: left;font-size: 15px;padding: 10px\">14 onzas<\/th>\n<\/tr>\n<\/thead>\n<tbody>\n<tr>\n<td style=\"padding: 10px;color: #525252;font-size: 15px;border-top: 1px solid #ededed\">Di\u00e1metro, pulg.<\/td>\n<td style=\"padding: 10px;color: #525252;font-size: 15px;border-top: 1px solid #ededed\">2.76<\/td>\n<\/tr>\n<tr>\n<td style=\"padding: 10px;color: #525252;font-size: 15px;border-top: 1px solid #ededed\">Altura, pulg.<\/td>\n<td style=\"padding: 10px;color: #525252;font-size: 15px;border-top: 1px solid #ededed\">8.67<\/td>\n<\/tr>\n<tr>\n<td style=\"padding: 10px;color: #525252;font-size: 15px;border-top: 1px solid #ededed\">Di\u00e1metro del tap\u00f3n, pulg<\/td>\n<td style=\"padding: 10px;color: #525252;font-size: 15px;border-top: 1px solid #ededed\">1.46<\/td>\n<\/tr>\n<tr>\n<td style=\"padding: 10px;color: #525252;font-size: 15px;border-top: 1px solid #ededed\">Longitud del gancho , pulg.<\/td>\n<td style=\"padding: 10px;color: #525252;font-size: 15px;border-top: 1px solid #ededed\">2.17<\/td>\n<\/tr>\n<\/tbody>\n<\/table>\n<p><span data-sheets-value=\"{\"1\":2,\"2\":\"Hydrating is essential, why not do it in style? This perfect size stainless steel water bottle has a safe closing to keep ones bag dry, while amazing quality print makes it as appealing as practical. For travels, dance classes, or on a desk next to ones laptop - an excellent choice for every occasion.\"}\" data-sheets-userformat=\"{\"2\":5059,\"3\":[null,0],\"4\":[null,2,16773836],\"9\":0,\"10\":1,\"11\":4,\"12\":0,\"15\":\"Roboto\"}\">Hidratarse es esencial, \u00bfpor qu\u00e9 no hacerlo con estilo? Esta botella de agua de acero inoxidable de tama\u00f1o perfecto tiene un cierre seguro para mantener seca la bolsa, mientras que su sorprendente calidad de impresi\u00f3n la hace tan atractiva como pr\u00e1ctica. Para viajes, clases de baile o en el escritorio junto al port\u00e1til: una elecci\u00f3n excelente para cualquier ocasi\u00f3n.  &nbsp;<\/span><\/p>\n<p>&nbsp;<\/p>\n<p>.: Acero inoxidable ligero<br \/>.: 0,41 l (14 oz)<br \/>..: Tap\u00f3n de rosca de pl\u00e1stico<br \/>.: Viene con mosquet\u00f3n de apertura y cierre y anilla para llavero<\/p>\n","protected":false},"excerpt":{"rendered":"<p>&nbsp; 14 onzas Di\u00e1metro, pulg. 2.76 Altura, pulg. 8.67 Di\u00e1metro del tap\u00f3n, pulg 1.46 Longitud del gancho , pulg. 2.17&#8230;<\/p>\n","protected":false},"featured_media":18821,"comment_status":"open","ping_status":"closed","template":"","meta":{"_acf_changed":false,"_editorskit_title_hidden":false,"_editorskit_reading_time":0,"_editorskit_is_block_options_detached":false,"_editorskit_block_options_position":"{}"},"product_brand":[],"product_cat":[3306,3352,3305],"product_tag":[3369,3354,3308,3312,3309,3310,3370],"class_list":{"0":"post-51214","1":"product","2":"type-product","3":"status-publish","4":"has-post-thumbnail","6":"product_cat-accesorios","7":"product_cat-botella-de-agua","8":"product_cat-mercancia","9":"product_tag-accesorios","10":"product_tag-botella-de-agua","11":"product_tag-cada-cerebro-importa","12":"product_tag-farmacia-de-prevencion","13":"product_tag-salud-cerebral","14":"product_tag-salud-medioambiental","15":"product_tag-tienda","17":"first","18":"instock","19":"shipping-taxable","20":"purchasable","21":"product-type-variable","22":"has-default-attributes"},"acf":[],"yoast_head":"<!-- This site is optimized with the Yoast SEO plugin v26.1.1 - https:\/\/yoast.com\/wordpress\/plugins\/seo\/ -->\n<title>Botella de agua de acero inoxidable - Every Brain Matters<\/title>\n<meta name=\"robots\" content=\"index, follow, max-snippet:-1, max-image-preview:large, max-video-preview:-1\" \/>\n<link rel=\"canonical\" href=\"https:\/\/everybrainmatters.org\/es\/producto\/botella-de-agua-de-acero-inoxidable\/\" \/>\n<meta property=\"og:locale\" content=\"es_ES\" \/>\n<meta property=\"og:type\" content=\"article\" \/>\n<meta property=\"og:title\" content=\"Botella de agua de acero inoxidable - Every Brain Matters\" \/>\n<meta property=\"og:description\" content=\"&nbsp; 14 onzas Di\u00e1metro, pulg. 2.76 Altura, pulg. 8.67 Di\u00e1metro del tap\u00f3n, pulg 1.46 Longitud del gancho , pulg. 2.17...\" \/>\n<meta property=\"og:url\" content=\"https:\/\/everybrainmatters.org\/es\/producto\/botella-de-agua-de-acero-inoxidable\/\" \/>\n<meta property=\"og:site_name\" content=\"Every Brain Matters\" \/>\n<meta property=\"article:modified_time\" content=\"2020-11-20T18:55:13+00:00\" \/>\n<meta property=\"og:image\" content=\"https:\/\/everybrainmatters.org\/wp-content\/uploads\/43424-9.jpg\" \/>\n\t<meta property=\"og:image:width\" content=\"1024\" \/>\n\t<meta property=\"og:image:height\" content=\"1024\" \/>\n\t<meta property=\"og:image:type\" content=\"image\/jpeg\" \/>\n<meta name=\"twitter:card\" content=\"summary_large_image\" \/>\n<meta name=\"twitter:label1\" content=\"Est. reading time\" \/>\n\t<meta name=\"twitter:data1\" content=\"1 minuto\" \/>\n<script type=\"application\/ld+json\" class=\"yoast-schema-graph\">{\"@context\":\"https:\/\/schema.org\",\"@graph\":[{\"@type\":\"WebPage\",\"@id\":\"https:\/\/everybrainmatters.org\/es\/producto\/botella-de-agua-de-acero-inoxidable\/\",\"url\":\"https:\/\/everybrainmatters.org\/es\/producto\/botella-de-agua-de-acero-inoxidable\/\",\"name\":\"Botella de agua de acero inoxidable - Every Brain Matters\",\"isPartOf\":{\"@id\":\"https:\/\/everybrainmatters.org\/es\/#website\"},\"primaryImageOfPage\":{\"@id\":\"https:\/\/everybrainmatters.org\/es\/producto\/botella-de-agua-de-acero-inoxidable\/#primaryimage\"},\"image\":{\"@id\":\"https:\/\/everybrainmatters.org\/es\/producto\/botella-de-agua-de-acero-inoxidable\/#primaryimage\"},\"thumbnailUrl\":\"https:\/\/everybrainmatters.org\/wp-content\/uploads\/43424-9.jpg\",\"datePublished\":\"2020-11-20T17:55:13+00:00\",\"dateModified\":\"2020-11-20T18:55:13+00:00\",\"breadcrumb\":{\"@id\":\"https:\/\/everybrainmatters.org\/es\/producto\/botella-de-agua-de-acero-inoxidable\/#breadcrumb\"},\"inLanguage\":\"es-ES\",\"potentialAction\":[{\"@type\":\"ReadAction\",\"target\":[\"https:\/\/everybrainmatters.org\/es\/producto\/botella-de-agua-de-acero-inoxidable\/\"]}]},{\"@type\":\"ImageObject\",\"inLanguage\":\"es-ES\",\"@id\":\"https:\/\/everybrainmatters.org\/es\/producto\/botella-de-agua-de-acero-inoxidable\/#primaryimage\",\"url\":\"https:\/\/everybrainmatters.org\/wp-content\/uploads\/43424-9.jpg\",\"contentUrl\":\"https:\/\/everybrainmatters.org\/wp-content\/uploads\/43424-9.jpg\",\"width\":1024,\"height\":1024},{\"@type\":\"BreadcrumbList\",\"@id\":\"https:\/\/everybrainmatters.org\/es\/producto\/botella-de-agua-de-acero-inoxidable\/#breadcrumb\",\"itemListElement\":[{\"@type\":\"ListItem\",\"position\":1,\"name\":\"Home\",\"item\":\"https:\/\/everybrainmatters.org\/es\/\"},{\"@type\":\"ListItem\",\"position\":2,\"name\":\"Botella de agua de acero inoxidable\"}]},{\"@type\":\"WebSite\",\"@id\":\"https:\/\/everybrainmatters.org\/es\/#website\",\"url\":\"https:\/\/everybrainmatters.org\/es\/\",\"name\":\"Every Brain Matters\",\"description\":\"\",\"publisher\":{\"@id\":\"https:\/\/everybrainmatters.org\/es\/#organization\"},\"potentialAction\":[{\"@type\":\"SearchAction\",\"target\":{\"@type\":\"EntryPoint\",\"urlTemplate\":\"https:\/\/everybrainmatters.org\/es\/?s={search_term_string}\"},\"query-input\":{\"@type\":\"PropertyValueSpecification\",\"valueRequired\":true,\"valueName\":\"search_term_string\"}}],\"inLanguage\":\"es-ES\"},{\"@type\":\"Organization\",\"@id\":\"https:\/\/everybrainmatters.org\/es\/#organization\",\"name\":\"Every Brain Matters\",\"url\":\"https:\/\/everybrainmatters.org\/es\/\",\"logo\":{\"@type\":\"ImageObject\",\"inLanguage\":\"es-ES\",\"@id\":\"https:\/\/everybrainmatters.org\/es\/#\/schema\/logo\/image\/\",\"url\":\"https:\/\/everybrainmatters.org\/wp-content\/uploads\/AllBrains_3.jpg\",\"contentUrl\":\"https:\/\/everybrainmatters.org\/wp-content\/uploads\/AllBrains_3.jpg\",\"width\":1000,\"height\":1087,\"caption\":\"Every Brain Matters\"},\"image\":{\"@id\":\"https:\/\/everybrainmatters.org\/es\/#\/schema\/logo\/image\/\"}}]}<\/script>\n<!-- \/ Yoast SEO plugin. -->","yoast_head_json":{"title":"Botella de agua de acero inoxidable - Every Brain Matters","robots":{"index":"index","follow":"follow","max-snippet":"max-snippet:-1","max-image-preview":"max-image-preview:large","max-video-preview":"max-video-preview:-1"},"canonical":"https:\/\/everybrainmatters.org\/es\/producto\/botella-de-agua-de-acero-inoxidable\/","og_locale":"es_ES","og_type":"article","og_title":"Botella de agua de acero inoxidable - Every Brain Matters","og_description":"&nbsp; 14 onzas Di\u00e1metro, pulg. 2.76 Altura, pulg. 8.67 Di\u00e1metro del tap\u00f3n, pulg 1.46 Longitud del gancho , pulg. 2.17...","og_url":"https:\/\/everybrainmatters.org\/es\/producto\/botella-de-agua-de-acero-inoxidable\/","og_site_name":"Every Brain Matters","article_modified_time":"2020-11-20T18:55:13+00:00","og_image":[{"width":1024,"height":1024,"url":"https:\/\/everybrainmatters.org\/wp-content\/uploads\/43424-9.jpg","type":"image\/jpeg"}],"twitter_card":"summary_large_image","twitter_misc":{"Est. reading time":"1 minuto"},"schema":{"@context":"https:\/\/schema.org","@graph":[{"@type":"WebPage","@id":"https:\/\/everybrainmatters.org\/es\/producto\/botella-de-agua-de-acero-inoxidable\/","url":"https:\/\/everybrainmatters.org\/es\/producto\/botella-de-agua-de-acero-inoxidable\/","name":"Botella de agua de acero inoxidable - Every Brain Matters","isPartOf":{"@id":"https:\/\/everybrainmatters.org\/es\/#website"},"primaryImageOfPage":{"@id":"https:\/\/everybrainmatters.org\/es\/producto\/botella-de-agua-de-acero-inoxidable\/#primaryimage"},"image":{"@id":"https:\/\/everybrainmatters.org\/es\/producto\/botella-de-agua-de-acero-inoxidable\/#primaryimage"},"thumbnailUrl":"https:\/\/everybrainmatters.org\/wp-content\/uploads\/43424-9.jpg","datePublished":"2020-11-20T17:55:13+00:00","dateModified":"2020-11-20T18:55:13+00:00","breadcrumb":{"@id":"https:\/\/everybrainmatters.org\/es\/producto\/botella-de-agua-de-acero-inoxidable\/#breadcrumb"},"inLanguage":"es-ES","potentialAction":[{"@type":"ReadAction","target":["https:\/\/everybrainmatters.org\/es\/producto\/botella-de-agua-de-acero-inoxidable\/"]}]},{"@type":"ImageObject","inLanguage":"es-ES","@id":"https:\/\/everybrainmatters.org\/es\/producto\/botella-de-agua-de-acero-inoxidable\/#primaryimage","url":"https:\/\/everybrainmatters.org\/wp-content\/uploads\/43424-9.jpg","contentUrl":"https:\/\/everybrainmatters.org\/wp-content\/uploads\/43424-9.jpg","width":1024,"height":1024},{"@type":"BreadcrumbList","@id":"https:\/\/everybrainmatters.org\/es\/producto\/botella-de-agua-de-acero-inoxidable\/#breadcrumb","itemListElement":[{"@type":"ListItem","position":1,"name":"Home","item":"https:\/\/everybrainmatters.org\/es\/"},{"@type":"ListItem","position":2,"name":"Botella de agua de acero inoxidable"}]},{"@type":"WebSite","@id":"https:\/\/everybrainmatters.org\/es\/#website","url":"https:\/\/everybrainmatters.org\/es\/","name":"Every Brain Matters","description":"","publisher":{"@id":"https:\/\/everybrainmatters.org\/es\/#organization"},"potentialAction":[{"@type":"SearchAction","target":{"@type":"EntryPoint","urlTemplate":"https:\/\/everybrainmatters.org\/es\/?s={search_term_string}"},"query-input":{"@type":"PropertyValueSpecification","valueRequired":true,"valueName":"search_term_string"}}],"inLanguage":"es-ES"},{"@type":"Organization","@id":"https:\/\/everybrainmatters.org\/es\/#organization","name":"Every Brain Matters","url":"https:\/\/everybrainmatters.org\/es\/","logo":{"@type":"ImageObject","inLanguage":"es-ES","@id":"https:\/\/everybrainmatters.org\/es\/#\/schema\/logo\/image\/","url":"https:\/\/everybrainmatters.org\/wp-content\/uploads\/AllBrains_3.jpg","contentUrl":"https:\/\/everybrainmatters.org\/wp-content\/uploads\/AllBrains_3.jpg","width":1000,"height":1087,"caption":"Every Brain Matters"},"image":{"@id":"https:\/\/everybrainmatters.org\/es\/#\/schema\/logo\/image\/"}}]}},"_links":{"self":[{"href":"https:\/\/everybrainmatters.org\/es\/wp-json\/wp\/v2\/product\/51214","targetHints":{"allow":["GET"]}}],"collection":[{"href":"https:\/\/everybrainmatters.org\/es\/wp-json\/wp\/v2\/product"}],"about":[{"href":"https:\/\/everybrainmatters.org\/es\/wp-json\/wp\/v2\/types\/product"}],"replies":[{"embeddable":true,"href":"https:\/\/everybrainmatters.org\/es\/wp-json\/wp\/v2\/comments?post=51214"}],"wp:featuredmedia":[{"embeddable":true,"href":"https:\/\/everybrainmatters.org\/es\/wp-json\/wp\/v2\/media\/18821"}],"wp:attachment":[{"href":"https:\/\/everybrainmatters.org\/es\/wp-json\/wp\/v2\/media?parent=51214"}],"wp:term":[{"taxonomy":"product_brand","embeddable":true,"href":"https:\/\/everybrainmatters.org\/es\/wp-json\/wp\/v2\/product_brand?post=51214"},{"taxonomy":"product_cat","embeddable":true,"href":"https:\/\/everybrainmatters.org\/es\/wp-json\/wp\/v2\/product_cat?post=51214"},{"taxonomy":"product_tag","embeddable":true,"href":"https:\/\/everybrainmatters.org\/es\/wp-json\/wp\/v2\/product_tag?post=51214"}],"curies":[{"name":"wp","href":"https:\/\/api.w.org\/{rel}","templated":true}]}}